
{"id":2386,"date":"2022-03-24T10:41:37","date_gmt":"2022-03-24T09:41:37","guid":{"rendered":"http:\/\/scf.se\/mountainbike\/?page_id=2386"},"modified":"2025-05-07T07:37:50","modified_gmt":"2025-05-07T05:37:50","slug":"tavlingsupplagg-enduro","status":"publish","type":"page","link":"https:\/\/scf.se\/mountainbike\/tavlingsupplagg-enduro\/","title":{"rendered":"T\u00e4vlingsuppl\u00e4gg Enduro"},"content":{"rendered":"<p>En Endurot\u00e4vling best\u00e5r av tv\u00e5 delar, specialstr\u00e4ckor med tidtagning och transportstr\u00e4ckor mellan de olika specialstr\u00e4ckorna. Enduro \u00e4r en cykeldisciplin som passar dig som vill kombinera tekniskt rolig cykling med uth\u00e5llighetstr\u00e4ning.<\/p>\n<p>Alla \u00e4r v\u00e4lkomna att delta\/anm\u00e4la sig till v\u00e5ra nationella t\u00e4vlingar i, oberoende p\u00e5 niv\u00e5 och tidigare t\u00e4vlingsbakgrund. B\u00e5de t\u00e4vlings- och motionsklasser finns att tillg\u00e5.<\/p>\n<p>Specialstr\u00e4ckorna (SP) \u00e4r sj\u00e4lva t\u00e4vlingsmomentet. Under en t\u00e4vling ing\u00e5r normalt cirka fyra till sju specialstr\u00e4ckor av varierande l\u00e4ngd, allt ifr\u00e5n n\u00e5gra hundra meter till \u00f6ver tv\u00e5 kilometer. Specialstr\u00e4ckorna g\u00e5r i huvudsak utf\u00f6r, men sm\u00e5 kl\u00e4ttringar kan f\u00f6rekomma. Tiderna p\u00e5 specialstr\u00e4ckorna l\u00e4ggs samman och den med snabbast tid vinner t\u00e4vlingen. Karakt\u00e4ren p\u00e5 specialstr\u00e4ckorna kan variera beroende p\u00e5 var t\u00e4vlingen k\u00f6rs, och allt ifr\u00e5n flowleder med hopp till teknisk stig kan f\u00f6rekomma. Men det viktigaste \u00e4r att det ska vara rolig cykling!<br \/>\nTransportstr\u00e4ckorna (TS) \u00e4r ocks\u00e5 en viktig del av t\u00e4vlingen. H\u00e4r f\u00e5 du chansen att umg\u00e5s med dina medt\u00e4vlare samtidigt som du transporterar dig till n\u00e4sta specialstr\u00e4cka. Transportstr\u00e4ckorna kan \u00e4ven delvis best\u00e5 av transport med lift.<\/p>\n<p>F\u00f6r att vinna en Endurot\u00e4vling beh\u00f6ver du vara b\u00e5de uth\u00e5llig och tekniskt duktig f\u00f6r att p\u00e5 s\u00e5 s\u00e4tt kunna ge allt p\u00e5 specialstr\u00e4ckorna och d\u00e4remellan orka cykla transportstr\u00e4ckorna. Du kan genomf\u00f6ra t\u00e4vlingen p\u00e5 vilken mountainbikecykel du vill, men en held\u00e4mpad cykel \u00e4r att f\u00f6redra. En optimal cykel b\u00f6r ha 120-170 mm fj\u00e4dringsv\u00e4g beroende p\u00e5 str\u00e4ckornas karakt\u00e4r. Du f\u00f6rb\u00e4ttrar dina m\u00f6jligheter till en god prestation och \u00f6kar din egen s\u00e4kerhet genom att cykla alla specialstr\u00e4ckor (och transportstr\u00e4ckor) \u00e5tminstone en g\u00e5ng p\u00e5 den officiella tr\u00e4ningen.<\/p>\n<p>&nbsp;<\/p>\n<h3><strong>Skydd<\/strong><\/h3>\n<p>T\u00e4vlande m\u00e5ste b\u00e4ra hj\u00e4lm under hela t\u00e4vlingen. SCF har i samr\u00e5d med arrang\u00f6rer best\u00e4mt att hj\u00e4lm med hakskydd (full-face hj\u00e4lm) m\u00e5ste anv\u00e4ndas p\u00e5 alla delt\u00e4vlingar. Full-face hj\u00e4lm med avtagbart hakskydd \u00e4r till\u00e5tet p\u00e5 transportstr\u00e4ckor. SCF rekommenderar \u00e4ven i enlighet med UCI att utrustning enligt 4.3.013 ska b\u00e4ras. <a href=\"https:\/\/scf.se\/forbundet\/wp-content\/uploads\/sites\/9\/2022\/03\/SCF-TR-del-04-2022-version-1.pdf#page=28\">L\u00e4s mer h\u00e4r.<\/a><\/p>\n<h3><\/h3>\n<p>&nbsp;<\/p>\n<h3><strong>Tr\u00e4ning inf\u00f6r t\u00e4vling<\/strong><\/h3>\n<p>Tr\u00e4ningen \u00e4r ej obligatorisk och sker p\u00e5 egen risk. K\u00f6r ej i t\u00e4vlingsfart! Det finns inga arrang\u00f6rer p\u00e5 plats ute i p\u00e5 str\u00e4ckorna. T\u00e4nk p\u00e5 ett det kan finnas andra brukare av stigarna. Ta h\u00e4nsyn och agera s\u00e5 f\u00f6rdelaktigt att vi \u00e4r v\u00e4lkomna tillbaka n\u00e4sta \u00e5r igen. Det \u00e4r ej till\u00e5tet att g\u00e5 eller cykla banorna mot t\u00e4nkt \u00e5kriktning.<\/p>\n<p>&nbsp;<\/p>\n<h3>Dispensans\u00f6kan f\u00f6r t\u00e4vlande i annan klass \u00e4n sin licenstillh\u00f6righet<em>.<\/em><\/h3>\n<p>En dispensans\u00f6kan f\u00f6r att t\u00e4vla i annan klass \u00e4n sin licenstillh\u00f6righet ska fyllas i av f\u00f6reningen och s\u00e4ndas till f\u00f6rbundskapten i respektive gren i s\u00e5 god tid som m\u00f6jligt innan t\u00e4vling, g\u00e4rna en m\u00e5nad innan sista anm\u00e4lningsdatum. Handl\u00e4ggningen kan ta tid d\u00e5 f\u00f6rbundskaptenerna ofta \u00e4r ute p\u00e5 uppdrag och kan ha sv\u00e5rt att administrera ans\u00f6kningar med kort framf\u00f6rh\u00e5llning.\u00a0Kontaktuppgifter till f\u00f6rbundskaptener hittar du\u00a0<a href=\"https:\/\/scf.se\/forbundet\/kontakt\/\">h\u00e4r<\/a>.<\/p>\n<p><a href=\"https:\/\/scf.se\/forbundet\/wp-content\/uploads\/sites\/9\/2015\/11\/Formul%C3%A4r-f%C3%B6r-dispensans%C3%B6kan.docx\">Formul\u00e4r f\u00f6r dispensans\u00f6kan<\/a><br \/>\n(detta formul\u00e4r \u00e4r f\u00f6r t\u00e4vlande i annan klass \u00e4n sin licenstillh\u00f6righet)<\/p>\n<p>&nbsp;<\/p>\n<h3><strong>T\u00e4vlingsregler<\/strong><\/h3>\n<p>De t\u00e4vlande f\u00f6rv\u00e4ntas ha l\u00e4st och f\u00f6rst\u00e5tt<a href=\"https:\/\/scf.se\/forbundet\/wp-content\/uploads\/sites\/9\/2022\/03\/SCF-TR-del-04-2022-version-1.pdf#page=36\"> SCF t\u00e4vlingsreglemente<\/a> f\u00f6r Enduro samt f\u00f6lja reglerna under t\u00e4vling och tr\u00e4ning.<\/p>\n<p>Reglementet f\u00f6r MTB Enduro finns i SCF T\u00e4vlingsregler del 4. Vid Svenska m\u00e4sterskapen g\u00e4ller T\u00e4vlingsregler del 17. B\u00e4gge finns att l\u00e4sa i sin helhet via f\u00f6ljande l\u00e4nk: <a href=\"https:\/\/scf.se\/forbundet\/tavlingsverksamhet\/tavlingsregler\/\">https:\/\/scf.se\/forbundet\/tavlingsverksamhet\/tavlingsregler\/<\/a><\/p>\n<p>&nbsp;<\/p>\n<h3><strong>Internationella t\u00e4vlingar Enduro Info:<\/strong><\/h3>\n<p>B\u00e4st information f\u00f6r internationella Endurot\u00e4vlingar hittar du p\u00e5 EWS hemsida <a href=\"http:\/\/www.enduroworldseries.com\">www.enduroworldseries.com<\/a>. Men sammanfattningsvis finns det tre niv\u00e5er, Kvalt\u00e4vlingar (Qualifier), Continental series och Enduro World series(EWS).<\/p>\n<p><strong>Kvalt\u00e4vlingar<\/strong><br \/>\nEn kvalt\u00e4vling till EWS \u00e4r i grunden en nationell t\u00e4vling d\u00e4r du har m\u00f6jlighet att samla kvalpo\u00e4ng till EWS. Alla med t\u00e4vlingslicens kan delta\/anm\u00e4la sig till kvalt\u00e4vlingar oberoende om de g\u00e5r i Sverige eller utomlands. Svenska M\u00e4sterskapen Enduro \u00e4r en EWS Qualifyer.<\/p>\n<p><strong>Continental series<\/strong><br \/>\nContinental Series \u00e4r internationella t\u00e4vlingar centrerade till v\u00e5ra olika kontinenter, till exempel &#8221;Europacupen&#8221;, d\u00e4r du har m\u00f6jlighet att samla kvalpo\u00e4ng till EWS. Alla med t\u00e4vlingslicens kan delta\/anm\u00e4la sig till dessa oberoende om de g\u00e5r i Sverige eller utomlands.<\/p>\n<p><strong>Enduro World series(EWS)<\/strong><strong><br \/>\n<\/strong>Enduro worlds series \u00e4r v\u00e4rldscupen i Enduro. F\u00f6r att kunna delta i EWS beh\u00f6ver du inneha tillr\u00e4ckligt med kvalpo\u00e4ng (fr\u00e5n ovanst\u00e5ende t\u00e4vlingar) fr\u00e5n f\u00f6reg\u00e5ende s\u00e4song f\u00f6r att i b\u00f6rjan av n\u00e4stkommande \u00e5r tillh\u00f6ra den s\u00e5 kallade &#8221;<u><a href=\"https:\/\/www.enduroworldseries.com\/ews-entry-overview\/reserve-list\/\">reserved list<\/a><\/u>&#8221;. Reserved list \u00e4r i grunden v\u00e4rldsrankingen i Enduro och mer om vilka krav som st\u00e4lls kan ses<a href=\"https:\/\/www.enduroworldseries.com\/ews-entry-overview\/how-qualifying-works\/\"> h\u00e4r<\/a>.<\/p>\n","protected":false},"excerpt":{"rendered":"<p>En Endurot\u00e4vling best\u00e5r av tv\u00e5 delar, specialstr\u00e4ckor med tidtagning och transportstr\u00e4ckor mellan de olika specialstr\u00e4ckorna. Enduro \u00e4r en cykeldisciplin som passar dig som vill kombinera tekniskt rolig cykling med uth\u00e5llighetstr\u00e4ning. Alla \u00e4r v\u00e4lkomna att delta\/anm\u00e4la sig till v\u00e5ra nationella t\u00e4vlingar i, oberoende p\u00e5 niv\u00e5 och tidigare t\u00e4vlingsbakgrund. B\u00e5de t\u00e4vlings- och motionsklasser finns att tillg\u00e5.<a href=\"https:\/\/scf.se\/mountainbike\/tavlingsupplagg-enduro\/\" class=\"news-card__more\"> &#8230;<\/a><\/p>\n","protected":false},"author":30,"featured_media":0,"parent":0,"menu_order":0,"comment_status":"closed","ping_status":"closed","template":"","meta":{"_acf_changed":false,"footnotes":""},"class_list":["post-2386","page","type-page","status-publish","hentry"],"acf":[],"_links":{"self":[{"href":"https:\/\/scf.se\/mountainbike\/wp-json\/wp\/v2\/pages\/2386","targetHints":{"allow":["GET"]}}],"collection":[{"href":"https:\/\/scf.se\/mountainbike\/wp-json\/wp\/v2\/pages"}],"about":[{"href":"https:\/\/scf.se\/mountainbike\/wp-json\/wp\/v2\/types\/page"}],"author":[{"embeddable":true,"href":"https:\/\/scf.se\/mountainbike\/wp-json\/wp\/v2\/users\/30"}],"replies":[{"embeddable":true,"href":"https:\/\/scf.se\/mountainbike\/wp-json\/wp\/v2\/comments?post=2386"}],"version-history":[{"count":1,"href":"https:\/\/scf.se\/mountainbike\/wp-json\/wp\/v2\/pages\/2386\/revisions"}],"predecessor-version":[{"id":7548,"href":"https:\/\/scf.se\/mountainbike\/wp-json\/wp\/v2\/pages\/2386\/revisions\/7548"}],"wp:attachment":[{"href":"https:\/\/scf.se\/mountainbike\/wp-json\/wp\/v2\/media?parent=2386"}],"curies":[{"name":"wp","href":"https:\/\/api.w.org\/{rel}","templated":true}]}}