
{"id":2337,"date":"2022-02-01T09:40:12","date_gmt":"2022-02-01T08:40:12","guid":{"rendered":"http:\/\/scf.se\/mountainbike\/?page_id=2337"},"modified":"2022-02-01T09:48:01","modified_gmt":"2022-02-01T08:48:01","slug":"sm-xco-xcc-xct-xcr-2022","status":"publish","type":"page","link":"https:\/\/scf.se\/mountainbike\/sm-xco-xcc-xct-xcr-2022\/","title":{"rendered":"SM XCO\/XCC\/XCT\/XCR 2022"},"content":{"rendered":"<p>SM XCO\/XCC\/XCT\/XCR 2022<\/p>\n<p>Senast uppdaterad: 20220201<\/p>\n<p>Arrang\u00f6r: SCF i samarbete med J\u00e4rf\u00e4lla CK &amp; MTB T\u00e4by<\/p>\n<p>Hemsida: <a href=\"https:\/\/jarfallaxco.se\">https:\/\/jarfallaxco.se<\/a><\/p>\n<p>Inbjudan: TBD<\/p>\n<ul>\n<li>XCT datum TBD<\/li>\n<li>XCR datum TBD<\/li>\n<li>XCO datum TBD<\/li>\n<li>XCC datum TBD<\/li>\n<\/ul>\n<p>Plats: Brukets backe i J\u00e4rf\u00e4lla kommun, Stockholm<\/p>\n<p>Datum: 21-24 Juli<\/p>\n<p>Resultat<\/p>\n<ul>\n<li>Resultat XCT:<\/li>\n<li>Resultat XCC:<\/li>\n<li>Resultat XCO:<\/li>\n<li>Resultat XCR:<\/li>\n<li>Racerapport<\/li>\n<\/ul>\n<p>&nbsp;<\/p>\n<p>&nbsp;<\/p>\n<p>&nbsp;<\/p>\n","protected":false},"excerpt":{"rendered":"<p>SM XCO\/XCC\/XCT\/XCR 2022 Senast uppdaterad: 20220201 Arrang\u00f6r: SCF i samarbete med J\u00e4rf\u00e4lla CK &amp; MTB T\u00e4by Hemsida: https:\/\/jarfallaxco.se Inbjudan: TBD XCT datum TBD XCR datum TBD XCO datum TBD XCC datum TBD Plats: Brukets backe i J\u00e4rf\u00e4lla kommun, Stockholm Datum: 21-24 Juli Resultat Resultat XCT: Resultat XCC: Resultat XCO: Resultat XCR: Racerapport &nbsp; &nbsp;<a href=\"https:\/\/scf.se\/mountainbike\/sm-xco-xcc-xct-xcr-2022\/\" class=\"news-card__more\"> &#8230;<\/a><\/p>\n","protected":false},"author":58,"featured_media":0,"parent":0,"menu_order":0,"comment_status":"closed","ping_status":"closed","template":"","meta":{"_acf_changed":false,"footnotes":""},"class_list":["post-2337","page","type-page","status-publish","hentry"],"acf":[],"_links":{"self":[{"href":"https:\/\/scf.se\/mountainbike\/wp-json\/wp\/v2\/pages\/2337","targetHints":{"allow":["GET"]}}],"collection":[{"href":"https:\/\/scf.se\/mountainbike\/wp-json\/wp\/v2\/pages"}],"about":[{"href":"https:\/\/scf.se\/mountainbike\/wp-json\/wp\/v2\/types\/page"}],"author":[{"embeddable":true,"href":"https:\/\/scf.se\/mountainbike\/wp-json\/wp\/v2\/users\/58"}],"replies":[{"embeddable":true,"href":"https:\/\/scf.se\/mountainbike\/wp-json\/wp\/v2\/comments?post=2337"}],"version-history":[{"count":0,"href":"https:\/\/scf.se\/mountainbike\/wp-json\/wp\/v2\/pages\/2337\/revisions"}],"wp:attachment":[{"href":"https:\/\/scf.se\/mountainbike\/wp-json\/wp\/v2\/media?parent=2337"}],"curies":[{"name":"wp","href":"https:\/\/api.w.org\/{rel}","templated":true}]}}