
{"id":1926,"date":"2021-03-26T11:37:38","date_gmt":"2021-03-26T10:37:38","guid":{"rendered":"http:\/\/scf.se\/mountainbike\/?page_id=1926"},"modified":"2021-07-14T10:12:33","modified_gmt":"2021-07-14T08:12:33","slug":"swe-cup-enduro-2021","status":"publish","type":"page","link":"https:\/\/scf.se\/mountainbike\/swe-cup-enduro-2021\/","title":{"rendered":"SWE Cup Enduro 2021"},"content":{"rendered":"<p>SWE Cup i Enduro kommer best\u00e5 av sex delt\u00e4vlingar inklusive Svenska m\u00e4sterskapen. T\u00e4vlingarna kommer vara utspridda i landet och m\u00e5ls\u00e4ttningen \u00e4r att alla arrangemang ska h\u00e5lla h\u00f6g kvalitet och bjuda p\u00e5 rolig och utmanande cykling f\u00f6r v\u00e5ra cyklister.<\/p>\n<p><strong><br \/>\nPRELIMIN\u00c4RT T\u00c4VLINGSSCHEMA F\u00d6R 2021<br \/>\n<\/strong><\/p>\n<p><u><\/u>5-6 juni: Arvika \u2013 SWE CUP Enduro Flyttad till 1 augusti<\/p>\n<p>7-8 juli: \u00c5re \u2013 SWE CUP Enduro.<br \/>\nFullst\u00e4ndig resultatlista: <a href=\"https:\/\/www.sportstiming.dk\/event\/8825\/results\">https:\/\/www.sportstiming.dk\/event\/8825\/results<\/a><\/p>\n<p>15-16 juli: J\u00e4rvs\u00f6 \u2013 SWE CUP Enduro SM<\/p>\n<p>17 juli: J\u00e4rvs\u00f6 &#8211; Pumptrack SM<\/p>\n<p>21-22 aug: \u00c5re \u2013 SM i Downhill<\/p>\n<p>28-29 aug: Ulricehamn \u2013 SWE CUP Enduro<\/p>\n<p>18-19 sep: Falun \u2013 SWE CUP Enduro<\/p>\n<p>9-10 okt: Isaberg \u2013 SWE CUP Enduro<\/p>\n<p><em><br \/>\nEn ny plattform f\u00f6r svensk t\u00e4vlingscykling med fokus p\u00e5 utf\u00f6rsdiscipliner har skapats. M\u00e5let \u00e4r att skapa ett nav f\u00f6r nationell t\u00e4vlings- och landslagsverksamhet i utf\u00f6rsdisciplinerna Enduro, Downhill, 4X och Pumptrack.<\/em><\/p>\n<p>F\u00f6r mer information:<br \/>\n<a href=\"http:\/\/www.swemtbgravity.se\/\" target=\"_blank\" rel=\"noopener noreferrer\">www.swemtbgravity.se<\/a><\/p>\n","protected":false},"excerpt":{"rendered":"<p>SWE Cup i Enduro kommer best\u00e5 av sex delt\u00e4vlingar inklusive Svenska m\u00e4sterskapen. T\u00e4vlingarna kommer vara utspridda i landet och m\u00e5ls\u00e4ttningen \u00e4r att alla arrangemang ska h\u00e5lla h\u00f6g kvalitet och bjuda p\u00e5 rolig och utmanande cykling f\u00f6r v\u00e5ra cyklister. PRELIMIN\u00c4RT T\u00c4VLINGSSCHEMA F\u00d6R 2021 5-6 juni: Arvika \u2013 SWE CUP Enduro Flyttad till 1 augusti 7-8<a href=\"https:\/\/scf.se\/mountainbike\/swe-cup-enduro-2021\/\" class=\"news-card__more\"> &#8230;<\/a><\/p>\n","protected":false},"author":34,"featured_media":0,"parent":0,"menu_order":0,"comment_status":"closed","ping_status":"closed","template":"","meta":{"_acf_changed":false,"footnotes":""},"class_list":["post-1926","page","type-page","status-publish","hentry"],"acf":[],"_links":{"self":[{"href":"https:\/\/scf.se\/mountainbike\/wp-json\/wp\/v2\/pages\/1926","targetHints":{"allow":["GET"]}}],"collection":[{"href":"https:\/\/scf.se\/mountainbike\/wp-json\/wp\/v2\/pages"}],"about":[{"href":"https:\/\/scf.se\/mountainbike\/wp-json\/wp\/v2\/types\/page"}],"author":[{"embeddable":true,"href":"https:\/\/scf.se\/mountainbike\/wp-json\/wp\/v2\/users\/34"}],"replies":[{"embeddable":true,"href":"https:\/\/scf.se\/mountainbike\/wp-json\/wp\/v2\/comments?post=1926"}],"version-history":[{"count":0,"href":"https:\/\/scf.se\/mountainbike\/wp-json\/wp\/v2\/pages\/1926\/revisions"}],"wp:attachment":[{"href":"https:\/\/scf.se\/mountainbike\/wp-json\/wp\/v2\/media?parent=1926"}],"curies":[{"name":"wp","href":"https:\/\/api.w.org\/{rel}","templated":true}]}}