
{"id":1884,"date":"2021-09-24T10:00:33","date_gmt":"2021-09-24T08:00:33","guid":{"rendered":"http:\/\/scf.se\/mountainbike\/?page_id=1884"},"modified":"2021-09-24T12:42:17","modified_gmt":"2021-09-24T10:42:17","slug":"sm-downhill-2021","status":"publish","type":"page","link":"https:\/\/scf.se\/mountainbike\/sm-downhill-2021\/","title":{"rendered":"SM Downhill 2021"},"content":{"rendered":"<h2><strong>SM Downhill 2021<\/strong><\/h2>\n<p><strong>Senast uppdaterad:<\/strong> 21.09.17<\/p>\n<p><strong>Arrang\u00f6r:<\/strong> SCF i samarbete med \u00c5re Bergcyklister<\/p>\n<p><strong>Inbjudan:<\/strong> Finns p\u00e5 Sportstiming <a href=\"https:\/\/www.sportstiming.dk\/event\/9073\">h\u00e4r<\/a><\/p>\n<p><strong>Plats: <\/strong>\u00c5re Bike Park, \u00c5re<\/p>\n<p><strong>Datum:<\/strong> 21-22 augusti<\/p>\n<p><strong>T\u00e4vlingsklass:<\/strong><\/p>\n<ul>\n<li>P 15-16<\/li>\n<li>F 15-16<\/li>\n<li>P U21<\/li>\n<li>F U21<\/li>\n<li>Herr Elit<\/li>\n<li>Dam Elit<\/li>\n<li>Herr Master<\/li>\n<li>Dam Master<\/li>\n<\/ul>\n<p><strong>Resultat: <\/strong><a href=\"https:\/\/scf.se\/mountainbike\/wp-content\/uploads\/sites\/6\/2021\/09\/resultatlistafinaldhsmare.pdf\">P 15-16, Herr Elit, Dam Elit, Herr Junior<\/a><\/p>\n","protected":false},"excerpt":{"rendered":"<p>SM Downhill 2021 Senast uppdaterad: 21.09.17 Arrang\u00f6r: SCF i samarbete med \u00c5re Bergcyklister Inbjudan: Finns p\u00e5 Sportstiming h\u00e4r Plats: \u00c5re Bike Park, \u00c5re Datum: 21-22 augusti T\u00e4vlingsklass: P 15-16 F 15-16 P U21 F U21 Herr Elit Dam Elit Herr Master Dam Master Resultat: P 15-16, Herr Elit, Dam Elit, Herr Junior<\/p>\n","protected":false},"author":34,"featured_media":0,"parent":0,"menu_order":0,"comment_status":"closed","ping_status":"closed","template":"","meta":{"_acf_changed":false,"footnotes":""},"class_list":["post-1884","page","type-page","status-publish","hentry"],"acf":[],"_links":{"self":[{"href":"https:\/\/scf.se\/mountainbike\/wp-json\/wp\/v2\/pages\/1884","targetHints":{"allow":["GET"]}}],"collection":[{"href":"https:\/\/scf.se\/mountainbike\/wp-json\/wp\/v2\/pages"}],"about":[{"href":"https:\/\/scf.se\/mountainbike\/wp-json\/wp\/v2\/types\/page"}],"author":[{"embeddable":true,"href":"https:\/\/scf.se\/mountainbike\/wp-json\/wp\/v2\/users\/34"}],"replies":[{"embeddable":true,"href":"https:\/\/scf.se\/mountainbike\/wp-json\/wp\/v2\/comments?post=1884"}],"version-history":[{"count":0,"href":"https:\/\/scf.se\/mountainbike\/wp-json\/wp\/v2\/pages\/1884\/revisions"}],"wp:attachment":[{"href":"https:\/\/scf.se\/mountainbike\/wp-json\/wp\/v2\/media?parent=1884"}],"curies":[{"name":"wp","href":"https:\/\/api.w.org\/{rel}","templated":true}]}}