
{"id":1741,"date":"2020-02-12T17:13:41","date_gmt":"2020-02-12T16:13:41","guid":{"rendered":"http:\/\/scf.se\/mountainbike\/?page_id=1741"},"modified":"2023-01-20T16:19:29","modified_gmt":"2023-01-20T15:19:29","slug":"masterskapsprogram-och-uttagningskriterier","status":"publish","type":"page","link":"https:\/\/scf.se\/mountainbike\/masterskapsprogram-och-uttagningskriterier\/","title":{"rendered":"M\u00e4sterskapsprogram och uttagningskriterier 2023"},"content":{"rendered":"<p><a href=\"https:\/\/scf.se\/mountainbike\/wp-content\/uploads\/sites\/6\/2023\/01\/Masterskapskriterier-XC.pdf\"><em><strong>S\u00e5 h\u00e4r ser uttagningskriterierna ut 2023 f\u00f6r kommande MTB-m\u00e4sterkap!<\/strong><\/em><\/a><\/p>\n<p><a href=\"https:\/\/scf.se\/mountainbike\/wp-content\/uploads\/sites\/6\/2023\/01\/Uttagningskriterier-Uppdrag-utanfor-masterskap.pdf\"><em><strong>S\u00e5 h\u00e4r ser uttagningskriterierna ut f\u00f6r uppdrag utan m\u00e4sterskapsstatus f\u00f6r landslaget i XCO!<\/strong><\/em><\/a><\/p>\n<p>&nbsp;<\/p>\n<p>&nbsp;<\/p>\n","protected":false},"excerpt":{"rendered":"<p>S\u00e5 h\u00e4r ser uttagningskriterierna ut 2023 f\u00f6r kommande MTB-m\u00e4sterkap! S\u00e5 h\u00e4r ser uttagningskriterierna ut f\u00f6r uppdrag utan m\u00e4sterskapsstatus f\u00f6r landslaget i XCO! &nbsp; &nbsp;<\/p>\n","protected":false},"author":30,"featured_media":0,"parent":0,"menu_order":0,"comment_status":"closed","ping_status":"closed","template":"","meta":{"_acf_changed":false,"footnotes":""},"class_list":["post-1741","page","type-page","status-publish","hentry"],"acf":[],"_links":{"self":[{"href":"https:\/\/scf.se\/mountainbike\/wp-json\/wp\/v2\/pages\/1741","targetHints":{"allow":["GET"]}}],"collection":[{"href":"https:\/\/scf.se\/mountainbike\/wp-json\/wp\/v2\/pages"}],"about":[{"href":"https:\/\/scf.se\/mountainbike\/wp-json\/wp\/v2\/types\/page"}],"author":[{"embeddable":true,"href":"https:\/\/scf.se\/mountainbike\/wp-json\/wp\/v2\/users\/30"}],"replies":[{"embeddable":true,"href":"https:\/\/scf.se\/mountainbike\/wp-json\/wp\/v2\/comments?post=1741"}],"version-history":[{"count":0,"href":"https:\/\/scf.se\/mountainbike\/wp-json\/wp\/v2\/pages\/1741\/revisions"}],"wp:attachment":[{"href":"https:\/\/scf.se\/mountainbike\/wp-json\/wp\/v2\/media?parent=1741"}],"curies":[{"name":"wp","href":"https:\/\/api.w.org\/{rel}","templated":true}]}}