
{"id":99,"date":"2026-02-09T15:42:22","date_gmt":"2026-02-09T14:42:22","guid":{"rendered":"http:\/\/svenskcykel.grandpublic.se\/landsvag\/?page_id=99"},"modified":"2026-02-10T11:34:19","modified_gmt":"2026-02-10T10:34:19","slug":"borja-cykla","status":"publish","type":"page","link":"https:\/\/scf.se\/landsvag\/borja-cykla\/","title":{"rendered":"B\u00f6rja cykla"},"content":{"rendered":"<blockquote><p>Cykeltr\u00e4ning och cykelt\u00e4vling \u00e4r en lek \u2013 en kul och utvecklande lek! Det \u00e4r roligt att f\u00e5 dela cykelupplevelserna med andra och genom cykling kan man f\u00e5 s\u00e5 m\u00e5nga, fina v\u00e4nner \u2013 i alla \u00e5ldrar! \u00a0Det finns plats f\u00f6r s\u00e5 m\u00e5nga fler i v\u00e5r sport! Svensk cykel \u00e4r till f\u00f6r att ALLA, oavsett k\u00f6n, h\u00e4rkomst, \u00e5lder och f\u00f6ruts\u00e4ttningar, ska kunna cykla p\u00e5 lika villkor!<\/p><\/blockquote>\n<p>Inom Svenska Cykelf\u00f6rbundet jobbar f\u00f6rbundsstyrelse och kansli tillsammans med medlemsf\u00f6reningar och ideella krafter f\u00f6r att skapa ett Cykelsverige fyllt av sp\u00e4nnande tr\u00e4nings- och t\u00e4vlingsm\u00f6jligheter. Vi skapar vi f\u00f6ruts\u00e4ttningar f\u00f6r att Svensk Cykel ska g\u00e5 en lysande framtid till m\u00f6tes. Nio grenar, flera nationella cuper (SWE Cup) och nationella m\u00e4sterskap, internationella t\u00e4vlingar, tr\u00e4ningsl\u00e4ger, sp\u00e4nnande samarbeten och massor av h\u00e4rliga m\u00e4nniskor.<\/p>\n<p>Vill du h\u00e4nga med oss? Kanske l\u00e5na eller l\u00e5na ut en cykel till n\u00e5gon som vill testa. V\u00e5ga! Vinn! Ha roligt!<\/p>\n<p>Vill du b\u00f6rja cykla och vill ha hj\u00e4lp att hitta en f\u00f6rening i din n\u00e4rhet?<br \/>\n<a href=\"https:\/\/www.rf.se\/om-riksidrottsforbundet\/hitta-inom-idrottsrorelsen\">Hitta en f\u00f6rening<\/a><\/p>\n<hr \/>\n<p>I landsv\u00e4g t\u00e4vlar man i disciplinerna linje, tempo, partempo, lagtempo och stafett. Linjeloppen har\u00a0gemensam start och ordningen vid passeringen av m\u00e5llinjen ger resultatet. Linjelopp inbjuder till mycket taktik och lagk\u00f6rning f\u00f6r att spara krafter till avg\u00f6rande moment.<\/p>\n<p>Tempolopp har individuell start, ofta med en minuts startmellanrum, H\u00e4r k\u00f6r man sj\u00e4lv mot klockan och tiden m\u00e4ts i tiondelar av en sekund. Tempolopp k\u00f6rs individuellt, i par eller lag, d\u00e4r\u00a0fler lagmedlemmar hj\u00e4lps \u00e5t i loppet. Vid stafett k\u00f6r tre lagmedlemmar varsin delstr\u00e4cka av varierande l\u00e4ngd.<\/p>\n<hr \/>\n<h2 data-start=\"0\" data-end=\"72\">B\u00f6rja t\u00e4vlingscykla landsv\u00e4g \u2013 en guide f\u00f6r att komma ig\u00e5ng<\/h2>\n<p data-start=\"74\" data-end=\"336\">Att b\u00f6rja t\u00e4vla p\u00e5 landsv\u00e4g \u00e4r ofta enklare \u00e4n man tror: hitta en f\u00f6rening, skaffa r\u00e4tt licens, v\u00e4lj ett passande lopp i sanktionskalendern \u2013 och kom till start med s\u00e4ker utrustning och ett leende. H\u00e4r \u00e4r grunderna f\u00f6r att ta f\u00f6rsta stegen in i sporten.<\/p>\n<hr data-start=\"338\" data-end=\"341\" \/>\n<h2 data-start=\"343\" data-end=\"392\">1) B\u00f6rja i en f\u00f6rening \u2013 den b\u00e4sta genv\u00e4gen in<\/h2>\n<p data-start=\"393\" data-end=\"454\">Att vara med i en cykelf\u00f6rening ger en trygg och rolig start:<\/p>\n<ul data-start=\"456\" data-end=\"776\">\n<li data-start=\"456\" data-end=\"543\">\n<p data-start=\"458\" data-end=\"543\"><strong data-start=\"458\" data-end=\"489\">Tr\u00e4ningskompisar och ledare<\/strong>\u00a0som hj\u00e4lper till med teknik, s\u00e4kerhet och utveckling.<\/p>\n<\/li>\n<li data-start=\"544\" data-end=\"624\">\n<p data-start=\"546\" data-end=\"624\"><strong data-start=\"546\" data-end=\"574\">Struktur och progression<\/strong>: fr\u00e5n nyb\u00f6rjargrupp till ungdomsgrupp och vidare.<\/p>\n<\/li>\n<li data-start=\"625\" data-end=\"711\">\n<p data-start=\"627\" data-end=\"711\"><strong data-start=\"627\" data-end=\"643\">T\u00e4vlingsst\u00f6d<\/strong>: hj\u00e4lp att v\u00e4lja klass, anm\u00e4la sig, f\u00f6rst\u00e5 regler och race-uppl\u00e4gg.<\/p>\n<\/li>\n<li data-start=\"712\" data-end=\"776\">\n<p data-start=\"714\" data-end=\"776\"><strong data-start=\"714\" data-end=\"727\">Gemenskap<\/strong>: resor, l\u00e4ger, klubbm\u00e4sterskap och socialt h\u00e4ng.<\/p>\n<\/li>\n<\/ul>\n<p data-start=\"778\" data-end=\"890\">M\u00e5nga upplever att f\u00f6rsta t\u00e4vlingen blir mycket l\u00e4ttare (och roligare!) n\u00e4r man g\u00f6r den tillsammans med klubben.\u00a0<strong>Kontakta ditt distrikt f\u00f6r att hitta en f\u00f6rening n\u00e4ra dig.<\/strong>\u00a0Det g\u00f6r du p\u00e5 denna sida:\u00a0<a href=\"https:\/\/www.rf.se\/om-riksidrottsforbundet\/hitta-inom-idrottsrorelsen\">Hitta inom idrottsr\u00f6relsen \u2013 Riksidrottsf\u00f6rbundet<\/a>\u00a0. Filtrera p\u00e5 organisationstyp \u201d<em>SDF<\/em>\u201d, v\u00e4lj idrott \u201d<em>Cykel<\/em>\u201d och sedan p\u00e5 s\u00f6k. \u00c4r du os\u00e4ker kan du alltid kontakta kansliet p\u00e5 kansli@scf.se s\u00e5 hj\u00e4lper vi dig.<\/p>\n<hr data-start=\"892\" data-end=\"895\" \/>\n<h2 data-start=\"897\" data-end=\"943\">2) Licens \u2013 din \u201cID-handling\u201d f\u00f6r att t\u00e4vla<\/h2>\n<p data-start=\"944\" data-end=\"1193\">En licens \u00e4r cyklistens \u201cID-handling\u201d och ger r\u00e4tt att starta i den klass du \u00e4r licensierad f\u00f6r p\u00e5 t\u00e4vlingar som \u00e4r\u00a0<strong data-start=\"1060\" data-end=\"1084\">sanktionerade av SCF<\/strong>. Med licens f\u00f6rbinder du dig ocks\u00e5 att f\u00f6lja regelverket (SCF\/UCI\/RF).<\/p>\n<p data-start=\"1195\" data-end=\"1379\"><strong data-start=\"1195\" data-end=\"1208\">\u00c5rslicens<\/strong>\u00a0inneh\u00e5ller dessutom en\u00a0<strong data-start=\"1232\" data-end=\"1257\">olycksfallsf\u00f6rs\u00e4kring<\/strong>\u00a0som g\u00e4ller vid tr\u00e4ning och p\u00e5 sanktionerade t\u00e4vlingar (samt direkt resa till\/fr\u00e5n).<\/p>\n<p data-start=\"1381\" data-end=\"1457\">Den mesta informtionen om licenser kan man l\u00e4sa mer om p\u00e5\u00a0<a href=\"http:\/\/www.scf.se\/licens\">www.scf.se\/licens<\/a>. Licenser tecknas i SCF:s licensportal,\u00a0<a href=\"http:\/\/licens.scf.se\/\">licens.scf.se<\/a>.<\/p>\n<hr data-start=\"1459\" data-end=\"1462\" \/>\n<h2 data-start=\"1464\" data-end=\"1516\">3) R\u00e4tt klass \u2013 v\u00e4lj n\u00e5got som passar f\u00f6rsta \u00e5ret<\/h2>\n<p data-start=\"1517\" data-end=\"1620\">P\u00e5 landsv\u00e4g finns klasser som g\u00f6r det l\u00e4tt att b\u00f6rja, oavsett om du \u00e4r ung eller ny i t\u00e4vling. Exempel:<\/p>\n<ul data-start=\"1622\" data-end=\"1954\">\n<li data-start=\"1622\" data-end=\"1782\">\n<p data-start=\"1624\" data-end=\"1782\"><strong data-start=\"1624\" data-end=\"1651\">Ungdom Sport (11\u201314 \u00e5r)<\/strong>: kr\u00e4ver t\u00e4vlingslicens (Youth Men\/Youth Women) eller eng\u00e5ngslicens vid t\u00e4vlingstillf\u00e4llet.<\/p>\n<\/li>\n<li data-start=\"1783\" data-end=\"1954\">\n<p data-start=\"1785\" data-end=\"1954\">Det finns ocks\u00e5 nyb\u00f6rjarklasser f\u00f6r yngre \u00e5ldrar p\u00e5 vissa arrangemang och flera motions-\/sportklasser f\u00f6r \u00e4ldre ungdomar och vuxna.<\/p>\n<\/li>\n<\/ul>\n<p data-start=\"1956\" data-end=\"2055\">H\u00e4r finns en lista med de t\u00e4vlingsklasser som anv\u00e4nds p\u00e5 nationella t\u00e4vlingar:\u00a0<a href=\"https:\/\/scf.se\/landsvag\/tavling\/tavlingsklasser\/\">T\u00e4vlingsklasser \u2013 Landsv\u00e4g \u2013 Svenska Cykelf\u00f6rbundet<\/a><\/p>\n<p data-start=\"1956\" data-end=\"2055\">Tips: om ni \u00e4r os\u00e4kra \u2013 fr\u00e5ga klubben eller arrang\u00f6ren vilken klass som \u00e4r b\u00e4st f\u00f6r f\u00f6rsta starten.<\/p>\n<hr data-start=\"2057\" data-end=\"2060\" \/>\n<h2 data-start=\"2062\" data-end=\"2109\">4) Hitta lopp \u2013 anv\u00e4nd sanktionerad kalender<\/h2>\n<p data-start=\"2110\" data-end=\"2350\">F\u00f6r att ett lopp ska r\u00e4knas som\u00a0<strong data-start=\"2142\" data-end=\"2158\">sanktionerat<\/strong>\u00a0beh\u00f6ver det ligga i den officiella kalendern. Om ett lopp\u00a0<strong data-start=\"2235\" data-end=\"2261\">inte finns i kalendern<\/strong>\u00a0\u00e4r det med stor sannolikhet\u00a0<strong data-start=\"2290\" data-end=\"2311\">inte sanktionerat<\/strong>.<\/p>\n<p data-start=\"2352\" data-end=\"2375\">Varf\u00f6r spelar det roll?<\/p>\n<ul data-start=\"2377\" data-end=\"2672\">\n<li data-start=\"2377\" data-end=\"2542\">\n<p data-start=\"2379\" data-end=\"2542\">Med\u00a0<strong data-start=\"2383\" data-end=\"2401\">t\u00e4vlingslicens<\/strong>\u00a0kan deltagande i osanktionerat lopp kr\u00e4va\u00a0<strong data-start=\"2444\" data-end=\"2455\">dispens<\/strong>, och annars riskerar man disciplin\u00e4ra f\u00f6ljder.<\/p>\n<\/li>\n<li data-start=\"2543\" data-end=\"2672\">\n<p data-start=\"2545\" data-end=\"2672\">Med\u00a0<strong data-start=\"2549\" data-end=\"2566\">motionslicens<\/strong>\u00a0g\u00e4ller inte f\u00f6rs\u00e4kringsskyddet i licensen under osanktionerat lopp.<\/p>\n<\/li>\n<\/ul>\n<p data-start=\"2674\" data-end=\"2852\">Kalendern hittar man p\u00e5\u00a0<a href=\"http:\/\/www.swecyclingonline.se\/\">www.swecyclingonline.se<\/a>.<\/p>\n<hr data-start=\"2854\" data-end=\"2857\" \/>\n<h2 data-start=\"2859\" data-end=\"2912\">5) T\u00e4vlingsregler \u2013 det viktigaste du beh\u00f6ver veta<\/h2>\n<p data-start=\"2913\" data-end=\"3129\">Reglerna finns f\u00f6r att man ska kunna t\u00e4vla\u00a0<strong data-start=\"2956\" data-end=\"2986\">s\u00e4kert och p\u00e5 lika villkor<\/strong>. SCF:s t\u00e4vlingsregler f\u00f6ljer UCI:s regelverk, med vissa nationella anpassningar, och uppdateras \u00e5rligen.<\/p>\n<p data-start=\"3131\" data-end=\"3236\">F\u00f6r landsv\u00e4g \u00e4r det framf\u00f6r allt\u00a0<strong data-start=\"3164\" data-end=\"3184\">\u201cDel 2 Landsv\u00e4g\u201d<\/strong>\u00a0som g\u00e4ller.<\/p>\n<p data-start=\"3238\" data-end=\"3293\">Inf\u00f6r f\u00f6rsta t\u00e4vlingen r\u00e4cker det l\u00e5ngt att ha koll p\u00e5:<\/p>\n<ul data-start=\"3294\" data-end=\"3442\">\n<li data-start=\"3294\" data-end=\"3323\">\n<p data-start=\"3296\" data-end=\"3323\">hur start och m\u00e5l g\u00e5r till,<\/p>\n<\/li>\n<li data-start=\"3324\" data-end=\"3358\">\n<p data-start=\"3326\" data-end=\"3358\">om det \u00e4r linjelopp eller tempo,<\/p>\n<\/li>\n<li data-start=\"3359\" data-end=\"3403\">\n<p data-start=\"3361\" data-end=\"3403\">regler f\u00f6r f\u00f6ljebil\/service (om aktuellt),<\/p>\n<\/li>\n<li data-start=\"3404\" data-end=\"3442\">\n<p data-start=\"3406\" data-end=\"3442\">samt s\u00e4kerhet p\u00e5 banan och i klunga.<\/p>\n<\/li>\n<\/ul>\n<p>H\u00e4r hittar ni SCF:s alla t\u00e4vlingsregler:\u00a0<a href=\"https:\/\/scf.se\/forbundet\/tavlingsverksamhet\/tavlingsregler\/\">T\u00e4vlingsregler \u2013 F\u00f6rbundet \u2013 Svenska Cykelf\u00f6rbundet<\/a><\/p>\n<hr data-start=\"3444\" data-end=\"3447\" \/>\n<h2 data-start=\"3449\" data-end=\"3508\">6) F\u00f6reningstr\u00f6ja \u2013 detta g\u00e4ller p\u00e5 nationella t\u00e4vlingar<\/h2>\n<p data-start=\"3509\" data-end=\"3699\">P\u00e5\u00a0<strong data-start=\"3512\" data-end=\"3546\">nationella t\u00e4vlingar i Sverige<\/strong>\u00a0\u00e4r t\u00e4vlande p\u00e5\u00a0<strong data-start=\"3562\" data-end=\"3574\">landsv\u00e4g<\/strong>\u00a0(och cykelcross) skyldiga att b\u00e4ra sin f\u00f6renings\u00a0<strong data-start=\"3624\" data-end=\"3658\">av SCF godk\u00e4nda f\u00f6reningstr\u00f6ja<\/strong>.<\/p>\n<p data-start=\"3701\" data-end=\"3797\">Det betyder i praktiken: t\u00e4vlar du f\u00f6r en klubb, ska du t\u00e4vla i klubbens godk\u00e4nda t\u00e4vlingsdr\u00e4kt.<\/p>\n<p data-start=\"3701\" data-end=\"3797\">H\u00e4r kan ni l\u00e4sa mer om godk\u00e4nnandet av f\u00f6reningstr\u00f6jor:\u00a0<a href=\"https:\/\/scf.se\/forbundet\/tavlingsverksamhet\/godkanda-foreningstrojor\/\">Godk\u00e4nda f\u00f6reningstr\u00f6jor \u2013 F\u00f6rbundet \u2013 Svenska Cykelf\u00f6rbundet<\/a><\/p>\n<hr data-start=\"3799\" data-end=\"3802\" \/>\n<h2 data-start=\"3804\" data-end=\"3859\">7) Utrustning \u2013 vad beh\u00f6vs f\u00f6r att komma till start?<\/h2>\n<p data-start=\"3860\" data-end=\"3933\">Du beh\u00f6ver inte \u201cproffsgrejer\u201d f\u00f6r att b\u00f6rja, men n\u00e5gra saker \u00e4r viktiga:<\/p>\n<p data-start=\"3935\" data-end=\"3947\"><strong data-start=\"3935\" data-end=\"3947\">M\u00e5ste-ha<\/strong><\/p>\n<ul data-start=\"3948\" data-end=\"4089\">\n<li data-start=\"3948\" data-end=\"3997\">\n<p data-start=\"3950\" data-end=\"3997\"><strong data-start=\"3950\" data-end=\"3972\">Cykel i gott skick<\/strong>\u00a0(bromsar, d\u00e4ck, v\u00e4xlar).<\/p>\n<\/li>\n<li data-start=\"3998\" data-end=\"4040\">\n<p data-start=\"4000\" data-end=\"4040\"><strong data-start=\"4000\" data-end=\"4009\">Hj\u00e4lm<\/strong>\u00a0(sj\u00e4lvklar p\u00e5 alla t\u00e4vlingar).<\/p>\n<\/li>\n<li data-start=\"4041\" data-end=\"4089\">\n<p data-start=\"4043\" data-end=\"4089\"><strong data-start=\"4043\" data-end=\"4063\">Flaska + h\u00e5llare<\/strong>, samt kl\u00e4der efter v\u00e4der.<\/p>\n<\/li>\n<\/ul>\n<p data-start=\"4091\" data-end=\"4105\"><strong data-start=\"4091\" data-end=\"4105\">Bra att ha<\/strong><\/p>\n<ul data-start=\"4106\" data-end=\"4295\">\n<li data-start=\"4106\" data-end=\"4187\">\n<p data-start=\"4108\" data-end=\"4187\"><strong data-start=\"4108\" data-end=\"4124\">Pedaler\/skor<\/strong>\u00a0du \u00e4r van vid (klick eller plana \u2013 beroende p\u00e5 niv\u00e5 och vana).<\/p>\n<\/li>\n<li data-start=\"4188\" data-end=\"4243\">\n<p data-start=\"4190\" data-end=\"4243\"><strong data-start=\"4190\" data-end=\"4213\">Reservslang\/verktyg<\/strong>\u00a0till tr\u00e4ning och uppv\u00e4rmning.<\/p>\n<\/li>\n<li data-start=\"4244\" data-end=\"4295\">\n<p data-start=\"4246\" data-end=\"4295\"><strong data-start=\"4246\" data-end=\"4262\">Enkel energi<\/strong>\u00a0(t.ex. bar\/gel) vid l\u00e4ngre lopp.<\/p>\n<\/li>\n<\/ul>\n<p data-start=\"4297\" data-end=\"4381\">Klubben kan ofta hj\u00e4lpa till att g\u00f6ra en snabb s\u00e4kerhetskoll innan f\u00f6rsta t\u00e4vlingen.<\/p>\n<hr data-start=\"4383\" data-end=\"4386\" \/>\n<h2 data-start=\"4388\" data-end=\"4445\">8) En trygg f\u00f6rsta t\u00e4vlingsdag \u2013 s\u00e5 brukar det g\u00e5 till<\/h2>\n<ol data-start=\"4446\" data-end=\"4770\">\n<li data-start=\"4446\" data-end=\"4509\">\n<p data-start=\"4449\" data-end=\"4509\"><strong data-start=\"4449\" data-end=\"4460\">Anm\u00e4lan<\/strong>\u00a0(i f\u00f6rv\u00e4g via systemet som arrang\u00f6ren anv\u00e4nder).<\/p>\n<\/li>\n<li data-start=\"4510\" data-end=\"4586\">\n<p data-start=\"4513\" data-end=\"4586\"><strong data-start=\"4513\" data-end=\"4542\">Upph\u00e4mtning av nummerlapp<\/strong>\u00a0(och ev. chip\/transponder d\u00e4r det anv\u00e4nds).<\/p>\n<\/li>\n<li data-start=\"4587\" data-end=\"4638\">\n<p data-start=\"4590\" data-end=\"4638\"><strong data-start=\"4590\" data-end=\"4605\">Uppv\u00e4rmning<\/strong>\u00a0och genomg\u00e5ng med klubbkompisar.<\/p>\n<\/li>\n<li data-start=\"4639\" data-end=\"4702\">\n<p data-start=\"4642\" data-end=\"4702\"><strong data-start=\"4642\" data-end=\"4651\">Start<\/strong>\u00a0\u2013 h\u00e5ll dig lugn, titta fram\u00e5t, f\u00f6lj instruktioner.<\/p>\n<\/li>\n<li data-start=\"4703\" data-end=\"4770\">\n<p data-start=\"4706\" data-end=\"4770\"><strong data-start=\"4706\" data-end=\"4723\">Efter m\u00e5lg\u00e5ng<\/strong>\u00a0\u2013 \u00e5terh\u00e4mtning, mat, prata igenom upplevelsen.<\/p>\n<\/li>\n<\/ol>\n<p data-start=\"4772\" data-end=\"4867\">M\u00e5let med f\u00f6rsta t\u00e4vlingen \u00e4r ofta enkelt:\u00a0<strong data-start=\"4815\" data-end=\"4867\">ha kul, l\u00e4r dig formatet och vilja g\u00f6ra en till.<\/strong><\/p>\n<p data-start=\"4772\" data-end=\"4867\">Har du minsta f\u00f6ljdfr\u00e5gor \u00e4r du alltid v\u00e4lkommen att kontakta\u00a0<a href=\"mailto:kansli@scf.se\">kansliet<\/a>\u00a0eller\u00a0<a href=\"mailto:landsvag@scf.se\">grengruppen<\/a>.<\/p>\n","protected":false},"excerpt":{"rendered":"<p>Cykeltr\u00e4ning och cykelt\u00e4vling \u00e4r en lek \u2013 en kul och utvecklande lek! Det \u00e4r roligt att f\u00e5 dela cykelupplevelserna med andra och genom cykling kan man f\u00e5 s\u00e5 m\u00e5nga, fina v\u00e4nner \u2013 i alla \u00e5ldrar! \u00a0Det finns plats f\u00f6r s\u00e5 m\u00e5nga fler i v\u00e5r sport! Svensk cykel \u00e4r till f\u00f6r att ALLA, oavsett k\u00f6n,<a href=\"https:\/\/scf.se\/landsvag\/borja-cykla\/\" class=\"news-card__more\"> &#8230;<\/a><\/p>\n","protected":false},"author":58,"featured_media":0,"parent":0,"menu_order":0,"comment_status":"closed","ping_status":"closed","template":"","meta":{"_acf_changed":false,"footnotes":""},"class_list":["post-99","page","type-page","status-publish","hentry"],"acf":[],"_links":{"self":[{"href":"https:\/\/scf.se\/landsvag\/wp-json\/wp\/v2\/pages\/99","targetHints":{"allow":["GET"]}}],"collection":[{"href":"https:\/\/scf.se\/landsvag\/wp-json\/wp\/v2\/pages"}],"about":[{"href":"https:\/\/scf.se\/landsvag\/wp-json\/wp\/v2\/types\/page"}],"author":[{"embeddable":true,"href":"https:\/\/scf.se\/landsvag\/wp-json\/wp\/v2\/users\/58"}],"replies":[{"embeddable":true,"href":"https:\/\/scf.se\/landsvag\/wp-json\/wp\/v2\/comments?post=99"}],"version-history":[{"count":3,"href":"https:\/\/scf.se\/landsvag\/wp-json\/wp\/v2\/pages\/99\/revisions"}],"predecessor-version":[{"id":8123,"href":"https:\/\/scf.se\/landsvag\/wp-json\/wp\/v2\/pages\/99\/revisions\/8123"}],"wp:attachment":[{"href":"https:\/\/scf.se\/landsvag\/wp-json\/wp\/v2\/media?parent=99"}],"curies":[{"name":"wp","href":"https:\/\/api.w.org\/{rel}","templated":true}]}}