
{"id":92,"date":"2025-10-23T14:52:26","date_gmt":"2025-10-23T12:52:26","guid":{"rendered":"http:\/\/svenskcykel.grandpublic.se\/landsvag\/?page_id=92"},"modified":"2025-10-23T15:32:28","modified_gmt":"2025-10-23T13:32:28","slug":"svenska-mastare","status":"publish","type":"page","link":"https:\/\/scf.se\/landsvag\/svenska-mastare\/","title":{"rendered":"Svenska M\u00e4stare Landsv\u00e4g Linje"},"content":{"rendered":"<a href=\"https:\/\/scf.se\/landsvag\/wp-content\/uploads\/sites\/5\/2021\/09\/FB_DSC_5856_low-662x468-01.jpeg\"><img loading=\"lazy\" decoding=\"async\" class=\"alignnone wp-image-2897 size-post-small\" src=\"https:\/\/scf.se\/landsvag\/wp-content\/uploads\/sites\/5\/2021\/09\/FB_DSC_5856_low-662x468-01-662x462.jpeg\" alt=\"\" width=\"662\" height=\"462\" \/><\/a>\n<h3>Herrsenior<\/h3>\n<ul>\n<li><strong>Herrsenior Linje 150 km<\/strong><br \/>\n1938:\u00a0Sven Johansson, Hammarby IF, Stockholm<br \/>\n1939:\u00a0Ingvar Ericsson, Hammarby IF, Stockholm<br \/>\n1940:\u00a0Ingvar Ericsson, Hammarby IF, Stockholm<br \/>\n1941:\u00a0Sven Johansson, Hammarby IF, Stockholm<br \/>\n1942:\u00a0Sture Andersson, Landskrona CK<br \/>\n1943:\u00a0Harry Snell, CK Stella, Dalsj\u00f6fors<br \/>\n1944:\u00a0Harry Snell, IK Ymer, Bor\u00e5s<br \/>\n1945:\u00a0Harry Jansson, SK Fyrishof, Uppsala<br \/>\n1946:\u00a0Nils Johansson, IK Ymer, Bor\u00e5s<br \/>\n1947:\u00a0Sigge Larsson, Fredrikshofs IF, Stockholm<br \/>\n1948:\u00a0Harry Snell, IK Ymer, Bor\u00e5s<br \/>\n1949:\u00a0Bengt Fr\u00f6bom, Fredrikshofs IF, Stockholm<br \/>\n1950:\u00a0Harry Snell, IK Ymer, Bor\u00e5s<br \/>\n1951:\u00a0Stig M\u00e5rtensson, Fredrikshofs IF, Stockholm<br \/>\n1952:\u00a0Stig M\u00e5rtensson, Fredrikshofs IF, Stockholm<br \/>\n1953:\u00a0Axel \u00d6hgren, Skellefte\u00e5 AIK<br \/>\n1954: Lars Carl\u00e9n, V\u00e4ster\u00e5s CK<\/li>\n<\/ul>\n<p>&nbsp;<\/p>\n<ul>\n<li><strong>Herrsenior Linje 250 km<\/strong><br \/>\n1946: \u00a0Harry Snell, IK Ymer, Bor\u00e5s<br \/>\n1947:\u00a0Harry Snell, IK Ymer, Bor\u00e5s<br \/>\n1948:\u00a0Harry Snell, IK Ymer, Bor\u00e5s<br \/>\n1949:\u00a0Gunnar Johnsson, CK Crescent, Stockholm<br \/>\n1950:\u00a0Stig M\u00e5rtensson, Fredrikshofs IF, Stockholm<br \/>\n1951:\u00a0Allan Carlsson, Norrk\u00f6pings CK<br \/>\n1952:\u00a0Yngve Lundh, Bolln\u00e4s CK<br \/>\n1953: \u00a0Evert Lindgren, Bolln\u00e4s CK<br \/>\n1954: \u00a0Owe Nordqvist, Fredrikshofs IF, Stockholm<\/li>\n<\/ul>\n<p>&nbsp;<\/p>\n<ul>\n<li><strong>Herr Senior Linje 180 km<\/strong><br \/>\n1955:\u00a0Oswald Johansson, CK Stefaniterna, Stockholm<br \/>\n1956:\u00a0Roland Str\u00f6hm, Kramfors IF<br \/>\n1957:\u00a0Uno Borgeng\u00e5rd, Hisingens CK, G\u00f6teborg<br \/>\n1958:\u00a0Gunnar G\u00f6ransson, CK Antilopen, Norrk\u00f6ping<br \/>\n1959:\u00a0Owe Adamson, Kumla CA<br \/>\n1960:\u00a0Owe Adamson, Upsala CK<br \/>\n1961:\u00a0Owe Adamson, Upsala CK<br \/>\n1962:\u00a0Owe Adamson, Upsala CK<br \/>\n1963:\u00a0Einar Bj\u00f6rklund, CK Stefaniterna, Stockholm<br \/>\n1964:\u00a0Sven Hamrin, H\u00e4rn\u00f6sands CK<br \/>\n1965:\u00a0Jupp Ripfel, CK Falken, Stockholm<br \/>\n1966:\u00a0Jupp Ripfel, CK Falken, Stockholm<br \/>\n1967:\u00a0Erik Pettersson, V\u00e5rg\u00e5rda CK<br \/>\n1968:\u00a0Curt S\u00f6derlund, CK Falken, Stockholm<br \/>\n1969:\u00a0G\u00f6sta Pettersson, V\u00e5rg\u00e5rda CK<br \/>\n1970:\u00a0Jupp Ripfel, CK Falken, Stockholm<br \/>\n1971:\u00a0Jupp Ripfel, CK Falken, Stockholm<br \/>\n1972:\u00a0Sven-\u00c5ke Nilsson, CK Ringen, Malm\u00f6<br \/>\n1973:\u00a0Curt S\u00f6derlund, CK Falken, Stockholm<br \/>\n1974:\u00a0Bernt Johansson, Mariestadcyklisten<br \/>\n1975:\u00a0Roine Gr\u00f6nlund, Falu CK<br \/>\n1976:\u00a0Tommy Prim, CK Wano, Varberg<br \/>\n1977:\u00a0Alf Segers\u00e4ll, IF Saab, Link\u00f6ping<br \/>\n1978:\u00a0Thomas Eriksson, \u00d6rebrocyklisterna<br \/>\n1979:\u00a0Lennart Fagerlund, Mariestadcyklisten<br \/>\n1980:\u00a0Bengt Asplund, \u00d6rebrocyklisterna<br \/>\n1981:\u00a0Thomas Eriksson, V\u00e4ster\u00e5s CK<br \/>\n1982:\u00a0M\u00e5rten Ros\u00e9n, S\u00f6dert\u00e4lje CK<br \/>\n1983:\u00a0G\u00f6ran Barkfors, CK Master, G\u00f6teborg<br \/>\n1984:\u00a0Kjell Nilsson, \u00d6rebrocyklisterna<br \/>\n1985:\u00a0Per Christiansson, Skoghalls CK-Hammar\u00f6<br \/>\n1986:\u00a0Lars Wahlqvist, Motala AIF<br \/>\n1987:\u00a0Bj\u00f6rn Johansson, Alings\u00e5s CK<br \/>\n1988:\u00a0Anders Jarl PKbankens CK, Stockholm<br \/>\n1989:\u00a0Bengt Ring, Sp\u00e5rv\u00e4gens GoIF, Stockholm<br \/>\n1990:\u00a0Anders Eklundh, Team RiksBo Spar Motala AIF<br \/>\n1991:\u00a0Niklas Kind\u00e5ker, Sp\u00e5rv\u00e4gens GoIF, Stockholm<br \/>\n1992:\u00a0Anders Eklundh, Team RiksBo Spar Motala AIF<br \/>\n1993:\u00a0Klas Johansson, CK Ceres, Katrineholm<br \/>\n1994:\u00a0Michael Andersson, Team Isostar CK, V\u00e4ster\u00e5s<br \/>\n1995:\u00a0Glenn Magnusson, CK Bure, Halmstad<br \/>\n1996:\u00a0Marcus Ljungqvist, Team Wirsbo CK, V\u00e4ster\u00e5s<br \/>\n1997:\u00a0Michel Lafis, \u00d6rebrocyklisterna<br \/>\n1998: Martin Rittsel, Team Wirsbo CK, V\u00e4ster\u00e5s<\/li>\n<\/ul>\n<p>&nbsp;<\/p>\n<ul>\n<li><strong>Herrsenior Linje 180-220 km<\/strong><br \/>\n1999:\u00a0Henrik Sparr, Team Wirsbo CK, V\u00e4ster\u00e5s<br \/>\n2000:\u00a0Stefan Adamsson, Team Crescent CK, Varberg<br \/>\n2001:\u00a0Marcus Ljungqvist, Falu CK<br \/>\n2002:\u00a0Stefan Adamsson, \u00d6rebrocyklisterna<br \/>\n2003:\u00a0Jonas Holmqvist, Team Bianchi Scandinavia<br \/>\n2004:\u00a0Petter Ren\u00e4ng, Team Bianchi Nordic<br \/>\n2005:\u00a0Jonas Ljungblad, Skoghalls CK-Hammar\u00f6<br \/>\n2006:\u00a0Thomas L\u00f6vkvist, CK Cykelcity.se<br \/>\n2007:\u00a0Magnus B\u00e4ckstedt, Kopparbergs CK<br \/>\n2008:\u00a0Jonas Ljungblad, Skoghalls CK-Hammar\u00f6<br \/>\n2009: Marcus Ljungqvist, Falu CK<br \/>\n2010: Michael Stevenson, \u00d6rebrocyklisterna<br \/>\n2011: Philip Lindau, CK Cyklecity.se<br \/>\n2012: Christofer Stevenson, Team Kung\u00e4lv IS<br \/>\n2013: Michael Olsson, H\u00f6llviken CK<br \/>\n2014: Michael Olsson, H\u00f6llviken CK<br \/>\n2015:\u00a0Alexander Gingsj\u00f6, S\u00f6dert\u00e4lje CK<br \/>\n2016:\u00a0Richard Lars\u00e9n, Tre Berg CK<br \/>\n2017:\u00a0Kim Magnusson, Tre Berg CK<br \/>\n2018: Lucas Eriksson, Motala AIF CK<br \/>\n2019: Lucas Eriksson, Motala AIF CK<br \/>\n2020: Kim Magnusson, CK HVR16<br \/>\n2021: Viktor Hillerstr\u00f6m Rundh, CK Hymer<br \/>\n2022: Lucas Eriksson, G\u00e5nghester CK<br \/>\n2023: Lucas Eriksson, G\u00e5nghester CK<br \/>\n2024: Jacob Eriksson, G\u00e5nghester CK<br \/>\n2025: Hugo Forssell, CK Hymer<\/li>\n<\/ul>\n<hr \/>\n<h3>Dam Senior<\/h3>\n<div id=\"attachment_1564\" class=\"wp-caption alignleft\" ><a href=\"https:\/\/scf.se\/landsvag\/wp-content\/uploads\/sites\/5\/2018\/06\/Wallner_180623_83014.jpg\"><img loading=\"lazy\" decoding=\"async\" class=\"wp-image-1564 size-post-small\" src=\"https:\/\/scf.se\/landsvag\/wp-content\/uploads\/sites\/5\/2018\/06\/Wallner_180623_83014-740x462.jpg\" alt=\"Wallner_180623_83014\" width=\"740\" height=\"462\" \/><\/a><p class=\"wp-caption-text\">Emilia Fahlin, Svensk M\u00e4starinna, Linje 2018<\/p><\/div>\n<p>&nbsp;<\/p>\n<p>&nbsp;<\/p>\n<p>&nbsp;<\/p>\n<div class=\"mceTemp\"><\/div>\n<p>&nbsp;<\/p>\n<p>&nbsp;<\/p>\n<p>&nbsp;<\/p>\n<p>&nbsp;<\/p>\n<p>&nbsp;<\/p>\n<ul>\n<li><strong>Damsenior Linje 60 km<\/strong><br \/>\n1971:\u00a0Ulla Nilsson, Upsala CK<br \/>\n1972:\u00a0Ann Pettersson, Kinds CK<br \/>\n1973:\u00a0Tuulikki Jahre, IK Ymer, Bor\u00e5s<br \/>\n1974:\u00a0Eva Johansson, Uddevalla CA<br \/>\n1975:\u00a0Meeri Bodelid, Sidsj\u00f6\/B\u00f6le IF<br \/>\n1976:\u00a0Tuulikki Jahre, Fr\u00f6lunda CK, G\u00f6teborg<br \/>\n1977:\u00a0Tuulikki Jahre, CK Master, G\u00f6teborg<br \/>\n1978:\u00a0Kristina Ranudd, Skoghalls CK<br \/>\n1979:\u00a0Marianne Berglund, Skellefte\u00e5 AIK<br \/>\n1980:\u00a0Anna-Karin Johansson, \u00d6rebrocyklisterna<br \/>\n1981:\u00a0Maria Johnsson, Skoghalls CK<br \/>\n1982:\u00a0Maria Johnsson, Skoghalls CK<br \/>\n1983:\u00a0Kristina Ranudd, Skoghalls CK-Hammar\u00f6<br \/>\n1984:\u00a0Marianne Berglund, \u00d6rebrocyklisterna<br \/>\n1985:\u00a0Paula Westher, Klubben Cyklisten, Malm\u00f6<br \/>\n1986:\u00a0Paula Westher, Klubben Cyklisten, Malm\u00f6<br \/>\n1987:\u00a0Marianne Berglund, Skellefte\u00e5 AIK<br \/>\n1988: Marie H\u00f6ljer, Ramn\u00e4s CK<\/li>\n<\/ul>\n<p>&nbsp;<\/p>\n<ul>\n<li><strong>Damsenior Linje 80 km<\/strong><br \/>\n1989:\u00a0Marie H\u00f6ljer, Ramn\u00e4s CK<br \/>\n1990:\u00a0Elisabeth Westman, Ramn\u00e4s CK<br \/>\n1991:\u00a0Marianne Berglund, Skellefte\u00e5 AIK-CK<br \/>\n1992:\u00a0Christina Vosveld, H\u00e4rn\u00f6sands CK<br \/>\n1993:\u00a0Christina Vosveld, H\u00e4rn\u00f6sands CK<br \/>\n1994:\u00a0Susanne Ljungskog, CK Bure, Halmstad<br \/>\n1995:\u00a0Linda Hyd\u00e9n, M\u00f6lndals CK<br \/>\n1996:\u00a0Susanne Ljungskog, CK Bure, Halmstad<br \/>\n1997:\u00a0Susanne Ljungskog, CK Bure, Halmstad<br \/>\n1998:\u00a0Susanne Ljungskog, Hisingens CK, G\u00f6teborg<br \/>\n1999: Madeleine Lindberg, Borl\u00e4nge CK<\/li>\n<\/ul>\n<p>&nbsp;<\/p>\n<ul>\n<li><strong>Dam Senior Linje 80-100 km<br \/>\n<\/strong>2000:\u00a0Madeleine Lindberg, Borl\u00e4nge CK<br \/>\n2001:\u00a0Madeleine Lindberg, Team M\u00e4larenergi CK, V\u00e4ster\u00e5s<br \/>\n2002:\u00a0Nathalie Visser, Team M\u00e4larenergi CK, V\u00e4ster\u00e5s<br \/>\n2003:\u00a0Susanne Ljungskog, CK Thor-Ale G\u00f6teborg<br \/>\n2004:\u00a0Susanne Ljungskog, CK Thor-Ale G\u00f6teborg<br \/>\n2005:\u00a0Susanne Ljungskog, CK Thor-Ale G\u00f6teborg<br \/>\n2006:\u00a0Susanne Ljungskog, Team Ale-G\u00f6teborg VK<br \/>\n2007:\u00a0Angelica Agerteg, Staffanstorp CK<br \/>\n2008:\u00a0Emilia Fahlin, \u00d6rebrocyklisterna<br \/>\n2009: Jennie Stenerhag, AlrikssonsCykel.se CK<br \/>\n2010: Emma Johansson, H\u00e4rn\u00f6sands CK<br \/>\n2011: Emma Johansson, H\u00e4rn\u00f6sands CK<br \/>\n2012: Emma Johansson, H\u00e4rn\u00f6sands CK<br \/>\n2013: Emilia Fahlin, \u00d6rebrocyklisterna<br \/>\n2014: Emma Johansson, H\u00e4rn\u00f6sands CK<br \/>\n2015:\u00a0Emma Johansson, H\u00e4rn\u00f6sands CK<br \/>\n2016:\u00a0Emma Johansson, H\u00e4rn\u00f6sands CK<br \/>\n2017:\u00a0Sara Penton, Stockholms CK<br \/>\n2018: Emilia Fahlin, \u00d6rebrocyklisterna<br \/>\n2019: Lisa Nord\u00e9n, HiQ Sports Club<br \/>\n2020: Nathalie Eklund, Stockholm CK<br \/>\n2021: Carin Winell, CK Hymer<br \/>\n2022: Jenny Rissveds, Falu CK<br \/>\n2023: Emilia Fahlin, \u00d6rebrocyklisterna<br \/>\n2024: Mika S\u00f6derstr\u00f6m, Stockholm CK<br \/>\n2025: Mika S\u00f6derstr\u00f6m, Stockholm CK<\/li>\n<\/ul>\n<p><strong>Kolla ocks\u00e5 in:<\/strong><\/p>\n<ul>\n<li><strong><a href=\"https:\/\/scf.se\/landsvag\/1521-2\/\"><em>Svenska m\u00e4stare Tempo<\/em><\/a><\/strong><\/li>\n<li><em><strong><a href=\"https:\/\/scf.se\/landsvag\/svenska-mastare-landsvag-kortdistans\/\">Svenska m\u00e4stare Kortdistans<\/a><\/strong><\/em><\/li>\n<\/ul>\n<hr \/>\n<h2>Lagt\u00e4vling Linjelopp<\/h2>\n<h3>Herr<em>\u00a0<\/em><\/h3>\n<ul>\n<li><strong>Lagt\u00e4vling Linje 150 km<\/strong><br \/>\n1938:\u00a0Hammarby IF, Stockholm (Sven Johansson, Nils Andersson, Nils G Andersson)<br \/>\n1939:\u00a0Inget lagm\u00e4sterskap arrangerades p\u00e5 denna distans<br \/>\n1940:\u00a0Inget lagm\u00e4sterskap arrangerades p\u00e5 denna distans<br \/>\n1941:\u00a0Hammarby IF, Stockholm (Sven Johansson, Arne Berg, Nils Andersson)<br \/>\n1942:\u00a0Hammarby IF, Stockholm (Sven Johansson, Karl Erik Ruthberg, Bengt Malmgren)<br \/>\n1943:\u00a0Fredrikshofs IF, Stockholm (Sigge Hellberg, Fritz B\u00e5gendahl, Sune S\u00f6derstr\u00f6m)<br \/>\n1944:\u00a0V\u00e4ster\u00e5s IK (B\u00f6rje Karlsson, John Hindersson, Erik T\u00f6rnblom)<br \/>\n1945:\u00a0SK Fyrishof, Uppsala (Harry Jansson, Folke Andersson, Bernt Klefborg)<br \/>\n1946:\u00a0IK Ymer, Bor\u00e5s (Nils Johansson, Harry Snell, Folke Nilsson)<br \/>\n1947:\u00a0Fredrikshofs IF, Stockholm (Sigge Larsson, \u00c5ke Olivestedt, Olle Wickholm)<br \/>\n1948:\u00a0IK Ymer, Bor\u00e5s (Harry Snell, Nils Johansson, Folke Nilsson)<br \/>\n1949:\u00a0Fredrikshofs IF, Stockholm (Bengt Fr\u00f6bom, Owe Nordqvist, \u00c5ke Olivestedt)<br \/>\n1950:\u00a0Fredrikshofs IF, Stockholm (Bengt Fr\u00f6bom, Owe Nordqvist, K A Kjell)<br \/>\n1951:\u00a0CK Wano, Varberg (Thure Bengtsson, Stig Andersson, Kjell Persson)<br \/>\n1952:\u00a0Inget lagm\u00e4sterskap arrangerades p\u00e5 denna distns<\/li>\n<\/ul>\n<p>&nbsp;<\/p>\n<ul>\n<li><strong>Lagt\u00e4vling Linje 250 km<\/strong><br \/>\n1946:\u00a0Upsala CK (Halle Janemar, Alex Lindgren, Bengt Janemar)<br \/>\n1947:\u00a0SK Fyrishof, Uppsala (Rune Hammarstr\u00f6m, Ingvar Annerstig, Rune Klefborg)<br \/>\n1948:\u00a0IK Ymer, Bor\u00e5s (Harry Snell, Nils Johansson, Folke Nilsson)<br \/>\n1949:\u00a0Fredrikshofs IF, Stockholm (Sigge Hellberg, Owe Nordqvist, Bengt Fr\u00f6bom)<br \/>\n1950:\u00a0Fredrikshofs IF, Stockholm (Stig M\u00e5rtensson, Bengt Fr\u00f6bom, Owe Nordqvist)<br \/>\n1951:\u00a0Fredrikshofs IF, Stockholm (Bengt Fr\u00f6bom, Stig M\u00e5rtensson, Owe Nordqvist)<br \/>\n1952:\u00a0Inget lagm\u00e4sterskap arrangerades p\u00e5 denna distans<\/li>\n<\/ul>\n<p>&nbsp;<\/p>\n<ul>\n<li><strong>Lagt\u00e4vling Linje 180 km<\/strong><br \/>\n1955-1992\u00a0Inget lagm\u00e4sterskap p\u00e5 denna distans<br \/>\n1993:\u00a0Motala AIF (Allen Andersson, Johan Fagrell, Mikael Olsson)<br \/>\n1994:\u00a0Motala AIF (Stefan Andersson, Allen Andersson, Anders Eklundh)<br \/>\n1995:\u00a0Motala AIF (Allen Andersson, Anders Eklundh, Stefan Andersson)<br \/>\n1996:\u00a0Skoghalls CK-Hammar\u00f6 (\u00d6rjan Gustavsson, Dan Kullgren, Markus Persson)<br \/>\n1997:\u00a0Team Wirsbo CK (Johan Fredriksson, Henrik Sparr, Martin Rittsel)<br \/>\n1998:\u00a0Team Wirsbo CK (Martin Rittsel, Michael Andersson, Henrik Sparr)<\/li>\n<\/ul>\n<p>&nbsp;<\/p>\n<ul>\n<li><strong>Lagt\u00e4vling 180-220 km<\/strong><br \/>\n1999:\u00a0Team Crescent-Tranemo IF (Jonas Ljungblad, Klas Johansson, Johan Flodin)<br \/>\n2000:\u00a0Team Crescent CK (Stefan Adamsson, Jonas Ljungblad, Jonas Rydberg)<br \/>\n2001:\u00a0Team Crescent CK (Tobias Lerg\u00e5rd, Jonas Ljungblad, Erik Wendel)<br \/>\n2002-\u00a0\u00a0Inget lagm\u00e4sterskap p\u00e5 denna distans<\/li>\n<\/ul>\n","protected":false},"excerpt":{"rendered":"<p>Herrsenior Herrsenior Linje 150 km 1938:\u00a0Sven Johansson, Hammarby IF, Stockholm 1939:\u00a0Ingvar Ericsson, Hammarby IF, Stockholm 1940:\u00a0Ingvar Ericsson, Hammarby IF, Stockholm 1941:\u00a0Sven Johansson, Hammarby IF, Stockholm 1942:\u00a0Sture Andersson, Landskrona CK 1943:\u00a0Harry Snell, CK Stella, Dalsj\u00f6fors 1944:\u00a0Harry Snell, IK Ymer, Bor\u00e5s 1945:\u00a0Harry Jansson, SK Fyrishof, Uppsala 1946:\u00a0Nils Johansson, IK Ymer, Bor\u00e5s 1947:\u00a0Sigge Larsson, Fredrikshofs IF, Stockholm<a href=\"https:\/\/scf.se\/landsvag\/svenska-mastare\/\" class=\"news-card__more\"> &#8230;<\/a><\/p>\n","protected":false},"author":58,"featured_media":0,"parent":0,"menu_order":0,"comment_status":"closed","ping_status":"closed","template":"","meta":{"_acf_changed":false,"footnotes":""},"class_list":["post-92","page","type-page","status-publish","hentry"],"acf":[],"_links":{"self":[{"href":"https:\/\/scf.se\/landsvag\/wp-json\/wp\/v2\/pages\/92","targetHints":{"allow":["GET"]}}],"collection":[{"href":"https:\/\/scf.se\/landsvag\/wp-json\/wp\/v2\/pages"}],"about":[{"href":"https:\/\/scf.se\/landsvag\/wp-json\/wp\/v2\/types\/page"}],"author":[{"embeddable":true,"href":"https:\/\/scf.se\/landsvag\/wp-json\/wp\/v2\/users\/58"}],"replies":[{"embeddable":true,"href":"https:\/\/scf.se\/landsvag\/wp-json\/wp\/v2\/comments?post=92"}],"version-history":[{"count":3,"href":"https:\/\/scf.se\/landsvag\/wp-json\/wp\/v2\/pages\/92\/revisions"}],"predecessor-version":[{"id":7976,"href":"https:\/\/scf.se\/landsvag\/wp-json\/wp\/v2\/pages\/92\/revisions\/7976"}],"wp:attachment":[{"href":"https:\/\/scf.se\/landsvag\/wp-json\/wp\/v2\/media?parent=92"}],"curies":[{"name":"wp","href":"https:\/\/api.w.org\/{rel}","templated":true}]}}