
{"id":80,"date":"2015-11-05T13:07:24","date_gmt":"2015-11-05T12:07:24","guid":{"rendered":"http:\/\/svenskcykel.grandpublic.se\/landsvag\/?page_id=80"},"modified":"2019-09-17T13:01:16","modified_gmt":"2019-09-17T11:01:16","slug":"cupstallning","status":"publish","type":"page","link":"https:\/\/scf.se\/landsvag\/swe-cup\/cupstallning\/","title":{"rendered":"Cupst\u00e4llningar landsv\u00e4g"},"content":{"rendered":"<p><a href=\"https:\/\/scf.se\/landsvag\/swe-cup-2019\/\"><strong>H\u00e4r finns information om 2019 \u00e5rs SWE Cup<\/strong><\/a><\/p>\n<p>&nbsp;<\/p>\n<hr \/>\n<h4>Slutst\u00e4llning SWE Cup 2019<\/h4>\n<ul>\n<li><a href=\"https:\/\/scf.se\/landsvag\/wp-content\/uploads\/sites\/5\/2019\/09\/Slutresultat-SWE-Cup-LVG-2019-H-Elit.pdf\">SWE Cup Herr elit<\/a><\/li>\n<li><a href=\"https:\/\/scf.se\/landsvag\/wp-content\/uploads\/sites\/5\/2019\/09\/Slutresultat-SWE-Cup-LVG-2019-D-Elit.pdf\">SWE Cup Dam elit<\/a><\/li>\n<li><a href=\"https:\/\/scf.se\/landsvag\/wp-content\/uploads\/sites\/5\/2019\/09\/Slutresultat-SWE-Cup-LVG-2019-H-Juniorer.pdf\">SWE Cup Herr junior<\/a><\/li>\n<\/ul>\n<h4>Slutst\u00e4llning SWE Cup 2018<\/h4>\n<ul>\n<li class=\"single-card__title\"><a href=\"http:\/\/kalpro.se\/swecup\/LVG\/HerrElit.pdf\">SWE Cup Herr elit<\/a><\/li>\n<li class=\"single-card__title\"><a href=\"http:\/\/kalpro.se\/swecup\/LVG\/DamElit.pdf\">SWE Cup Dam elit<\/a><\/li>\n<li class=\"single-card__title\"><a href=\"http:\/\/kalpro.se\/swecup\/LVG\/HerrJunior.pdf\">SWE Cup Herr junior<\/a><\/li>\n<li class=\"single-card__title\"><a href=\"http:\/\/kalpro.se\/swecup\/LVG\/DamJunior.pdf\">SWE Cup Dam junior<\/a><\/li>\n<li class=\"single-card__title\"><a href=\"https:\/\/scf.se\/landsvag\/wp-content\/uploads\/sites\/5\/2015\/11\/SWE-CUP-2018-Po\u00e4ngt\u00e4vling-Herr-Elit.pdf\">Po\u00e4ngt\u00e4vling Herr Elit<\/a><\/li>\n<li class=\"single-card__title\"><a href=\"https:\/\/scf.se\/landsvag\/wp-content\/uploads\/sites\/5\/2015\/11\/SWE-CUP-2018-Po\u00e4ngt\u00e4vling-Dam-Elit.pdf\">Po\u00e4ngt\u00e4vling Dam Elit<\/a><\/li>\n<li class=\"single-card__title\"><a href=\"https:\/\/scf.se\/landsvag\/wp-content\/uploads\/sites\/5\/2015\/11\/SWE-CUP-2018-Lagt\u00e4vling-Herr-Elit.pdf\">Lagt\u00e4vling Herr Elit<\/a><\/li>\n<li class=\"single-card__title\"><a href=\"https:\/\/scf.se\/landsvag\/wp-content\/uploads\/sites\/5\/2015\/11\/SWE-CUP-2018-Lagt\u00e4vling-Dam-Elit.pdf\">Lagt\u00e4vling Dam Elit<\/a><\/li>\n<li class=\"single-card__title\"><a href=\"https:\/\/scf.se\/landsvag\/wp-content\/uploads\/sites\/5\/2015\/11\/SWE-CUP-2018-Lagt\u00e4vling-Herr-Junior.pdf\">Lagt\u00e4vling Herr Junior<\/a><\/li>\n<\/ul>\n","protected":false},"excerpt":{"rendered":"<p>H\u00e4r finns information om 2019 \u00e5rs SWE Cup &nbsp; Slutst\u00e4llning SWE Cup 2019 SWE Cup Herr elit SWE Cup Dam elit SWE Cup Herr junior Slutst\u00e4llning SWE Cup 2018 SWE Cup Herr elit SWE Cup Dam elit SWE Cup Herr junior SWE Cup Dam junior Po\u00e4ngt\u00e4vling Herr Elit Po\u00e4ngt\u00e4vling Dam Elit Lagt\u00e4vling Herr Elit<a href=\"https:\/\/scf.se\/landsvag\/swe-cup\/cupstallning\/\" class=\"news-card__more\"> &#8230;<\/a><\/p>\n","protected":false},"author":1,"featured_media":0,"parent":78,"menu_order":0,"comment_status":"closed","ping_status":"closed","template":"","meta":{"_acf_changed":false,"footnotes":""},"class_list":["post-80","page","type-page","status-publish","hentry"],"acf":[],"_links":{"self":[{"href":"https:\/\/scf.se\/landsvag\/wp-json\/wp\/v2\/pages\/80","targetHints":{"allow":["GET"]}}],"collection":[{"href":"https:\/\/scf.se\/landsvag\/wp-json\/wp\/v2\/pages"}],"about":[{"href":"https:\/\/scf.se\/landsvag\/wp-json\/wp\/v2\/types\/page"}],"author":[{"embeddable":true,"href":"https:\/\/scf.se\/landsvag\/wp-json\/wp\/v2\/users\/1"}],"replies":[{"embeddable":true,"href":"https:\/\/scf.se\/landsvag\/wp-json\/wp\/v2\/comments?post=80"}],"version-history":[{"count":0,"href":"https:\/\/scf.se\/landsvag\/wp-json\/wp\/v2\/pages\/80\/revisions"}],"up":[{"embeddable":true,"href":"https:\/\/scf.se\/landsvag\/wp-json\/wp\/v2\/pages\/78"}],"wp:attachment":[{"href":"https:\/\/scf.se\/landsvag\/wp-json\/wp\/v2\/media?parent=80"}],"curies":[{"name":"wp","href":"https:\/\/api.w.org\/{rel}","templated":true}]}}