
{"id":78,"date":"2020-11-05T13:06:40","date_gmt":"2020-11-05T12:06:40","guid":{"rendered":"http:\/\/svenskcykel.grandpublic.se\/landsvag\/?page_id=78"},"modified":"2020-11-11T13:46:30","modified_gmt":"2020-11-11T12:46:30","slug":"swe-cup","status":"publish","type":"page","link":"https:\/\/scf.se\/landsvag\/swe-cup\/","title":{"rendered":"SWE Cup landsv\u00e4g"},"content":{"rendered":"<h3 class=\"p1\">T\u00e4vlingsprogrammet 2020<\/h3>\n<p class=\"p1\"><em>Alla cupt\u00e4vlingar \u00e4r observationslopp inf\u00f6r landslagsuttagningar.\u00a0<\/em><\/p>\n<p><strong>SWE-Cup Landsv\u00e4g 2020<\/strong><\/p>\n<p><del>#1 25 april &#8211; <a href=\"https:\/\/www.swecyclingonline.se\/tavling\/21699\">Kinnekulleloppet<\/a>, CK U6 (Damer, Herr Elit och Herr Junior\/Senior)*<\/del><br \/>\n<del>#2 26 april &#8211; <a href=\"https:\/\/www.swecyclingonline.se\/tavling\/21701\">Kinnekulle Cyclassic<\/a>, CK U6 (Herr Elit, Herr Junior\/Senior)*<\/del><br \/>\n<del>#2 26 april &#8211; <a href=\"https:\/\/www.swecyclingonline.se\/tavling\/21700\">G\u00f6tenetempot,<\/a> CK U6 (Damer)*<\/del><br \/>\n<del>#3 17 maj &#8211; V\u00e4stboloppet, Burseryd CK (Damer, Herr Elit och Herr Junior\/Senior)<\/del><br \/>\n<del>#4 6 juni &#8211; Nationaldagsloppet, Stockholms CK (Damer, Herr Elit och Herr Junior\/Senior)<\/del><br \/>\n<del>#5 18 juli &#8211; Ringenloppet, CK Ringen (Damer, Herr Elit och Herr Junior\/Senior)<\/del><br \/>\n<del>#6 22 augusti &#8211; Alliansloppet, Framtidens IK (Damer, Herr Elit och Herr Junior\/Senior)<\/del><\/p>\n<p>*Med anledning av coronaviruset \u00e4r loppen inst\u00e4llda eller framflyttade.<\/p>\n<hr \/>\n<h2>Cup-regler<\/h2>\n<h3><strong>Klasser<\/strong><\/h3>\n<p><strong>Herrar Elit<\/strong>, \u00e4r \u00f6ppen f\u00f6r cyklister som innehar licens i Elit Men eller Under 23 Men.<br \/>\n<strong>Damer<\/strong>, \u00e4r \u00f6ppen f\u00f6r cyklister som innehar licens i Elit Women, Under 23 Women, Junior Women eller Master Women.<br \/>\nJunior Women \u00e4ger r\u00e4tt till fri utv\u00e4xling.<br \/>\n<strong>Herrar Junior\/Senior<\/strong>, \u00e4r \u00f6ppen f\u00f6r cyklister som innehar licens i Junior Men, Elit Men, Under 23 Men eller Master Men.<br \/>\nJunior Men \u00e4ger r\u00e4tt till fri utv\u00e4xling.<\/p>\n<p><strong>Observera att cyklist med Elit Men eller Under 23 Men-licens bara kan t\u00e4vla i en av Cupklassena under \u00e5ret, det vill s\u00e4ga cyklisten f\u00e5r v\u00e4lja fr\u00e5n start antingen Herr Elit eller Herr Junior\/Senior<\/strong><\/p>\n<h3><strong>Distanser<\/strong><\/h3>\n<p><em>Linjelopp med distans enligt f\u00f6ljande:<\/em><\/p>\n<p>Herrar Elit 150-180 km<br \/>\nDamer samt Herrar junior\/Senior 90-120 km<br \/>\nAlla i ett lag skall b\u00e4ra <u>enhetlig t\u00e4vlingstr\u00f6ja<\/u>. Lag kan vara klubblag, distriktslag, nationslag eller sammansatta team.<\/p>\n<h3>Po\u00e4ngber\u00e4kning<\/h3>\n<p><strong>Individuellt sammanlagt:<br \/>\n<\/strong>Po\u00e4ngen delas ut till de 15 f\u00f6rsta.<br \/>\nPo\u00e4ng delas ut p\u00e5 samtliga delt\u00e4vlingar. Linjelopp: 25, 20, 15, 12, 11, 10, 9, 8, 7, 6, 5, 4, 3, 2, 1<br \/>\nLedartr\u00f6ja i Alla tre klasser. U19 tr\u00f6ja i Damer och Herr Junior\/Senior. Spurttr\u00f6ja i Damklass och Herr Elit.<\/p>\n<p><strong>Spurtpris<br \/>\n<\/strong>Vid varje delt\u00e4vling skall arrang\u00f6ren ange tv\u00e5 spurtpris. F\u00f6rsta spurtpriset b\u00f6r vara under loppets f\u00f6rsta 40 km och andra mellan 50-90 km.\u00a0 Po\u00e4ng delas ut till de 4 f\u00f6rsta vid respektive sprint Spurt: 6, 4, 2, 1<br \/>\nVid lika po\u00e4ng vinner den som har flest segrar, andra platser osv.<br \/>\nKan detta inte skilja dem \u00e5t avg\u00f6r inb\u00f6rdes resultat i senaste delt\u00e4vlingen.<\/p>\n<p><strong>U19<br \/>\n<\/strong>Det kommer att delas ut en U19 ledartr\u00f6ja i Damklassen. T\u00e4vlingen g\u00e4ller enbart cyklister med Junior Women-licens.<br \/>\nDet kommer att delas ut en U19 ledartr\u00f6ja i Herrar Junior\/Senior. T\u00e4vlingen g\u00e4ller enbart cyklister med Junior Men-licens.<\/p>\n<h3><strong>Prioritering ledartr\u00f6jor<br \/>\n<\/strong><\/h3>\n<p><strong>Herr Elit:<br \/>\n<\/strong>Prioriteringsordning: Ledartr\u00f6ja, Spurtpristr\u00f6ja. Om totallederaren i klassen ocks\u00e5 leder spurtprist\u00e4vling s\u00e5 \u00e5ker 2:an i spurtprist\u00e4vling i spurtpristr\u00f6jan.<\/p>\n<p><strong>Damer:<br \/>\n<\/strong>Prioriteringsordning: Ledartr\u00f6ja, U19 tr\u00f6ja, Spurtpristr\u00f6ja. Om totallederaren i klassen ocks\u00e5 leder U19 tr\u00f6jan s\u00e5 \u00e5ker 2:an i U19-t\u00e4vling i denna tr\u00f6ja. Om totallederaren i klassen alternativt ledaren i U19 klassen ocks\u00e5 leder spurtprist\u00e4vling s\u00e5 \u00e5ker 2:an alternativt 3:an i spurtprist\u00e4vling i spurtpristr\u00f6jan.<\/p>\n<p><strong>Herr Junior\/Senior:<br \/>\n<\/strong>Prioriteringsordning: Ledartr\u00f6ja, U19 tr\u00f6ja. Om totallederaren i klassen ocks\u00e5 leder U19 tr\u00f6jan s\u00e5 \u00e5ker 2:an i U19-t\u00e4vling i denna tr\u00f6ja.<\/p>\n<p><strong>Lagt\u00e4vling:<br \/>\n<\/strong>Lagt\u00e4vling i alla klasser. Ber\u00e4knas efter de tre fr\u00e4msta i totalen ifr\u00e5n respektive lag. F\u00f6r att delta i lagt\u00e4vlingen kr\u00e4vs minst tre startande cyklister\/ lag.<\/p>\n<h3>Anm\u00e4lan<\/h3>\n<p>Anm\u00e4lan sker via av SCF anvisat anm\u00e4lningssystem. Anm\u00e4lningsavgiften \u00e4r fastst\u00e4lld till maximalt 500 kr per anm\u00e4ld cyklist.<\/p>\n<h3>Lagledarm\u00f6te<\/h3>\n<p>Samtliga i t\u00e4vlingen ing\u00e5ende cyklister ska representeras p\u00e5 lagledarm\u00f6te som h\u00e5lls 1,5 timme f\u00f6re start.<br \/>\nAnsvariga f\u00f6r lagservicebilar som skall delta under t\u00e4vlingen skall delta p\u00e5 lagledarm\u00f6tet.<\/p>\n<h3>Service<\/h3>\n<p>Till\u00e4mpas i alla cupklasser. Alla anm\u00e4lda Lag\/klubbar b\u00f6r ha egen servicebil (beh\u00f6ver ej vara med i lagt\u00e4vlingen f\u00f6r att ha servicebil)<br \/>\nLag\/ klubbar f\u00e5r dela servicebil. Samtliga servicebilar skall ha mekaniker och f\u00f6rare som genomg\u00e5tt utbildning i servicekurs p\u00e5 www.scf.se<br \/>\nBilar skall utrustas med radio som arrang\u00f6r tillhandah\u00e5ller. Egen scanner \u00e4r till\u00e5tet.<br \/>\nArrang\u00f6ren tillhandah\u00e5ller 1st neutrala servicebil.<br \/>\nCyklist utan egen servicebil kan l\u00e4mna material till neutral servicebil men kan ej r\u00e4kna med neutral service i alla l\u00e4gen beroende p\u00e5 t\u00e4vlingssituationen.<br \/>\nKaravanordningen lottas inf\u00f6r f\u00f6rsta delt\u00e4vlingen d\u00e4refter enligt den individuella totalst\u00e4llningen i cupen.<\/p>\n<h3>Prispengar<\/h3>\n<p>Priser skall vara lika f\u00f6r dam och herr. Vid 11 eller f\u00e4rre anm\u00e4lda s\u00e5 g\u00e4ller 3 priser vid fler s\u00e5 g\u00e4ller 5 priser.<br \/>\nArrang\u00f6ren st\u00e5r f\u00f6r prispengar f\u00f6r delt\u00e4vlingen och SCF f\u00f6r totalen.<br \/>\nPrisutdelning skall h\u00e5llas snarast m\u00f6jligt efter t\u00e4vlingsklassens m\u00e5lg\u00e5ng.<\/p>\n<h3><strong>Prispengar SWE Cup landsv\u00e4g 2020<\/strong><\/h3>\n<p><strong><br \/>\nDamer och Herr Elit\u00a0<\/strong><strong><em>Per delt\u00e4vling<\/em><\/strong> <em>\u00a0(<strong>betalas av arrang\u00f6ren<\/strong>)<br \/>\n<\/em>1:a 3000 kr<br \/>\n2:a 2000 kr<br \/>\n3:e 1500 kr<br \/>\n4:e 750 kr<br \/>\n5:e 400 kr<\/p>\n<p><strong>Dam U19 <\/strong>\u00a0<strong><em>Per delt\u00e4vling<\/em><\/strong> <em>(<strong>betalas av arrang\u00f6ren<\/strong>)<br \/>\n<\/em>1:a 1000 kr<\/p>\n<p><strong>Totalt SWE Cup Damer och Herr Elit<\/strong> <em>(<strong>betalas av<\/strong> <strong>SCF<\/strong>)<br \/>\n<\/em>1:a 10 000 kr<br \/>\n2:a 8 000 kr<br \/>\n3:a 5 000 kr<\/p>\n<p><strong>Totalt SWE Cup Spurtpris Damer och Herr Elit<\/strong> <em>(<strong>betalas av<\/strong> <strong>SCF<\/strong>)<br \/>\n<\/em>1:a 2000 kr<\/p>\n<p><strong>Herr Junior\/Senior<\/strong> <strong><em>Per delt\u00e4vling<\/em><\/strong> <em>(<strong>betalas av arrang\u00f6ren<\/strong>)<br \/>\n<\/em>1:a 1500 kr<br \/>\n2:a 750 kr<br \/>\n3:e 500 kr<\/p>\n<p><strong>Herr U19 <\/strong>\u00a0<strong><em>Per delt\u00e4vling<\/em><\/strong> <em>(<strong>betalas av arrang\u00f6ren<\/strong>)<br \/>\n<\/em>1:a 1000 kr<\/p>\n<p><strong>Totalt SWE Cup Herr Junior\/Senior<\/strong> <em>(<strong>betalas av<\/strong> <strong>SCF<\/strong>)<br \/>\n<\/em>1:a 4 000 kr<br \/>\n2:a 3 000 kr<br \/>\n3:a 2 000 kr<\/p>\n<p><strong>\u00a0<\/strong><strong>Totalt Lagt\u00e4vling<\/strong> <strong>SWE Cup<\/strong> <em>(<strong>betalas av<\/strong> <strong>SCF<\/strong>)<br \/>\n<\/em>1:a Damer\u00a0 och Herr Elit 5000 kr<br \/>\n1:a Herr Junior\/Senior\u00a0 3000 kr<\/p>\n<hr \/>\n<h3>Cupsammanst\u00e4llningar SWE Cup 2020<\/h3>\n<hr \/>\n<h3>Cupsammanst\u00e4llningar SWE Cup 2019<\/h3>\n<h4>Slutst\u00e4llning SWE Cup 2019<\/h4>\n<ul>\n<li><a href=\"https:\/\/scf.se\/landsvag\/wp-content\/uploads\/sites\/5\/2019\/09\/Slutresultat-SWE-Cup-LVG-2019-H-Elit.pdf\">SWE Cup Herr elit<\/a><\/li>\n<li><a href=\"https:\/\/scf.se\/landsvag\/wp-content\/uploads\/sites\/5\/2019\/09\/Slutresultat-SWE-Cup-LVG-2019-D-Elit.pdf\">SWE Cup Dam elit<\/a><\/li>\n<li><a href=\"https:\/\/scf.se\/landsvag\/wp-content\/uploads\/sites\/5\/2019\/09\/Slutresultat-SWE-Cup-LVG-2019-H-Juniorer.pdf\">SWE Cup Herr junior<\/a><\/li>\n<\/ul>\n<p>Eventuella korrigeringar rapporteras till <a href=\"mailto:landsvag@scf.se\">landsvag@scf.se<\/a><\/p>\n<hr \/>\n<p class=\"p1\"><em><strong>Vem vann cupen 2019? <a href=\"https:\/\/scf.se\/landsvag\/swe-cup\/cupstallning\/\">Se alla cupsammanst\u00e4llningar h\u00e4r<\/a>.<\/strong><\/em><\/p>\n","protected":false},"excerpt":{"rendered":"<p>T\u00e4vlingsprogrammet 2020 Alla cupt\u00e4vlingar \u00e4r observationslopp inf\u00f6r landslagsuttagningar.\u00a0 SWE-Cup Landsv\u00e4g 2020 #1 25 april &#8211; Kinnekulleloppet, CK U6 (Damer, Herr Elit och Herr Junior\/Senior)* #2 26 april &#8211; Kinnekulle Cyclassic, CK U6 (Herr Elit, Herr Junior\/Senior)* #2 26 april &#8211; G\u00f6tenetempot, CK U6 (Damer)* #3 17 maj &#8211; V\u00e4stboloppet, Burseryd CK (Damer, Herr Elit<a href=\"https:\/\/scf.se\/landsvag\/swe-cup\/\" class=\"news-card__more\"> &#8230;<\/a><\/p>\n","protected":false},"author":1,"featured_media":0,"parent":0,"menu_order":0,"comment_status":"closed","ping_status":"closed","template":"","meta":{"_acf_changed":false,"footnotes":""},"class_list":["post-78","page","type-page","status-publish","hentry"],"acf":[],"_links":{"self":[{"href":"https:\/\/scf.se\/landsvag\/wp-json\/wp\/v2\/pages\/78","targetHints":{"allow":["GET"]}}],"collection":[{"href":"https:\/\/scf.se\/landsvag\/wp-json\/wp\/v2\/pages"}],"about":[{"href":"https:\/\/scf.se\/landsvag\/wp-json\/wp\/v2\/types\/page"}],"author":[{"embeddable":true,"href":"https:\/\/scf.se\/landsvag\/wp-json\/wp\/v2\/users\/1"}],"replies":[{"embeddable":true,"href":"https:\/\/scf.se\/landsvag\/wp-json\/wp\/v2\/comments?post=78"}],"version-history":[{"count":0,"href":"https:\/\/scf.se\/landsvag\/wp-json\/wp\/v2\/pages\/78\/revisions"}],"wp:attachment":[{"href":"https:\/\/scf.se\/landsvag\/wp-json\/wp\/v2\/media?parent=78"}],"curies":[{"name":"wp","href":"https:\/\/api.w.org\/{rel}","templated":true}]}}