
{"id":6318,"date":"2025-02-17T15:54:38","date_gmt":"2025-02-17T14:54:38","guid":{"rendered":"https:\/\/scf.se\/landsvag\/?page_id=6318"},"modified":"2025-02-18T11:34:44","modified_gmt":"2025-02-18T10:34:44","slug":"sm-tempo-linje-2025","status":"publish","type":"page","link":"https:\/\/scf.se\/landsvag\/sm-tempo-linje-2025\/","title":{"rendered":"SM Tempo\/Linje 2025"},"content":{"rendered":"<h2>SM landsv\u00e4g 2025 i Uppsala<\/h2>\n<ul>\n<li data-start=\"28\" data-end=\"73\"><strong data-start=\"28\" data-end=\"47\">Onsdag 25 juni:<\/strong><br data-start=\"47\" data-end=\"50\" \/>Tempo ungdom, master.<\/li>\n<li data-start=\"75\" data-end=\"121\"><strong data-start=\"75\" data-end=\"95\">Torsdag 26 juni:<\/strong><br data-start=\"95\" data-end=\"98\" \/>Linje ungdom, master.<\/li>\n<li data-start=\"123\" data-end=\"160\"><strong data-start=\"123\" data-end=\"142\">Fredag 27 juni:<\/strong><br data-start=\"142\" data-end=\"145\" \/>Linje master.<\/li>\n<li data-start=\"162\" data-end=\"214\"><strong data-start=\"162\" data-end=\"181\">L\u00f6rdag 28 juni:<\/strong><br data-start=\"181\" data-end=\"184\" \/>Linje herrjunior, damsenior.<\/li>\n<li data-start=\"216\" data-end=\"268\"><strong data-start=\"216\" data-end=\"235\">S\u00f6ndag 29 juni:<\/strong><br data-start=\"235\" data-end=\"238\" \/>Linje damjunior, herrsenior.<\/li>\n<li data-start=\"270\" data-end=\"348\"><strong data-start=\"270\" data-end=\"288\">Tisdag 1 juli:<\/strong><br data-start=\"288\" data-end=\"291\" \/>Tempo herrsenior, damsenior, herrjunior, damjunior, para<em>.<\/em><\/li>\n<\/ul>\n<p><em>Vi \u00e5terkommer med exakta starttider och banl\u00e4ngder f\u00f6r SM-t\u00e4vlingarna med Upsala CK som arrang\u00f6r.\u00a0<\/em><\/p>\n<p><em>SM kortbana f\u00f6r damsenior och herrsenior<\/em><em>, som avg\u00f6rs under SM-veckan sommar i Norrk\u00f6ping, k\u00f6rs torsdag 26 juni.<\/em><\/p>\n<h3><a href=\"https:\/\/scf.se\/landsvag\/landsvags-sm-avgors-i-uppsala-med-ett-helt-nytt-bankoncept\/\"><em><strong>L\u00e4s mera om SM i Uppsala, inklusive den t\u00e4nkta banstr\u00e4ckningen h\u00e4r!<\/strong><\/em><\/a><\/h3>\n","protected":false},"excerpt":{"rendered":"<p>SM landsv\u00e4g 2025 i Uppsala Onsdag 25 juni:Tempo ungdom, master. Torsdag 26 juni:Linje ungdom, master. Fredag 27 juni:Linje master. L\u00f6rdag 28 juni:Linje herrjunior, damsenior. S\u00f6ndag 29 juni:Linje damjunior, herrsenior. Tisdag 1 juli:Tempo herrsenior, damsenior, herrjunior, damjunior, para. Vi \u00e5terkommer med exakta starttider och banl\u00e4ngder f\u00f6r SM-t\u00e4vlingarna med Upsala CK som arrang\u00f6r.\u00a0 SM kortbana f\u00f6r<a href=\"https:\/\/scf.se\/landsvag\/sm-tempo-linje-2025\/\" class=\"news-card__more\"> &#8230;<\/a><\/p>\n","protected":false},"author":41,"featured_media":0,"parent":0,"menu_order":0,"comment_status":"closed","ping_status":"closed","template":"","meta":{"_acf_changed":false,"footnotes":""},"class_list":["post-6318","page","type-page","status-publish","hentry"],"acf":[],"_links":{"self":[{"href":"https:\/\/scf.se\/landsvag\/wp-json\/wp\/v2\/pages\/6318","targetHints":{"allow":["GET"]}}],"collection":[{"href":"https:\/\/scf.se\/landsvag\/wp-json\/wp\/v2\/pages"}],"about":[{"href":"https:\/\/scf.se\/landsvag\/wp-json\/wp\/v2\/types\/page"}],"author":[{"embeddable":true,"href":"https:\/\/scf.se\/landsvag\/wp-json\/wp\/v2\/users\/41"}],"replies":[{"embeddable":true,"href":"https:\/\/scf.se\/landsvag\/wp-json\/wp\/v2\/comments?post=6318"}],"version-history":[{"count":5,"href":"https:\/\/scf.se\/landsvag\/wp-json\/wp\/v2\/pages\/6318\/revisions"}],"predecessor-version":[{"id":6326,"href":"https:\/\/scf.se\/landsvag\/wp-json\/wp\/v2\/pages\/6318\/revisions\/6326"}],"wp:attachment":[{"href":"https:\/\/scf.se\/landsvag\/wp-json\/wp\/v2\/media?parent=6318"}],"curies":[{"name":"wp","href":"https:\/\/api.w.org\/{rel}","templated":true}]}}