
{"id":6294,"date":"2026-03-18T08:05:10","date_gmt":"2026-03-18T07:05:10","guid":{"rendered":"https:\/\/scf.se\/landsvag\/?page_id=6294"},"modified":"2026-03-18T10:45:49","modified_gmt":"2026-03-18T09:45:49","slug":"arrangera-swe-cup-lvg","status":"publish","type":"page","link":"https:\/\/scf.se\/landsvag\/arrangera-swe-cup-lvg\/","title":{"rendered":"Arrangera SWE Cup LVG"},"content":{"rendered":"<p>Att arrangera en delt\u00e4vling i SWE Cup Landsv\u00e4g \u00e4r i m\u00e5nga fall ett stort \u00e5tagande med m\u00e5nga faktorer att f\u00f6rh\u00e5lla sig till. Datum, UCI-regelverk, arenan f\u00f6r t\u00e4vlingarna, kostnader och int\u00e4kter. Allt m\u00e5ste beaktas och planeras f\u00f6r. Nedan finns lite f\u00f6ruts\u00e4ttningar och h\u00e5lltider.<\/p>\n<p>Ans\u00f6kan f\u00f6r en SWE Cup skall vara inne senaste 15\/4 \u00e5ret innan, allts\u00e5 vill man vara med i s\u00e4songen 2027 skall ans\u00f6kan ha skickats till t\u00e4vlingsansvarige senast 15\/4 2026.<br \/>\nVi \u00f6nskar att f\u00e5 till en b\u00e5de geografisk och bra spridning \u00f6ver s\u00e4songen. F\u00f6rs\u00f6ker i m\u00f6jligaste m\u00e5n att undvika krockar med andra arrangemang av likande karakt\u00e4r.<\/p>\n<p>Ans\u00f6kningsblanketter <a href=\"https:\/\/scf.se\/mountainbike\/wp-content\/uploads\/sites\/6\/2024\/10\/SWE-Cup-blankett_final.docx\">del 1<\/a> och <a href=\"https:\/\/scf.se\/forbundet\/wp-content\/uploads\/sites\/9\/2023\/10\/Bilaga-2-Overgripande-tavlingsorganisation-blankett-1.pdf\">del 2<\/a><\/p>\n<p>F\u00f6ruts\u00e4ttningsdokument f\u00f6r <a href=\"https:\/\/scf.se\/landsvag\/wp-content\/uploads\/sites\/5\/2025\/02\/Forutsattningar-SWE-Cup-Landsvag-2025.pdf\">2025<\/a><\/p>\n<p>Riktlinjer f\u00f6r undvikande av krockar mellan olika discipliner:<br \/>\n<a href=\"https:\/\/scf.se\/forbundet\/grengrupper-har-faststallt-riktlinjer-for-att-undvika-swe-cup-krockar\/\">L\u00e4s h\u00e4r<\/a><\/p>\n<p>&nbsp;<\/p>\n","protected":false},"excerpt":{"rendered":"<p>Att arrangera en delt\u00e4vling i SWE Cup Landsv\u00e4g \u00e4r i m\u00e5nga fall ett stort \u00e5tagande med m\u00e5nga faktorer att f\u00f6rh\u00e5lla sig till. Datum, UCI-regelverk, arenan f\u00f6r t\u00e4vlingarna, kostnader och int\u00e4kter. Allt m\u00e5ste beaktas och planeras f\u00f6r. Nedan finns lite f\u00f6ruts\u00e4ttningar och h\u00e5lltider. Ans\u00f6kan f\u00f6r en SWE Cup skall vara inne senaste 15\/4 \u00e5ret innan,<a href=\"https:\/\/scf.se\/landsvag\/arrangera-swe-cup-lvg\/\" class=\"news-card__more\"> &#8230;<\/a><\/p>\n","protected":false},"author":58,"featured_media":0,"parent":0,"menu_order":0,"comment_status":"closed","ping_status":"closed","template":"","meta":{"_acf_changed":false,"footnotes":""},"class_list":["post-6294","page","type-page","status-publish","hentry"],"acf":[],"_links":{"self":[{"href":"https:\/\/scf.se\/landsvag\/wp-json\/wp\/v2\/pages\/6294","targetHints":{"allow":["GET"]}}],"collection":[{"href":"https:\/\/scf.se\/landsvag\/wp-json\/wp\/v2\/pages"}],"about":[{"href":"https:\/\/scf.se\/landsvag\/wp-json\/wp\/v2\/types\/page"}],"author":[{"embeddable":true,"href":"https:\/\/scf.se\/landsvag\/wp-json\/wp\/v2\/users\/58"}],"replies":[{"embeddable":true,"href":"https:\/\/scf.se\/landsvag\/wp-json\/wp\/v2\/comments?post=6294"}],"version-history":[{"count":5,"href":"https:\/\/scf.se\/landsvag\/wp-json\/wp\/v2\/pages\/6294\/revisions"}],"predecessor-version":[{"id":8184,"href":"https:\/\/scf.se\/landsvag\/wp-json\/wp\/v2\/pages\/6294\/revisions\/8184"}],"wp:attachment":[{"href":"https:\/\/scf.se\/landsvag\/wp-json\/wp\/v2\/media?parent=6294"}],"curies":[{"name":"wp","href":"https:\/\/api.w.org\/{rel}","templated":true}]}}