
{"id":6154,"date":"2025-04-21T11:00:37","date_gmt":"2025-04-21T09:00:37","guid":{"rendered":"https:\/\/scf.se\/landsvag\/?page_id=6154"},"modified":"2025-09-01T12:52:06","modified_gmt":"2025-09-01T10:52:06","slug":"swe-cup-abc-landsvag-2025","status":"publish","type":"page","link":"https:\/\/scf.se\/landsvag\/swe-cup-abc-landsvag-2025\/","title":{"rendered":"SWE Cup landsv\u00e4g 2025"},"content":{"rendered":"<h2><a href=\"https:\/\/scf.se\/landsvag\/wp-content\/uploads\/sites\/5\/2024\/06\/Nationaldagsloppet3-1.jpeg\"><img loading=\"lazy\" decoding=\"async\" class=\"alignnone size-full wp-image-5354\" src=\"https:\/\/scf.se\/landsvag\/wp-content\/uploads\/sites\/5\/2024\/06\/Nationaldagsloppet3-1.jpeg\" alt=\"\" width=\"1280\" height=\"787\" srcset=\"https:\/\/scf.se\/landsvag\/wp-content\/uploads\/sites\/5\/2024\/06\/Nationaldagsloppet3-1.jpeg 1280w, https:\/\/scf.se\/landsvag\/wp-content\/uploads\/sites\/5\/2024\/06\/Nationaldagsloppet3-1-300x184.jpeg 300w, https:\/\/scf.se\/landsvag\/wp-content\/uploads\/sites\/5\/2024\/06\/Nationaldagsloppet3-1-1024x630.jpeg 1024w, https:\/\/scf.se\/landsvag\/wp-content\/uploads\/sites\/5\/2024\/06\/Nationaldagsloppet3-1-768x472.jpeg 768w\" sizes=\"auto, (max-width: 1280px) 100vw, 1280px\" \/><\/a><\/h2>\n<h2>Delt\u00e4vlingar SWE Cup ABC landsv\u00e4g 2025<\/h2>\n<h3>April<\/h3>\n<ul>\n<li><strong>Delt\u00e4vling 1:<\/strong> Kinnekulle Energiloppet, 26 april. <a href=\"https:\/\/www.sportstiming.se\/event\/15612\"><em><strong>Resultat<\/strong><\/em><\/a><\/li>\n<li><strong>Delt\u00e4vling 2:<\/strong> G\u00f6tenetempot, 27 april. <a href=\"https:\/\/www.sportstiming.se\/event\/15613\"><em><strong>Resultat<\/strong><\/em><\/a><\/li>\n<\/ul>\n<h3>Maj<\/h3>\n<ul>\n<li><strong>Delt\u00e4vling 3<\/strong>: J\u00f6nk\u00f6ping linjelopp, 4 maj. <em><strong><a href=\"https:\/\/www.sportstiming.se\/event\/15255\">Resultat<\/a><\/strong><\/em><\/li>\n<li><strong>Delt\u00e4vling 4:<\/strong> Lyngbyloppet, 11 maj. Anm\u00e4lan. <a href=\"https:\/\/www.sportstiming.se\/event\/16049\"><em><strong>Resultat<\/strong><\/em><\/a><\/li>\n<\/ul>\n<h3>Juni<\/h3>\n<ul>\n<li><strong>Delt\u00e4vling 5<\/strong>: Nationaldagslinjet, 6 juni (bilden ovan). <a href=\"https:\/\/www.sportstiming.se\/event\/16210\"><em><strong>Resultat.<\/strong><\/em><\/a><\/li>\n<\/ul>\n<h3>Augusti<\/h3>\n<ul>\n<li><strong>Delt\u00e4vling 6:<\/strong> Svanesund 3-dagars, 29\u201331 augusti. <a href=\"https:\/\/www.sportstiming.se\/event\/15704\/results\"><em><strong>Resultat!<\/strong><\/em><\/a><\/li>\n<\/ul>\n<h3><a href=\"https:\/\/scf.se\/forbundet\/tavlingsverksamhet\/tavlingsregler\/\"><em><strong>T\u00e4vlingsregler SWE Cup landsv\u00e4g 2025, l\u00e4s \u00e4ven nedan!<\/strong><\/em><\/a><\/h3>\n<h2>Startgrupper och t\u00e4vlingsklasser p\u00e5 SWE Cup-arrangemang<\/h2>\n<p><strong>Damer A <\/strong>, \u00e4r \u00f6ppen f\u00f6r cyklister som innehar Women Junior-, Women Under 23-, Women Elite- eller Women Masters-licens.<br \/>\n<strong>Damer B,<\/strong> \u00e4r \u00f6ppen f\u00f6r cyklister som innehar Youth Women- (15-16 \u00e5r), Junior Women-, Under 23 Women-, Elite Women-, eller Master Women-licens. \u00c4ven f\u00f6r cyklister som l\u00f6ser eng\u00e5ngslicens och som fyller l\u00e4gst 15 \u00e5r under \u00e5ret.<\/p>\n<p><strong>Herrar A<\/strong>, \u00e4r \u00f6ppen f\u00f6r cyklister som innehar Under 23 Men- eller Elite Men-licens.<br \/>\n<strong>Herrar B<\/strong>, \u00e4r \u00f6ppen f\u00f6r cyklister som innehar Junior Men-, Under 23 Men-, Elite Men- eller Master Men-licens.<br \/>\n<strong>Herrar C<\/strong>, \u00e4r \u00f6ppen f\u00f6r cyklister som innehar Youth Men-(15-16 \u00e5r), Junior Men-, Under 23 Men-, Elite Men-, eller Master Men-licens. \u00c4ven f\u00f6r cyklister som l\u00f6ser eng\u00e5ngslicens och som fyller l\u00e4gst 15 \u00e5r under \u00e5ret.<\/p>\n<p><strong>Ungdom A, <\/strong>\u00e4r en startgrupp och omfattar klasserna P13-14, F13-14, P15-16 och F15-16, deltagande enligt TR. <strong><br \/>\nUngdom B, <\/strong>\u00e4r en startgrupp och omfattar klasserna P10-12 och F10-12, deltagande enligt TR.<\/p>\n<p><em>Fri utv\u00e4xling g\u00e4ller i Damer A och B och Herrar A, B och C<br \/>\n<\/em><\/p>\n<h2>Linjelopp med distanser enligt f\u00f6ljande:<\/h2>\n<ul>\n<li>Damer A: 90\u2013120km<\/li>\n<li>Damer B: 60\u201380km<\/li>\n<li>Herrar A: 150\u2013190km<\/li>\n<li>Herrar B: 90\u2013120km<\/li>\n<li>Herrar C: 60\u201380km<\/li>\n<li>Ungdom: A max 40km<\/li>\n<li>Ungdom: B max 15km<\/li>\n<\/ul>\n<h3>Lag och t\u00e4vingstr\u00f6jor<\/h3>\n<p>Alla i ett lag skall b\u00e4ra <u><em><strong>e<\/strong><strong>nhetlig t\u00e4vlingstr\u00f6ja<\/strong><\/em><\/u><em><strong>.<\/strong><\/em> Lag kan vara klubblag, distriktslag, nationslag eller sammansatta team.<\/p>\n<h3>Dagschema<\/h3>\n<ul>\n<li>Lagledarm\u00f6te tidigast 7:00 (1,5 timme f\u00f6re f\u00f6rsta start)<\/li>\n<li>Herrar B tidigast start 8:30<\/li>\n<li>Lagledarm\u00f6te f\u00f6r Herrar A och Damer A sker n\u00e4r Herrar B t\u00e4vlar<\/li>\n<li>Herrar A och Damer A startar n\u00e4r Herrar B g\u00e5tt i m\u00e5l<\/li>\n<\/ul>\n<h3>Service<\/h3>\n<ul>\n<li>Till\u00e4mpas i klass Damer A och Herrar A och B. Alla anm\u00e4lda lag\/klubbar b\u00f6r ha egen servicebil (beh\u00f6ver ej vara med i lagt\u00e4vlingen f\u00f6r att ha servicebil). Lag med 8 eller fler cyklister anm\u00e4lda i en klass har r\u00e4tt att ha tv\u00e5 servicebilar i klassen.<\/li>\n<li>Lag\/ klubbar f\u00e5r dela servicebil. Samtliga servicebilar skall ha mekaniker och f\u00f6rare som genomg\u00e5tt utbildning i servicekurs p\u00e5 <strong><em><a href=\"https:\/\/scf.se\/forbundet\/servicekurs\/\">https:\/\/scf.se\/forbundet\/servicekurs\/<\/a><\/em><\/strong><\/li>\n<li>Bilar skall utrustas med radio som SCF tillhandah\u00e5ller. SCF:s radio tillhandah\u00e5lls till de flesta delt\u00e4vlingar men det kan inte garanteras. Egen radio \u00e4r till\u00e5tet.<\/li>\n<li>Cyklist utan egen servicebil kan l\u00e4mna material till annan servicebil om kommissarien \u00e4r informerad innan lagledarm\u00f6tet startar.<\/li>\n<li>Neutral motorcykel service finns i Herrar A och i andra klasser den har m\u00f6jlighet att t\u00e4cka under dagen, men man kan inte r\u00e4kna med hj\u00e4lp i alla l\u00e4gen beroende p\u00e5 t\u00e4vlingssituationen och placeringen av den neutrala servicemotorcykeln.<\/li>\n<li>Karavanordningen lottas inf\u00f6r f\u00f6rsta delt\u00e4vlingen d\u00e4refter enligt den individuella totalst\u00e4llningen i cupen. F\u00f6r delt\u00e4vling som ing\u00e5r i etapplopp best\u00e4ms karavanordningen efter st\u00e4llningen i etapploppet.<\/li>\n<\/ul>\n<h3>Lagledarm\u00f6te<\/h3>\n<ul>\n<li>Samtliga i t\u00e4vlingen ing\u00e5ende cyklister ska representeras p\u00e5 lagledarm\u00f6te som h\u00e5lls 1,5 timme f\u00f6re start.<\/li>\n<li>Ansvariga f\u00f6r lagservicebilar som skall delta under t\u00e4vlingen skall delta p\u00e5 lagledarm\u00f6tet.<\/li>\n<\/ul>\n<h3>Po\u00e4ngber\u00e4kning<\/h3>\n<ul>\n<li>Individuellt:<br \/>\nPo\u00e4ngen delas ut i ABC klasserna till de 15 f\u00f6rsta.<br \/>\nPo\u00e4ng delas ut p\u00e5 samtliga delt\u00e4vlingar.<\/li>\n<li>Endagst\u00e4vling och totalresultatet p\u00e5 etapplopp:<br \/>\n25, 20, 15, 12, 11, 10, 9, 8, 7, 6, 5, 4, 3, 2, 1<\/li>\n<li>Gul ledartr\u00f6ja i Damer A och Herrar A och gr\u00f6n i Damer B och Herrar B.<\/li>\n<li><strong>Lagt\u00e4vling:\u00a0\u00a0\u00a0 <\/strong><\/li>\n<li>Lagt\u00e4vling i Damer A och Herrar A. Ber\u00e4knas efter de tre fr\u00e4msta i totalen ifr\u00e5n respektive lag.<\/li>\n<li>F\u00f6r att delta i lagt\u00e4vlingen kr\u00e4vs minst tre startande cyklister\/ lag.<\/li>\n<\/ul>\n<h3>Prispengar SWE Cup landsv\u00e4g<\/h3>\n<ul>\n<li>Priser skall vara lika f\u00f6r dam- och herrklasserna. Vid 11 eller f\u00e4rre anm\u00e4lda s\u00e5 g\u00e4ller tre (3) priser vid fler s\u00e5 g\u00e4ller fem (5) priser.<\/li>\n<li>Prisutdelning skall h\u00e5llas snarast m\u00f6jligt efter respektive t\u00e4vlingsklass m\u00e5lg\u00e5ng.<\/li>\n<li><strong>Prispengar per delt\u00e4vling:<\/strong><br \/>\nDamer A och herrar A:<br \/>\n1:a 2500 kr<br \/>\n2:a 1500 kr<br \/>\n3:e 1000 kr<br \/>\n4:e 600 kr<br \/>\n5:e 400 kr<br \/>\nDamer B och herrar B:\u00a0<strong><br \/>\n<\/strong>1:a 1500 kr<br \/>\n2:a 600 kr<br \/>\n3:e 400 kr<br \/>\n<strong>Prispengar totalt:<br \/>\n<\/strong>Damer A och Herrar A<br \/>\n1a: 10 000 kr<br \/>\n2a: 7 000 kr<br \/>\n3a: 5 000 kr<br \/>\n<strong>Damer B och Herrar B:<\/strong><br \/>\n1a: 4 000 kr<br \/>\n2a: 3 000 kr<br \/>\n3a: 2 000 kr<br \/>\n<strong>Prispengar lagt\u00e4vling:<\/strong><br \/>\nDamer A och Herrar A:<br \/>\n1:a 5000 kr<\/li>\n<\/ul>\n<p><em>Text: SCF<\/em><\/p>\n","protected":false},"excerpt":{"rendered":"<p>Delt\u00e4vlingar SWE Cup ABC landsv\u00e4g 2025 April Delt\u00e4vling 1: Kinnekulle Energiloppet, 26 april. Resultat Delt\u00e4vling 2: G\u00f6tenetempot, 27 april. Resultat Maj Delt\u00e4vling 3: J\u00f6nk\u00f6ping linjelopp, 4 maj. Resultat Delt\u00e4vling 4: Lyngbyloppet, 11 maj. Anm\u00e4lan. Resultat Juni Delt\u00e4vling 5: Nationaldagslinjet, 6 juni (bilden ovan). Resultat. Augusti Delt\u00e4vling 6: Svanesund 3-dagars, 29\u201331 augusti. Resultat! T\u00e4vlingsregler SWE<a href=\"https:\/\/scf.se\/landsvag\/swe-cup-abc-landsvag-2025\/\" class=\"news-card__more\"> &#8230;<\/a><\/p>\n","protected":false},"author":41,"featured_media":0,"parent":0,"menu_order":0,"comment_status":"closed","ping_status":"closed","template":"","meta":{"_acf_changed":false,"footnotes":""},"class_list":["post-6154","page","type-page","status-publish","hentry"],"acf":[],"_links":{"self":[{"href":"https:\/\/scf.se\/landsvag\/wp-json\/wp\/v2\/pages\/6154","targetHints":{"allow":["GET"]}}],"collection":[{"href":"https:\/\/scf.se\/landsvag\/wp-json\/wp\/v2\/pages"}],"about":[{"href":"https:\/\/scf.se\/landsvag\/wp-json\/wp\/v2\/types\/page"}],"author":[{"embeddable":true,"href":"https:\/\/scf.se\/landsvag\/wp-json\/wp\/v2\/users\/41"}],"replies":[{"embeddable":true,"href":"https:\/\/scf.se\/landsvag\/wp-json\/wp\/v2\/comments?post=6154"}],"version-history":[{"count":15,"href":"https:\/\/scf.se\/landsvag\/wp-json\/wp\/v2\/pages\/6154\/revisions"}],"predecessor-version":[{"id":7558,"href":"https:\/\/scf.se\/landsvag\/wp-json\/wp\/v2\/pages\/6154\/revisions\/7558"}],"wp:attachment":[{"href":"https:\/\/scf.se\/landsvag\/wp-json\/wp\/v2\/media?parent=6154"}],"curies":[{"name":"wp","href":"https:\/\/api.w.org\/{rel}","templated":true}]}}