
{"id":4737,"date":"2023-12-18T15:47:22","date_gmt":"2023-12-18T14:47:22","guid":{"rendered":"http:\/\/scf.se\/landsvag\/?page_id=4737"},"modified":"2024-12-11T12:40:56","modified_gmt":"2024-12-11T11:40:56","slug":"landslagsprogram-2024-prel","status":"publish","type":"page","link":"https:\/\/scf.se\/landsvag\/landslagsprogram-2024-prel\/","title":{"rendered":"Landslagsprogram 2024"},"content":{"rendered":"<p><strong><em>Mars<br \/>\n<\/em><\/strong><em>Inga planerade landslagsuppdrag.<\/em><\/p>\n<p><strong><em>April<\/em><\/strong><\/p>\n<ul>\n<li><strong>4\u20137 april<\/strong>: Circuit des Ardennes UCI2.2 (herrar U23\/elit).<\/li>\n<li><strong>7 april:<\/strong> Paris-Roubaix, Frankrike \u2013 Nations cup (herrar junior).<\/li>\n<li><strong>10\u201314 april:<\/strong> Tour du Loir et Cher UCI 2.2 (herrar U23\/elit).<\/li>\n<li><strong>19\u201321 april:<\/strong> EPZ Omloop van Borsele, Holland \u2013 Nations cup (damer junior).<\/li>\n<li><strong>25\u201328 april:<\/strong> Gracia Tour UCI 2.2 (damer U23\/elit).<\/li>\n<\/ul>\n<p><strong><em>Maj<\/em><\/strong><\/p>\n<ul>\n<li><strong>2\u20135 maj:<\/strong> Course de la Paix Junior, Tjeckien \u2013 Nations cup (herrar junior).<\/li>\n<li><strong>15\u201319 maj:<\/strong> Orlen Nations GP Nations-Cup (herrar U23).<\/li>\n<li><strong>23\u201325 maj<\/strong>: Tour of Estonia, Estland \u2013 2.1 (herrar U23\/elit).<\/li>\n<\/ul>\n<p><strong><em>Juni<\/em><\/strong><\/p>\n<ul>\n<li><strong>30 maj\u20132 juni:<\/strong> LVM Saarland Trofeo , Tyskland \u2013 Nations Cup (Herr Junior).<\/li>\n<\/ul>\n<p><strong><em>Juli<br \/>\n<\/em><\/strong><em>Inga planerade landslagsuppdrag.<\/em><\/p>\n<p><strong><em>Augusti<\/em><\/strong><\/p>\n<ul>\n<li><strong>3\u20134 augusti:<\/strong> OS i Paris.<\/li>\n<li><strong>29\u201331 augusti:<\/strong> Flanders Tomorrow (herrar U23).<\/li>\n<li><strong>30 augusti\u20131 september<\/strong>: Watersley Ladies Challenge Nations cup (damer Junior).<\/li>\n<\/ul>\n<p><strong><em>September<\/em><\/strong><\/p>\n<ul>\n<li><strong>6\u20138 september:<\/strong> GP Ruebliland, Schweiz \u2013 2.1 (herrar junior).<\/li>\n<li><strong>11\u201315 september:<\/strong> European Championship, Limburg-Flanders (alla klasser).<\/li>\n<li><strong>21\u201329 september:<\/strong> World Championship, Z\u00fcrich (alla klasser).<\/li>\n<\/ul>\n<p><em>Landslagsprogrammet f\u00f6r landsv\u00e4g 2024 \u00e4r prelimin\u00e4rt.<\/em><\/p>\n<p>&nbsp;<\/p>\n<h2>SWE Cup landsv\u00e4g 2024\/observationslopp<\/h2>\n<ul>\n<li><strong>Delt\u00e4vling 1:<\/strong> 20 april (arrang\u00f6r kommer inom kort).<\/li>\n<li><strong>Delt\u00e4vling 2:<\/strong> 28 april, Ringenloppet Malm\u00f6.<\/li>\n<li><strong>Delt\u00e4vling 3:<\/strong> 19 maj Giro Himledalen, Varberg.<\/li>\n<li><strong>Delt\u00e4vling 4:<\/strong> 6 juni Nationaldagsloppet, Vallentuna.<\/li>\n<li><strong>Delt\u00e4vling 5:<\/strong> 17 augusti Scandinavian Race, Uppsala.<\/li>\n<li><strong>Delt\u00e4vling 6:<\/strong> 7 september (arrang\u00f6r kommer inom kort).<\/li>\n<\/ul>\n<p><em>Observationslopp, obligatoriska f\u00f6r juniorer som vill k\u00f6ra i landslaget och v\u00e4gs \u00e4ven in i andra klasser, inte minst U23.<\/em><\/p>\n","protected":false},"excerpt":{"rendered":"<p>Mars Inga planerade landslagsuppdrag. April 4\u20137 april: Circuit des Ardennes UCI2.2 (herrar U23\/elit). 7 april: Paris-Roubaix, Frankrike \u2013 Nations cup (herrar junior). 10\u201314 april: Tour du Loir et Cher UCI 2.2 (herrar U23\/elit). 19\u201321 april: EPZ Omloop van Borsele, Holland \u2013 Nations cup (damer junior). 25\u201328 april: Gracia Tour UCI 2.2 (damer U23\/elit). Maj<a href=\"https:\/\/scf.se\/landsvag\/landslagsprogram-2024-prel\/\" class=\"news-card__more\"> &#8230;<\/a><\/p>\n","protected":false},"author":41,"featured_media":0,"parent":0,"menu_order":0,"comment_status":"closed","ping_status":"closed","template":"","meta":{"_acf_changed":false,"footnotes":""},"class_list":["post-4737","page","type-page","status-publish","hentry"],"acf":[],"_links":{"self":[{"href":"https:\/\/scf.se\/landsvag\/wp-json\/wp\/v2\/pages\/4737","targetHints":{"allow":["GET"]}}],"collection":[{"href":"https:\/\/scf.se\/landsvag\/wp-json\/wp\/v2\/pages"}],"about":[{"href":"https:\/\/scf.se\/landsvag\/wp-json\/wp\/v2\/types\/page"}],"author":[{"embeddable":true,"href":"https:\/\/scf.se\/landsvag\/wp-json\/wp\/v2\/users\/41"}],"replies":[{"embeddable":true,"href":"https:\/\/scf.se\/landsvag\/wp-json\/wp\/v2\/comments?post=4737"}],"version-history":[{"count":1,"href":"https:\/\/scf.se\/landsvag\/wp-json\/wp\/v2\/pages\/4737\/revisions"}],"predecessor-version":[{"id":6212,"href":"https:\/\/scf.se\/landsvag\/wp-json\/wp\/v2\/pages\/4737\/revisions\/6212"}],"wp:attachment":[{"href":"https:\/\/scf.se\/landsvag\/wp-json\/wp\/v2\/media?parent=4737"}],"curies":[{"name":"wp","href":"https:\/\/api.w.org\/{rel}","templated":true}]}}