
{"id":4726,"date":"2023-11-27T15:31:27","date_gmt":"2023-11-27T14:31:27","guid":{"rendered":"http:\/\/scf.se\/landsvag\/?page_id=4726"},"modified":"2024-08-21T14:30:20","modified_gmt":"2024-08-21T12:30:20","slug":"swe-cup-landsvag-2024","status":"publish","type":"page","link":"https:\/\/scf.se\/landsvag\/swe-cup-landsvag-2024\/","title":{"rendered":"SWE Cup landsv\u00e4g 2024"},"content":{"rendered":"<h2>SWE Cup landsv\u00e4g 2024<\/h2>\n<ul>\n<li><strong>Delt\u00e4vling 1:\u00a0<\/strong> 20 april, Kinnekulle Energiloppet \/ Cykelklubben U6<\/li>\n<li><strong>Delt\u00e4vling 2:<\/strong>\u00a0 27 april, Lyngbyloppet\/ Staffanstorps CK<\/li>\n<li><strong>Delt\u00e4vling 3:\u00a0<\/strong> 19 maj, Giro Himledalen, Varberg \/ Cogheart Cycle Club Varberg<\/li>\n<li><strong>Delt\u00e4vling 4:\u00a0<\/strong> 6 juni, Nationaldagslinjet, Vallentuna \/ Stockholm Cykelklubb<\/li>\n<li><strong>Delt\u00e4vling 5:<\/strong>\u00a0 17 augusti, Skandis Open, Uppsala \/ Upsala Cykelklubb<\/li>\n<li><strong>Delt\u00e4vling 6:<\/strong>\u00a0 8 september, S\u00f6der\u00e5sens linjelopp, Kl\u00e5ver\u00f6d utanf\u00f6r Sval\u00f6v\/CK Fix\u00a0 <a href=\"https:\/\/www.sportstiming.se\/event\/14636\"><em><strong>Info och anm\u00e4lan h\u00e4r!<\/strong><\/em><\/a><\/li>\n<\/ul>\n<h3><a href=\"https:\/\/scf.se\/landsvag\/nya-konceptet-swe-cup-abc-ska-locka-fler-att-tavla-pa-landsvag\/\"><em><strong>Sammanfattning av det nya SWE Cup ABC-konceptet h\u00e4r!<\/strong><\/em><\/a><\/h3>\n<h3><a href=\"https:\/\/scf.se\/landsvag\/wp-content\/uploads\/sites\/5\/2024\/04\/Forutsattningar-och-instruktioner-SWE-Cup-ABC-Landsvag-2024-updat-19-april.pdf\"><strong><em>F\u00f6ruts\u00e4ttningar och instruktioner SWE Cup Landsv\u00e4g 2024<\/em><\/strong><\/a><\/h3>\n","protected":false},"excerpt":{"rendered":"<p>SWE Cup landsv\u00e4g 2024 Delt\u00e4vling 1:\u00a0 20 april, Kinnekulle Energiloppet \/ Cykelklubben U6 Delt\u00e4vling 2:\u00a0 27 april, Lyngbyloppet\/ Staffanstorps CK Delt\u00e4vling 3:\u00a0 19 maj, Giro Himledalen, Varberg \/ Cogheart Cycle Club Varberg Delt\u00e4vling 4:\u00a0 6 juni, Nationaldagslinjet, Vallentuna \/ Stockholm Cykelklubb Delt\u00e4vling 5:\u00a0 17 augusti, Skandis Open, Uppsala \/ Upsala Cykelklubb Delt\u00e4vling 6:\u00a0 8<a href=\"https:\/\/scf.se\/landsvag\/swe-cup-landsvag-2024\/\" class=\"news-card__more\"> &#8230;<\/a><\/p>\n","protected":false},"author":16,"featured_media":0,"parent":0,"menu_order":0,"comment_status":"closed","ping_status":"closed","template":"","meta":{"_acf_changed":false,"footnotes":""},"class_list":["post-4726","page","type-page","status-publish","hentry"],"acf":[],"_links":{"self":[{"href":"https:\/\/scf.se\/landsvag\/wp-json\/wp\/v2\/pages\/4726","targetHints":{"allow":["GET"]}}],"collection":[{"href":"https:\/\/scf.se\/landsvag\/wp-json\/wp\/v2\/pages"}],"about":[{"href":"https:\/\/scf.se\/landsvag\/wp-json\/wp\/v2\/types\/page"}],"author":[{"embeddable":true,"href":"https:\/\/scf.se\/landsvag\/wp-json\/wp\/v2\/users\/16"}],"replies":[{"embeddable":true,"href":"https:\/\/scf.se\/landsvag\/wp-json\/wp\/v2\/comments?post=4726"}],"version-history":[{"count":5,"href":"https:\/\/scf.se\/landsvag\/wp-json\/wp\/v2\/pages\/4726\/revisions"}],"predecessor-version":[{"id":5695,"href":"https:\/\/scf.se\/landsvag\/wp-json\/wp\/v2\/pages\/4726\/revisions\/5695"}],"wp:attachment":[{"href":"https:\/\/scf.se\/landsvag\/wp-json\/wp\/v2\/media?parent=4726"}],"curies":[{"name":"wp","href":"https:\/\/api.w.org\/{rel}","templated":true}]}}