
{"id":4097,"date":"2023-05-24T10:24:03","date_gmt":"2023-05-24T08:24:03","guid":{"rendered":"http:\/\/scf.se\/landsvag\/?page_id=4097"},"modified":"2023-05-24T10:24:03","modified_gmt":"2023-05-24T08:24:03","slug":"sm-kortdistans-2023","status":"publish","type":"page","link":"https:\/\/scf.se\/landsvag\/sm-kortdistans-2023\/","title":{"rendered":"SM Kortdistans 2023"},"content":{"rendered":"<h3>SM Kortdistans under SM-veckan i Ume\u00e5 2023<\/h3>\n<ul>\n<li><strong>Torsdag 29 juni 15.00:<\/strong> SM kortdistans damelit, 45 min + 3 varv. Prisutdelning direkt efter m\u00e5lg\u00e5ng. <a href=\"https:\/\/cykel.indta.se\/api\/v1\/bilaga\/8ae82536-33ac-429a-9370-40ccace172c0\/inbjudansmkortbana2023.pdf\"><em><strong>Info och anm\u00e4lan!<\/strong><\/em><\/a><strong><br \/>\n17.00:<\/strong> Para, jaktstart 45 minuter. Prisutdelning direkt efter m\u00e5lg\u00e5ng. <a href=\"https:\/\/www.swecyclingonline.se\/api\/v1\/bilaga\/6bfbd748-023b-4719-8a8e-482f7a467ce8\/inbjudansmkortbana2023.pdf\"><em><strong>Info och anm\u00e4lan!<\/strong><\/em><\/a><strong><br \/>\n18.30:<\/strong> SM kortdistans herrelit, 45 min + 3 varv. Prisutdelning direkt efter m\u00e5lg\u00e5ng. <a href=\"https:\/\/cykel.indta.se\/api\/v1\/bilaga\/8ae82536-33ac-429a-9370-40ccace172c0\/inbjudansmkortbana2023.pdf\"><em><strong>Info och anm\u00e4lan!<\/strong><\/em><\/a><\/li>\n<\/ul>\n","protected":false},"excerpt":{"rendered":"<p>SM Kortdistans under SM-veckan i Ume\u00e5 2023 Torsdag 29 juni 15.00: SM kortdistans damelit, 45 min + 3 varv. Prisutdelning direkt efter m\u00e5lg\u00e5ng. Info och anm\u00e4lan! 17.00: Para, jaktstart 45 minuter. Prisutdelning direkt efter m\u00e5lg\u00e5ng. Info och anm\u00e4lan! 18.30: SM kortdistans herrelit, 45 min + 3 varv. Prisutdelning direkt efter m\u00e5lg\u00e5ng. Info och anm\u00e4lan!<\/p>\n","protected":false},"author":41,"featured_media":0,"parent":0,"menu_order":0,"comment_status":"closed","ping_status":"closed","template":"","meta":{"_acf_changed":false,"footnotes":""},"class_list":["post-4097","page","type-page","status-publish","hentry"],"acf":[],"_links":{"self":[{"href":"https:\/\/scf.se\/landsvag\/wp-json\/wp\/v2\/pages\/4097","targetHints":{"allow":["GET"]}}],"collection":[{"href":"https:\/\/scf.se\/landsvag\/wp-json\/wp\/v2\/pages"}],"about":[{"href":"https:\/\/scf.se\/landsvag\/wp-json\/wp\/v2\/types\/page"}],"author":[{"embeddable":true,"href":"https:\/\/scf.se\/landsvag\/wp-json\/wp\/v2\/users\/41"}],"replies":[{"embeddable":true,"href":"https:\/\/scf.se\/landsvag\/wp-json\/wp\/v2\/comments?post=4097"}],"version-history":[{"count":0,"href":"https:\/\/scf.se\/landsvag\/wp-json\/wp\/v2\/pages\/4097\/revisions"}],"wp:attachment":[{"href":"https:\/\/scf.se\/landsvag\/wp-json\/wp\/v2\/media?parent=4097"}],"curies":[{"name":"wp","href":"https:\/\/api.w.org\/{rel}","templated":true}]}}