
{"id":3878,"date":"2023-03-20T08:00:50","date_gmt":"2023-03-20T07:00:50","guid":{"rendered":"http:\/\/scf.se\/landsvag\/?page_id=3878"},"modified":"2023-07-05T11:27:47","modified_gmt":"2023-07-05T09:27:47","slug":"nordiska-masterskapen-2023","status":"publish","type":"page","link":"https:\/\/scf.se\/landsvag\/nordiska-masterskapen-2023\/","title":{"rendered":"Nordiska M\u00e4sterskapen Masters 2023"},"content":{"rendered":"<h2><strong>Nordiska M\u00e4sterskapen Masters 2023<\/strong><\/h2>\n<p>Helgen 29\u201330 Juli g\u00e5r Nordiska M\u00e4sterskapen i Ullensaker ca 40km norr om Oslo, mer information om t\u00e4vlingarna och anm\u00e4lan kan ni hitta p\u00e5 f\u00f6ljande l\u00e4nk.<\/p>\n<ul>\n<li><a href=\"https:\/\/nordicmasters2023.no\/en\/nordisk-masters-landevei-2023-english\/\">Mer information om Nordiska M\u00e4sterskapen finns H\u00c4R!<\/a><\/li>\n<\/ul>\n<p><strong><em>\u00a0<\/em><\/strong>NM Masters \u00e4r \u00f6ppet f\u00f6r alla och man t\u00e4vlar f\u00f6r sin klubb (allts\u00e5 i klubbkl\u00e4der).<\/p>\n<p><strong>Disciplinerna p\u00e5 NM Masters 2023<\/strong><\/p>\n<p>Det \u00e4r tempo respektive linje,<\/p>\n<p><strong>Klasserna f\u00f6r damer \u00e4r:<\/strong> D30, D35, D40, D45, D50, D55, D60 och D65+.<\/p>\n<p><strong>Klasserna f\u00f6r herrar \u00e4r:<\/strong> H30, H35, H40, H45, H50, H55, H60, H65, H70 och H75+.<\/p>\n<p><strong>Landslag NM Masters 2023:<\/strong><\/p>\n<p>Sverige skickar inte n\u00e5got landslag till NM Masters.<\/p>\n<p><strong>Nationst\u00e4vling:<\/strong><\/p>\n<p>Varje land f\u00e5r po\u00e4ng efter hur m\u00e5nga deltagare som g\u00e5r I m\u00e5l och det land med flest po\u00e4ng vinner.<\/p>\n<p>&nbsp;<\/p>\n","protected":false},"excerpt":{"rendered":"<p>Nordiska M\u00e4sterskapen Masters 2023 Helgen 29\u201330 Juli g\u00e5r Nordiska M\u00e4sterskapen i Ullensaker ca 40km norr om Oslo, mer information om t\u00e4vlingarna och anm\u00e4lan kan ni hitta p\u00e5 f\u00f6ljande l\u00e4nk. Mer information om Nordiska M\u00e4sterskapen finns H\u00c4R! \u00a0NM Masters \u00e4r \u00f6ppet f\u00f6r alla och man t\u00e4vlar f\u00f6r sin klubb (allts\u00e5 i klubbkl\u00e4der). Disciplinerna p\u00e5 NM<a href=\"https:\/\/scf.se\/landsvag\/nordiska-masterskapen-2023\/\" class=\"news-card__more\"> &#8230;<\/a><\/p>\n","protected":false},"author":16,"featured_media":0,"parent":0,"menu_order":0,"comment_status":"closed","ping_status":"closed","template":"","meta":{"_acf_changed":false,"footnotes":""},"class_list":["post-3878","page","type-page","status-publish","hentry"],"acf":[],"_links":{"self":[{"href":"https:\/\/scf.se\/landsvag\/wp-json\/wp\/v2\/pages\/3878","targetHints":{"allow":["GET"]}}],"collection":[{"href":"https:\/\/scf.se\/landsvag\/wp-json\/wp\/v2\/pages"}],"about":[{"href":"https:\/\/scf.se\/landsvag\/wp-json\/wp\/v2\/types\/page"}],"author":[{"embeddable":true,"href":"https:\/\/scf.se\/landsvag\/wp-json\/wp\/v2\/users\/16"}],"replies":[{"embeddable":true,"href":"https:\/\/scf.se\/landsvag\/wp-json\/wp\/v2\/comments?post=3878"}],"version-history":[{"count":0,"href":"https:\/\/scf.se\/landsvag\/wp-json\/wp\/v2\/pages\/3878\/revisions"}],"wp:attachment":[{"href":"https:\/\/scf.se\/landsvag\/wp-json\/wp\/v2\/media?parent=3878"}],"curies":[{"name":"wp","href":"https:\/\/api.w.org\/{rel}","templated":true}]}}