
{"id":3826,"date":"2022-10-21T15:59:34","date_gmt":"2022-10-21T13:59:34","guid":{"rendered":"http:\/\/scf.se\/landsvag\/?page_id=3826"},"modified":"2023-06-02T17:27:07","modified_gmt":"2023-06-02T15:27:07","slug":"landslagsprogram-2023","status":"publish","type":"page","link":"https:\/\/scf.se\/landsvag\/landslagsprogram-2023\/","title":{"rendered":"Landslagsprogram 2023"},"content":{"rendered":"<h3>Landslagsprogram 2023 Landsv\u00e4g<\/h3>\n<table width=\"613\">\n<tbody>\n<tr>\n<td width=\"76\"><strong>Mars<\/strong><\/td>\n<td width=\"76\"><\/td>\n<td width=\"461\"><\/td>\n<\/tr>\n<tr>\n<td>26 mars<\/td>\n<td><\/td>\n<td><del>Gent-Wevelgem N.cup\u00a0 (Junior \/U23)<\/del>\u00a0 UTG\u00c5R*<\/td>\n<\/tr>\n<tr>\n<td><\/td>\n<td><\/td>\n<td><\/td>\n<\/tr>\n<tr>\n<td><strong>April<\/strong><\/td>\n<td><\/td>\n<td><\/td>\n<\/tr>\n<tr>\n<td>6-9 april<\/td>\n<td><\/td>\n<td><del>Circuit des Ardennes UCI2.2 (Herr U23\/Elit)<\/del>\u00a0 UTG\u00c5R*<\/td>\n<\/tr>\n<tr>\n<td>9 april<\/td>\n<td><\/td>\n<td>Paris-Roubaix, Frankrike \u2013 NCup (Herr Junior)<\/td>\n<\/tr>\n<tr>\n<td>12-16 april<\/td>\n<td><\/td>\n<td>Tour du Loir et Cher UCI 2.2 (Herr U23\/Elit)<\/td>\n<\/tr>\n<tr>\n<td>21-23 april<\/td>\n<td><\/td>\n<td>EPZ Omloop van Borsele, Holland \u2013 NCup (Dam Junior)<\/td>\n<\/tr>\n<tr>\n<td>27-30 april<\/td>\n<td><\/td>\n<td>Gracia Tour UCI 2.2 (Dam Elit)<\/td>\n<\/tr>\n<tr>\n<td><\/td>\n<td><\/td>\n<td><\/td>\n<\/tr>\n<tr>\n<td><strong>Maj<\/strong><\/td>\n<td><\/td>\n<td><\/td>\n<\/tr>\n<tr>\n<td>4-7 maj<\/td>\n<td><\/td>\n<td>Course de la Paix Junior, Tjeckien \u2013 Nations Cup (Herr Junior)<\/td>\n<\/tr>\n<tr>\n<td>25-27 maj<\/td>\n<td><\/td>\n<td>Tour of Estonia, Estland \u2013 2.1 (Herr Elit\/U23)<\/td>\n<\/tr>\n<tr>\n<td><\/td>\n<td><\/td>\n<td><\/td>\n<\/tr>\n<tr>\n<td><strong>Juni<\/strong><\/td>\n<td><\/td>\n<td><\/td>\n<\/tr>\n<tr>\n<td>8-11 juni<\/td>\n<td><\/td>\n<td>LVM Saarland Trofeo , Tyskland \u2013 Nations Cup (Herr Junior)<\/td>\n<\/tr>\n<tr>\n<td><\/td>\n<td><\/td>\n<td><\/td>\n<\/tr>\n<tr>\n<td><strong>Juli<\/strong><\/td>\n<td><\/td>\n<td><\/td>\n<\/tr>\n<tr>\n<td>23-29 juli<\/td>\n<td><\/td>\n<td>EYOF (15-16)<\/td>\n<\/tr>\n<tr>\n<td><\/td>\n<td><\/td>\n<td><\/td>\n<\/tr>\n<tr>\n<td><strong>Augusti<\/strong><\/td>\n<td><\/td>\n<td><\/td>\n<\/tr>\n<tr>\n<td>1-3 augusti<\/td>\n<td><\/td>\n<td>Tour of Uppsala, UCI 2.2 &#8211; (Dam Elit)<\/td>\n<\/tr>\n<tr>\n<td>5 augusti<\/td>\n<td><\/td>\n<td>Scandinavian Race, Uppsala \u2013 1.2 (Herr Elit\/U23)<\/td>\n<\/tr>\n<tr>\n<td>5-13 augusti<\/td>\n<td><\/td>\n<td>World Championship Glasgow (alla klasser)<\/td>\n<\/tr>\n<tr>\n<td>20-augusti<\/td>\n<td><\/td>\n<td>V\u00e5rg\u00e5rda, Sverige \u2013 1.WWT (Dam Elit)<\/td>\n<\/tr>\n<tr>\n<td>14-21 aug<\/td>\n<td><\/td>\n<td>European Championships<\/td>\n<\/tr>\n<tr>\n<td><\/td>\n<td><\/td>\n<td><\/td>\n<\/tr>\n<tr>\n<td><strong>September<\/strong><\/td>\n<td><\/td>\n<td><\/td>\n<\/tr>\n<tr>\n<td>8-10 sept<\/td>\n<td><\/td>\n<td>GP Ruebliland, Schweiz \u2013 2.1 (Herr Junior)<\/td>\n<\/tr>\n<tr>\n<td>15-17 sept<\/td>\n<td><\/td>\n<td>Watersley Ladies Challenge Ncup (Dam Junior)<\/td>\n<\/tr>\n<tr>\n<td>18-25 sept<\/td>\n<td><\/td>\n<td>European Championships Drenthe (alla klasser)<\/td>\n<\/tr>\n<\/tbody>\n<\/table>\n<p>&nbsp;<\/p>\n<p>*<em>Inte l\u00e4ngre m\u00f6jligt att starta. Gent har exempelvis blivit av med Nation Cup-status, s\u00e5 f\u00e4rre antal lag.\u00a0<\/em><\/p>\n","protected":false},"excerpt":{"rendered":"<p>Landslagsprogram 2023 Landsv\u00e4g Mars 26 mars Gent-Wevelgem N.cup\u00a0 (Junior \/U23)\u00a0 UTG\u00c5R* April 6-9 april Circuit des Ardennes UCI2.2 (Herr U23\/Elit)\u00a0 UTG\u00c5R* 9 april Paris-Roubaix, Frankrike \u2013 NCup (Herr Junior) 12-16 april Tour du Loir et Cher UCI 2.2 (Herr U23\/Elit) 21-23 april EPZ Omloop van Borsele, Holland \u2013 NCup (Dam Junior) 27-30 april Gracia<a href=\"https:\/\/scf.se\/landsvag\/landslagsprogram-2023\/\" class=\"news-card__more\"> &#8230;<\/a><\/p>\n","protected":false},"author":16,"featured_media":0,"parent":0,"menu_order":0,"comment_status":"closed","ping_status":"closed","template":"","meta":{"_acf_changed":false,"footnotes":""},"class_list":["post-3826","page","type-page","status-publish","hentry"],"acf":[],"_links":{"self":[{"href":"https:\/\/scf.se\/landsvag\/wp-json\/wp\/v2\/pages\/3826","targetHints":{"allow":["GET"]}}],"collection":[{"href":"https:\/\/scf.se\/landsvag\/wp-json\/wp\/v2\/pages"}],"about":[{"href":"https:\/\/scf.se\/landsvag\/wp-json\/wp\/v2\/types\/page"}],"author":[{"embeddable":true,"href":"https:\/\/scf.se\/landsvag\/wp-json\/wp\/v2\/users\/16"}],"replies":[{"embeddable":true,"href":"https:\/\/scf.se\/landsvag\/wp-json\/wp\/v2\/comments?post=3826"}],"version-history":[{"count":0,"href":"https:\/\/scf.se\/landsvag\/wp-json\/wp\/v2\/pages\/3826\/revisions"}],"wp:attachment":[{"href":"https:\/\/scf.se\/landsvag\/wp-json\/wp\/v2\/media?parent=3826"}],"curies":[{"name":"wp","href":"https:\/\/api.w.org\/{rel}","templated":true}]}}