
{"id":363,"date":"2016-02-04T13:25:06","date_gmt":"2016-02-04T12:25:06","guid":{"rendered":"http:\/\/scf.se\/landsvag\/?page_id=363"},"modified":"2020-04-08T12:11:06","modified_gmt":"2020-04-08T10:11:06","slug":"masters-cup","status":"publish","type":"page","link":"https:\/\/scf.se\/landsvag\/swe-cup\/masters-cup\/","title":{"rendered":"Masters Cup"},"content":{"rendered":"<div>\n<p>Masters Cup 2020 best\u00e5r av en tempocup, en linjecup samt en totalcup.<\/p>\n<p><em>(Med anledning av corona-pandemin \u00e4r programmet prelimin\u00e4rt. Vi h\u00e4nvisar till f\u00f6rbundets t\u00e4vlingskalender och l\u00f6pande information om coronaviruset)<\/em><\/p>\n<h3>Prelimin\u00e4rt t\u00e4vlingsprogram Masters Cup 2020<\/h3>\n<\/div>\n<div>\n<div><del>25\/4:\u00a0 \u00a0 \u00a0 \u00a0 Kinnekulleloppet<\/del><\/div>\n<\/div>\n<div><del>26\/4:\u00a0 \u00a0 \u00a0 \u00a0 G\u00f6tenetempot<\/del><\/div>\n<div>2\/5:\u00a0 \u00a0 \u00a0 \u00a0 \u00a0 \u00d6restadstempot<\/div>\n<div>3\/5:\u00a0 \u00a0 \u00a0 \u00a0 \u00a0 \u00d6restadsloppet<br \/>\n23\/5:\u00a0 \u00a0 \u00a0 \u00a0 Giro Himledalen tempo<\/div>\n<div>24\/5:\u00a0 \u00a0 \u00a0 \u00a0 Giro Himledalen linje<\/div>\n<div>5\/6:\u3000\u00a0 \u00a0 \u00a0 Arlanda testtrack race<\/div>\n<div>6\/6:\u00a0\u00a0\u00a0\u00a0\u00a0\u00a0\u00a0\u00a0\u00a0 Kringelloppet<br \/>\n7\/6:\u3000 \u00a0 \u00a0 \u00a0Falkenloppet<\/div>\n<div>\n<div>13\/6:\u00a0 \u00a0 \u00a0 \u00a0\u00a0Gottne masterscup tempo<\/div>\n<div>14\/6:\u00a0 \u00a0 \u00a0 \u00a0\u00a0Gottne masterscup linje<\/div>\n<\/div>\n<div>15\/8:\u00a0 \u00a0 \u00a0 \u00a0 Hofvettempot<\/div>\n<div>16\/8\u00a0 \u00a0 \u00a0 \u00a0 \u00a0Roslagsbro linje<\/div>\n<div>\n<div>29\/8:\u00a0 \u00a0 \u00a0 \u00a0 Svanesunds tempo\u00a0(cupavslutning)<\/div>\n<div>30\/8:\u00a0 \u00a0 \u00a0 \u00a0 Svanesunds linje\u00a0(cupavslutning)<\/div>\n<\/div>\n<h3><strong>Prelimin\u00e4rt<\/strong>\u00a0&#8211; \u00d6vriga t\u00e4vlingar 2020 (OBS ing\u00e5r ej i cupen)<\/h3>\n<p>22-23\/6:\u00a0 \u00a0 \u00a0SM Masters Linje &#8211; Plats ok\u00e4nd<br \/>\n27\/6:\u00a0 \u00a0 \u00a0 \u00a0 \u00a0 \u00a0SM Masters Partempo &#8211; Lekeryd, Huskvarna<br \/>\n28\/6:\u00a0 \u00a0 \u00a0 \u00a0 \u00a0 \u00a0SM Masters Tempo &#8211; Lekeryd, Huskvarna<br \/>\n1-2\/8:\u00a0 \u00a0 \u00a0 \u00a0 \u00a0 NM Masters &#8211; Kil, Karlstad<br \/>\n<span style=\"color: #000000\">9-13\/9:<\/span>\u00a0 \u00a0 \u00a0 \u00a0 Gran Fondo VM i Vancouver, Canada (<a href=\"https:\/\/www.rbcgranfondo.com\/world-championships\/\">UCI Gran Fondo hemsida<\/a>)<\/p>\n<p><strong>Tempocupen<br \/>\n<\/strong>Den som har flest po\u00e4ng fr\u00e5n sina <em>5 b\u00e4sta av de 6 tempoloppen<\/em> vinner cupen. Vid lika po\u00e4ng avg\u00f6r b\u00e4sta resultat p\u00e5 cupavslutningens tempolopp.<\/p>\n<p><strong>Linjecupen<br \/>\n<\/strong>Den som har flest po\u00e4ng fr\u00e5n sina 7<em>\u00a0b\u00e4sta av de 9 linjeloppen\/ GP-loppen<\/em> vinner cupen. Vid lika po\u00e4ng avg\u00f6r b\u00e4sta resultat p\u00e5 cupavslutningens linjelopp.<\/p>\n<p><strong>Totalcupen<br \/>\n<\/strong>Den som har flest po\u00e4ng fr\u00e5n sina <em>12 b\u00e4sta av de 15 t\u00e4vlingarna<\/em> vinner totalcupen. Vid lika po\u00e4ng vinner den som har b\u00e4sta totalresultat p\u00e5 b\u00e5da loppen sammanlagt i cupavslutningen. Om ingen av de med lika po\u00e4ng deltar i cupavslutningen avg\u00f6r inb\u00f6rdes m\u00f6ten i cupen.<\/p>\n<p><strong>Po\u00e4ngber\u00e4kning Masters Cup 2020<br \/>\n<\/strong>Under 2020 delas po\u00e4ng ut till de 15 f\u00f6rsta i varje delt\u00e4vling enligt f\u00f6ljande po\u00e4ngskala:<br \/>\n25, 20, 15, 12, 11, 10, 9, 8, 7, 6, 5, 4, 3, 2, 1.<br \/>\nDet vill s\u00e4ga 1:an f\u00e5r 25 po\u00e4ng, 2:an 20 po\u00e4ng, 3:an 15 po\u00e4ng, \u2026<\/p>\n<p>Mastersr\u00e5det har vidare beslutat att p\u00e5 prov dela ut dubbla po\u00e4ng i cupavslutningen. Detta f\u00f6r att \u00f6ka antalet t\u00e4vlande p\u00e5 avslutningshelgen och beh\u00e5lla sp\u00e4nningen i cupen in i det sista.<\/p>\n<p><strong>T\u00e4vla i yngre \u00e5ldersklass<br \/>\n<\/strong>Man kan v\u00e4lja att t\u00e4vla i en yngre \u00e5ldersklass \u00e4n sin egen i masters cup. Men d\u00e5 m\u00e5ste detta ske konsekvent, d v s man v\u00e4ljer klass redan vid s\u00e4songens b\u00f6rjan och k\u00f6r sedan alla lopp i samma klass (b\u00e5de tempo och linje). Observera att man inte kan bli uttagen till NMM p\u00e5 meriter i yngre \u00e5ldersklass, s\u00e5 chanserna att bli uttagen till landslaget p\u00e5 NMM minskar. M\u00e4sterskap k\u00f6rs alltid baserat p\u00e5 \u00e5lder. D\u00e4r kan man allts\u00e5 inte v\u00e4lja att t\u00e4vla i yngre \u00e5ldersklass.<\/p>\n<p><strong>Cuptr\u00f6ja<\/strong><br \/>\nFr\u00e5n och med 2018 delas inga tr\u00f6jor ut till segrarna i tempo- och linjecupen. Ist\u00e4llet har vi inf\u00f6rt en &#8221;cupm\u00e4startr\u00f6ja&#8221; till respektive segrare i totalcupen.<\/p>\n<p><strong>Regler f\u00f6r anv\u00e4ndande av Cupm\u00e4startr\u00f6ja<\/strong><br \/>\nTr\u00f6jan f\u00e5r endast anv\u00e4ndas p\u00e5 t\u00e4vlingar som ing\u00e5r i Masters Cup. Vidare f\u00e5r tr\u00f6jan endast anv\u00e4ndas \u00e5ret efter att man har er\u00f6vrat den och d\u00e5 endast i den klass man har vunnit totalcupen i. Tr\u00f6jan kan och f\u00e5r givetvis ocks\u00e5 anv\u00e4ndas p\u00e5 tr\u00e4ning.<\/p>\n<p><strong>\u00d6vrigt<\/strong><br \/>\n\u00d6vrig information f\u00f6r masters (Lvg), s\u00e5som SM, NM och VM hittar du under <a href=\"https:\/\/scf.se\/landsvag\/tavling\/masterskap2019\/\">M\u00e4sterskap<\/a><\/p>\n","protected":false},"excerpt":{"rendered":"<p>Masters Cup 2020 best\u00e5r av en tempocup, en linjecup samt en totalcup. (Med anledning av corona-pandemin \u00e4r programmet prelimin\u00e4rt. Vi h\u00e4nvisar till f\u00f6rbundets t\u00e4vlingskalender och l\u00f6pande information om coronaviruset) Prelimin\u00e4rt t\u00e4vlingsprogram Masters Cup 2020 25\/4:\u00a0 \u00a0 \u00a0 \u00a0 Kinnekulleloppet 26\/4:\u00a0 \u00a0 \u00a0 \u00a0 G\u00f6tenetempot 2\/5:\u00a0 \u00a0 \u00a0 \u00a0 \u00a0 \u00d6restadstempot 3\/5:\u00a0 \u00a0 \u00a0 \u00a0<a href=\"https:\/\/scf.se\/landsvag\/swe-cup\/masters-cup\/\" class=\"news-card__more\"> &#8230;<\/a><\/p>\n","protected":false},"author":2,"featured_media":0,"parent":78,"menu_order":0,"comment_status":"closed","ping_status":"closed","template":"","meta":{"_acf_changed":false,"footnotes":""},"class_list":["post-363","page","type-page","status-publish","hentry"],"acf":[],"_links":{"self":[{"href":"https:\/\/scf.se\/landsvag\/wp-json\/wp\/v2\/pages\/363","targetHints":{"allow":["GET"]}}],"collection":[{"href":"https:\/\/scf.se\/landsvag\/wp-json\/wp\/v2\/pages"}],"about":[{"href":"https:\/\/scf.se\/landsvag\/wp-json\/wp\/v2\/types\/page"}],"author":[{"embeddable":true,"href":"https:\/\/scf.se\/landsvag\/wp-json\/wp\/v2\/users\/2"}],"replies":[{"embeddable":true,"href":"https:\/\/scf.se\/landsvag\/wp-json\/wp\/v2\/comments?post=363"}],"version-history":[{"count":0,"href":"https:\/\/scf.se\/landsvag\/wp-json\/wp\/v2\/pages\/363\/revisions"}],"up":[{"embeddable":true,"href":"https:\/\/scf.se\/landsvag\/wp-json\/wp\/v2\/pages\/78"}],"wp:attachment":[{"href":"https:\/\/scf.se\/landsvag\/wp-json\/wp\/v2\/media?parent=363"}],"curies":[{"name":"wp","href":"https:\/\/api.w.org\/{rel}","templated":true}]}}