
{"id":307,"date":"2023-01-16T11:40:46","date_gmt":"2023-01-16T10:40:46","guid":{"rendered":"http:\/\/scf.se\/landsvag\/?page_id=307"},"modified":"2024-02-09T15:22:53","modified_gmt":"2024-02-09T14:22:53","slug":"masters","status":"publish","type":"page","link":"https:\/\/scf.se\/landsvag\/masters\/","title":{"rendered":"Masters"},"content":{"rendered":"<p><strong>Masters<\/strong><\/p>\n<p>Hej alla Masters.<\/p>\n<p>Efter m\u00e5nga \u00e5r i Mastersr\u00e5det s\u00e5 tackar vi f\u00f6r oss.<\/p>\n<p>Vi har tyckt att det varit en f\u00f6rm\u00e5n att f\u00e5 sk\u00f6ta alla fr\u00e5gor \u00e5t v\u00e5ra masterscyklister men nu \u00e4r det dags att l\u00e4mna \u00f6ver till n\u00e5gon annan.<\/p>\n<p>D\u00e4rf\u00f6r s\u00e5 s\u00f6ker vi n\u00e5gon som kan t\u00e4nka sig att engagera sig i v\u00e5ra svenska masterscyklister.\u00a0Masters beh\u00f6ver absolut en r\u00f6st i cykel Sverige d\u00e4rf\u00f6r\u00a0s\u00e5 hoppas vi att det finns n\u00e5gon annan d\u00e4r ute som kan ta \u00f6ver och driva mastersfr\u00e5gor p\u00e5 f\u00f6rbundet.\u00a0Vi kommer finnas tillhands f\u00f6r att hj\u00e4lpa och st\u00f6tta.<\/p>\n<p>K\u00e4nner ni n\u00e5gon eller \u00e4r ni sj\u00e4lv intresserad s\u00e5 f\u00e5r ni g\u00e4rna kontakta Stefan Lindgren f\u00f6r mera info.<\/p>\n<p>&nbsp;<\/p>\n<p>B\u00e4sta h\u00e4lsningar fr\u00e5n.<\/p>\n<p>Stefan Lindgren 0708-470204,\u00a0<a href=\"mailto:stefan@linanab.se\">stefan@linanab.se<\/a><\/p>\n<p>H\u00e5kan Johansson, t\u00e4vlingsansvarig<\/p>\n<p>Patrick Svensson, media<\/p>\n<p>&nbsp;<\/p>\n<p>Med Masters avses det som tidigare kallades veteran, dvs. de som \u00e4r 30 \u00e5r eller \u00e4ldre.<\/p>\n<p>H\u00e4r kan du hitta information som r\u00f6r masters landsv\u00e4g. Bland annat hittar du information om Masters Cup, t\u00e4vlingsresultat och information om olika m\u00e4sterskap<a href=\"https:\/\/scf.se\/landsvag\/tavling\/masterskap2017\/\">.<\/a><\/p>\n<p>Har du fr\u00e5gor om Masters landsv\u00e4g eller id\u00e9er och synpunkter \u00e4r du alltid v\u00e4lkommen att kontakta n\u00e5gon av oss i mastersr\u00e5det som \u00e4r de inom SCF som ansvarar f\u00f6r mastercykling landsv\u00e4g.<\/p>\n<p>Fr\u00e5gor som ber\u00f6r t\u00e4vlingarna v\u00e4nligen kontakta respektive arrang\u00f6r.<\/p>\n<p>Mastersr\u00e5det best\u00e5r av:<\/p>\n<p>&nbsp;<\/p>\n<p>Vi finns nu \u00e4ven p\u00e5<a href=\"https:\/\/www.facebook.com\/Svenska-Masterscyklister-111318127091201\/\">\u00a0Facebook<\/a><\/p>\n","protected":false},"excerpt":{"rendered":"<p>Masters Hej alla Masters. Efter m\u00e5nga \u00e5r i Mastersr\u00e5det s\u00e5 tackar vi f\u00f6r oss. Vi har tyckt att det varit en f\u00f6rm\u00e5n att f\u00e5 sk\u00f6ta alla fr\u00e5gor \u00e5t v\u00e5ra masterscyklister men nu \u00e4r det dags att l\u00e4mna \u00f6ver till n\u00e5gon annan. D\u00e4rf\u00f6r s\u00e5 s\u00f6ker vi n\u00e5gon som kan t\u00e4nka sig att engagera sig i<a href=\"https:\/\/scf.se\/landsvag\/masters\/\" class=\"news-card__more\"> &#8230;<\/a><\/p>\n","protected":false},"author":16,"featured_media":0,"parent":0,"menu_order":0,"comment_status":"closed","ping_status":"closed","template":"","meta":{"_acf_changed":false,"footnotes":""},"class_list":["post-307","page","type-page","status-publish","hentry"],"acf":[],"_links":{"self":[{"href":"https:\/\/scf.se\/landsvag\/wp-json\/wp\/v2\/pages\/307","targetHints":{"allow":["GET"]}}],"collection":[{"href":"https:\/\/scf.se\/landsvag\/wp-json\/wp\/v2\/pages"}],"about":[{"href":"https:\/\/scf.se\/landsvag\/wp-json\/wp\/v2\/types\/page"}],"author":[{"embeddable":true,"href":"https:\/\/scf.se\/landsvag\/wp-json\/wp\/v2\/users\/16"}],"replies":[{"embeddable":true,"href":"https:\/\/scf.se\/landsvag\/wp-json\/wp\/v2\/comments?post=307"}],"version-history":[{"count":0,"href":"https:\/\/scf.se\/landsvag\/wp-json\/wp\/v2\/pages\/307\/revisions"}],"wp:attachment":[{"href":"https:\/\/scf.se\/landsvag\/wp-json\/wp\/v2\/media?parent=307"}],"curies":[{"name":"wp","href":"https:\/\/api.w.org\/{rel}","templated":true}]}}