
{"id":3067,"date":"2022-03-29T09:34:02","date_gmt":"2022-03-29T07:34:02","guid":{"rendered":"http:\/\/scf.se\/landsvag\/?page_id=3067"},"modified":"2022-06-02T14:07:17","modified_gmt":"2022-06-02T12:07:17","slug":"nordiska-masterskapen-masters-2022","status":"publish","type":"page","link":"https:\/\/scf.se\/landsvag\/nordiska-masterskapen-masters-2022\/","title":{"rendered":"Nordiska M\u00e4sterskapen 2022"},"content":{"rendered":"<h2><strong>Nordiska M\u00e4sterskapen Masters 2022<\/strong><\/h2>\n<p>Helgen 20\u201321 augusti g\u00e5r Nordiska M\u00e4sterskapen i Danmark, mer information om t\u00e4vlingarna och anm\u00e4lan kan ni hitta p\u00e5 f\u00f6ljande l\u00e4nkar.<\/p>\n<ul>\n<li><a href=\"https:\/\/www.sportstiming.dk\/event\/10091\"><em><strong>Anm\u00e4lan tempoloppet NM Masters H\u00c4R!<\/strong><\/em><\/a><\/li>\n<li><a href=\"https:\/\/www.sportstiming.dk\/event\/10113\"><em><strong>Anm\u00e4lan linjeloppet <a href=\"https:\/\/www.sportstiming.dk\/event\/10091\">NM Masters<\/a> H\u00c4R!<\/strong><\/em><\/a><\/li>\n<\/ul>\n<p>NM Masters \u00e4r \u00f6ppet f\u00f6r alla och man t\u00e4vlar f\u00f6r sin klubb (allts\u00e5 i klubbkl\u00e4der).<\/p>\n<p><strong>Disciplinerna p\u00e5\u00a0NM Masters 2022<\/strong><\/p>\n<p>Det \u00e4r tempo respektive linje,<\/p>\n<p><strong>Klasserna f\u00f6r damer \u00e4r:<\/strong>\u00a0D30, D35, D40, D45, D50, D55, D60 och D65+.<\/p>\n<p><strong>Klasserna f\u00f6r herrar \u00e4r:<\/strong>\u00a0H30, H35, H40, H45, H50, H55, H60, H65, H70 och H75+.<\/p>\n<p><strong>Ingen landslagsuttagning NM Masters 2022:<\/strong><\/p>\n<p>Norge och Danmark har beslutat att inte skicka n\u00e5got landslag till NM 2022. D\u00e4remot kommer klubbcyklister fr\u00e5n dessa l\u00e4nder.<\/p>\n<p>Masterr\u00e5det har utifr\u00e5n denna information beslutat att inte ta ut n\u00e5got Svenskt landslag. Alla t\u00e4vlande kommer representera sin klubb.<\/p>\n<p>Po\u00e4ngt\u00e4vlingen mellan l\u00e4nderna \u00e4r fortfarande kvar.<\/p>\n","protected":false},"excerpt":{"rendered":"<p>Nordiska M\u00e4sterskapen Masters 2022 Helgen 20\u201321 augusti g\u00e5r Nordiska M\u00e4sterskapen i Danmark, mer information om t\u00e4vlingarna och anm\u00e4lan kan ni hitta p\u00e5 f\u00f6ljande l\u00e4nkar. Anm\u00e4lan tempoloppet NM Masters H\u00c4R! Anm\u00e4lan linjeloppet NM Masters H\u00c4R! NM Masters \u00e4r \u00f6ppet f\u00f6r alla och man t\u00e4vlar f\u00f6r sin klubb (allts\u00e5 i klubbkl\u00e4der). Disciplinerna p\u00e5\u00a0NM Masters 2022 Det<a href=\"https:\/\/scf.se\/landsvag\/nordiska-masterskapen-masters-2022\/\" class=\"news-card__more\"> &#8230;<\/a><\/p>\n","protected":false},"author":41,"featured_media":0,"parent":0,"menu_order":0,"comment_status":"closed","ping_status":"closed","template":"","meta":{"_acf_changed":false,"footnotes":""},"class_list":["post-3067","page","type-page","status-publish","hentry"],"acf":[],"_links":{"self":[{"href":"https:\/\/scf.se\/landsvag\/wp-json\/wp\/v2\/pages\/3067","targetHints":{"allow":["GET"]}}],"collection":[{"href":"https:\/\/scf.se\/landsvag\/wp-json\/wp\/v2\/pages"}],"about":[{"href":"https:\/\/scf.se\/landsvag\/wp-json\/wp\/v2\/types\/page"}],"author":[{"embeddable":true,"href":"https:\/\/scf.se\/landsvag\/wp-json\/wp\/v2\/users\/41"}],"replies":[{"embeddable":true,"href":"https:\/\/scf.se\/landsvag\/wp-json\/wp\/v2\/comments?post=3067"}],"version-history":[{"count":0,"href":"https:\/\/scf.se\/landsvag\/wp-json\/wp\/v2\/pages\/3067\/revisions"}],"wp:attachment":[{"href":"https:\/\/scf.se\/landsvag\/wp-json\/wp\/v2\/media?parent=3067"}],"curies":[{"name":"wp","href":"https:\/\/api.w.org\/{rel}","templated":true}]}}