
{"id":2981,"date":"2021-11-09T13:05:13","date_gmt":"2021-11-09T12:05:13","guid":{"rendered":"http:\/\/scf.se\/landsvag\/?page_id=2981"},"modified":"2022-08-26T17:46:49","modified_gmt":"2022-08-26T15:46:49","slug":"swe-cup-2022","status":"publish","type":"page","link":"https:\/\/scf.se\/landsvag\/swe-cup-2022\/","title":{"rendered":"SWE Cup landsv\u00e4g 2022"},"content":{"rendered":"<p>Det blir 3 t\u00e4vlingsklasser och 6 delt\u00e4vlingar. SWE-Cupen \u00e4r \u00e4ven observationst\u00e4vlingar inf\u00f6r kommande landslagsuppdrag.<\/p>\n<ul>\n<li>Herr Elit<\/li>\n<li>Dam (junior, elit, master)<\/li>\n<li>Herr Junior\/Senior<\/li>\n<\/ul>\n<p><strong><em><a href=\"https:\/\/scf.se\/landsvag\/wp-content\/uploads\/sites\/5\/2022\/03\/Forutsattningar-och-instruktioner-SWE-Cup-Landsvag-2022.pdf\">F\u00f6ruts\u00e4ttningar och instruktioner SWE Cup Landsv\u00e4g 2022<\/a><\/em><\/strong><\/p>\n<p><strong><em><br \/>\nDelt\u00e4vling 1<br \/>\n<\/em>23 april Kinnekulleloppet<\/strong> (Herr Elit, Dam, Herr Junior\/Senior).<br \/>\n<a href=\"https:\/\/scf.se\/landsvag\/wp-content\/uploads\/sites\/5\/2022\/05\/ResultatKinnekulle2022.pdf\"><em><strong>Resultat SWE Cup 1<\/strong><\/em><\/a><\/p>\n<p><strong><em>Delt\u00e4vling 2 <\/em><\/strong><br \/>\n<strong>1 maj Giro Himledalen\u00a0<\/strong> (Herr Elit, Dam, Herr Junior\/Senior).<em><br \/>\n<strong><a href=\"https:\/\/scf.se\/landsvag\/wp-content\/uploads\/sites\/5\/2022\/05\/ResultatHimledalenLinje.pdf\">Resultat SWE Cup 2<\/a><\/strong><\/em><\/p>\n<p><strong><em>Delt\u00e4vling 3<br \/>\n<\/em>15 maj V\u00e4stboloppet<\/strong>\u00a0 (Herr Elit, Dam, Herr Junior\/Senior).<br \/>\n<a href=\"https:\/\/scf.se\/landsvag\/wp-content\/uploads\/sites\/5\/2022\/05\/Res_Vastboloppet.pdf\"><em><strong>Resultat SWE Cup 3<\/strong><\/em><\/a><em><strong><br \/>\n<\/strong><\/em><\/p>\n<p><strong><em>Delt\u00e4vling 4<br \/>\n<\/em>6 juni Nationaldagsloppet<\/strong> (Herr Elit, Dam, Herr Junior\/Senior). <em><strong><a href=\"https:\/\/scf.se\/landsvag\/wp-content\/uploads\/sites\/5\/2022\/06\/ResultatNationaldagsloppet.pdf\">Resultat SWE Cup 4<\/a><\/strong><\/em><\/p>\n<p><strong><em>Delt\u00e4vling 5<br \/>\n<\/em>23 juli<\/strong> <strong>Ringenloppet<\/strong> (Herr Elit, Dam, Herr Junior\/Senior).<br \/>\n<a href=\"https:\/\/scf.se\/landsvag\/wp-content\/uploads\/sites\/5\/2022\/08\/ResultatRingenloppet.pdf\"><em><strong>Resultat SWE Cup 5<\/strong><\/em><\/a><\/p>\n<p><em><strong>Delt\u00e4vling 6 <\/strong><\/em><strong><em><br \/>\n<\/em>21 augusti Brudfj\u00e4llsracet<\/strong> (Herr Elit, Dam, Herr Junior\/Senior).<br \/>\n<a href=\"https:\/\/scf.se\/landsvag\/wp-content\/uploads\/sites\/5\/2022\/08\/Resultat_Brudfjallsloppet.pdf\"><em><strong>Resultat SWE Cup 6<\/strong><\/em><\/a><\/p>\n<p><em><strong>Totalt\u00e4vlingarna SWE Cup 2022<\/strong><\/em><br \/>\n<a href=\"https:\/\/scf.se\/landsvag\/wp-content\/uploads\/sites\/5\/2022\/08\/SwecupLVG_2022.pdf\"><em><strong>Slutst\u00e4llningen i alla klasserna, SWE Cup 2022<\/strong><\/em><\/a><\/p>\n","protected":false},"excerpt":{"rendered":"<p>Det blir 3 t\u00e4vlingsklasser och 6 delt\u00e4vlingar. SWE-Cupen \u00e4r \u00e4ven observationst\u00e4vlingar inf\u00f6r kommande landslagsuppdrag. Herr Elit Dam (junior, elit, master) Herr Junior\/Senior F\u00f6ruts\u00e4ttningar och instruktioner SWE Cup Landsv\u00e4g 2022 Delt\u00e4vling 1 23 april Kinnekulleloppet (Herr Elit, Dam, Herr Junior\/Senior). Resultat SWE Cup 1 Delt\u00e4vling 2 1 maj Giro Himledalen\u00a0 (Herr Elit, Dam, Herr Junior\/Senior).<a href=\"https:\/\/scf.se\/landsvag\/swe-cup-2022\/\" class=\"news-card__more\"> &#8230;<\/a><\/p>\n","protected":false},"author":16,"featured_media":2557,"parent":0,"menu_order":0,"comment_status":"closed","ping_status":"closed","template":"","meta":{"_acf_changed":false,"footnotes":""},"class_list":["post-2981","page","type-page","status-publish","hentry"],"acf":[],"_links":{"self":[{"href":"https:\/\/scf.se\/landsvag\/wp-json\/wp\/v2\/pages\/2981","targetHints":{"allow":["GET"]}}],"collection":[{"href":"https:\/\/scf.se\/landsvag\/wp-json\/wp\/v2\/pages"}],"about":[{"href":"https:\/\/scf.se\/landsvag\/wp-json\/wp\/v2\/types\/page"}],"author":[{"embeddable":true,"href":"https:\/\/scf.se\/landsvag\/wp-json\/wp\/v2\/users\/16"}],"replies":[{"embeddable":true,"href":"https:\/\/scf.se\/landsvag\/wp-json\/wp\/v2\/comments?post=2981"}],"version-history":[{"count":0,"href":"https:\/\/scf.se\/landsvag\/wp-json\/wp\/v2\/pages\/2981\/revisions"}],"wp:featuredmedia":[{"embeddable":true,"href":"https:\/\/scf.se\/landsvag\/wp-json\/wp\/v2\/media\/2557"}],"wp:attachment":[{"href":"https:\/\/scf.se\/landsvag\/wp-json\/wp\/v2\/media?parent=2981"}],"curies":[{"name":"wp","href":"https:\/\/api.w.org\/{rel}","templated":true}]}}