
{"id":2883,"date":"2021-09-13T11:04:47","date_gmt":"2021-09-13T09:04:47","guid":{"rendered":"http:\/\/scf.se\/landsvag\/?page_id=2883"},"modified":"2021-09-15T09:37:01","modified_gmt":"2021-09-15T07:37:01","slug":"slutstallning-2021","status":"publish","type":"page","link":"https:\/\/scf.se\/landsvag\/slutstallning-2021\/","title":{"rendered":"Slutst\u00e4llning 2021"},"content":{"rendered":"<h1>Master Cup 2021<\/h1>\n<p>Master Cup 2021 bestod av en totalcup; en sammanslagen cup, d\u00e4r \u00e4ven SM Linje och SM Tempo ingick. Det blev totalt 8 t\u00e4vlingar vid 5 tillf\u00e4llen.<\/p>\n<ul>\n<li>Stockholmshelgen<\/li>\n<li>Kinnekullehelgen<\/li>\n<li>Svanesund<\/li>\n<li>SM Linje<\/li>\n<li>SM Tempo.<\/li>\n<\/ul>\n<p>I cupen r\u00e4knas 6 b\u00e4sta t\u00e4vlingarna.<\/p>\n<p>Medaljer\/plaketter skickas till 1:an, 2:an och 3:an i respektive klass samt att vinnaren f\u00e5r en Mastercuptr\u00f6ja.<\/p>\n<p><strong>Slutst\u00e4llning Totalcupen:<\/strong><\/p>\n<p>Dam:<\/p>\n<ul>\n<li><a href=\"https:\/\/scf.se\/landsvag\/wp-content\/uploads\/sites\/5\/2021\/09\/D30.pdf\">Resultat D30<\/a><\/li>\n<li><a href=\"https:\/\/scf.se\/landsvag\/wp-content\/uploads\/sites\/5\/2021\/09\/D40.pdf\">Resultat D40<\/a><\/li>\n<li><a href=\"https:\/\/scf.se\/landsvag\/wp-content\/uploads\/sites\/5\/2021\/09\/D50.pdf\">Resultat D50<\/a><\/li>\n<li><a href=\"https:\/\/scf.se\/landsvag\/wp-content\/uploads\/sites\/5\/2021\/09\/D60.pdf\">Resultat D60<\/a><\/li>\n<\/ul>\n<p>Herr:<\/p>\n<ul>\n<li><a href=\"https:\/\/scf.se\/landsvag\/wp-content\/uploads\/sites\/5\/2021\/09\/H30.pdf\">Resultat H30<\/a><\/li>\n<li><a href=\"https:\/\/scf.se\/landsvag\/wp-content\/uploads\/sites\/5\/2021\/09\/H40.pdf\">Resultat H40<\/a><\/li>\n<li><a href=\"https:\/\/scf.se\/landsvag\/wp-content\/uploads\/sites\/5\/2021\/09\/H50.pdf\">Resultat H50<\/a><\/li>\n<li><a href=\"https:\/\/scf.se\/landsvag\/wp-content\/uploads\/sites\/5\/2021\/09\/H55.pdf\">Resultat H55<\/a><\/li>\n<li><a href=\"https:\/\/scf.se\/landsvag\/wp-content\/uploads\/sites\/5\/2021\/09\/H60.pdf\">Resultat H60<\/a><\/li>\n<li><a href=\"https:\/\/scf.se\/landsvag\/wp-content\/uploads\/sites\/5\/2021\/09\/H65.pdf\">Resultat H65<\/a><\/li>\n<li><a href=\"https:\/\/scf.se\/landsvag\/wp-content\/uploads\/sites\/5\/2021\/09\/H70.pdf\">Resultat H70<\/a><\/li>\n<li><a href=\"https:\/\/scf.se\/landsvag\/wp-content\/uploads\/sites\/5\/2021\/09\/H75.pdf\">Resultat H75<\/a><\/li>\n<\/ul>\n<p><strong>T\u00e4vlingsprogram Master Cup 2021:<\/strong><\/p>\n<p>5\/6: Arlanda Testtrack<\/p>\n<p>6\/6: HiQ Grand Prix.<\/p>\n<p>12\/6: SM Linje.<\/p>\n<p>7\/8: SM Tempo.<\/p>\n<p>14\/8: Kinnekulleloppet<\/p>\n<p>15\/8: G\u00f6tenetempot<\/p>\n<p>28\/8: Svanesunds Tempo (cupavslutning)<\/p>\n<p>29\/8: Svanesunds Linje (cupavslutning)<\/p>\n<p><strong>Totalcupen:<\/strong><strong><br \/>\n<\/strong>Den som har flest po\u00e4ng fr\u00e5n sina\u00a0<em>6 b\u00e4sta av de 8 t\u00e4vlingarna<\/em>\u00a0vinner totalcupen. Vid lika po\u00e4ng vinner den som har b\u00e4sta totalresultat p\u00e5 b\u00e5da loppen sammanlagt i cupavslutningen. Om ingen av de med lika po\u00e4ng deltar i cupavslutningen avg\u00f6r inb\u00f6rdes m\u00f6ten i cupen.<\/p>\n<p><strong>Po\u00e4ngber\u00e4kning Master Cup 2021:<\/strong><strong><br \/>\n<\/strong>Under 2021 delas po\u00e4ng ut till de 15 f\u00f6rsta i varje delt\u00e4vling enligt f\u00f6ljande po\u00e4ngskala:<br \/>\n25, 20, 15, 12, 11, 10, 9, 8, 7, 6, 5, 4, 3, 2, 1.<br \/>\nDet vill s\u00e4ga 1:an f\u00e5r 25 po\u00e4ng, 2:an 20 po\u00e4ng, 3:an 15 po\u00e4ng, \u2026<\/p>\n<p>Masterr\u00e5det har vidare beslutat att p\u00e5 prov dela ut dubbla po\u00e4ng i cupavslutningen. Detta f\u00f6r att \u00f6ka antalet t\u00e4vlande p\u00e5 avslutningshelgen och beh\u00e5lla sp\u00e4nningen i cupen in i det sista.<\/p>\n<p><strong>Cuptr\u00f6ja:<\/strong><br \/>\nCupm\u00e4startr\u00f6jan tilldelas respektive segrare i totalcupen.<\/p>\n<p><strong>Regler f\u00f6r anv\u00e4ndande av Cup M\u00e4startr\u00f6ja:<\/strong><br \/>\nTr\u00f6jan f\u00e5r endast anv\u00e4ndas p\u00e5 t\u00e4vlingar som ing\u00e5r i Master Cup. Vidare f\u00e5r tr\u00f6jan endast anv\u00e4ndas \u00e5ret efter att man har er\u00f6vrat den och d\u00e5 endast i den klass man har vunnit totalcupen i. Tr\u00f6jan kan och f\u00e5r givetvis ocks\u00e5 anv\u00e4ndas p\u00e5 tr\u00e4ning.<\/p>\n<p>&nbsp;<\/p>\n<p>Anm\u00e4l eventuella felaktigheter i cup-tabellerna till <a href=\"mailto:patrick.lg.svensson@gmail.com\">Patrick Svensson<\/a>.<\/p>\n","protected":false},"excerpt":{"rendered":"<p>Master Cup 2021 Master Cup 2021 bestod av en totalcup; en sammanslagen cup, d\u00e4r \u00e4ven SM Linje och SM Tempo ingick. Det blev totalt 8 t\u00e4vlingar vid 5 tillf\u00e4llen. Stockholmshelgen Kinnekullehelgen Svanesund SM Linje SM Tempo. I cupen r\u00e4knas 6 b\u00e4sta t\u00e4vlingarna. Medaljer\/plaketter skickas till 1:an, 2:an och 3:an i respektive klass samt att<a href=\"https:\/\/scf.se\/landsvag\/slutstallning-2021\/\" class=\"news-card__more\"> &#8230;<\/a><\/p>\n","protected":false},"author":38,"featured_media":0,"parent":0,"menu_order":0,"comment_status":"closed","ping_status":"closed","template":"","meta":{"_acf_changed":false,"footnotes":""},"class_list":["post-2883","page","type-page","status-publish","hentry"],"acf":[],"_links":{"self":[{"href":"https:\/\/scf.se\/landsvag\/wp-json\/wp\/v2\/pages\/2883","targetHints":{"allow":["GET"]}}],"collection":[{"href":"https:\/\/scf.se\/landsvag\/wp-json\/wp\/v2\/pages"}],"about":[{"href":"https:\/\/scf.se\/landsvag\/wp-json\/wp\/v2\/types\/page"}],"author":[{"embeddable":true,"href":"https:\/\/scf.se\/landsvag\/wp-json\/wp\/v2\/users\/38"}],"replies":[{"embeddable":true,"href":"https:\/\/scf.se\/landsvag\/wp-json\/wp\/v2\/comments?post=2883"}],"version-history":[{"count":0,"href":"https:\/\/scf.se\/landsvag\/wp-json\/wp\/v2\/pages\/2883\/revisions"}],"wp:attachment":[{"href":"https:\/\/scf.se\/landsvag\/wp-json\/wp\/v2\/media?parent=2883"}],"curies":[{"name":"wp","href":"https:\/\/api.w.org\/{rel}","templated":true}]}}