
{"id":2682,"date":"2023-03-20T08:00:48","date_gmt":"2023-03-20T07:00:48","guid":{"rendered":"http:\/\/scf.se\/landsvag\/?page_id=2682"},"modified":"2023-06-13T11:05:00","modified_gmt":"2023-06-13T09:05:00","slug":"swe-cup-masters-2023","status":"publish","type":"page","link":"https:\/\/scf.se\/landsvag\/swe-cup-masters-2023\/","title":{"rendered":"SWE Cup Masters 2023"},"content":{"rendered":"<p>Alla mastert\u00e4vlingar ing\u00e5r i cupen, och de nio b\u00e4sta resultaten i dessa t\u00e4vlingar r\u00e4knas in i cupen. F\u00f6ljande t\u00e4vlingar ing\u00e5r i SWE Cup Masters 2023.<\/p>\n<p><strong>T\u00e4vlingsprogram<\/strong><\/p>\n<ul>\n<li>22\/4 Kinnekulleloppet<\/li>\n<li>23\/4 G\u00f6tene GP<\/li>\n<li>13\/5 Giro Himmeldalen Tempo<\/li>\n<li>2\/6 Arlanda Testtrack<\/li>\n<li>3\/6 Falkenloppet<\/li>\n<li>26\/8 Svanesund tempo<\/li>\n<li>27\/8 Svanesund linje<\/li>\n<li>9\/9 S\u00f6der\u00e5sens Tempo<\/li>\n<li>10\/9 S\u00f6der\u00e5sens Linje<\/li>\n<\/ul>\n<p><strong>Po\u00e4ngber\u00e4kning SWE Cup masters 2023<\/strong><\/p>\n<p>Under 2023 delas po\u00e4ng ut till de 15 f\u00f6rsta i varje delt\u00e4vling enligt f\u00f6ljande po\u00e4ngskala:<br \/>\n25, 20, 15, 12, 11, 10, 9, 8, 7, 6, 5, 4, 3, 2, 1.<br \/>\nDet vill s\u00e4ga 1:an f\u00e5r 25 po\u00e4ng, 2:an 20 po\u00e4ng, 3:an 15 po\u00e4ng.<\/p>\n<p>Mastersr\u00e5det har vidare beslutat att dela ut dubbla po\u00e4ng i cupavslutningen f\u00f6r tempo och linjeloppen. F\u00f6r att f\u00e5 dubbla po\u00e4ng s\u00e5 m\u00e5ste man ha minst 3 starter I SWE Cup masters 2023 innan avslutingshelgen.<\/p>\n<p>H\u00e4r finns information f\u00f6r EM, NM och VM m\u00e4sterskapen.<\/p>\n<p><a href=\"https:\/\/scf.se\/landsvag\/\">Klicka p\u00e5 l\u00e4nken och v\u00e4lj M\u00e4sterskap<\/a><\/p>\n","protected":false},"excerpt":{"rendered":"<p>Alla mastert\u00e4vlingar ing\u00e5r i cupen, och de nio b\u00e4sta resultaten i dessa t\u00e4vlingar r\u00e4knas in i cupen. F\u00f6ljande t\u00e4vlingar ing\u00e5r i SWE Cup Masters 2023. T\u00e4vlingsprogram 22\/4 Kinnekulleloppet 23\/4 G\u00f6tene GP 13\/5 Giro Himmeldalen Tempo 2\/6 Arlanda Testtrack 3\/6 Falkenloppet 26\/8 Svanesund tempo 27\/8 Svanesund linje 9\/9 S\u00f6der\u00e5sens Tempo 10\/9 S\u00f6der\u00e5sens Linje Po\u00e4ngber\u00e4kning SWE<a href=\"https:\/\/scf.se\/landsvag\/swe-cup-masters-2023\/\" class=\"news-card__more\"> &#8230;<\/a><\/p>\n","protected":false},"author":34,"featured_media":0,"parent":0,"menu_order":0,"comment_status":"closed","ping_status":"closed","template":"","meta":{"_acf_changed":false,"footnotes":""},"class_list":["post-2682","page","type-page","status-publish","hentry"],"acf":[],"_links":{"self":[{"href":"https:\/\/scf.se\/landsvag\/wp-json\/wp\/v2\/pages\/2682","targetHints":{"allow":["GET"]}}],"collection":[{"href":"https:\/\/scf.se\/landsvag\/wp-json\/wp\/v2\/pages"}],"about":[{"href":"https:\/\/scf.se\/landsvag\/wp-json\/wp\/v2\/types\/page"}],"author":[{"embeddable":true,"href":"https:\/\/scf.se\/landsvag\/wp-json\/wp\/v2\/users\/34"}],"replies":[{"embeddable":true,"href":"https:\/\/scf.se\/landsvag\/wp-json\/wp\/v2\/comments?post=2682"}],"version-history":[{"count":0,"href":"https:\/\/scf.se\/landsvag\/wp-json\/wp\/v2\/pages\/2682\/revisions"}],"wp:attachment":[{"href":"https:\/\/scf.se\/landsvag\/wp-json\/wp\/v2\/media?parent=2682"}],"curies":[{"name":"wp","href":"https:\/\/api.w.org\/{rel}","templated":true}]}}