
{"id":2661,"date":"2021-09-14T10:00:10","date_gmt":"2021-09-14T08:00:10","guid":{"rendered":"http:\/\/scf.se\/landsvag\/?page_id=2661"},"modified":"2021-09-14T11:09:37","modified_gmt":"2021-09-14T09:09:37","slug":"sm-masters-2021","status":"publish","type":"page","link":"https:\/\/scf.se\/landsvag\/sm-masters-2021\/","title":{"rendered":"SM Master 2021"},"content":{"rendered":"<h2><strong>SM Landsv\u00e4g Linje 2021<\/strong><\/h2>\n<p><strong>Senast uppdaterad:<\/strong> 21.09.13<\/p>\n<p><strong>Arrang\u00f6r:<\/strong> Upsala Cykelklubb i samarbete med SCF<\/p>\n<p><strong>Inbjudan:<\/strong> Finns p\u00e5 Sportstiming <a href=\"https:\/\/www.sportstiming.se\/event\/9071\">h\u00e4r<\/a><\/p>\n<p><strong>Plats: <\/strong>Tierp Arena, Uppsala<\/p>\n<p><strong>Datum: <\/strong>12-13 juni 2021<\/p>\n<p><strong>T\u00e4vlingsklass 12 juni:<\/strong><\/p>\n<ul>\n<li>Master H30-H55<\/li>\n<\/ul>\n<p><strong>T\u00e4vlingsklass 13 juni:<\/strong><\/p>\n<ul>\n<li>Resterande Masterklasser<\/li>\n<\/ul>\n<p><strong>Resultat: <\/strong><a href=\"https:\/\/scf.se\/landsvag\/wp-content\/uploads\/sites\/5\/2021\/09\/Resultat_Master_SM_Linje.pdf\">Master<\/a><\/p>\n<h2><strong>SM Landsv\u00e4g Tempo 2021\u00a0<\/strong><\/h2>\n<p><strong>Senast uppdaterad:<\/strong> 21.09.14<\/p>\n<p><strong>Arrang\u00f6r:<\/strong> SCF i samarbete med lokala klubbar, CKu6, Destination J\u00f6nk\u00f6ping, J\u00f6nk\u00f6pings Kommun, Gjensidige, Pearl iZumi, Sportson, Enervit, Atteviks och Ica Lekeryd.<\/p>\n<p><strong>Inbjudan:<\/strong> Finns p\u00e5 Sportstiming <a href=\"https:\/\/www.sportstiming.se\/event\/9128\">h\u00e4r<\/a><\/p>\n<p><strong>Plats: <\/strong>Lekeryd<\/p>\n<p><strong>Datum: <\/strong>5, 7 augusti 2021<\/p>\n<p><strong>T\u00e4vlingsklass 5 augusti:<\/strong><\/p>\n<ul>\n<li>Master Partempo<\/li>\n<\/ul>\n<p><strong>T\u00e4vlingsklass 7 augusti:<\/strong><\/p>\n<ul>\n<li>Master<\/li>\n<\/ul>\n<p><strong>Resultat: <\/strong><a href=\"https:\/\/scf.se\/landsvag\/wp-content\/uploads\/sites\/5\/2021\/09\/Resultat_Master_PartempoSM.pdf\">Master Partempo<\/a><strong>, <\/strong><a href=\"https:\/\/scf.se\/landsvag\/wp-content\/uploads\/sites\/5\/2021\/09\/Resultat_SM_Tempo_Master.pdf\">Master<\/a><\/p>\n","protected":false},"excerpt":{"rendered":"<p>SM Landsv\u00e4g Linje 2021 Senast uppdaterad: 21.09.13 Arrang\u00f6r: Upsala Cykelklubb i samarbete med SCF Inbjudan: Finns p\u00e5 Sportstiming h\u00e4r Plats: Tierp Arena, Uppsala Datum: 12-13 juni 2021 T\u00e4vlingsklass 12 juni: Master H30-H55 T\u00e4vlingsklass 13 juni: Resterande Masterklasser Resultat: Master SM Landsv\u00e4g Tempo 2021\u00a0 Senast uppdaterad: 21.09.14 Arrang\u00f6r: SCF i samarbete med lokala klubbar, CKu6,<a href=\"https:\/\/scf.se\/landsvag\/sm-masters-2021\/\" class=\"news-card__more\"> &#8230;<\/a><\/p>\n","protected":false},"author":34,"featured_media":0,"parent":0,"menu_order":0,"comment_status":"closed","ping_status":"closed","template":"","meta":{"_acf_changed":false,"footnotes":""},"class_list":["post-2661","page","type-page","status-publish","hentry"],"acf":[],"_links":{"self":[{"href":"https:\/\/scf.se\/landsvag\/wp-json\/wp\/v2\/pages\/2661","targetHints":{"allow":["GET"]}}],"collection":[{"href":"https:\/\/scf.se\/landsvag\/wp-json\/wp\/v2\/pages"}],"about":[{"href":"https:\/\/scf.se\/landsvag\/wp-json\/wp\/v2\/types\/page"}],"author":[{"embeddable":true,"href":"https:\/\/scf.se\/landsvag\/wp-json\/wp\/v2\/users\/34"}],"replies":[{"embeddable":true,"href":"https:\/\/scf.se\/landsvag\/wp-json\/wp\/v2\/comments?post=2661"}],"version-history":[{"count":0,"href":"https:\/\/scf.se\/landsvag\/wp-json\/wp\/v2\/pages\/2661\/revisions"}],"wp:attachment":[{"href":"https:\/\/scf.se\/landsvag\/wp-json\/wp\/v2\/media?parent=2661"}],"curies":[{"name":"wp","href":"https:\/\/api.w.org\/{rel}","templated":true}]}}