
{"id":2335,"date":"2020-04-08T12:21:31","date_gmt":"2020-04-08T10:21:31","guid":{"rendered":"http:\/\/scf.se\/landsvag\/?page_id=2335"},"modified":"2021-01-29T13:30:19","modified_gmt":"2021-01-29T12:30:19","slug":"masterskap-masters-2020","status":"publish","type":"page","link":"https:\/\/scf.se\/landsvag\/masterskap-masters-2020\/","title":{"rendered":"M\u00e4sterskap Masters 2020"},"content":{"rendered":"<h3>SM Masters 2020<\/h3>\n<p><em>Resultat fr\u00e5n SM Masters Linje och Tempo\u00a0 hittar ni <a href=\"https:\/\/scf.se\/landsvag\/resultat-mastersklasser-2020\/\">H\u00c4R<\/a>\u00a0<\/em><\/p>\n<h3>NM Masters 2020<\/h3>\n<p><em>Inst\u00e4llt p\u00e5 grund av coronapandemin<\/em><\/p>\n<p>Vilka cyklister som f\u00e5r t\u00e4vla i NM Masters framg\u00e5r av t\u00e4vlingsbest\u00e4mmelserna\u00a0som du hittar h\u00e4r:\u00a0<a href=\"https:\/\/scf.se\/landsvag\/wp-content\/uploads\/sites\/5\/2019\/02\/T%C3%A4vlingsregler-NMM-Godk%C3%A4nda-2019-01-13.pdf\">T\u00e4vlingsregler Nordiska<\/a>.<\/p>\n<p>Sverige kommer p\u00e5 t\u00e4vlingen kunna representeras av 3 damer och 5 herrar (3 st fr\u00e5n H65 och \u00e4ldre) i respektive disciplin och \u00e5ldersklass. Dessa t\u00e4vlande ing\u00e5r i landslaget,\u00a0t\u00e4vlar i landslagskl\u00e4der och f\u00e5r i efterhand sin anm\u00e4lan betald av SCF.<\/p>\n<p>NM Masters \u00e4r ocks\u00e5 \u00f6ppet f\u00f6r alla som uppfyller t\u00e4vlingsreglerna ovan. \u00d6vriga svenska deltagare t\u00e4vlar f\u00f6r sin klubb (allts\u00e5 i klubbkl\u00e4der).<\/p>\n<p>Observera att anm\u00e4lan alltid ska g\u00e5 via det nationella f\u00f6rbundet. F\u00f6r alla svenska deltagare g\u00e4ller anm\u00e4lan i swecyclingonline.<\/p>\n<p>Disciplinerna \u00e4r tempo respektive linje.<\/p>\n<p>Klasserna f\u00f6r damer \u00e4r: D30, D35, D40, D45, D50, D55, D60 och D65+.<br \/>\nKlasserna f\u00f6r herrar \u00e4r: H30, H35, H40, H45, H50, H55, H60, H65, H70 och H75+.<\/p>\n<h3>Regler f\u00f6r landslagsuttagning NM Masters 2020:<\/h3>\n<p><strong>Damer\u00a0<\/strong>(3 st per disciplin och klass):<\/p>\n<ul>\n<li>Plats 1<br \/>\nLinje: En plats tillfaller den dam som vinner linje-SM i B\u00e5stad 28-30 juni.<br \/>\nTempo: En plats tillfaller den dam som vinner uttagningst\u00e4vlingen i tempo, V\u00e4ster\u00e5s 2-dagars tempo 18\/5<\/li>\n<li>Plats 2<br \/>\nEn plats tillfaller den dam som leder linje-cupen respektive tempo-cupen efter Stockholmshelgen 7-9\/6. Om denna dam \u00e4r samma dam som kvalificerat sig till Plats 1 ovan, f\u00e5r \u00e4ven andra dam i cupen en landslagsplats.<\/li>\n<li>Plats 3<br \/>\nEn plats tills\u00e4tts av Mastersr\u00e5det. Mastersr\u00e5det kan \u00e4ven l\u00e5ta bli att tills\u00e4tta denna plats om man inte anser sig ha en kandidat som h\u00e5ller tillr\u00e4ckligt h\u00f6g niv\u00e5 f\u00f6r att delta i landslaget.<\/li>\n<li>Observera att 5-\u00e5rsklasser kommer att konstrueras utifr\u00e5n f\u00f6delse\u00e5r i D30, D40, D50 och D60 f\u00f6r att matcha klassindelningen i NMM. Det betyder i praktiken att 6 st damer i D40 kommer att bli uttagna till landslaget i NMM (3 st D40 och 3 st D45)<\/li>\n<\/ul>\n<p><strong>Herrar H65 och \u00e4ldre\u00a0<\/strong>(3 st per disciplin och klass):<strong><br \/>\n<\/strong>Samma uttagningskriterier som f\u00f6r damerna g\u00e4ller.<\/p>\n<p><strong>Herrar H30\u2013H60\u00a0<\/strong>(5 st per disciplin och klass):<\/p>\n<ul>\n<li>Plats 1<br \/>\nLinje: En plats tillfaller den herre som vinner linje-SM i B\u00e5stad 28-30 juni.<br \/>\nTempo: En plats tillfaller den herre som vinner uttagningst\u00e4vlingen i tempo, V\u00e4ster\u00e5s 2-dagars tempo 18\/5<\/li>\n<li>Plats 2-4<br \/>\nTre platserna tillfaller de herrar som som ligger b\u00e4st till i linje-cupen respektive tempo-cupen efter Stockholmshelgen 7-9\/6. Om den herre som f\u00e5tt Plats 1 ovan, finns med bland de tre b\u00e4sta i cupen s\u00e5 f\u00e5r \u00e4ven fj\u00e4rde herre en landslagsplats.<\/li>\n<li>Plats 5<br \/>\nEn plats tills\u00e4tts av Mastersr\u00e5det. Mastersr\u00e5det kan \u00e4ven l\u00e5ta bli att tills\u00e4tta denna plats om man inte anser sig ha en kandidat som h\u00e5ller tillr\u00e4ckligt h\u00f6g niv\u00e5 f\u00f6r att delta i landslaget.<\/li>\n<li>D\u00e5 klasserna H35 och H45 finns med p\u00e5 NM Masters, men inte i cupen, kommer dessa klasser att konstrueras utifr\u00e5n f\u00f6delse\u00e5r, allt f\u00f6r att f\u00e5 en r\u00e4ttvis landslagsuttagning.<\/li>\n<\/ul>\n<p>En personlig inbjudan till att representeras Sverige p\u00e5 NM Masters kommer att skickas ut via email eller kommuniceras via telefon av Mastersr\u00e5det veckan efter linje-SM. S\u00e4kerst\u00e4ll att du har korrekt email-adress i din profil p\u00e5\u00a0<a href=\"https:\/\/www.swecyclingonline.se\/anvandare\/minasidor\">swecycling.se<\/a>.<\/p>\n<p>Tackar n\u00e5gon nej till sin plats i landslaget, g\u00e5r fr\u00e5gan vidare till n\u00e4sta kvinna\/man p\u00e5 tur. Det \u00e4r d\u00e4rf\u00f6r viktigt att man \u00e4r snabb att svara n\u00e4r man f\u00e5r besked om att man \u00e4r uttagen till landslaget i NM Masters.<\/p>\n<h3>EM Masters 2020<\/h3>\n<p><em>Med anledning av Coronaviruset avvaktar vi information fr\u00e5n UCI<\/em><\/p>\n<h3>VM Masters 2020<\/h3>\n<p><em>Med anledning av Coronaviruset avvaktar vi information fr\u00e5n UCI<\/em><\/p>\n<p>F\u00f6r att f\u00e5 k\u00f6ra VM s\u00e5 m\u00e5ste man placera sig bland de 25% b\u00e4sta i sin respektive \u00e5ldersklass p\u00e5 n\u00e5got av kvalificeringsloppen.<\/p>\n<p>F\u00f6rutom kvalifikation (eller Wild Card) kr\u00e4vs ocks\u00e5 att man har SCF:s masters-, senior-, U23- eller elitlicens. Man f\u00e5r dock inte delta i VM Masters under dessa f\u00f6ruts\u00e4ttningar:<\/p>\n<ul>\n<li>om cyklisten innevarande \u00e5r varit medlem i ett UCI-registrerat lag\/team<\/li>\n<li>om cyklisten innevarande \u00e5r tj\u00e4nat UCI-po\u00e4ng<\/li>\n<li>om cyklisten innevarande \u00e5r varit med p\u00e5 OS, VM, NM, Commonwealth games eller v\u00e4rldscup som inte \u00e4r f\u00f6r Masters<\/li>\n<\/ul>\n<p>Du \u00e4r sj\u00e4lv ansvarig f\u00f6r att du uppfyller kriterierna f\u00f6r att delta. L\u00e4s mer\u00a0p\u00e5\u00a0<a href=\"http:\/\/www.ucigranfondoworldseries.com\/\"><u>http:\/\/www.ucigranfondoworldseries.com\/<\/u><\/a>\u00a0under Regulations\/ Rights<\/p>\n<h3>Kl\u00e4der VM Masters<\/h3>\n<p>Enligt reglerna skall man t\u00e4vla i \u201dnational jersey\u201d. Denna tr\u00f6ja ska visa nationens f\u00e4rger och ha Sweden\/ Sverige i tryck. Svenska Cykelf\u00f6rbundet har tillsammans med Pearl Izumi tagit fram en tr\u00f6ja som uppfyller dessa kriterier inf\u00f6r 2020. F\u00f6r mer information kontakta SCF\u2019s kansli.<\/p>\n<h3>Wild Cards VM \u2013 regerande SM m\u00e4stare<\/h3>\n<p>Sverige har r\u00e4tt att skicka de nationella m\u00e4starna i varje \u00e5ldersgrupp. Eftersom tiden vissa \u00e5r \u00e4r alltf\u00f6r knapp mellan SM och VM s\u00e5 till\u00e4mpar vi nu regelm\u00e4ssigt ett \u00e5rs eftersl\u00e4pning, d v s det \u00e4r 2019 \u00e5rs SM-vinnare som \u00e4r direktkvalificerade till VM 2020.<\/p>\n<p>Mastersr\u00e5det, med godk\u00e4nnande av SCF, erbjuder \u00e4ven platser till de damer som skulle ha vunnit SM 2018 om vi hade haft motsvarande klassindelning som UCI (5-\u00e5rs intervall).<\/p>\n<p>Om du vann SM i din klass 2019 men\u00a0<strong>inte<\/strong>\u00a0har f\u00f6r avsikt att \u00e5ka p\u00e5 VM Masters 2020 s\u00e5 ber vi dig att\u00a0<strong>snarast meddela<\/strong>\u00a0Mastersr\u00e5det detta via Trond p\u00e5\u00a0<a href=\"mailto:trond.olsson@yahoo.se\">trond.olsson@yahoo.se<\/a><br \/>\nMastersr\u00e5det sammanst\u00e4ller slutgiltig lista, som via SCF s\u00e4nds till arrang\u00f6ren. Arrang\u00f6ren skickar ut personlig inbjudan. OBS! Anm\u00e4lan \u00e4r inte definitiv f\u00f6rr\u00e4n anm\u00e4lningsavgiften \u00e4r betald.<\/p>\n<h3>\u00d6vriga Wild Cards VM<\/h3>\n<p><em>Med anledning av Coronaviruset avvaktar vi med information.<\/em><\/p>\n<p>&nbsp;<\/p>\n","protected":false},"excerpt":{"rendered":"<p>SM Masters 2020 Resultat fr\u00e5n SM Masters Linje och Tempo\u00a0 hittar ni H\u00c4R\u00a0 NM Masters 2020 Inst\u00e4llt p\u00e5 grund av coronapandemin Vilka cyklister som f\u00e5r t\u00e4vla i NM Masters framg\u00e5r av t\u00e4vlingsbest\u00e4mmelserna\u00a0som du hittar h\u00e4r:\u00a0T\u00e4vlingsregler Nordiska. Sverige kommer p\u00e5 t\u00e4vlingen kunna representeras av 3 damer och 5 herrar (3 st fr\u00e5n H65 och \u00e4ldre)<a href=\"https:\/\/scf.se\/landsvag\/masterskap-masters-2020\/\" class=\"news-card__more\"> &#8230;<\/a><\/p>\n","protected":false},"author":34,"featured_media":0,"parent":0,"menu_order":0,"comment_status":"closed","ping_status":"closed","template":"","meta":{"_acf_changed":false,"footnotes":""},"class_list":["post-2335","page","type-page","status-publish","hentry"],"acf":[],"_links":{"self":[{"href":"https:\/\/scf.se\/landsvag\/wp-json\/wp\/v2\/pages\/2335","targetHints":{"allow":["GET"]}}],"collection":[{"href":"https:\/\/scf.se\/landsvag\/wp-json\/wp\/v2\/pages"}],"about":[{"href":"https:\/\/scf.se\/landsvag\/wp-json\/wp\/v2\/types\/page"}],"author":[{"embeddable":true,"href":"https:\/\/scf.se\/landsvag\/wp-json\/wp\/v2\/users\/34"}],"replies":[{"embeddable":true,"href":"https:\/\/scf.se\/landsvag\/wp-json\/wp\/v2\/comments?post=2335"}],"version-history":[{"count":0,"href":"https:\/\/scf.se\/landsvag\/wp-json\/wp\/v2\/pages\/2335\/revisions"}],"wp:attachment":[{"href":"https:\/\/scf.se\/landsvag\/wp-json\/wp\/v2\/media?parent=2335"}],"curies":[{"name":"wp","href":"https:\/\/api.w.org\/{rel}","templated":true}]}}