
{"id":2294,"date":"2020-02-11T10:22:22","date_gmt":"2020-02-11T09:22:22","guid":{"rendered":"http:\/\/scf.se\/landsvag\/?page_id=2294"},"modified":"2020-11-05T11:28:31","modified_gmt":"2020-11-05T10:28:31","slug":"sm-landsvags-2020","status":"publish","type":"page","link":"https:\/\/scf.se\/landsvag\/sm-landsvags-2020\/","title":{"rendered":"SM Landsv\u00e4g 2020"},"content":{"rendered":"<p>Uppdaterad den 17 september 2020<\/p>\n<p>OBS: Med anledning av Coronapandemin har det ursprungliga landsv\u00e4gsprogrammet \u00e4ndrats.<br \/>\nSidan uppdateras i takt med att t\u00e4vlingarna \u00e4r sanktionerade. Uppgifter om loppen l\u00e4ggs in av respektive arrang\u00f6r p\u00e5 swecyclingonline (indTa) samt sportstiming.se<\/p>\n<p><strong>Linjem\u00e4sterskapen<br \/>\n<\/strong>Arrangeras av Upsala CK<\/p>\n<p><strong>Program SM Linjelopp<br \/>\n<\/strong><\/p>\n<p><strong>14 augusti: <\/strong>SM Linje, masterklasser, plus ungdomsstafett, Arlanda Test Track 2<\/p>\n<p><strong>15 augusti:<\/strong> SM Linje ungdomsklasser,\u00a0Arlanda Test Track 2<\/p>\n<p><strong>Inbjudan<\/strong> \u00a0\u00a0\u00a0\u00a0\u00a0\u00a0\u00a0\u00a0\u00a0\u00a0\u00a0\u00a0\u00a0\u00a0\u00a0\u00a0\u00a0\u00a0\u00a0\u00a0\u00a0\u00a0\u00a0\u00a0\u00a0\u00a0\u00a0\u00a0\u00a0\u00a0\u00a0\u00a0\u00a0<a href=\"https:\/\/www.sportstiming.se\/event\/7804\">\u00a0 Via sporttiming.se<\/a><\/p>\n<p><strong>Anm\u00e4lan<\/strong>\u00a0 \u00a0 \u00a0 \u00a0 \u00a0 \u00a0 \u00a0 \u00a0 \u00a0 \u00a0 \u00a0 \u00a0 \u00a0 \u00a0 \u00a0 \u00a0 \u00a0 \u00a0<a href=\"https:\/\/www.sportstiming.se\/event\/7804\"> Via sporttiming.se<\/a><\/p>\n<p><a href=\"https:\/\/scf.se\/landsvag\/master-ungdom-och-para-kor-sm-i-arlanda-losning-for-elit-och-juniorklasserna-drojer\/\">L\u00c4S MER<\/a><\/p>\n<p><strong>3 oktober:\u00a0<\/strong>SM Linje Dam junior och Herr senior, Tierp Arena<\/p>\n<p><strong>4 oktober:\u00a0<\/strong>SM Linje &#8211; Herr junior och Dam senior, Tierp Arena<\/p>\n<p>&nbsp;<\/p>\n<p><strong>Kortdistansm\u00e4sterskapen<\/strong><\/p>\n<p><a href=\"https:\/\/www.sportstiming.dk\/event\/7804\/participants?round=33940\">RESULTAT SM KORTDISTANS 2020<\/a><\/p>\n<p>Arrangeras av Upsala CK och k\u00f6rs p\u00e5 Arlanda Test Track 2<\/p>\n<p>Observera: Herr elit \u00f6ppnar upp f\u00f6r hundra startande f\u00f6rdelade p\u00e5 tv\u00e5 heat. De 25 b\u00e4sta i respektive grupp g\u00e5r till final.<\/p>\n<p><strong>Program SM Kortbana<\/strong><\/p>\n<p>15 augusti &#8211; Herr senior\/junior Dam senior\/junior samt Para Handbike<\/p>\n<p><strong>Inbjudan<\/strong>\u00a0 \u00a0 \u00a0 \u00a0 \u00a0 \u00a0 \u00a0 \u00a0 \u00a0 \u00a0 \u00a0 \u00a0 \u00a0 \u00a0 \u00a0 \u00a0 \u00a0 \u00a0 <a href=\"https:\/\/www.sportstiming.se\/event\/7804\">Via sporttiming.se<\/a><\/p>\n<p><strong>Anm\u00e4lan<\/strong>\u00a0 \u00a0 \u00a0 \u00a0 \u00a0 \u00a0 \u00a0 \u00a0 \u00a0 \u00a0 \u00a0 \u00a0 \u00a0 \u00a0 \u00a0 \u00a0 \u00a0 \u00a0 <a href=\"https:\/\/www.sportstiming.se\/event\/7804\">Via sporttiming.se<\/a><\/p>\n<p>&nbsp;<\/p>\n<p><strong>Tempo-\/Partempom\u00e4sterskapen<\/strong><\/p>\n<p><a href=\"https:\/\/www.sportstiming.se\/event\/7641\/results\">RESULTAT SM TEMPO 25-26 JULI 2020<\/a><\/p>\n<p>Arrangeras av SCF i samarbete CK U6<\/p>\n<p>Start och m\u00e5l strax utanf\u00f6r Lekeryd, J\u00f6nk\u00f6pings kommun.<\/p>\n<p>Samma 16 km l\u00e5nga tempobana som k\u00f6rdes 2019. <a href=\"https:\/\/ridewithgps.com\/routes\/29766659\">https:\/\/ridewithgps.com\/routes\/29766659<\/a><\/p>\n<p><strong>Program SM-tempo\u00a0<\/strong><\/p>\n<p style=\"margin-top: 18.0pt\"><b><span style=\"font-size: 12.0pt;font-family: 'Arial',sans-serif;color: #4a4a4a\">25\u201326 juli<\/span><\/b><span style=\"font-size: 12.0pt;font-family: 'Arial',sans-serif;color: #4a4a4a\">: SM Tempo, Lekeryd. Dam Junior, Herr Junior, Dam Senior och Herr Senior, Ungdomsklasser, Master och Tempo f\u00f6r Para (handbike, racer, trike och tandem)<\/span><\/p>\n<p><strong>Inbjudan\u00a0 \u00a0 \u00a0 \u00a0 \u00a0 \u00a0 \u00a0 \u00a0 \u00a0 \u00a0 \u00a0 \u00a0 \u00a0 \u00a0 \u00a0 \u00a0 <\/strong>Klicka <a href=\"https:\/\/scf.se\/landsvag\/wp-content\/uploads\/sites\/5\/2020\/06\/2020INBJUDANTempoSM.pdf\">h\u00e4r<\/a>\u00a0s\u00e5 f\u00e5r du upp inbjudan i sin helhet,<\/p>\n<p><strong>Anm\u00e4lan<\/strong>\u00a0 \u00a0 \u00a0 \u00a0 \u00a0 \u00a0 \u00a0 \u00a0 \u00a0 \u00a0 \u00a0 \u00a0 \u00a0 \u00a0 \u00a0 \u00a0 Sker via Sportstiming , klicka <a href=\"https:\/\/www.sportstiming.se\/event\/7641\">h\u00e4r<\/a>\u00a0s\u00e5 kommer du till anm\u00e4lan<\/p>\n<p>PM till Tempo-SM 2020 hittar du <a href=\"https:\/\/scf.se\/landsvag\/wp-content\/uploads\/sites\/5\/2020\/07\/2020PMTempoSMuppdat.pdf\">h\u00e4r<\/a><\/p>\n<p>Trafikinformation till boende vid Tempo-SM banan hittar du <a href=\"https:\/\/scf.se\/landsvag\/wp-content\/uploads\/sites\/5\/2020\/07\/Info-boende-Tempo-SM-2020.pdf\">h\u00e4r<\/a><\/p>\n<p>H\u00e5ll avst\u00e5nd affisch hittar du <a href=\"https:\/\/scf.se\/landsvag\/wp-content\/uploads\/sites\/5\/2020\/07\/Ha\u030all-avsta\u030and-affisch.pdf\">h\u00e4r<\/a><\/p>\n<p><strong>Startlistor respektive klass l\u00f6rdag<\/strong><\/p>\n<p>Damer Senior <a href=\"https:\/\/www.sportstiming.se\/event\/7641\/participants?round=32208\">klicka h\u00e4r<\/a><\/p>\n<p>Damer Junior <a href=\"https:\/\/www.sportstiming.se\/event\/7641\/participants?round=32205\">klicka h\u00e4r<\/a><\/p>\n<p>Herrar Senior <a href=\"https:\/\/www.sportstiming.se\/event\/7641\/participants?round=32209\">klicka h\u00e4r<\/a><\/p>\n<p>Herrar Junior <a href=\"https:\/\/www.sportstiming.se\/event\/7641\/participants?round=32207\">klicka h\u00e4r<\/a><\/p>\n<p>P15-16 <a href=\"https:\/\/www.sportstiming.se\/event\/7641\/participants?round=32771\">klicka h\u00e4r<\/a><\/p>\n<p>F15-16 <a href=\"https:\/\/www.sportstiming.se\/event\/7641\/participants?round=32726\">klicka h\u00e4r<\/a><\/p>\n<p>P13-14 <a href=\"https:\/\/www.sportstiming.se\/event\/7641\/participants?round=32769\">klicka h\u00e4r<\/a><\/p>\n<p>F13-14 <a href=\"https:\/\/www.sportstiming.se\/event\/7641\/participants?round=32770\">klicka h\u00e4r<\/a><\/p>\n<p>P10-12 <a href=\"https:\/\/www.sportstiming.se\/event\/7641\/participants?round=32767\">klicka h\u00e4r<\/a><\/p>\n<p>F10-12 <a href=\"https:\/\/www.sportstiming.se\/event\/7641\/participants?round=32768\">klicka h\u00e4r<\/a><\/p>\n<p><strong>Startlistor respektive klass s\u00f6ndag<\/strong><\/p>\n<p>Damer 30 <a href=\"https:\/\/www.sportstiming.se\/event\/7641\/participants?round=32772\">klicka h\u00e4r<\/a><\/p>\n<p>Damer 40 <a href=\"https:\/\/www.sportstiming.se\/event\/7641\/participants?round=32773\">klicka h\u00e4r<\/a><\/p>\n<p>Damer 50 <a href=\"https:\/\/www.sportstiming.se\/event\/7641\/participants?round=32774\">klicka h\u00e4r<\/a><\/p>\n<p>Damer 60 <a href=\"https:\/\/www.sportstiming.se\/event\/7641\/participants?round=32775\">klicka h\u00e4r<\/a><\/p>\n<p>Herrar 30 <a href=\"https:\/\/www.sportstiming.se\/event\/7641\/participants?round=32776\">klicka h\u00e4r<\/a><\/p>\n<p>Herrar 35 <a href=\"https:\/\/www.sportstiming.se\/event\/7641\/participants?round=32777\">klicka h\u00e4r<\/a><\/p>\n<p>Herrar 40 <a href=\"https:\/\/www.sportstiming.se\/event\/7641\/participants?round=32778\">klicka h\u00e4r<\/a><\/p>\n<p>Herrar 45 <a href=\"https:\/\/www.sportstiming.se\/event\/7641\/participants?round=32779\">klicka h\u00e4r<\/a><\/p>\n<p>Herrar 50 <a href=\"https:\/\/www.sportstiming.se\/event\/7641\/participants?round=32780\">klicka h\u00e4r<\/a><\/p>\n<p>Herrar 55 <a href=\"https:\/\/www.sportstiming.se\/event\/7641\/participants?round=32781\">klicka h\u00e4r<\/a><\/p>\n<p>Herrar 60 <a href=\"https:\/\/www.sportstiming.se\/event\/7641\/participants?round=32782\">klicka h\u00e4r<\/a><\/p>\n<p>Herrar 65 <a href=\"https:\/\/www.sportstiming.se\/event\/7641\/participants?round=32783\">klicka h\u00e4r<\/a><\/p>\n<p>Para Tandem <a href=\"https:\/\/www.sportstiming.se\/event\/7641\/participants?round=32790\">klicka h\u00e4r<\/a><\/p>\n<p>Para Trike <a href=\"https:\/\/www.sportstiming.se\/event\/7641\/participants?round=32791\">klicka h\u00e4r<\/a><\/p>\n<p>Para Handbike <a href=\"https:\/\/www.sportstiming.se\/event\/7641\/participants?round=32792\">klicka h\u00e4r<\/a><\/p>\n<p>Para Racer <a href=\"https:\/\/www.sportstiming.se\/event\/7641\/participants?round=32793\">klicka h\u00e4r<\/a><\/p>\n<p>&nbsp;<\/p>\n<p>&nbsp;<\/p>\n<p>&nbsp;<\/p>\n<p>&nbsp;<\/p>\n<p>&nbsp;<\/p>\n<p>&nbsp;<\/p>\n","protected":false},"excerpt":{"rendered":"<p>Uppdaterad den 17 september 2020 OBS: Med anledning av Coronapandemin har det ursprungliga landsv\u00e4gsprogrammet \u00e4ndrats. Sidan uppdateras i takt med att t\u00e4vlingarna \u00e4r sanktionerade. Uppgifter om loppen l\u00e4ggs in av respektive arrang\u00f6r p\u00e5 swecyclingonline (indTa) samt sportstiming.se Linjem\u00e4sterskapen Arrangeras av Upsala CK Program SM Linjelopp 14 augusti: SM Linje, masterklasser, plus ungdomsstafett, Arlanda Test<a href=\"https:\/\/scf.se\/landsvag\/sm-landsvags-2020\/\" class=\"news-card__more\"> &#8230;<\/a><\/p>\n","protected":false},"author":34,"featured_media":0,"parent":0,"menu_order":0,"comment_status":"closed","ping_status":"closed","template":"","meta":{"_acf_changed":false,"footnotes":""},"class_list":["post-2294","page","type-page","status-publish","hentry"],"acf":[],"_links":{"self":[{"href":"https:\/\/scf.se\/landsvag\/wp-json\/wp\/v2\/pages\/2294","targetHints":{"allow":["GET"]}}],"collection":[{"href":"https:\/\/scf.se\/landsvag\/wp-json\/wp\/v2\/pages"}],"about":[{"href":"https:\/\/scf.se\/landsvag\/wp-json\/wp\/v2\/types\/page"}],"author":[{"embeddable":true,"href":"https:\/\/scf.se\/landsvag\/wp-json\/wp\/v2\/users\/34"}],"replies":[{"embeddable":true,"href":"https:\/\/scf.se\/landsvag\/wp-json\/wp\/v2\/comments?post=2294"}],"version-history":[{"count":0,"href":"https:\/\/scf.se\/landsvag\/wp-json\/wp\/v2\/pages\/2294\/revisions"}],"wp:attachment":[{"href":"https:\/\/scf.se\/landsvag\/wp-json\/wp\/v2\/media?parent=2294"}],"curies":[{"name":"wp","href":"https:\/\/api.w.org\/{rel}","templated":true}]}}