
{"id":2129,"date":"2019-08-14T18:31:07","date_gmt":"2019-08-14T16:31:07","guid":{"rendered":"http:\/\/scf.se\/landsvag\/?page_id=2129"},"modified":"2019-08-18T21:06:52","modified_gmt":"2019-08-18T19:06:52","slug":"resultat-sm-tempo-2019","status":"publish","type":"page","link":"https:\/\/scf.se\/landsvag\/tavling\/sm-landsvag-2019\/resultat-sm-tempo-2019\/","title":{"rendered":"Medalj\u00f6rer SM tempo 2019"},"content":{"rendered":"<h2>Svenska m\u00e4sterskapen landsv\u00e4g tempo 2019, Lekeryd 14 augusti (elit)<\/h2>\n<h3>Dam elit<\/h3>\n<ol>\n<li style=\"list-style-type: none;\">\n<ol>\n<li style=\"list-style-type: none;\">\n<ol>\n<li>Lisa Nord\u00e9n, HiQ Sports Club, 44:18,75<\/li>\n<li>Nathalie Eklund, Stockholm CK, 45:33,12 (diff 1.14.37)<\/li>\n<li>Hanna Nilsson, \u00c5hus CK 46:31,15 (diff 2.12.40)<\/li>\n<\/ol>\n<\/li>\n<\/ol>\n<\/li>\n<\/ol>\n<h4>Lagt\u00e4vling Dam elit<\/h4>\n<ol>\n<li style=\"list-style-type: none;\">\n<ol>\n<li style=\"list-style-type: none;\">\n<ol>\n<li><strong>Stockholm CK<\/strong> (Nathalie Eklund,\u00a0Emelie Persson, Hanna Johansson)<\/li>\n<li><strong>CK Valhall<\/strong> (Sara Hedberg,\u00a0Marlin Brown,\u00a0\u00c5sa Christiernin)<\/li>\n<li><strong>Giro Cycle Club<\/strong> (Josefin Bergman,\u00a0Sophie Sundstr\u00f6m, Marie Rydne)<\/li>\n<\/ol>\n<\/li>\n<\/ol>\n<\/li>\n<\/ol>\n<p><a href=\"https:\/\/www.indta.se\/api\/v1\/fil\/bilagor\/aac80784-b3f5-4f63-aa99-3054098bdbbe\/resultatlistadamerseniorer.pdf\">Till resultatlistan senior dam<\/a><\/p>\n<h3>Herr elit<\/h3>\n<ol>\n<li>Tobias Ludvigsson,\u00a0CK HVR16, 38:17,56<\/li>\n<li>Erik Bergstr\u00f6m Frisk,\u00a0Team F-arton Sport Club,\u00a039:58,74 (diff 1:41,18)<\/li>\n<li>Hugo Forssell, CK Hymer, 40:11,39 (diff 1:53,83)<\/li>\n<\/ol>\n<h4>Lagt\u00e4vling Herr elit<\/h4>\n<ol>\n<li style=\"list-style-type: none;\">\n<ol>\n<li style=\"list-style-type: none;\">\n<ol>\n<li><strong>CK Hymer <\/strong>(Hugo Forssell, Jakob S\u00f6dergrann, Erik Gabrielsson)<\/li>\n<li><strong>F18 SportsClub <\/strong>(Erik Bergstr\u00f6m Frisk, Hannes Bergstr\u00f6m,\u00a0Christoffer Eriksson)<\/li>\n<li><strong>Stockholms CK <\/strong>(Leopold Kaftanski, Amir Ansari,\u00a0Clas Nordstr\u00f6m)<\/li>\n<\/ol>\n<\/li>\n<\/ol>\n<\/li>\n<\/ol>\n<p><a href=\"https:\/\/www.indta.se\/api\/v1\/fil\/bilagor\/10e13f03-19bd-4c79-8959-be0bfb7a1c57\/resultatlistaherrarseniorer.pdf\">Till resultatlista Senior Herr<\/a><\/p>\n<p>Elitloppen lives\u00e4ndes g\u00e5r att se i repris p\u00e5 <a href=\"http:\/\/solidsport.com\/scf\">solidsport.com\/scf<\/a>.<\/p>\n<hr \/>\n<h3>Svenska m\u00e4sterskapen landsv\u00e4g tempo 2019, 17 augusti (JSM, USM, MSM, Paracykel)<\/h3>\n<p><a href=\"https:\/\/www.indta.se\/api\/v1\/fil\/bilagor\/62f6016b-f5c4-4002-8703-0687991ae5bd\/resultatsmtempolordag190817.pdf\">Fullst\u00e4ndiga resultat finns h\u00e4r<\/a><\/p>\n<hr \/>\n<h2>JUNIOR-SM<\/h2>\n<h3>Dam junior (16 km)<\/h3>\n<ol>\n<li>Wilma Olausson, Giro Cycle Club, 23:22,9<\/li>\n<li>Julia Borgstr\u00f6m, H\u00f6llviken Cykelklub, 23:56,8 (diff 0:33,9)<\/li>\n<li>Ellen St\u00e5lberg, Cykelklubben Dainon, 25:09,7 (1:46,8)<\/li>\n<\/ol>\n<h3>Herr junior (32 km)<\/h3>\n<ol>\n<li>Edvin Lovidius, S\u00f6dert\u00e4lje Cykelklubb, 42:30,4<\/li>\n<li>Hjalmar Klyver, Cykelklubben Bure, 42:49,2 (0:18,8)<\/li>\n<li>Jonathan Ahlsson, \u00d6rebrocyklisterna,\u00a043:21,1 (0:50,7)<\/li>\n<\/ol>\n<h4>Lagt\u00e4vling Herr Junior<\/h4>\n<ol>\n<li><strong>Giro Cycle Club<\/strong> (Lukas Vernersson,\u00a0Gustav Thompson, Fabian Birgersson)<\/li>\n<li><strong>V\u00e4ster\u00e5s Cykelklubb<\/strong> (Willhelm Wallinder,\u00a0Wincent Wallinder,\u00a0Ludwig Ernst)<\/li>\n<li><strong>Cykelklubben Bure<\/strong> (Hjalmar Klyver,\u00a0Ludvig Fagerstr\u00f6m, Simon Cederfjord)<\/li>\n<\/ol>\n<hr \/>\n<h2>UNGDOMS-SM<\/h2>\n<h3>F 15-16 (16 km)<\/h3>\n<ol>\n<li>Felicia Bengtsson, Cykelklubben Bure<\/li>\n<li>Jennie OLSSON, Staffanstorp Cykelklubb<\/li>\n<li>Tintin Nordlund, Cykelklubben Bure<\/li>\n<\/ol>\n<h4>Lagt\u00e4vling F 15-16<\/h4>\n<ol>\n<li><strong>Cykelklubben Bure lag 1<\/strong> (Felicia Bengtsson,\u00a0Tintin Nordlund,\u00a0Frida Larsen)<\/li>\n<\/ol>\n<h3>P 15-16 (16 km)<\/h3>\n<ol>\n<li>Joel Warr\u00e9n, HiQ Sports Club<\/li>\n<li>Eric Pedersen, Cykelklubben Bure<\/li>\n<li>David Larsson, Staffanstorp Cykelklubb<\/li>\n<\/ol>\n<h4>Lagt\u00e4vling P15-16<\/h4>\n<ol>\n<li><strong>CK Bure<\/strong> (Eric Pedersen,\u00a0Leo Jacobsson,\u00a0Simon Pettersson)<\/li>\n<li><strong>S\u00f6dert\u00e4lje CK<\/strong> (Gustav Lovidius, Erik Ekman,\u00a0Acke Dahlblom)<\/li>\n<li><strong>CK Ringen<\/strong> (Axel Gilljam,\u00a0Albin Hoflund,\u00a0Malte \u00d6stling)<\/li>\n<\/ol>\n<h3>F 13-14 (10 km)<\/h3>\n<ol>\n<li>Clara Sundgren, MTB T\u00e4by<\/li>\n<li>Miranda\u00a0Hellberg Ragnarsson, M\u00f6lndals Cykelklubb<\/li>\n<li>Anna S\u00f6derqvist, Motala AIF Cykelklubb<\/li>\n<\/ol>\n<h3>P 13-14 (10 km)<\/h3>\n<ol>\n<li>Oskar Revelj, Uddevalla Cykelklubb<\/li>\n<li>Emil Rydholm, J\u00f6nk\u00f6pings Cykelklubb<\/li>\n<li>Li Rantzow T\u00f6rnstr\u00f6m, Bor\u00e5s Cykelamat\u00f6rer<\/li>\n<\/ol>\n<h3>F 10-12 (5 km)<\/h3>\n<ol>\n<li>Kajsa Marcusdotter, Staffanstorp Cykelklubb<\/li>\n<li>Therese Landqvist, MTB T\u00e4by<\/li>\n<li>Freja H\u00e4rstedt, H\u00f6llviken Cykelklubb<\/li>\n<\/ol>\n<h3>P 10-12 (5 km)<\/h3>\n<ol>\n<li>Gustav Nystrand, Uddevalla Cykelklubb<\/li>\n<li>Pontus Hessle, Cykeklubben Ringen<\/li>\n<li>Alfred Nihl\u00e9n, Cykelklubben Ringen<\/li>\n<\/ol>\n<hr \/>\n<h2>PARACYKEL-SM (16 km)<\/h2>\n<h3>Tandem*<\/h3>\n<p>1. Louise Jannering\/Anna Sv\u00e4rdstr\u00f6m, SMACK<\/p>\n<h3>Trike*<\/h3>\n<p>1. Martin \u00c5berg, Sportson CK<br \/>\n2. Rickard Nilsson, SMACK<\/p>\n<h3>Handcykel<\/h3>\n<p>1. Peter Malmberg, CK Bure<br \/>\n2. Anders Olsson, Skoghalls CK<br \/>\n3. Arnt-Christian Furuberg, Velodrom CK<\/p>\n<h3>Racer<\/h3>\n<p>1. Anna Beck, Skoghalls CK<br \/>\n2. Kristoffer St\u00e5hl, J\u00f6nk\u00f6pings CK<br \/>\n3. Daniel Strandberg, V\u00e4rnamo CK<\/p>\n<hr \/>\n<h2>MASTERS-SM (32 km)<\/h2>\n<h3>Herrar veteran 30<\/h3>\n<ol>\n<li>JAHNS\u00c9N Klaes, F\u00f6reningen Wexi\u00f6<\/li>\n<li>LINES Stefan, Idrottsf\u00f6reningen Mantra Sport<\/li>\n<li>FAGERSTR\u00d6M Magnus, Idrottsf\u00f6reningen Mantra Sport<\/li>\n<\/ol>\n<h3>Herrar veteran 35<\/h3>\n<ol>\n<li>THUNMARKER Mathias, Borl\u00e4nge Cykelklub<\/li>\n<li>EGGERTSEN Peter, Cykelklubben Valhall<\/li>\n<li>PERSSON Fredrik, \u00c5hus Cykelklubb<\/li>\n<\/ol>\n<h3>Herrar veteran 40<\/h3>\n<ol>\n<li>LJUNGBERG NILS STEFAN, Cellexir Cycling Club<\/li>\n<li>OTTOSSON Henrik, F\u00f6reningen Wexi\u00f6<\/li>\n<li>ERICSON Christian, Elmhults Sports Club<\/li>\n<\/ol>\n<h3>Herrar veteran 45<\/h3>\n<ol>\n<li>BOSTR\u00d6M Patrik, Cykelklubben Fix<\/li>\n<li>SNYGG Mats, Cykelklubben Bure<\/li>\n<li>\u00c5STR\u00d6M Tomas, V\u00e4nn\u00e4s Cykelklubb<\/li>\n<\/ol>\n<h3>Herrar veteran 50<\/h3>\n<ol>\n<li>N\u00c4SLUND Niclas, Cellexir Cycling Club<\/li>\n<li>BOHR Jonas, Cellexir Cycling Club<\/li>\n<li>LINDSKOG Stefan, Prime Cycling Club<\/li>\n<\/ol>\n<h3>Herrar veteran 55<\/h3>\n<ol>\n<li>CLAESSON Roger, \u00d6stersunds Cykelklubb<\/li>\n<li>KUHL Stefan, Cellexir Cycling Club<\/li>\n<li>NYBERG Thomas, Team LVL Cykelklubb<\/li>\n<\/ol>\n<h3>Herrar veteran 60<\/h3>\n<ol>\n<li>FLOGNFELT Thommy, Skoghalls CK<\/li>\n<li>SAMUELSSON H\u00e5kan, SMACK<\/li>\n<li>ANUND Roger, Mj\u00f6lby Cykelklubb<\/li>\n<\/ol>\n<h3>Herrar veteran 65<\/h3>\n<ol>\n<li>PIETIL\u00c4 Tom, Gimon\u00e4s Cykelklubb<\/li>\n<li>PETTERSSON Lennart, Cykelklubben ECI Champion<\/li>\n<li>JONSSON Jan, Cykelklubben Ceres<\/li>\n<\/ol>\n<h3>Herrar veteran 70<\/h3>\n<ol>\n<li>JOHANSSON Anders, Lammhult Cyklister<\/li>\n<li>ELBRI Peter, \u00d6rebrocyklisterna<\/li>\n<li>M\u00c5NSSON Kjell, Landskrona CK<\/li>\n<\/ol>\n<h3>Herrar veteran 75<\/h3>\n<ol>\n<li>WELIN Karl-Gustaf, CK Dainon<\/li>\n<li>OLSSON Trond, Fredrikshofs IF CK<\/li>\n<li>POLLAK Tommy, Fredrikshofs IF CK<\/li>\n<\/ol>\n<h3>Damer veteran 30<\/h3>\n<ol>\n<li>HANSEN Cecilia, Norbergs Cykelklub<\/li>\n<li>FASTESSON Tina, Idrottsklubben Noco<\/li>\n<li>SELIN Caroline, Cykelklubben Fix 5<\/li>\n<\/ol>\n<h3>Damer veteran 40<\/h3>\n<ol>\n<li>ALZ\u00c9N Malin, Idrottsklubben Hakarpspojkarna<\/li>\n<li>BREMS Charlotte, Svanesunds Gymnastik o Idrottsff\u00f6rening<\/li>\n<li>REINHOLD Karolina, Rooster Club Varberg<\/li>\n<\/ol>\n<h3>Damer veteran 50<\/h3>\n<ol>\n<li>SV\u00c4RDSTR\u00d6M Anna, Cykelklubben Valhall<\/li>\n<li>GUSTAVSSON Eva, V\u00e4ster\u00e5s Cykelklubb<\/li>\n<li>S\u00d6DERQVIST Lena, Klubb Team LeWa<\/li>\n<\/ol>\n<h3>Damer veteran 60*<\/h3>\n<ol>\n<li>LUNDSTR\u00d6M Lena, Cykelklubben Hymer<\/li>\n<li>ANUND Kristina,\u00a0 Mj\u00f6lby Cykelklubb<\/li>\n<\/ol>\n<p>*Ej SM-status p.g.a f\u00f6r f\u00e5 startande<\/p>\n","protected":false},"excerpt":{"rendered":"<p>Svenska m\u00e4sterskapen landsv\u00e4g tempo 2019, Lekeryd 14 augusti (elit) Dam elit Lisa Nord\u00e9n, HiQ Sports Club, 44:18,75 Nathalie Eklund, Stockholm CK, 45:33,12 (diff 1.14.37) Hanna Nilsson, \u00c5hus CK 46:31,15 (diff 2.12.40) Lagt\u00e4vling Dam elit Stockholm CK (Nathalie Eklund,\u00a0Emelie Persson, Hanna Johansson) CK Valhall (Sara Hedberg,\u00a0Marlin Brown,\u00a0\u00c5sa Christiernin) Giro Cycle Club (Josefin Bergman,\u00a0Sophie Sundstr\u00f6m, Marie<a href=\"https:\/\/scf.se\/landsvag\/tavling\/sm-landsvag-2019\/resultat-sm-tempo-2019\/\" class=\"news-card__more\"> &#8230;<\/a><\/p>\n","protected":false},"author":2,"featured_media":0,"parent":1813,"menu_order":0,"comment_status":"closed","ping_status":"closed","template":"","meta":{"_acf_changed":false,"footnotes":""},"class_list":["post-2129","page","type-page","status-publish","hentry"],"acf":[],"_links":{"self":[{"href":"https:\/\/scf.se\/landsvag\/wp-json\/wp\/v2\/pages\/2129","targetHints":{"allow":["GET"]}}],"collection":[{"href":"https:\/\/scf.se\/landsvag\/wp-json\/wp\/v2\/pages"}],"about":[{"href":"https:\/\/scf.se\/landsvag\/wp-json\/wp\/v2\/types\/page"}],"author":[{"embeddable":true,"href":"https:\/\/scf.se\/landsvag\/wp-json\/wp\/v2\/users\/2"}],"replies":[{"embeddable":true,"href":"https:\/\/scf.se\/landsvag\/wp-json\/wp\/v2\/comments?post=2129"}],"version-history":[{"count":0,"href":"https:\/\/scf.se\/landsvag\/wp-json\/wp\/v2\/pages\/2129\/revisions"}],"up":[{"embeddable":true,"href":"https:\/\/scf.se\/landsvag\/wp-json\/wp\/v2\/pages\/1813"}],"wp:attachment":[{"href":"https:\/\/scf.se\/landsvag\/wp-json\/wp\/v2\/media?parent=2129"}],"curies":[{"name":"wp","href":"https:\/\/api.w.org\/{rel}","templated":true}]}}