
{"id":2107,"date":"2019-08-08T15:40:28","date_gmt":"2019-08-08T13:40:28","guid":{"rendered":"http:\/\/scf.se\/landsvag\/?page_id=2107"},"modified":"2019-08-09T15:25:39","modified_gmt":"2019-08-09T13:25:39","slug":"resultat-nm-landsvag-masters-2019","status":"publish","type":"page","link":"https:\/\/scf.se\/landsvag\/tavling\/masterskap2019\/resultat-sm-nm-och-vm-2015\/resultat-nm-landsvag-masters-2019\/","title":{"rendered":"Resultat NM landsv\u00e4g masters 2019"},"content":{"rendered":"<p><em>Nordiska m\u00e4sterskapen 2019 arrangerades p\u00e5 \u00c5land den 3-4 augusti. Sverige er\u00f6vrade inte mindre \u00e4n 52 medaljer. Med dessa vann blev Sverige \u00e4ven \u00f6verl\u00e4gsna vinnare i nationskampen!<\/em><\/p>\n<p>Niclas Nordlund har tagit m\u00e5nga fina bilder, kolla in facebook-sidan\u00a0<a href=\"https:\/\/www.facebook.com\/pg\/niclasnordlundfotograf\/photos\/?tab=album&amp;album_id=1245712358933344&amp;__xts__%5B0%5D=68.ARBB9S4oFPHoRmomdpYczN3nvP43bLouURlm2eJBUaE7AfI7V9vhpJosZKT_tpq-NLiCcjOLNHW04b-mrq92ir_5G1KA4I-LUdaEjOaPaY6zZktm1MoR7ODncq4JA7DJgad5JIbufUOVC5DLvV0jm-IAexPoupsENTYl-Jh1q1FDRxvBN5wE1poYl5o-AwtDie93XHZ7y1G4vBmz0zqopuvExeF8eCsnLmgWoeN2y2fgAFrEHdyLOGyy3mZkq8x4EbXFm11P-gOYa2arM_J_nRcXHifJmgBixCMagoWmmUCeoKpCrEAIaz5X2JNImDBnf2z5TofkQslCbPcZ2KYjOd1iBtbD6BUT7cR9D3l3pORQ1opgpoo-3-8Lrlm8vrLELF2OI3DT7DVCrud3qwxWEIvVJdJ7B97k9GdJbX1P74o&amp;__tn__=-UC-R\">h\u00e4r.<\/a><\/p>\n<div id=\"attachment_2119\" class=\"wp-caption alignleft\" ><a href=\"https:\/\/scf.se\/landsvag\/wp-content\/uploads\/sites\/5\/2019\/08\/67515492_1245713078933272_1520898651667300352_o.jpg\"><img loading=\"lazy\" decoding=\"async\" class=\"size-post-small wp-image-2119\" src=\"https:\/\/scf.se\/landsvag\/wp-content\/uploads\/sites\/5\/2019\/08\/67515492_1245713078933272_1520898651667300352_o-740x462.jpg\" alt=\"\" width=\"740\" height=\"462\" \/><\/a><p class=\"wp-caption-text\">Nordiska M\u00e4sterskapen Masters p\u00e5 \u00c5land 2019: Bild Niclas Nordlund<\/p><\/div>\n<p>&nbsp;<\/p>\n<h3>Svenska medalj\u00f6rer tempo<\/h3>\n<h4>Guld<\/h4>\n<p>Sarah Carling (Women 30-34)<br \/>\nCecilia Hansen (Women 35-39)<br \/>\nJenny Eliasson (Women 45-49)<br \/>\nAnna Sv\u00e4rdstr\u00f6m (Women 50-54)<br \/>\nMagnus Fagerstr\u00f6m (Men\u00a030-34)<br \/>\nMathias Thunmarker (Men 35-39)<br \/>\nPatrik Bostr\u00f6m (Men 45-49)<br \/>\nStefan Lindskog (Men 50-54)<br \/>\nRoger Claesson (Men 55-59)<br \/>\nLennart Pettersson (Men 55-59)<br \/>\nAnders Johansson (Men 70-74)<br \/>\nTrond Olsson (Men 75-79)<\/p>\n<h4>Silver<\/h4>\n<p>Tina Forsberg (Women 30-34)<br \/>\nKarolina Reinhold (Women 40-44)<br \/>\nCharlotte Brems\u00a0(Women 45-49)<br \/>\nEva Gustavsson (Women\u00a055-59)<br \/>\nKristina Anund (Women 60-64)<br \/>\nAndreas Ringvall (Men 30-34)<br \/>\nPeter Eggertsen\u00a0(Men 35-39)<br \/>\nStefan Ljungberg\u00a0(Men 40-44)<br \/>\nTomas \u00c5str\u00f6m (Men 45-49)<br \/>\nStefan Steng\u00e5rd (Men 50-54)<br \/>\nTommy Flognfelt (Men 60-64)<br \/>\nTom Pietil\u00e4 (Men 65-69)<\/p>\n<h4>Brons<\/h4>\n<p>Cecilia Berglund\u00a0(Women 30-34)<br \/>\nTherese Ljungstr\u00f6m\u00a0(Women 45-49)<br \/>\nPauline Jellhede\u00a0(Women 50-54)<br \/>\nEric Egelstig (Men 45-49)<br \/>\nJonas Bohr (Men 50-54)<br \/>\nThomas Nyberg (Men 55-59)<br \/>\nKarl-Gustav Welin (Men 75-79)<\/p>\n<p><a href=\"https:\/\/scf.se\/landsvag\/wp-content\/uploads\/sites\/5\/2019\/08\/Resultat-NMM2019-ITT.pdf\">Resultat NMM 2019 tempo<\/a><\/p>\n<h3>Svenska medalj\u00f6rer linje<\/h3>\n<h4><strong>Guld\u00a0<\/strong><\/h4>\n<p>Sarah Carling, (Women 30-34)<br \/>\nCecilia Hansen (Women 35-39)<br \/>\nCamilla Hansson (Women 45-49)<br \/>\nAnna Sv\u00e4rdstr\u00f6m, (Women 50-54)<br \/>\nEva Gustavsson (Women 55-59)<br \/>\nRichard L\u00f6\u00f6w (Men 45-49)<br \/>\nTommy Flognfelt (Men 60-64)<br \/>\nThomas Nyberg\u00a0(Men 55-59)<br \/>\nTom Pietil\u00e4 (Men 65-69)<br \/>\nG\u00f6ran Cedergren (Men 70-74)<\/p>\n<h4><strong>Silver<\/strong><\/h4>\n<p>Tina Forsberg (Women 30-34)<br \/>\nJessica Edqvist (Women 35-39)<br \/>\nKarolina Reinhold (Women 40-44)<br \/>\nJenny Eliasson\u00a0(Women 45-49)<br \/>\nChristopher Harnesk Nilsson (Men 30-34)<br \/>\nStaffan Andersson (Men 50-54)<br \/>\nKrister Bergstr\u00f6m (Men 60-64)<br \/>\nJan Jonsson (Men 65-69)<br \/>\nAnders Johansson (Men 70-74)<\/p>\n<h4>Brons<\/h4>\n<p>Cecilia Berglund (Women 30-34)<br \/>\nMagdalena G\u00f6ransson (Women 35-39)<br \/>\nAnna Eriksmo\u00a0(Women 40-44)<br \/>\nMichael Bergman (Men 50-54)<br \/>\nStig Plate Andersson (Men 60-64)<br \/>\nStefan Kuhl (Men 55-59)<\/p>\n<p><a href=\"https:\/\/scf.se\/landsvag\/wp-content\/uploads\/sites\/5\/2019\/08\/Resultat-NMM2019-ROAD.pdf\">Samtliga Resultat NMM 2019 linje<\/a><\/p>\n<h3><strong>Po\u00e4ngst\u00e4llningen i Nationskampen<\/strong><\/h3>\n<p>Sverige 368 po\u00e4ng<strong><br \/>\n<\/strong>Norge 180 po\u00e4ng<br \/>\nFinland 69 po\u00e4ng<br \/>\nDanmark 37 po\u00e4ng<\/p>\n","protected":false},"excerpt":{"rendered":"<p>Nordiska m\u00e4sterskapen 2019 arrangerades p\u00e5 \u00c5land den 3-4 augusti. Sverige er\u00f6vrade inte mindre \u00e4n 52 medaljer. Med dessa vann blev Sverige \u00e4ven \u00f6verl\u00e4gsna vinnare i nationskampen! Niclas Nordlund har tagit m\u00e5nga fina bilder, kolla in facebook-sidan\u00a0h\u00e4r. &nbsp; Svenska medalj\u00f6rer tempo Guld Sarah Carling (Women 30-34) Cecilia Hansen (Women 35-39) Jenny Eliasson (Women 45-49) Anna<a href=\"https:\/\/scf.se\/landsvag\/tavling\/masterskap2019\/resultat-sm-nm-och-vm-2015\/resultat-nm-landsvag-masters-2019\/\" class=\"news-card__more\"> &#8230;<\/a><\/p>\n","protected":false},"author":2,"featured_media":0,"parent":464,"menu_order":0,"comment_status":"closed","ping_status":"closed","template":"","meta":{"_acf_changed":false,"footnotes":""},"class_list":["post-2107","page","type-page","status-publish","hentry"],"acf":[],"_links":{"self":[{"href":"https:\/\/scf.se\/landsvag\/wp-json\/wp\/v2\/pages\/2107","targetHints":{"allow":["GET"]}}],"collection":[{"href":"https:\/\/scf.se\/landsvag\/wp-json\/wp\/v2\/pages"}],"about":[{"href":"https:\/\/scf.se\/landsvag\/wp-json\/wp\/v2\/types\/page"}],"author":[{"embeddable":true,"href":"https:\/\/scf.se\/landsvag\/wp-json\/wp\/v2\/users\/2"}],"replies":[{"embeddable":true,"href":"https:\/\/scf.se\/landsvag\/wp-json\/wp\/v2\/comments?post=2107"}],"version-history":[{"count":0,"href":"https:\/\/scf.se\/landsvag\/wp-json\/wp\/v2\/pages\/2107\/revisions"}],"up":[{"embeddable":true,"href":"https:\/\/scf.se\/landsvag\/wp-json\/wp\/v2\/pages\/464"}],"wp:attachment":[{"href":"https:\/\/scf.se\/landsvag\/wp-json\/wp\/v2\/media?parent=2107"}],"curies":[{"name":"wp","href":"https:\/\/api.w.org\/{rel}","templated":true}]}}