
{"id":1005,"date":"2016-12-05T20:08:48","date_gmt":"2016-12-05T19:08:48","guid":{"rendered":"http:\/\/scf.se\/landsvag\/?page_id=1005"},"modified":"2017-08-05T14:27:43","modified_gmt":"2017-08-05T12:27:43","slug":"sm-ungdom-2017","status":"publish","type":"page","link":"https:\/\/scf.se\/landsvag\/tavling\/sm-ungdom-2017\/","title":{"rendered":"SM Ungdom 2017"},"content":{"rendered":"<p><strong>CK Bure<\/strong>, en av Sveriges \u00e4ldsta cykelklubbar \u00f6nskar v\u00e4lkommen till Ungdoms-SM p\u00e5 Galgberget i Halmstad den <strong>4-6 augusti\u00a02017<\/strong>.<\/p>\n<p>T\u00e4vlingscentrum \u00e4r p\u00e5 Landalav\u00e4gen p\u00e5 Galgberget, en kort promenad fr\u00e5n centrum. Fredag den 4:e g\u00f6r ungdomen upp om stafett-titeln p\u00e5 en 3,3 km varvbana p\u00e5 Galgberget. L\u00f6rdag den 5:e \u00e4r det individuellt tempolopp och p\u00e5 s\u00f6ndagen avg\u00f6rs linjeloppen p\u00e5 en 10 km varvbana.<\/p>\n<p><strong>PM\/Inbjudan och Resultat<\/strong> publiceras p\u00e5\u00a0<a href=\"http:\/\/www.swecyclingonline.se\">swecyclingonline<\/a>.<\/p>\n<p><strong>SCF styrelserepresentant:<\/strong><a href=\"http:\/\/www.smveckan.se\/\"><strong> \u00a0<\/strong><\/a>Lotta Jegenstam<br \/>\n<em>Ut\u00f6ver styrelsen representeras Svenska Cykelf\u00f6rbundet centralt av kommissarier, f\u00f6rbundskaptener, kommunikat\u00f6rer och t\u00e4vlingsansvarig<\/em><\/p>\n<div id=\"attachment_1076\" class=\"wp-caption alignnone\" ><a href=\"https:\/\/scf.se\/landsvag\/wp-content\/uploads\/sites\/5\/2016\/12\/USM_CK-Bure.jpg\"><img loading=\"lazy\" decoding=\"async\" class=\"size-full wp-image-1076\" src=\"https:\/\/scf.se\/landsvag\/wp-content\/uploads\/sites\/5\/2016\/12\/USM_CK-Bure.jpg\" alt=\"Ungdoms-SM landsv\u00e4g 2017 arrangeras av CK Bure\" width=\"320\" height=\"213\" srcset=\"https:\/\/scf.se\/landsvag\/wp-content\/uploads\/sites\/5\/2016\/12\/USM_CK-Bure.jpg 320w, https:\/\/scf.se\/landsvag\/wp-content\/uploads\/sites\/5\/2016\/12\/USM_CK-Bure-300x200.jpg 300w\" sizes=\"auto, (max-width: 320px) 100vw, 320px\" \/><\/a><p class=\"wp-caption-text\">Ungdoms-SM landsv\u00e4g 2017 arrangeras av CK Bure<\/p><\/div>\n","protected":false},"excerpt":{"rendered":"<p>CK Bure, en av Sveriges \u00e4ldsta cykelklubbar \u00f6nskar v\u00e4lkommen till Ungdoms-SM p\u00e5 Galgberget i Halmstad den 4-6 augusti\u00a02017. T\u00e4vlingscentrum \u00e4r p\u00e5 Landalav\u00e4gen p\u00e5 Galgberget, en kort promenad fr\u00e5n centrum. Fredag den 4:e g\u00f6r ungdomen upp om stafett-titeln p\u00e5 en 3,3 km varvbana p\u00e5 Galgberget. L\u00f6rdag den 5:e \u00e4r det individuellt tempolopp och p\u00e5 s\u00f6ndagen<a href=\"https:\/\/scf.se\/landsvag\/tavling\/sm-ungdom-2017\/\" class=\"news-card__more\"> &#8230;<\/a><\/p>\n","protected":false},"author":2,"featured_media":0,"parent":13,"menu_order":0,"comment_status":"closed","ping_status":"closed","template":"","meta":{"_acf_changed":false,"footnotes":""},"class_list":["post-1005","page","type-page","status-publish","hentry"],"acf":[],"_links":{"self":[{"href":"https:\/\/scf.se\/landsvag\/wp-json\/wp\/v2\/pages\/1005","targetHints":{"allow":["GET"]}}],"collection":[{"href":"https:\/\/scf.se\/landsvag\/wp-json\/wp\/v2\/pages"}],"about":[{"href":"https:\/\/scf.se\/landsvag\/wp-json\/wp\/v2\/types\/page"}],"author":[{"embeddable":true,"href":"https:\/\/scf.se\/landsvag\/wp-json\/wp\/v2\/users\/2"}],"replies":[{"embeddable":true,"href":"https:\/\/scf.se\/landsvag\/wp-json\/wp\/v2\/comments?post=1005"}],"version-history":[{"count":0,"href":"https:\/\/scf.se\/landsvag\/wp-json\/wp\/v2\/pages\/1005\/revisions"}],"up":[{"embeddable":true,"href":"https:\/\/scf.se\/landsvag\/wp-json\/wp\/v2\/pages\/13"}],"wp:attachment":[{"href":"https:\/\/scf.se\/landsvag\/wp-json\/wp\/v2\/media?parent=1005"}],"curies":[{"name":"wp","href":"https:\/\/api.w.org\/{rel}","templated":true}]}}