
{"id":9,"date":"2026-03-06T14:40:51","date_gmt":"2026-03-06T13:40:51","guid":{"rendered":"https:\/\/scf.se\/gravity\/?page_id=9"},"modified":"2026-03-10T17:24:20","modified_gmt":"2026-03-10T16:24:20","slug":"tavlingsregler","status":"publish","type":"page","link":"https:\/\/scf.se\/gravel\/tavlingsregler\/","title":{"rendered":"T\u00e4vlingsregler"},"content":{"rendered":"<p>SCF:s samtliga t\u00e4vlingsregler, inklusive t\u00e4vlingsregler Del 15 f\u00f6r gravel finns att hitta h\u00e4r: <a href=\"https:\/\/scf.se\/forbundet\/tavlingsverksamhet\/tavlingsregler\/\">T\u00e4vlingsregler &#8211; F\u00f6rbundet &#8211; Svenska Cykelf\u00f6rbundet<\/a><\/p>\n<p>UCI:s internationella t\u00e4vlingsregler f\u00f6r gravel finns p\u00e5 UCI&#8217;s hemsida (www.uci.ch) under &#8221;Regulations, Part XV: CYCLING FOR ALL&#8221;. Se l\u00e4nk h\u00e4r: <a href=\"https:\/\/www.uci.org\/regulations\/3MyLDDrwJCJJ0BGGOFzOat#part-xv-cycling-for-all\">Regulations | UCI<\/a><\/p>\n","protected":false},"excerpt":{"rendered":"<p>SCF:s samtliga t\u00e4vlingsregler, inklusive t\u00e4vlingsregler Del 15 f\u00f6r gravel finns att hitta h\u00e4r: T\u00e4vlingsregler &#8211; F\u00f6rbundet &#8211; Svenska Cykelf\u00f6rbundet UCI:s internationella t\u00e4vlingsregler f\u00f6r gravel finns p\u00e5 UCI&#8217;s hemsida (www.uci.ch) under &#8221;Regulations, Part XV: CYCLING FOR ALL&#8221;. Se l\u00e4nk h\u00e4r: Regulations | UCI<\/p>\n","protected":false},"author":30,"featured_media":0,"parent":0,"menu_order":0,"comment_status":"closed","ping_status":"closed","template":"","meta":{"_acf_changed":false,"footnotes":""},"class_list":["post-9","page","type-page","status-publish","hentry"],"acf":[],"_links":{"self":[{"href":"https:\/\/scf.se\/gravel\/wp-json\/wp\/v2\/pages\/9","targetHints":{"allow":["GET"]}}],"collection":[{"href":"https:\/\/scf.se\/gravel\/wp-json\/wp\/v2\/pages"}],"about":[{"href":"https:\/\/scf.se\/gravel\/wp-json\/wp\/v2\/types\/page"}],"author":[{"embeddable":true,"href":"https:\/\/scf.se\/gravel\/wp-json\/wp\/v2\/users\/30"}],"replies":[{"embeddable":true,"href":"https:\/\/scf.se\/gravel\/wp-json\/wp\/v2\/comments?post=9"}],"version-history":[{"count":4,"href":"https:\/\/scf.se\/gravel\/wp-json\/wp\/v2\/pages\/9\/revisions"}],"predecessor-version":[{"id":875,"href":"https:\/\/scf.se\/gravel\/wp-json\/wp\/v2\/pages\/9\/revisions\/875"}],"wp:attachment":[{"href":"https:\/\/scf.se\/gravel\/wp-json\/wp\/v2\/media?parent=9"}],"curies":[{"name":"wp","href":"https:\/\/api.w.org\/{rel}","templated":true}]}}