
{"id":85,"date":"2025-12-16T11:01:24","date_gmt":"2025-12-16T10:01:24","guid":{"rendered":"https:\/\/scf.se\/gravity\/?page_id=85"},"modified":"2025-12-16T11:15:03","modified_gmt":"2025-12-16T10:15:03","slug":"em-gravel","status":"publish","type":"page","link":"https:\/\/scf.se\/gravel\/em-gravel\/","title":{"rendered":"EM Gravel 2026, 2027, 2028"},"content":{"rendered":"<h3>EM Elit och AG<\/h3>\n<h3 data-start=\"424\" data-end=\"467\">Viktiga f\u00f6r\u00e4ndringar fr\u00e5n och med 2026:<\/h3>\n<ul data-start=\"469\" data-end=\"1933\">\n<li data-start=\"469\" data-end=\"801\">\n<p data-start=\"471\" data-end=\"801\"><strong data-start=\"471\" data-end=\"528\">Automatisk kvalificering via UCI Gravel World Series:<\/strong><br data-start=\"528\" data-end=\"531\" \/>Alla europeiska delt\u00e4vlingar i UCI Gravel World Series som genomf\u00f6rs inom 12 m\u00e5nader f\u00f6re de Europeiska Gravelm\u00e4sterskapen kommer automatiskt att fungera som kvalificeringsevent. De b\u00e4sta <strong data-start=\"721\" data-end=\"746\">25 % i varje kategori<\/strong>, med europeisk t\u00e4vlingsnationalitet, kvalificerar sig.<\/p>\n<\/li>\n<li data-start=\"803\" data-end=\"1033\">\n<p data-start=\"805\" data-end=\"1033\"><strong data-start=\"805\" data-end=\"855\">Beh\u00f6righet f\u00f6r att t\u00e4vla om europeiska titlar:<\/strong><br data-start=\"855\" data-end=\"858\" \/>Endast cyklister som har kvalificerat sig, innehar en hel\u00e5rslicens med giltigt UCI-ID och har t\u00e4vlingsnationalitet i ett europeiskt land f\u00e5r t\u00e4vla om de europeiska titlarna.<\/p>\n<\/li>\n<li data-start=\"1035\" data-end=\"1327\">\n<p data-start=\"1037\" data-end=\"1327\"><strong data-start=\"1037\" data-end=\"1073\">Deltagande f\u00f6r motionscyklister:<\/strong><br data-start=\"1073\" data-end=\"1076\" \/>Motion\u00e4rer kan fortfarande delta med en endagslicens, vilket \u00e4r standard i alla UCI Gravel World Series-lopp. Dock \u00e4r de <strong data-start=\"1199\" data-end=\"1207\">inte<\/strong> ber\u00e4ttigade att t\u00e4vla om europeiska titlar. Ett medicinskt sportintyg kommer att kr\u00e4vas f\u00f6r deltagare med endagslicens.<\/p>\n<\/li>\n<li data-start=\"1329\" data-end=\"1575\">\n<p data-start=\"1331\" data-end=\"1575\"><strong data-start=\"1331\" data-end=\"1362\">Wildcards f\u00f6r v\u00e4rdnationen:<\/strong><br data-start=\"1362\" data-end=\"1365\" \/>Det nationella f\u00f6rbundet i v\u00e4rdlandet kommer att tilldelas ett antal wildcard-platser. Dessa cyklister kan delta utan att ha kvalificerat sig i f\u00f6rv\u00e4g. Exakt antal wildcards meddelas vid ett senare tillf\u00e4lle.<\/p>\n<\/li>\n<li data-start=\"1577\" data-end=\"1746\">\n<p data-start=\"1579\" data-end=\"1746\"><strong data-start=\"1579\" data-end=\"1633\">Kvalificering till UCI Gravel World Championships:<\/strong><br data-start=\"1633\" data-end=\"1636\" \/>De Europeiska Gravelm\u00e4sterskapen forts\u00e4tter att vara kvalificeringsevent f\u00f6r UCI Gravel World Championships.<\/p>\n<\/li>\n<li data-start=\"1748\" data-end=\"1933\">\n<p data-start=\"1750\" data-end=\"1933\"><strong data-start=\"1750\" data-end=\"1782\">Obligatorisk landslagsdr\u00e4kt:<\/strong><br data-start=\"1782\" data-end=\"1785\" \/>Alla som t\u00e4vlar om europeiska titlar f\u00f6rv\u00e4ntas g\u00f6ra det i en landslagstr\u00f6ja som representerar deras nation, vilket st\u00e4rker m\u00e4sterskapens prestige.<\/p>\n<\/li>\n<\/ul>\n<p>&nbsp;<\/p>\n<h3 data-start=\"1935\" data-end=\"1959\">Kommande v\u00e4rdst\u00e4der:<\/h3>\n<h3>EM Gravel 2026<\/h3>\n<p>Ort: Houffalize, Belgien<\/p>\n<p>Datum: TBA<\/p>\n<p>Arrang\u00f6r: Golazo<\/p>\n<h3>EM Gravel 2027<\/h3>\n<p>Ort: Lahti, Finland<\/p>\n<p>Datum: TBA<\/p>\n<p>Arrang\u00f6r: TBA<\/p>\n<h3>EM Gravel 2028<\/h3>\n<p>Ort: Silkeborg, Danmark<\/p>\n<p>Datum: TBA<\/p>\n<p>Arrang\u00f6r: TBA<\/p>\n","protected":false},"excerpt":{"rendered":"<p>EM Elit och AG Viktiga f\u00f6r\u00e4ndringar fr\u00e5n och med 2026: Automatisk kvalificering via UCI Gravel World Series:Alla europeiska delt\u00e4vlingar i UCI Gravel World Series som genomf\u00f6rs inom 12 m\u00e5nader f\u00f6re de Europeiska Gravelm\u00e4sterskapen kommer automatiskt att fungera som kvalificeringsevent. De b\u00e4sta 25 % i varje kategori, med europeisk t\u00e4vlingsnationalitet, kvalificerar sig. Beh\u00f6righet f\u00f6r att<a href=\"https:\/\/scf.se\/gravel\/em-gravel\/\" class=\"news-card__more\"> &#8230;<\/a><\/p>\n","protected":false},"author":30,"featured_media":0,"parent":0,"menu_order":0,"comment_status":"closed","ping_status":"closed","template":"","meta":{"_acf_changed":false,"footnotes":""},"class_list":["post-85","page","type-page","status-publish","hentry"],"acf":[],"_links":{"self":[{"href":"https:\/\/scf.se\/gravel\/wp-json\/wp\/v2\/pages\/85","targetHints":{"allow":["GET"]}}],"collection":[{"href":"https:\/\/scf.se\/gravel\/wp-json\/wp\/v2\/pages"}],"about":[{"href":"https:\/\/scf.se\/gravel\/wp-json\/wp\/v2\/types\/page"}],"author":[{"embeddable":true,"href":"https:\/\/scf.se\/gravel\/wp-json\/wp\/v2\/users\/30"}],"replies":[{"embeddable":true,"href":"https:\/\/scf.se\/gravel\/wp-json\/wp\/v2\/comments?post=85"}],"version-history":[{"count":9,"href":"https:\/\/scf.se\/gravel\/wp-json\/wp\/v2\/pages\/85\/revisions"}],"predecessor-version":[{"id":837,"href":"https:\/\/scf.se\/gravel\/wp-json\/wp\/v2\/pages\/85\/revisions\/837"}],"wp:attachment":[{"href":"https:\/\/scf.se\/gravel\/wp-json\/wp\/v2\/media?parent=85"}],"curies":[{"name":"wp","href":"https:\/\/api.w.org\/{rel}","templated":true}]}}