
{"id":557,"date":"2026-03-07T08:05:26","date_gmt":"2026-03-07T07:05:26","guid":{"rendered":"https:\/\/scf.se\/gravel\/?page_id=557"},"modified":"2026-03-10T17:32:00","modified_gmt":"2026-03-10T16:32:00","slug":"sm-gravel","status":"publish","type":"page","link":"https:\/\/scf.se\/gravel\/sm-gravel\/","title":{"rendered":"SM Gravel"},"content":{"rendered":"<p>SM i Gravel 2026 kommer arrangeras 13 september av XXX i Blomsterm\u00e5la\/M\u00f6nster\u00e5s<\/p>\n<p>SM i Gravel 2025 har arrangerats 12 juli av Mix Sports Club i V\u00e4rnamo<\/p>\n","protected":false},"excerpt":{"rendered":"<p>SM i Gravel 2026 kommer arrangeras 13 september av XXX i Blomsterm\u00e5la\/M\u00f6nster\u00e5s SM i Gravel 2025 har arrangerats 12 juli av Mix Sports Club i V\u00e4rnamo<\/p>\n","protected":false},"author":58,"featured_media":0,"parent":0,"menu_order":0,"comment_status":"closed","ping_status":"closed","template":"","meta":{"_acf_changed":false,"footnotes":""},"class_list":["post-557","page","type-page","status-publish","hentry"],"acf":[],"_links":{"self":[{"href":"https:\/\/scf.se\/gravel\/wp-json\/wp\/v2\/pages\/557","targetHints":{"allow":["GET"]}}],"collection":[{"href":"https:\/\/scf.se\/gravel\/wp-json\/wp\/v2\/pages"}],"about":[{"href":"https:\/\/scf.se\/gravel\/wp-json\/wp\/v2\/types\/page"}],"author":[{"embeddable":true,"href":"https:\/\/scf.se\/gravel\/wp-json\/wp\/v2\/users\/58"}],"replies":[{"embeddable":true,"href":"https:\/\/scf.se\/gravel\/wp-json\/wp\/v2\/comments?post=557"}],"version-history":[{"count":5,"href":"https:\/\/scf.se\/gravel\/wp-json\/wp\/v2\/pages\/557\/revisions"}],"predecessor-version":[{"id":880,"href":"https:\/\/scf.se\/gravel\/wp-json\/wp\/v2\/pages\/557\/revisions\/880"}],"wp:attachment":[{"href":"https:\/\/scf.se\/gravel\/wp-json\/wp\/v2\/media?parent=557"}],"curies":[{"name":"wp","href":"https:\/\/api.w.org\/{rel}","templated":true}]}}