
{"id":243,"date":"2024-09-24T19:31:27","date_gmt":"2024-09-24T17:31:27","guid":{"rendered":"https:\/\/scf.se\/gravel\/?page_id=243"},"modified":"2024-09-25T09:04:14","modified_gmt":"2024-09-25T07:04:14","slug":"swe-cup-gravel-2024","status":"publish","type":"page","link":"https:\/\/scf.se\/gravel\/swe-cup-gravel-2024\/","title":{"rendered":"SWE Cup gravel 2024"},"content":{"rendered":"<h3>Slutst\u00e4llning SWE Cup gravel 2024<\/h3>\n<h3><a href=\"https:\/\/scf.se\/gravel\/wp-content\/uploads\/sites\/19\/2024\/09\/SWE-Cup-slutstallning-efter-deltavling-3-2024.pdf\">SWE Cup slutst\u00e4llning efter delt\u00e4vling #3 2024<\/a><\/h3>\n<p><em>Obs: Pga inst\u00e4llda och tillkommande delt\u00e4vlingar under \u00e5ret samt olika besked om hur totalpo\u00e4ngen av SWE Cup gravel ska r\u00e4knas s\u00e5 har vi beslutat att i det fall en cyklist hamnat p\u00e5 s\u00e4mre placering inom topp 3 efter po\u00e4ngavdrag fr\u00e5n en delt\u00e4vling, s\u00e5 kommer den cyklisten f\u00e5 samma pris som om po\u00e4ng inte dragits av.\u00a0\u00a0<\/em><\/p>\n<hr \/>\n<p>V\u00e4lkomna till premi\u00e4rs\u00e4songen av SWE Cup gravel 2024!<\/p>\n<p>Cupen best\u00e5r av <strong>tre delt\u00e4vlingar<\/strong> och deltagarna \u00e4r indelade i tre t\u00e4vlingsklasser. Till skillnad mot SM d\u00e4r vi har fem\u00e5rsintervall i klasserna s\u00e5 h\u00e5ller vi det i SWE Cup gravel v\u00e4ldigt enkelt med endast tre klasser som i huvudsak \u00e4r definierade av licenstyp och \u00e5lder. OBS: Du som vill delta i SM-klass p\u00e5 Dalsland Gravel Race beh\u00f6ver ha Elit-, Master-, U23-, eller Juniorlicens.<\/p>\n<p>&nbsp;<\/p>\n<h3>Delt\u00e4vlingarna i SWE Cup gravel 2024<\/h3>\n<ul>\n<li><strong>18 augusti:<\/strong> Gravel Grit\u2019n Grind stage 3 (Halmstad), <a href=\"https:\/\/www.sportstiming.se\/event\/13862\">Sportstiming &#8211; Gravel, Grit &#8217;n Grind Halmstad 2024 STAGE 3<\/a><\/li>\n<li><strong>24 augusti:<\/strong> Nordic Gravel Series Bergslagen 2024 (Nora), <a href=\"https:\/\/raceid.com\/en\/races\/11574\/about\">https:\/\/raceid.com\/en\/races\/11574\/about<\/a><\/li>\n<li><strong>21 september:<\/strong> Dalsland Gravel Race (Bengtsfors), \u00e4ven SM, <a href=\"https:\/\/signup.eqtiming.com\/?Event=Dalsland_Gravel_Race&amp;lang=swedish\">Anm\u00e4lan Dalsland Gravel Race (eqtiming.com)<\/a><\/li>\n<\/ul>\n<h3>Klassindelning<\/h3>\n<p>Delt\u00e4vlingarna kommer f\u00f6rutom att ha v\u00e5ra klassindelningar \u00e4ven ha sina egna. Detta med anledning av bland annat av att Gravel Grit &#8217;n Grind g\u00e5r i samband med en Gravel World Series delt\u00e4vling och att Dalsland Gravel Race har SM-status. Men, f\u00f6r SWE Cup g\u00e4ller nedan klassindelning. Notera att det \u00e4r cyklistens licens som styr vilken klass han\/hon blir tillh\u00f6r. Cyklist med Masterlicens hamnar i Age Group I eller II beroende p\u00e5 \u00e5lder. Cyklist med Elitlicens hamnar i Elit.<\/p>\n<p><strong>Elit dam<\/strong>\u00a0\u2013 H\u00e4r k\u00f6r deltagare 19+ som har Elit- eller U23*-licens.<br \/>\n<strong>Elit herr<\/strong>\u00a0\u2013 H\u00e4r k\u00f6r deltagare 19+ som har Elit- eller U23*-licens.<\/p>\n<p><strong>Age Group I dam<\/strong>\u00a0\u2013 H\u00e4r k\u00f6r deltagare 17+ som har U23*-, Master-, Junior-, Bas-, Motions- eller Eng\u00e5ngslicens.<br \/>\n<strong>Age Group I herr<\/strong>\u00a0\u2013 H\u00e4r k\u00f6r deltagare 17+ som har U23*-, Master-, Junior-, Bas-, Motions- eller Eng\u00e5ngslicens.<\/p>\n<p><strong>Age Group II dam<\/strong>\u00a0(k\u00f6r kortare bana**) \u2013 H\u00e4r k\u00f6r deltagare D50+ som har Master-, Bas-, Motions- eller Eng\u00e5ngslicens.<br \/>\n<strong>Age Group II herr<\/strong> (k\u00f6r kortare bana**) \u2013 H\u00e4r k\u00f6r deltagare H60+ som har Master-, Bas-, Motions- eller Eng\u00e5ngslicens.<\/p>\n<p><em>*Deltagare med U23-licens f\u00e5r sj\u00e4lva v\u00e4lja om de vill k\u00f6ra i Elit- eller Age Group I-klass.<\/em><br \/>\n<em>**D50+ och H60+ k\u00f6r kortare bana \u00e4ven i Gravel World Series och p\u00e5 SM.<\/em><\/p>\n<h3>SWE Cup-po\u00e4ng<\/h3>\n<p>Po\u00e4ng till deltagarna i SWE Cup gravel delas ut enligt po\u00e4ngtabell nedan. Segrare i varje SWE Cup-klass f\u00e5r 250 po\u00e4ng. Samtliga fullf\u00f6ljande med s\u00e4mre placering \u00e4n 66 f\u00e5r 1 po\u00e4ng. <strong>Totalsammanst\u00e4llningen baseras p\u00e5 de tv\u00e5 fr\u00e4msta resultaten, dvs ett f\u00e5r r\u00e4knas bort.<\/strong> <strong>Om tv\u00e5 deltagare har samma po\u00e4ng s\u00e5 blir resultatet fr\u00e5n <span style=\"text-decoration: underline;\">senaste<\/span> delt\u00e4vlingen \u00f6verordnat.<\/strong> Deltagare som byter klass f\u00e5r inte med sig sina po\u00e4ng. I det fall starten sker uppdelat (g\u00e4ller Age Group) kan po\u00e4ngen komma att f\u00f6rdelas baserat p\u00e5 t\u00e4vlingstid, inte p\u00e5 placering i m\u00e5l.<\/p>\n<h3>Po\u00e4ngtabell f\u00f6r placering<\/h3>\n<ul>\n<li>1) <strong>250<\/strong> po\u00e4ng<\/li>\n<li>2) <strong>200<\/strong><\/li>\n<li>3)<strong> 160<\/strong><\/li>\n<li>4) <strong>150<\/strong><\/li>\n<li>5) <strong>140<\/strong><\/li>\n<li>6) <strong>130<\/strong><\/li>\n<li>7)<strong> 120<\/strong><\/li>\n<li>8)<strong> 110<\/strong><\/li>\n<li>9) <strong>100<\/strong><\/li>\n<li>10)<strong> 95<\/strong><\/li>\n<li>11)<strong> 90<\/strong><\/li>\n<li>12)<strong> 85<\/strong><\/li>\n<li>13)<strong> 80<\/strong><\/li>\n<li>14)<strong> 78<\/strong><\/li>\n<li>15) <strong>76<\/strong><\/li>\n<li>16)<strong>\u00a074<\/strong><\/li>\n<li>17)<strong> 72<\/strong><\/li>\n<li>18) <strong>70<\/strong><\/li>\n<li>19)\u00a0<strong>68<\/strong><\/li>\n<li>20)\u00a0<strong>66<\/strong><\/li>\n<li>21)\u00a0<strong>64<\/strong><\/li>\n<li>22)\u00a0<strong>62<\/strong><\/li>\n<li>23)\u00a0<strong>60<\/strong><\/li>\n<li>24)\u00a0<strong>58<\/strong><\/li>\n<li>25)\u00a0<strong>56<\/strong><\/li>\n<li>26)\u00a0<strong>54<\/strong><\/li>\n<li>27)\u00a0<strong>52<\/strong><\/li>\n<li>28)\u00a0<strong>50<\/strong><\/li>\n<li>29)\u00a0<strong>48<\/strong><\/li>\n<li>30)\u00a0<strong>46<\/strong><\/li>\n<li>31)\u00a0<strong>44<\/strong><\/li>\n<li>32)\u00a0<strong>42<\/strong><\/li>\n<li>33)\u00a0<strong>40<\/strong><\/li>\n<li>34)\u00a0<strong>38<\/strong><\/li>\n<li>35)\u00a0<strong>36<\/strong><\/li>\n<li>36)\u00a0<strong>34<\/strong><\/li>\n<li>37)\u00a0<strong>32<\/strong><\/li>\n<li>38)\u00a0<strong>30<\/strong><\/li>\n<li>39)\u00a0<strong>29<\/strong><\/li>\n<li>40)\u00a0<strong>28<\/strong><\/li>\n<li>41)\u00a0<strong>27<\/strong><\/li>\n<li>42)\u00a0<strong>26<\/strong><\/li>\n<li>43)\u00a0<strong>25<\/strong><\/li>\n<li>44)\u00a0<strong>24<\/strong><\/li>\n<li>45)\u00a0<strong>23<\/strong><\/li>\n<li>46)\u00a0<strong>22<\/strong><\/li>\n<li>47)\u00a0<strong>21<\/strong><\/li>\n<li>48)\u00a0<strong>20<\/strong><\/li>\n<li>49)\u00a0<strong>19<\/strong><\/li>\n<li>50)\u00a0<strong>18<\/strong><\/li>\n<li>51)\u00a0<strong>17<\/strong><\/li>\n<li>52)\u00a0<strong>16<\/strong><\/li>\n<li>53)\u00a0<strong>15<\/strong><\/li>\n<li>54)\u00a0<strong>14<\/strong><\/li>\n<li>55)\u00a0<strong>13<\/strong><\/li>\n<li>56)\u00a0<strong>12<\/strong><\/li>\n<li>57)\u00a0<strong>11<\/strong><\/li>\n<li>58)\u00a0<strong>10<\/strong><\/li>\n<li>59)<strong>\u00a09<\/strong><\/li>\n<li>60)<strong>\u00a08<\/strong><\/li>\n<li>61)\u00a0<strong>7<\/strong><\/li>\n<li>62)\u00a0<strong>6<\/strong><\/li>\n<li>63)\u00a0<strong>5<\/strong><\/li>\n<li>64)\u00a0<strong>4<\/strong><\/li>\n<li>65)\u00a0<strong>3<\/strong><\/li>\n<li>66)\u00a0<strong>2<\/strong><\/li>\n<li>67)<strong>\u00a01*<\/strong><\/li>\n<\/ul>\n<p><em>*Alla som fullf\u00f6ljer med placering 67 och ned\u00e5t f\u00e5r en po\u00e4ng.<\/em><\/p>\n<h3>SWE Cup gravel priser totalsammanst\u00e4llning<\/h3>\n<p>Placering\u00a0 \u00a0 \u00a0 \u00a0 \u00a0 \u00a0 \u00a0 \u00a0 <strong>Elit Dam\u00a0 \u00a0 \u00a0 \u00a0 \u00a0 \u00a0 \u00a0 \u00a0 \u00a0 <\/strong><strong>Elit Herr<\/strong><\/p>\n<p>1:a\u00a0 \u00a0 \u00a0 \u00a0 \u00a0 \u00a0 \u00a0 \u00a0 \u00a0 \u00a0 \u00a0 \u00a0 \u00a0 \u00a0 7&#8217;000 kr\u00a0 \u00a0 \u00a0 \u00a0 \u00a0 \u00a0 \u00a0 \u00a0 \u00a0 \u00a07&#8217;000 kr<\/p>\n<p>2:a\u00a0 \u00a0 \u00a0 \u00a0 \u00a0 \u00a0 \u00a0 \u00a0 \u00a0 \u00a0 \u00a0 \u00a0 \u00a0 \u00a05&#8217;000 kr\u00a0 \u00a0 \u00a0 \u00a0 \u00a0 \u00a0 \u00a0 \u00a0 \u00a0 \u00a05&#8217;000 kr<\/p>\n<p>3:a\u00a0 \u00a0 \u00a0 \u00a0 \u00a0 \u00a0 \u00a0 \u00a0 \u00a0 \u00a0 \u00a0 \u00a0 \u00a0 \u00a03&#8217;000 kr\u00a0 \u00a0 \u00a0 \u00a0 \u00a0 \u00a0 \u00a0 \u00a0 \u00a0 \u00a03&#8217;000 kr<\/p>\n<p>&nbsp;<\/p>\n<p><a href=\"https:\/\/scf.se\/gravel\/wp-content\/uploads\/sites\/19\/2024\/06\/Forutsattningar-SWE-Cup-Gravel-2024.pdf\">F\u00f6ruts\u00e4ttningar SWE Cup Gravel 2024<\/a><\/p>\n","protected":false},"excerpt":{"rendered":"<p>Slutst\u00e4llning SWE Cup gravel 2024 SWE Cup slutst\u00e4llning efter delt\u00e4vling #3 2024 Obs: Pga inst\u00e4llda och tillkommande delt\u00e4vlingar under \u00e5ret samt olika besked om hur totalpo\u00e4ngen av SWE Cup gravel ska r\u00e4knas s\u00e5 har vi beslutat att i det fall en cyklist hamnat p\u00e5 s\u00e4mre placering inom topp 3 efter po\u00e4ngavdrag fr\u00e5n en delt\u00e4vling,<a href=\"https:\/\/scf.se\/gravel\/swe-cup-gravel-2024\/\" class=\"news-card__more\"> &#8230;<\/a><\/p>\n","protected":false},"author":30,"featured_media":228,"parent":0,"menu_order":0,"comment_status":"closed","ping_status":"closed","template":"","meta":{"_acf_changed":false,"footnotes":""},"class_list":["post-243","page","type-page","status-publish","hentry"],"acf":[],"_links":{"self":[{"href":"https:\/\/scf.se\/gravel\/wp-json\/wp\/v2\/pages\/243","targetHints":{"allow":["GET"]}}],"collection":[{"href":"https:\/\/scf.se\/gravel\/wp-json\/wp\/v2\/pages"}],"about":[{"href":"https:\/\/scf.se\/gravel\/wp-json\/wp\/v2\/types\/page"}],"author":[{"embeddable":true,"href":"https:\/\/scf.se\/gravel\/wp-json\/wp\/v2\/users\/30"}],"replies":[{"embeddable":true,"href":"https:\/\/scf.se\/gravel\/wp-json\/wp\/v2\/comments?post=243"}],"version-history":[{"count":16,"href":"https:\/\/scf.se\/gravel\/wp-json\/wp\/v2\/pages\/243\/revisions"}],"predecessor-version":[{"id":470,"href":"https:\/\/scf.se\/gravel\/wp-json\/wp\/v2\/pages\/243\/revisions\/470"}],"wp:featuredmedia":[{"embeddable":true,"href":"https:\/\/scf.se\/gravel\/wp-json\/wp\/v2\/media\/228"}],"wp:attachment":[{"href":"https:\/\/scf.se\/gravel\/wp-json\/wp\/v2\/media?parent=243"}],"curies":[{"name":"wp","href":"https:\/\/api.w.org\/{rel}","templated":true}]}}