
{"id":19,"date":"2023-09-05T14:42:01","date_gmt":"2023-09-05T12:42:01","guid":{"rendered":"https:\/\/scf.se\/gravity\/?page_id=19"},"modified":"2023-09-08T13:46:40","modified_gmt":"2023-09-08T11:46:40","slug":"gravel-sm-2023","status":"publish","type":"page","link":"https:\/\/scf.se\/gravel\/gravel-sm-2023\/","title":{"rendered":"Gravel SM 2023"},"content":{"rendered":"<p>Arrang\u00f6r: Cogheart Cycle Club Varberg<\/p>\n<p>Datum: 2023-08-19<\/p>\n<p>Webbplats: <a href=\"https:\/\/gravelgritngrind.se\/gravel-sm\/\">SM Gravel, Grit\u00b4n Grind<\/a><\/p>\n<p>L\u00e4s mer om resultaten h\u00e4r: <a href=\"https:\/\/scf.se\/forbundet\/internationell-spets-nar-gravel-fick-de-allra-forsta-sm-medaljorerna\/\">Internationell spets n\u00e4r gravel fick de allra f\u00f6rsta SM-medalj\u00f6rerna &#8211; F\u00f6rbundet &#8211; Svenska Cykelf\u00f6rbundet (scf.se)<\/a><\/p>\n<ul>\n<li><a href=\"https:\/\/www.sportstiming.se\/event\/12166\/results?round=64439\"><em><strong>Alla resultat fr\u00e5n SM-etappen h\u00e4r!<\/strong><\/em><\/a><\/li>\n<li><strong><a href=\"https:\/\/www.youtube.com\/watch?v=XeJ6qc1DqV4\"><em>Se livetream fr\u00e5n loppet i efterhand h\u00e4r!<\/em><\/a><\/strong><\/li>\n<li><a href=\"https:\/\/www.facebook.com\/gravelgritngrind\"><em><strong>Bilder p\u00e5 alla SM-medalj\u00f6rer och en hel massa bilder fr\u00e5n terr\u00e4ngen, se arrang\u00f6rens Facebooksida!<\/strong><\/em><\/a><\/li>\n<\/ul>\n","protected":false},"excerpt":{"rendered":"<p>Arrang\u00f6r: Cogheart Cycle Club Varberg Datum: 2023-08-19 Webbplats: SM Gravel, Grit\u00b4n Grind L\u00e4s mer om resultaten h\u00e4r: Internationell spets n\u00e4r gravel fick de allra f\u00f6rsta SM-medalj\u00f6rerna &#8211; F\u00f6rbundet &#8211; Svenska Cykelf\u00f6rbundet (scf.se) Alla resultat fr\u00e5n SM-etappen h\u00e4r! Se livetream fr\u00e5n loppet i efterhand h\u00e4r! Bilder p\u00e5 alla SM-medalj\u00f6rer och en hel massa bilder fr\u00e5n<a href=\"https:\/\/scf.se\/gravel\/gravel-sm-2023\/\" class=\"news-card__more\"> &#8230;<\/a><\/p>\n","protected":false},"author":30,"featured_media":0,"parent":0,"menu_order":0,"comment_status":"closed","ping_status":"closed","template":"","meta":{"_acf_changed":false,"footnotes":""},"class_list":["post-19","page","type-page","status-publish","hentry"],"acf":[],"_links":{"self":[{"href":"https:\/\/scf.se\/gravel\/wp-json\/wp\/v2\/pages\/19","targetHints":{"allow":["GET"]}}],"collection":[{"href":"https:\/\/scf.se\/gravel\/wp-json\/wp\/v2\/pages"}],"about":[{"href":"https:\/\/scf.se\/gravel\/wp-json\/wp\/v2\/types\/page"}],"author":[{"embeddable":true,"href":"https:\/\/scf.se\/gravel\/wp-json\/wp\/v2\/users\/30"}],"replies":[{"embeddable":true,"href":"https:\/\/scf.se\/gravel\/wp-json\/wp\/v2\/comments?post=19"}],"version-history":[{"count":0,"href":"https:\/\/scf.se\/gravel\/wp-json\/wp\/v2\/pages\/19\/revisions"}],"wp:attachment":[{"href":"https:\/\/scf.se\/gravel\/wp-json\/wp\/v2\/media?parent=19"}],"curies":[{"name":"wp","href":"https:\/\/api.w.org\/{rel}","templated":true}]}}