
{"id":13,"date":"2026-03-06T08:41:12","date_gmt":"2026-03-06T07:41:12","guid":{"rendered":"https:\/\/scf.se\/gravity\/?page_id=13"},"modified":"2026-03-10T17:20:59","modified_gmt":"2026-03-10T16:20:59","slug":"riktlinjer-gravel","status":"publish","type":"page","link":"https:\/\/scf.se\/gravel\/riktlinjer-gravel\/","title":{"rendered":"Riktlinjer Gravel"},"content":{"rendered":"<p>SCF:s samtliga regelverk, inklusive motionsriktlinjer finns h\u00e4r: <a href=\"https:\/\/scf.se\/forbundet\/tavlingsverksamhet\/tavlingsregler\/\">T\u00e4vlingsregler &#8211; F\u00f6rbundet &#8211; Svenska Cykelf\u00f6rbundet<\/a><\/p>\n<p>Ut\u00f6ver dessa nya regler rekommenderar vi \u00e4ven att titta p\u00e5 f\u00f6ljande l\u00e4nkar:<\/p>\n<p><a href=\"https:\/\/scf.se\/forbundet\/cyklist\/kora-motionslopp\/\">K\u00f6ra motionslopp<\/a><\/p>\n<p><a href=\"https:\/\/www.uci.org\/regulations\/3MyLDDrwJCJJ0BGGOFzOat#part-xv-cycling-for-all\">Regulations | UCI<\/a> &#8211; Gravel finns under &#8221;PART XV: CYCLING FOR ALL&#8221;<\/p>\n<p><a href=\"https:\/\/ucigravelworldseries.com\/en\/regulations\/\">Regulations &#8211; UCI Gravel World Series<\/a><\/p>\n","protected":false},"excerpt":{"rendered":"<p>SCF:s samtliga regelverk, inklusive motionsriktlinjer finns h\u00e4r: T\u00e4vlingsregler &#8211; F\u00f6rbundet &#8211; Svenska Cykelf\u00f6rbundet Ut\u00f6ver dessa nya regler rekommenderar vi \u00e4ven att titta p\u00e5 f\u00f6ljande l\u00e4nkar: K\u00f6ra motionslopp Regulations | UCI &#8211; Gravel finns under &#8221;PART XV: CYCLING FOR ALL&#8221; Regulations &#8211; UCI Gravel World Series<\/p>\n","protected":false},"author":30,"featured_media":0,"parent":0,"menu_order":0,"comment_status":"closed","ping_status":"closed","template":"","meta":{"_acf_changed":false,"footnotes":""},"class_list":["post-13","page","type-page","status-publish","hentry"],"acf":[],"_links":{"self":[{"href":"https:\/\/scf.se\/gravel\/wp-json\/wp\/v2\/pages\/13","targetHints":{"allow":["GET"]}}],"collection":[{"href":"https:\/\/scf.se\/gravel\/wp-json\/wp\/v2\/pages"}],"about":[{"href":"https:\/\/scf.se\/gravel\/wp-json\/wp\/v2\/types\/page"}],"author":[{"embeddable":true,"href":"https:\/\/scf.se\/gravel\/wp-json\/wp\/v2\/users\/30"}],"replies":[{"embeddable":true,"href":"https:\/\/scf.se\/gravel\/wp-json\/wp\/v2\/comments?post=13"}],"version-history":[{"count":2,"href":"https:\/\/scf.se\/gravel\/wp-json\/wp\/v2\/pages\/13\/revisions"}],"predecessor-version":[{"id":873,"href":"https:\/\/scf.se\/gravel\/wp-json\/wp\/v2\/pages\/13\/revisions\/873"}],"wp:attachment":[{"href":"https:\/\/scf.se\/gravel\/wp-json\/wp\/v2\/media?parent=13"}],"curies":[{"name":"wp","href":"https:\/\/api.w.org\/{rel}","templated":true}]}}