
{"id":986,"date":"2026-03-10T10:34:30","date_gmt":"2026-03-10T09:34:30","guid":{"rendered":"http:\/\/scf.se\/forbundet\/?page_id=986"},"modified":"2026-03-10T10:35:48","modified_gmt":"2026-03-10T09:35:48","slug":"cykelresultat-och-chipsystemet","status":"publish","type":"page","link":"https:\/\/scf.se\/forbundet\/tavlingsverksamhet\/arrangera-tavling\/cykelresultat-och-chipsystemet\/","title":{"rendered":"Resultatgruppen och chipsystem"},"content":{"rendered":"<p>Svenska Cykelf\u00f6rbundet anv\u00e4nder elektronisk tidtagning och chip fr\u00e5n MYLAPS. Detta system b\u00f6r anv\u00e4ndas vid SM och SWE Cup (LVG, MTB och CX). Helst ska varje deltagare ha ett eget chip, men l\u00e5nechip ska kunna hyras p\u00e5 t\u00e4vlingen av arrang\u00f6ren om man inte har ett eget.<\/p>\n<h2>Resultatgruppen<\/h2>\n<p>Om man som arrang\u00f6r inte har en egen resultathanterare och vill engagera en av Svenska Cykelf\u00f6rbundet \u00e4r det nedanst\u00e5ende grupp man ska kontakta f\u00f6r att hyra in en. Resultatgruppen har en gemensam mejladress, <em><a href=\"mailto:resultatgrupp@scf.se\">resultatgrupp@scf.se<\/a>. <\/em>Samma adress g\u00e4ller f\u00f6r teknisk support.<\/p>\n<p>Om man som arrang\u00f6r har en beh\u00f6rig resultathanterare och enbart vill hyra tidtagningspaketet \u00e4r det Resultatgruppen som man ska kontakta.<\/p>\n<ul>\n<li><strong>All kommunikation med Resultatgruppen g\u00e5r via denna mejladress:<\/strong> <em><strong><a href=\"mailto:resultatgrupp@scf.se\">resultatgrupp@scf.se<\/a>\u00a0<\/strong><\/em><\/li>\n<li>Prislista f\u00f6r resultathanteringen finns <a href=\"https:\/\/scf.se\/forbundet\/tavlingsverksamhet\/arrangera-tavling\/materielbokning\/\">h\u00e4r<\/a><\/li>\n<\/ul>\n<h2>H\u00e4r \u00e4r Resultatgruppen 2026<\/h2>\n<ul>\n<li>Thomas Nilsson<\/li>\n<li>Carl Adell<\/li>\n<li>Bj\u00f6rn Poppe<\/li>\n<li>Robert Wejdenst\u00e5l<\/li>\n<li>Kent Alfredsson<\/li>\n<\/ul>\n<h2>Regler och priser med l\u00e5nechip<\/h2>\n<p>I ett tidtagningspaket som man best\u00e4ller via Resultatgruppen ing\u00e5r 30 stycken l\u00e5nechip. N\u00e4r en cyklist beh\u00f6ver ett l\u00e5nechip tar arrang\u00f6ren ut en avgift p\u00e5 max 200 kronor.<\/p>\n<p>Beh\u00f6ver arrang\u00f6ren fler l\u00e5nechip \u00e4n 30 kan man mot en fast avgift hyra s\u00e5dana, exempelvis fr\u00e5n Svenska Cykelf\u00f6rbundets leverant\u00f6r NGH Trading. D\u00e5 best\u00e4ller man dem i 20-pack<em><strong>.\u00a0<\/strong><\/em>Varje 20-pack kostar 500 kronor att hyra. Sedan tillkommer en fraktavgift p\u00e5 250 kronor (i priset f\u00f6r frakt ing\u00e5r en f\u00f6rbetald retur) oavsett hur m\u00e5nga 20-pack man best\u00e4ller. SCF har totalt 120 stycken l\u00e5nechip via NGH. Om det kommer bort ett chip debiteras klubben 1 000 kronor per transponder.<\/p>\n<ul>\n<li><em><a href=\"https:\/\/scf.se\/forbundet\/wp-content\/uploads\/sites\/9\/2024\/04\/Bestallningblankett-Resultatgruppen.docx\"><strong>Best\u00e4ller extra l\u00e5nechip g\u00f6r man genom att kolla info och fylla i detta formul\u00e4r!<\/strong><\/a><\/em><\/li>\n<\/ul>\n<h2>S\u00e5 k\u00f6per cyklister eget chip<\/h2>\n<p>Alla som k\u00f6r flera lopp under en s\u00e4song tj\u00e4nar givetvis b\u00e5de tid och pengar p\u00e5 att k\u00f6pa eget chip.<\/p>\n<ul>\n<li><a href=\"https:\/\/nghtrading.se\/product-category\/active-sports\/\"><em><strong>K\u00f6pa eget chip kan man g\u00f6ra H\u00c4R p\u00e5 NGH Trading.<\/strong><\/em><\/a><\/li>\n<li><a href=\"https:\/\/scf.se\/forbundet\/transponder-chip\/\"><em><strong>Mycket mera info fr\u00e5n SCF om chip hittar ni H\u00c4R!<\/strong><\/em><\/a><\/li>\n<\/ul>\n","protected":false},"excerpt":{"rendered":"<p>Svenska Cykelf\u00f6rbundet anv\u00e4nder elektronisk tidtagning och chip fr\u00e5n MYLAPS. Detta system b\u00f6r anv\u00e4ndas vid SM och SWE Cup (LVG, MTB och CX). Helst ska varje deltagare ha ett eget chip, men l\u00e5nechip ska kunna hyras p\u00e5 t\u00e4vlingen av arrang\u00f6ren om man inte har ett eget. Resultatgruppen Om man som arrang\u00f6r inte har en egen<a href=\"https:\/\/scf.se\/forbundet\/tavlingsverksamhet\/arrangera-tavling\/cykelresultat-och-chipsystemet\/\" class=\"news-card__more\"> &#8230;<\/a><\/p>\n","protected":false},"author":32,"featured_media":0,"parent":64,"menu_order":0,"comment_status":"closed","ping_status":"closed","template":"","meta":{"_acf_changed":false,"footnotes":""},"class_list":["post-986","page","type-page","status-publish","hentry"],"acf":[],"_links":{"self":[{"href":"https:\/\/scf.se\/forbundet\/wp-json\/wp\/v2\/pages\/986","targetHints":{"allow":["GET"]}}],"collection":[{"href":"https:\/\/scf.se\/forbundet\/wp-json\/wp\/v2\/pages"}],"about":[{"href":"https:\/\/scf.se\/forbundet\/wp-json\/wp\/v2\/types\/page"}],"author":[{"embeddable":true,"href":"https:\/\/scf.se\/forbundet\/wp-json\/wp\/v2\/users\/32"}],"replies":[{"embeddable":true,"href":"https:\/\/scf.se\/forbundet\/wp-json\/wp\/v2\/comments?post=986"}],"version-history":[{"count":5,"href":"https:\/\/scf.se\/forbundet\/wp-json\/wp\/v2\/pages\/986\/revisions"}],"predecessor-version":[{"id":11764,"href":"https:\/\/scf.se\/forbundet\/wp-json\/wp\/v2\/pages\/986\/revisions\/11764"}],"up":[{"embeddable":true,"href":"https:\/\/scf.se\/forbundet\/wp-json\/wp\/v2\/pages\/64"}],"wp:attachment":[{"href":"https:\/\/scf.se\/forbundet\/wp-json\/wp\/v2\/media?parent=986"}],"curies":[{"name":"wp","href":"https:\/\/api.w.org\/{rel}","templated":true}]}}