
{"id":96,"date":"2026-03-06T08:20:29","date_gmt":"2026-03-06T07:20:29","guid":{"rendered":"http:\/\/svenskcykel.grandpublic.se\/forbundet\/?page_id=96"},"modified":"2026-03-06T15:33:47","modified_gmt":"2026-03-06T14:33:47","slug":"tavlingsverksamhet","status":"publish","type":"page","link":"https:\/\/scf.se\/forbundet\/tavlingsverksamhet\/","title":{"rendered":"Sanktion f\u00f6r en arrang\u00f6r"},"content":{"rendered":"<h3>Vilken typ av cykellopp \u00e4r ni intresserade att genomf\u00f6ra?<\/h3>\n<p>H\u00e4r finner ni viktig information om vad som g\u00e4ller vid planering, genomf\u00f6rande och klassificering av olika cykellopp. Beroende p\u00e5 vilken typ av lopp ni v\u00e4ljer att arrangera ser f\u00f6ruts\u00e4ttningarna och kravspecifikationerna olika ut, d\u00e4rf\u00f6r kan det \u00e4ven vara bra att ta kontakt med respektive grengrupp och v\u00e5r t\u00e4vlings- och arrangemangs ansvarige samt l\u00e4sa p\u00e5 t\u00e4vlings-\/motionsreglerna redan i planeringsstadiet.<br \/>\nL\u00e4s igenom noga och komplettera upp kunskaperna med mer detaljer d\u00e4r du k\u00e4nner att det beh\u00f6vs.<\/p>\n<hr \/>\n<h3>T\u00e4vling eller motionslopp?<\/h3>\n<p>Det finns tv\u00e5 typer av grund-arrangemang, t\u00e4vling <span style=\"text-decoration: underline;\">eller<\/span> motionslopp. Man kan arrangera lopp med separat t\u00e4vling- och motionsklass, men det finns exempelvis inget som heter &#8221;motionst\u00e4vling&#8221;. T\u00e4vling har r\u00e4tt att ge resultat, medan motionslopp endast f\u00e5r ge deltagarna sina individuella tider. Vid t\u00e4vling ligger fokus hos deltagarna (i regel) p\u00e5 resultat, medan i motionslopp b\u00f6r fokus ist\u00e4llet ligga p\u00e5 genomf\u00f6randet av en str\u00e4cka\/distans. Skillnaden f\u00f6r en arrang\u00f6r \u00e4r att vid t\u00e4vling s\u00e5 st\u00e4lls h\u00f6gre krav p\u00e5 s\u00e4kerhet och efterf\u00f6ljandet av regler d\u00e5 deltagarna kommer vara ben\u00e4gna att ta st\u00f6rre risker. Det finns ocks\u00e5 juridiska skillnader f\u00f6r en arrang\u00f6r, s\u00e5 som arrang\u00f6rens ansvar vid olycka samt f\u00f6rs\u00e4kringsvillkor som kan vara olika beroende p\u00e5 om det \u00e4r en t\u00e4vling eller ett motionslopp. Exempelvis kan en deltagares hemf\u00f6rs\u00e4kring inneh\u00e5lla skydd av egendom vid olycka eller skada (cykel kan vara inr\u00e4knat d\u00e4r). Men, ers\u00e4ttning utg\u00e5r inte om skadan uppst\u00e5tt vid t\u00e4vlingssammanhang. Deltagare m\u00e5ste d\u00e4rf\u00f6r vara v\u00e4l medvetna om om huruvida de deltar i ett motionslopp eller en t\u00e4vling.<\/p>\n<hr \/>\n<h3>Sanktionerat lopp<\/h3>\n<p>Svenska Cykelf\u00f6rbundet vill att deltagare i ett cykellopp ska k\u00e4nna dig trygg och s\u00e4ker, och d\u00e4rf\u00f6r v\u00e4lja ett sanktionerat lopp. F\u00f6r att s\u00f6ka sanktion beh\u00f6ver en arrang\u00f6r uppfylla vissa kriterier. De beh\u00f6ver (1) vara anslutna till SCF och (2) i de fall det beh\u00f6vs ha s\u00f6kt tillst\u00e5nd hos myndigheter samt (3) ha lagt in loppet i kalendern swecyclingonline. D\u00e4r granskas loppet innan det f\u00e5r sanktion. Loppen skall ligga i swecyclingonline senast 1 november f\u00f6r mtb och 1 december f\u00f6r landsv\u00e4g \u00e5ret innan. Efter att man f\u00e5tt sanktion kan man anv\u00e4nda logotypen &#8221;Godk\u00e4nt cykellopp&#8221;. Dessa arrang\u00f6rer f\u00f6ljer SCF:s regler och riktlinjer f\u00f6r de olika disciplinerna vilket borgar f\u00f6r s\u00e4kra och kvalitetsm\u00e4ssigt bra arrangemang. Kom ih\u00e5g att det ing\u00e5r en olycksfallsf\u00f6rs\u00e4kring, om n\u00e5got skulle h\u00e4nda, vid deltagande i ett sanktionerat lopp. Denna f\u00f6rs\u00e4kring g\u00e4ller ocks\u00e5 tredje part (ansvar). Till sist ska \u00e4ven antal anm\u00e4lda deltagarna rapporteras inom 10 dagar efter genomf\u00f6rt arrangemang <a href=\"https:\/\/docs.google.com\/forms\/d\/e\/1FAIpQLScBBBKPyCWf1TWoa4nPPlPaQak3ao5kiXOwZqeQKbacgOF8jg\/viewform?usp=sharing&amp;ouid=108370736593900296967\">h\u00e4r<\/a>.<\/p>\n\n\t\t<style type=\"text\/css\">\n\t\t\t#gallery-1 {\n\t\t\t\tmargin: auto;\n\t\t\t}\n\t\t\t#gallery-1 .gallery-item {\n\t\t\t\tfloat: left;\n\t\t\t\tmargin-top: 10px;\n\t\t\t\ttext-align: center;\n\t\t\t\twidth: 25%;\n\t\t\t}\n\t\t\t#gallery-1 img {\n\t\t\t\tborder: 2px solid #cfcfcf;\n\t\t\t}\n\t\t\t#gallery-1 .gallery-caption {\n\t\t\t\tmargin-left: 0;\n\t\t\t}\n\t\t\t\/* see gallery_shortcode() in wp-includes\/media.php *\/\n\t\t<\/style>\n\t\t<div id='gallery-1' class='gallery galleryid-96 gallery-columns-4 gallery-size-thumbnail'><dl class='gallery-item'>\n\t\t\t<dt class='gallery-icon landscape'>\n\t\t\t\t<a href='https:\/\/scf.se\/forbundet\/abc-for-arrangorer\/stampel-jpg-2\/'><img loading=\"lazy\" decoding=\"async\" width=\"150\" height=\"150\" src=\"https:\/\/scf.se\/forbundet\/wp-content\/uploads\/sites\/9\/2020\/01\/St\u00e4mpel-jpg-1-150x150.jpg\" class=\"attachment-thumbnail size-thumbnail\" alt=\"\" srcset=\"https:\/\/scf.se\/forbundet\/wp-content\/uploads\/sites\/9\/2020\/01\/St\u00e4mpel-jpg-1-150x150.jpg 150w, https:\/\/scf.se\/forbundet\/wp-content\/uploads\/sites\/9\/2020\/01\/St\u00e4mpel-jpg-1-300x300.jpg 300w, https:\/\/scf.se\/forbundet\/wp-content\/uploads\/sites\/9\/2020\/01\/St\u00e4mpel-jpg-1-e1589377174544.jpg 100w\" sizes=\"auto, (max-width: 150px) 100vw, 150px\" \/><\/a>\n\t\t\t<\/dt><\/dl>\n\t\t\t<br style='clear: both' \/>\n\t\t<\/div>\n\n<p>Ladda ner loggan:<br \/>\n<a href=\"https:\/\/scf.se\/forbundet\/wp-content\/uploads\/sites\/9\/2020\/01\/Godk\u00e4nt-cykelloppWord.docx\">Word<\/a><br \/>\n<a href=\"https:\/\/scf.se\/forbundet\/wp-content\/uploads\/sites\/9\/2020\/01\/St\u00e4mpel-jpg-1.jpg\">JPG<\/a><\/p>\n<hr \/>\n<h3>Klassificering cykelarrangemang<\/h3>\n<p>Som hj\u00e4lpmedel f\u00f6r att enklare komma fram till vilken typ av lopp ni vill arrangera har nedan fl\u00f6desschema tagits fram. B\u00f6rja h\u00f6gst upp till v\u00e4nster i bilden och svara p\u00e5 fr\u00e5gorna och se var du hamnar. Ta sedan st\u00f6d i f\u00f6rdjupningarna l\u00e4ngre ner p\u00e5 sidan f\u00f6r att b\u00e4ttre f\u00f6rst\u00e5 vad som kr\u00e4vs av er som arrang\u00f6r f\u00f6r respektive arrangemang.<\/p>\n<p>F\u00f6r samtliga cykelarrangemang g\u00e4ller att regeltolkningar utg\u00e5r fr\u00e5n i turordning RF:s stadgar, SCF:s stadgar, SCF:s t\u00e4vlingsregler alternativt SCF:s motionsregler.<\/p>\n<a href=\"https:\/\/scf.se\/forbundet\/wp-content\/uploads\/sites\/9\/2025\/12\/Flodesschema-2026_1.png\"><img loading=\"lazy\" decoding=\"async\" class=\"alignnone size-full wp-image-11250\" src=\"https:\/\/scf.se\/forbundet\/wp-content\/uploads\/sites\/9\/2025\/12\/Flodesschema-2026_1.png\" alt=\"\" width=\"1302\" height=\"977\" srcset=\"https:\/\/scf.se\/forbundet\/wp-content\/uploads\/sites\/9\/2025\/12\/Flodesschema-2026_1.png 1302w, https:\/\/scf.se\/forbundet\/wp-content\/uploads\/sites\/9\/2025\/12\/Flodesschema-2026_1-300x225.png 300w, https:\/\/scf.se\/forbundet\/wp-content\/uploads\/sites\/9\/2025\/12\/Flodesschema-2026_1-1024x768.png 1024w, https:\/\/scf.se\/forbundet\/wp-content\/uploads\/sites\/9\/2025\/12\/Flodesschema-2026_1-768x576.png 768w\" sizes=\"auto, (max-width: 1302px) 100vw, 1302px\" \/><\/a>\n<p>&nbsp;<\/p>\n<p><strong>T\u00e4vlingsarrangemang<\/strong><\/p>\n<p>Det finns fyra typer av t\u00e4vlingsarrangemang<\/p>\n<ul>\n<li>Nationell t\u00e4vling<\/li>\n<li>Distrikts\/Allianst\u00e4vling<\/li>\n<li>Sportmotion<\/li>\n<li>F\u00f6reningst\u00e4vling<\/li>\n<\/ul>\n<p><strong>Motionsarrangemang<\/strong><\/p>\n<p>Det finns en typ av motionsarrangemang<\/p>\n<ul>\n<li>Motionslopp<\/li>\n<\/ul>\n<p><strong>Andra typer av cykelevent<\/strong><\/p>\n<p>Andra typer av cykelevent \u00e4n de n\u00e4mnda ovan hanteras <strong><em>inte<\/em><\/strong> av SCF<\/p>\n<p>Notera att det <span style=\"text-decoration: underline;\">inte<\/span> finns n\u00e5got som heter <strong>motionst\u00e4vling<\/strong> som \u00e4r godk\u00e4nt f\u00f6r sanktion av SCF<strong>.<\/strong><\/p>\n<p>Hantering g\u00e4llande Randonn\u00e9e- och Ultralopp kan man l\u00e4sa om <a href=\"https:\/\/scf.se\/forbundet\/randonnee-ultralopp\/\">h\u00e4r<\/a>.<\/p>\n<hr \/>\n<p><strong>Nationell t\u00e4vling<\/strong><\/p>\n<p>Ett arrangemang f\u00f6r nationellt deltagande med officiell resultatlista \u00e4r av SCF definierat som en nationell t\u00e4vling.<\/p>\n<ul>\n<li>Arrang\u00f6ren av t\u00e4vlingen m\u00e5ste vara en f\u00f6rening eller distrikt ansluten till SCF.<\/li>\n<li>Utan korrekt sanktion inneb\u00e4r det att deltagande cyklister med licens inte har en g\u00e4llande olycksfallsf\u00f6rs\u00e4kring samt att cyklister med t\u00e4vlingslicens riskerar att f\u00e5 p\u00e5f\u00f6ljder.<\/li>\n<li>Som arrang\u00f6r f\u00e5r man sanktion genom att:\n<ul>\n<li><strong>Ni \u00e4r en cykelf\u00f6rening kopplad till SCF.<\/strong><\/li>\n<li><strong>Ni l\u00e4gger in ert arrangemang i SCF:s kalender swecyclingonline.<\/strong><\/li>\n<li><strong>Ni s\u00f6ker tillst\u00e5nd hos polismyndigheten och\/eller l\u00e4nsstyrelsen (det \u00e4r f\u00f6reningens ansvar att ta reda p\u00e5 vad som g\u00e4ller f\u00f6r just ert arrangemang).<\/strong><\/li>\n<\/ul>\n<\/li>\n<li>Nationell t\u00e4vling kr\u00e4ver Kommissarie.<\/li>\n<li>Arrang\u00f6r ska rapportera in antalet anm\u00e4lda deltagare inom tio dagar efter avslutat arrangemang. SCF fakturerar f\u00f6reningen efter inrapportering.<\/li>\n<li>Deltagarna i t\u00e4vlingen m\u00e5ste ha en giltig t\u00e4vlingslicens. I Sport- och ungdomsklasserna kr\u00e4vs enbart en eng\u00e5ngslicens och t\u00e4vlande i en eventuell nyb\u00f6rjarklass beh\u00f6ver ej licens.<\/li>\n<li>Deltagarna \u00e4r f\u00f6rs\u00e4krade genom sina licenser.<\/li>\n<li>Funktion\u00e4rer \u00e4r f\u00f6rs\u00e4krade genom RF:s f\u00f6reningsf\u00f6rs\u00e4kring bas.<\/li>\n<li>Arrang\u00f6ren \u00e4r ansvarig f\u00f6r att ha mark\u00e4garens eller v\u00e4gh\u00e5llarens tillst\u00e5nd, utifr\u00e5n arrangemangets utformning och omfattning.<\/li>\n<li>Arrang\u00f6r till sanktionerad t\u00e4vling har r\u00e4tten att anv\u00e4nda SCF logga \u201dGodk\u00e4nt cykellopp\u201d i all sin marknadsf\u00f6ring.<\/li>\n<li>Arrangerande f\u00f6rening best\u00e4mmer sj\u00e4lv vilken anm\u00e4lningsavgift som ska g\u00e4lla f\u00f6r t\u00e4vlingen (undantag, SCF cuper och m\u00e4sterskap d\u00e4r avgift s\u00e4tts i samarbete med SCF. L\u00e4s mer om priss\u00e4ttning <a href=\"https:\/\/scf.se\/forbundet\/tavlingsavgifter\/\">h\u00e4r.<\/a><\/li>\n<\/ul>\n<p><strong>Deltagaravgifter ska enligt<a href=\"https:\/\/scf.se\/forbundet\/tavlingsavgifter\/\"> fastst\u00e4llda riktlinjer<\/a> betalas till SCF.<\/strong><\/p>\n<hr \/>\n<p><strong>Distrikt\/Allianst\u00e4vling<\/strong><\/p>\n<p>Ett arrangemang f\u00f6r cyklister i ett distrikt eller en allians av cykelf\u00f6reningar i ett distrikt\/omr\u00e5det med officiell resultatlista, \u00e4r av SCF definierat som en Distrikts\/Allianst\u00e4vling. Observera att \u00e4ven distrikts\/allianst\u00e4vling m\u00e5ste finnas i swecyclingonline f\u00f6r att kunna f\u00e5 sanktion. Det \u00e4r distrikten som utser kommissarie. Arrangemang med anm\u00e4lningsavgift \u00f6ver 80 kronor skall alltid ha en utsedd kommissarie. F\u00f6r arrangemang under 80 kr <em><strong>b\u00f6r\u00a0<\/strong><\/em>kommissarie finnas p\u00e5 plats.<\/p>\n<p>Som arrang\u00f6r f\u00e5r man sanktion genom att:<\/p>\n<ul>\n<li style=\"text-align: left;\"><strong>Ni \u00e4r en f\u00f6rening ansluten till SCF.<\/strong><\/li>\n<li style=\"text-align: left;\"><strong>Ni l\u00e4gger in ert arrangemang i SCF:s kalender swecyclingonline\u00a0f\u00f6r att <em>inte<\/em> riskera att bli ett lopp utan sanktion. <\/strong><\/li>\n<li><strong>Utan korrekt sanktion inneb\u00e4r det att deltagande cyklister med licens inte har en g\u00e4llande olycksfallsf\u00f6rs\u00e4kring samt att cyklister med t\u00e4vlingslicens riskerar att f\u00e5 p\u00e5f\u00f6ljder.<\/strong><\/li>\n<li style=\"text-align: left;\"><strong>Ni s\u00f6ker tillst\u00e5nd hos polismyndigheten och\/eller l\u00e4nsstyrelsen (det \u00e4r f\u00f6reningens ansvar att ta reda p\u00e5 vad som g\u00e4ller f\u00f6r just ert arrangemang).<\/strong><\/li>\n<li>Arrang\u00f6ren rapporterar in antal anm\u00e4lda deltagare till SCF inom tio dagar efter avslutat arrangemang. Vid 80 kr eller l\u00e4gre anm\u00e4lningsavgift betalas ingen deltagaravgift till SCF.<\/li>\n<li>Deltagarna i t\u00e4vlingen m\u00e5ste ha en giltig t\u00e4vlingslicens. I Sport- och ungdomsklasserna kr\u00e4vs enbart en eng\u00e5ngslicens och t\u00e4vlande i en eventuell nyb\u00f6rjarklass beh\u00f6ver ej licens.<\/li>\n<li>Deltagare \u00e4r f\u00f6rs\u00e4krade genom sina t\u00e4vlingslicenser.<\/li>\n<li>Funktion\u00e4rer \u00e4r f\u00f6rs\u00e4krade genom RF:s f\u00f6reningsf\u00f6rs\u00e4kring bas.<\/li>\n<li>Arrang\u00f6ren \u00e4r ansvarig f\u00f6r att ha mark\u00e4garens eller v\u00e4gh\u00e5llarens tillst\u00e5nd, om s\u00e5 \u00e4r befogat utifr\u00e5n arrangemangets utformning och omfattning.<\/li>\n<li>Arrang\u00f6r till sanktionerad t\u00e4vling har r\u00e4tten att anv\u00e4nda SCF logga \u201dGodk\u00e4nt cykellopp\u201d i all sin marknadsf\u00f6ring.<\/li>\n<\/ul>\n<p><em>Distrikt\/Allianst\u00e4vling med anm\u00e4lningsavgift <\/em><strong>upp<\/strong><em><strong> till 80 kr betalar ingen deltagaravgift till SCF.<\/strong> <\/em><br \/>\n<em>Distrikt\/Allianst\u00e4vling med anm\u00e4lningsavgift <strong>\u00f6ver 80 kr betalar deltagaravgift enligt reglementet till SCF.<\/strong><\/em><\/p>\n<hr \/>\n<p><strong>Sportmotion\/Instegst\u00e4vling<\/strong><\/p>\n<p>Ett t\u00e4vling riktad mot en bredare deltagarmassa (framf\u00f6rallt motionscyklister) eller som instegst\u00e4vling (framf\u00f6rallt ungdomar) kan genomf\u00f6ras som klassen Sportmotion. Sportmotion har krav p\u00e5 att samtliga deltagare har licens (eng\u00e5ngslicens, motionslicens eller t\u00e4vlingslicens), samt att arrang\u00f6ren uppfyller kraven p\u00e5 s\u00e4kerheten som SCF st\u00e4ller. Penningpriser (undantaget presentkort upp till 500 kr) f\u00e5r ej f\u00f6rekomma i Sportmotion.<\/p>\n<ul>\n<li>Arrang\u00f6ren av loppet m\u00e5ste vara en f\u00f6rening eller distrikt ansluten till SCF.<\/li>\n<li>Loppet m\u00e5ste l\u00e4ggas in som t\u00e4vling i swecyclingonline f\u00f6r att inte riskera att bli ett lopp utan sanktion. Utan korrekt sanktion inneb\u00e4r det att deltagande cyklister med licens inte har en g\u00e4llande olycksfallsf\u00f6rs\u00e4kring samt att cyklister med t\u00e4vlingslicens riskerar att f\u00e5 p\u00e5f\u00f6ljder.<\/li>\n<li>Som arrang\u00f6r f\u00e5r man sanktion genom att:\n<ul>\n<li><strong>Ni \u00e4r en f\u00f6rening ansluten till SCF.<\/strong><\/li>\n<li><strong>Ni l\u00e4gger in ert arrangemang i SCF:s kalender swecyclingonline.<\/strong><\/li>\n<li><strong>Ni s\u00f6ker tillst\u00e5nd hos polismyndigheten och\/eller l\u00e4nsstyrelsen (det \u00e4r f\u00f6reningens ansvar att ta reda p\u00e5 vad som g\u00e4ller f\u00f6r just ert arrangemang).<\/strong><\/li>\n<li><strong>Ni f\u00f6ljer SCF&#8217;s reglementen f\u00f6r t\u00e4vling\/instegst\u00e4vling<\/strong><\/li>\n<\/ul>\n<\/li>\n<li>Arrang\u00f6r ska rapportera in antalet anm\u00e4lda deltagare inom tio dagar efter avslutat arrangemang. SCF fakturerar f\u00f6reningen efter inrapportering.<\/li>\n<li>Vid Sportmotion ska kommissarie vara p\u00e5 plats. Endast om kommissarie inte finns tillg\u00e4ngligt f\u00e5r loppet k\u00f6ras utan.<\/li>\n<li>Deltagarna i loppet m\u00e5ste ha en giltig licens.<\/li>\n<li>Deltagarna \u00e4r f\u00f6rs\u00e4krade genom sina licenser.<\/li>\n<li>Funktion\u00e4rer \u00e4r f\u00f6rs\u00e4krade genom RF:s f\u00f6reningsf\u00f6rs\u00e4kring bas.<\/li>\n<li>Arrang\u00f6ren \u00e4r ansvarig f\u00f6r att ha mark\u00e4garens eller v\u00e4gh\u00e5llarens tillst\u00e5nd, utifr\u00e5n arrangemangets utformning och omfattning.<\/li>\n<li>Arrang\u00f6r till sanktionerat lopp har r\u00e4tten att anv\u00e4nda SCF logga \u201dGodk\u00e4nt cykellopp\u201d i all sin marknadsf\u00f6ring.<\/li>\n<li>Arrangerande f\u00f6rening best\u00e4mmer sj\u00e4lv vilken anm\u00e4lningsavgift som ska g\u00e4lla f\u00f6r loppet.<\/li>\n<li>Penningpriser (undantaget presentkort upp till 500 kr) f\u00e5r ej f\u00f6rekomma i Sportmotion.<\/li>\n<\/ul>\n<p><strong>Deltagaravgifter enligt<a href=\"https:\/\/scf.se\/forbundet\/tavlingsavgifter\/\"> fastst\u00e4llda riktlinjer<\/a> ska betalas till SCF.<\/strong><\/p>\n<hr \/>\n<p><strong>F\u00f6reningst\u00e4vling \/ Klubbm\u00e4sterskap<\/strong><\/p>\n<p>Ett klubbm\u00e4sterskap eller rekryteringsarrangemang i f\u00f6reningens regi definieras som F\u00f6reningst\u00e4vling. Ingen startavgift f\u00e5r tas ut och ingen deltagaravgift betalas till SCF.<\/p>\n<ul>\n<li>Ingen licens kr\u00e4vs f\u00f6r cyklisterna &#8211; <span style=\"text-decoration: underline;\">men rekommenderas starkt och b\u00f6r marknadsf\u00f6ras i informationen om eventet!<\/span><\/li>\n<li><em>Licensierade cyklister skall ha licenstillh\u00f6righet i samma f\u00f6rening som arrangerande klubb (antingen som &#8221;huvudf\u00f6rening&#8221; eller &#8221;annan f\u00f6rening&#8221; p\u00e5 licensen i swecyclingonline).<\/em><\/li>\n<li>I detta fall g\u00e4ller RF:s grundf\u00f6rs\u00e4kring f\u00f6r funktion\u00e4rer. I \u00f6vrigt \u00e4r endast deltagare med licens samt ungdomar som \u00e4r medlemmar i f\u00f6reningen till och med den 31 december\u00a0det \u00e5r de fyller 15 \u00e5r\u00a0f\u00f6rs\u00e4krade. Arrang\u00f6ren ansvarar f\u00f6r att informera deltagarna om detta.<\/li>\n<li>Arrang\u00f6ren \u00e4r ansvarig f\u00f6r att ha mark\u00e4garens eller v\u00e4gh\u00e5llarens tillst\u00e5nd, om s\u00e5 \u00e4r befogat utifr\u00e5n arrangemangets utformning och omfattning.<\/li>\n<li>Du kan komma att vara ansvarig att s\u00f6ka tillst\u00e5nd fr\u00e5n Polismyndigheten och\/eller L\u00e4nsstyrelsen, om s\u00e5 \u00e4r befogat. L\u00e4s mer om vad som g\u00e4ller h\u00e4r: <a href=\"https:\/\/polisen.se\/tjanster-tillstand\/tillstand-ansok\/offentlig-tillstallning\/\">https<\/a><a href=\"https:\/\/polisen.se\/tjanster-tillstand\/tillstand-ansok\/offentlig-tillstallning\/\">:\/\/polisen.se\/tjanster-tillstand\/tillstand-ansok\/offentlig-tillstallning<\/a><a href=\"https:\/\/polisen.se\/tjanster-tillstand\/tillstand-ansok\/offentlig-tillstallning\/\">\/<\/a><\/li>\n<\/ul>\n<p><strong>Ingen startavgift f\u00e5r tas ut och ingen deltagaravgift betalas till SCF. <em>\u00d6nskas andra f\u00f6reningar bjudas in b\u00f6r loppet k\u00f6ras som en Distrikt\/Allianst\u00e4vling.<\/em><\/strong><\/p>\n<hr \/>\n<p><strong>Tr\u00e4ningst\u00e4vling<\/strong><\/p>\n<p>En tr\u00e4ningst\u00e4vling inneb\u00e4r att cyklister tr\u00e4nar t\u00e4vlingslikt <em>utan att betala n\u00e5gon startavgift<\/em>. Resultatlista f\u00e5r ej vara officiell (dvs b\u00f6r ej publiceras och\/eller spridas \u00f6ppet p\u00e5 n\u00e4tet eller i sociala medier). Ingen deltagaravgift betalas till SCF.<\/p>\n<ul>\n<li>Ingen licens kr\u00e4vs f\u00f6r cyklisterna &#8211; <span style=\"text-decoration: underline;\">men rekommenderas starkt och b\u00f6r marknadsf\u00f6ras i informationen om eventet!<\/span><\/li>\n<li>Endast deltagare med licens samt ungdomar till och med den 31 december det \u00e5r de fyller 15 \u00e5r som \u00e4r medlemmar i cykelf\u00f6rening \u00e4r f\u00f6rs\u00e4krade under tr\u00e4ning genom SCF. Arrang\u00f6ren ansvarar f\u00f6r att informera deltagarna om detta.<\/li>\n<li>Arrang\u00f6ren \u00e4r ansvarig f\u00f6r att ha mark\u00e4garens eller v\u00e4gh\u00e5llarens tillst\u00e5nd, om s\u00e5 \u00e4r befogat utifr\u00e5n arrangemangets utformning och omfattning.<\/li>\n<li>Du kan komma att vara ansvarig att s\u00f6ka tillst\u00e5nd fr\u00e5n Polismyndigheten och\/eller L\u00e4nsstyrelsen, om s\u00e5 \u00e4r befogat. L\u00e4s mer om vad som g\u00e4ller h\u00e4r: <a href=\"https:\/\/polisen.se\/tjanster-tillstand\/tillstand-ansok\/offentlig-tillstallning\/\">https<\/a><a href=\"https:\/\/polisen.se\/tjanster-tillstand\/tillstand-ansok\/offentlig-tillstallning\/\">:\/\/polisen.se\/tjanster-tillstand\/tillstand-ansok\/offentlig-tillstallning<\/a><a href=\"https:\/\/polisen.se\/tjanster-tillstand\/tillstand-ansok\/offentlig-tillstallning\/\">\/<\/a><\/li>\n<\/ul>\n<p><strong>Ingen startavgift f\u00e5r tas ut och ingen deltagaravgift betalas till SCF.\u00a0<\/strong><\/p>\n<hr \/>\n<p><strong>Motionslopp<\/strong><\/p>\n<p>Ett cykellopp utan resultatlista definieras som Motionslopp. Denna typ av motionsarrangemang f\u00e5r ge deltagarna tid efter avslutat lopp, men arrang\u00f6r f\u00e5r <em>inte<\/em> tillhandah\u00e5lla en resultatlista. Eventuella priser f\u00e5r endast lottas ut bland deltagarna, inga priser efter prestationer!<\/p>\n<ul>\n<li>Som arrang\u00f6r f\u00e5r man sanktion genom att:\n<ul>\n<li><strong>Ni \u00e4r en f\u00f6rening eller distrikt ansluten till SCF.<\/strong><\/li>\n<li><strong>Ni l\u00e4gger in ert arrangemang i SCF:s kalender swecyclingonline.<\/strong><\/li>\n<li><strong>Ni s\u00f6ker tillst\u00e5nd hos Polismyndigheten och\/eller L\u00e4nsstyrelsen (det \u00e4r f\u00f6reningens ansvar att ta reda p\u00e5 vad som g\u00e4ller f\u00f6r just ert arrangemang).<\/strong><\/li>\n<\/ul>\n<\/li>\n<li>Arrang\u00f6r ska rapportera in antalet anm\u00e4lda deltagare inom tio dagar efter avslutat arrangemang. SCF fakturerar f\u00f6reningen efter inrapportering.<\/li>\n<li>Deltagare \u00e4r f\u00f6rs\u00e4krade genom deltagaravgiften.<\/li>\n<li>Observera att t\u00e4vlingslicenserad cyklist i SCF enbart f\u00e5r delta i av SCF sanktionerat motionslopp. Licensierade cyklister har ingen g\u00e4llande olycksfallsf\u00f6rs\u00e4kring av SCF vid deltagande i osanktionerat lopp.<\/li>\n<li>Arrang\u00f6r till sanktionerat motionslopp har r\u00e4tten att anv\u00e4nda SCF logga \u201dGodk\u00e4nt cykellopp\u201d i all sin marknadsf\u00f6ring.<\/li>\n<\/ul>\n<p><strong>Fri priss\u00e4ttning av startavgift och deltagaravgifter ska betalas till SCF.<\/strong><\/p>\n<p><strong>I de fall ett motionslopp p\u00e5 landsv\u00e4g vill ha en \u201dsnabbgrupp\u201d kan arrang\u00f6ren, vid sidan av sitt motionslopp, \u00e4ven arrangera en Sportmotionsklass d\u00e4r deltagande cyklister skall vara licenserade och s\u00e4kerheten f\u00f6r cyklisterna s\u00e4kerst\u00e4llas via ledarbil, MC-ordonnanser och flaggvakter. I dessa fall ska s\u00f6kande f\u00f6rening ange att man anordnar b\u00e5de ett motionslopp och en t\u00e4vling i sin ans\u00f6kan till l\u00e4nsstyrelsen.<\/strong><\/p>\n<hr \/>\n<p><strong>Andra typer av cykelevent<\/strong><\/p>\n<p>Det finns idag andra akt\u00f6rer \u00e4n f\u00f6reningar anslutna till SCF som arrangerar cykelevent, cykelarrangemang, rides, osv. Dessa event ligger utanf\u00f6r SCF:s omfattning och regelverk vilket inneb\u00e4r att SCF inte har m\u00f6jlighet att st\u00e4lla krav p\u00e5 s\u00e4kerhet och sportsliga f\u00f6ruts\u00e4ttningar. Kom ih\u00e5g att du som UCI-licensierad cyklist riskerar p\u00e5f\u00f6ljder om du v\u00e4ljer att k\u00f6ra ett lopp som inte sanktionerats av SCF (oavsett motionslopp eller t\u00e4vling) om du inte s\u00f6kt och f\u00e5tt beviljad dispens. Olycksfallsf\u00f6rs\u00e4kringen som en Motions- och T\u00e4vlingslicensierad cyklist har g\u00e4ller inte heller vid deltagande i osanktionerat lopp. L\u00e4s mer och s\u00f6k dispens <a href=\"https:\/\/scf.se\/forbundet\/dispensansokan\/\">h\u00e4r<\/a>. Om ni \u00e4r (eller vill bli) en f\u00f6rening kopplad till SCF och \u00f6nskar arrangera ett event kan ni alltid kontakta oss om ni har fr\u00e5gor g\u00e4llande sanktion.<\/p>\n<p><span style=\"color: #808080;\"><em>Vi uppskattar input och synpunkter fr\u00e5n dig som ska anv\u00e4nda dig av informationen, s\u00e5 tveka inte att h\u00f6ra av dig till <a href=\"mailto:kansli@scf.se\">kansli@scf.se<\/a>\u00a0med \u00f6nskem\u00e5l om vilken typ av information du vill hitta h\u00e4r.<\/em><\/span><\/p>\n<p>&nbsp;<\/p>\n","protected":false},"excerpt":{"rendered":"<p>Vilken typ av cykellopp \u00e4r ni intresserade att genomf\u00f6ra? H\u00e4r finner ni viktig information om vad som g\u00e4ller vid planering, genomf\u00f6rande och klassificering av olika cykellopp. Beroende p\u00e5 vilken typ av lopp ni v\u00e4ljer att arrangera ser f\u00f6ruts\u00e4ttningarna och kravspecifikationerna olika ut, d\u00e4rf\u00f6r kan det \u00e4ven vara bra att ta kontakt med respektive grengrupp<a href=\"https:\/\/scf.se\/forbundet\/tavlingsverksamhet\/\" class=\"news-card__more\"> &#8230;<\/a><\/p>\n","protected":false},"author":32,"featured_media":0,"parent":0,"menu_order":0,"comment_status":"closed","ping_status":"closed","template":"","meta":{"_acf_changed":false,"footnotes":""},"class_list":["post-96","page","type-page","status-publish","hentry"],"acf":[],"_links":{"self":[{"href":"https:\/\/scf.se\/forbundet\/wp-json\/wp\/v2\/pages\/96","targetHints":{"allow":["GET"]}}],"collection":[{"href":"https:\/\/scf.se\/forbundet\/wp-json\/wp\/v2\/pages"}],"about":[{"href":"https:\/\/scf.se\/forbundet\/wp-json\/wp\/v2\/types\/page"}],"author":[{"embeddable":true,"href":"https:\/\/scf.se\/forbundet\/wp-json\/wp\/v2\/users\/32"}],"replies":[{"embeddable":true,"href":"https:\/\/scf.se\/forbundet\/wp-json\/wp\/v2\/comments?post=96"}],"version-history":[{"count":20,"href":"https:\/\/scf.se\/forbundet\/wp-json\/wp\/v2\/pages\/96\/revisions"}],"predecessor-version":[{"id":11707,"href":"https:\/\/scf.se\/forbundet\/wp-json\/wp\/v2\/pages\/96\/revisions\/11707"}],"wp:attachment":[{"href":"https:\/\/scf.se\/forbundet\/wp-json\/wp\/v2\/media?parent=96"}],"curies":[{"name":"wp","href":"https:\/\/api.w.org\/{rel}","templated":true}]}}