
{"id":943,"date":"2024-12-16T07:47:16","date_gmt":"2024-12-16T06:47:16","guid":{"rendered":"http:\/\/scf.se\/forbundet\/?page_id=943"},"modified":"2024-12-16T08:48:30","modified_gmt":"2024-12-16T07:48:30","slug":"ren-vinnare","status":"publish","type":"page","link":"https:\/\/scf.se\/forbundet\/tavlingsverksamhet\/antidoping\/ren-vinnare\/","title":{"rendered":"Ren vinnare"},"content":{"rendered":"<p>Svenska Cykelf\u00f6rbundet arbetar aktivt med antidoping genom en tillsatt kommitt\u00e9 som l\u00f6pande reviderar <a href=\"https:\/\/scf.se\/forbundet\/wp-content\/uploads\/sites\/9\/2024\/12\/2024-12-14-SCF-Antidopingplan.pdf\">SCF Antidopingplan<\/a> i enlighet med RF:s riktlinjer.<\/p>\n<p>Genomf\u00f6rd antidoping-utbildning &#8221;REN VINNARE&#8221; \u00e4r ett krav f\u00f6r t\u00e4vlingslicensinnehavare i klasser fr\u00e5n junior och upp\u00e5t.<\/p>\n<ul>\n<li style=\"list-style-type: none;\">\n<ul>\n<li><a href=\"https:\/\/renvinnare.se\/\" target=\"_blank\" rel=\"noopener noreferrer\">Ren vinnare<\/a><\/li>\n<li><a href=\"https:\/\/www.vaccineraklubben.se\/\" target=\"_blank\" rel=\"noopener noreferrer\">Vaccinera klubben<\/a><\/li>\n<\/ul>\n<\/li>\n<\/ul>\n<p>P\u00e5\u00a0<a href=\"https:\/\/www.antidoping.se\/\">Antidoping Sverige<\/a>s hemsida finns mer information och praktiska h\u00e4nvisningar kring antidoping.<\/p>\n<p>Alla idrottare har ansvar att k\u00e4nna till och f\u00f6lja dopingreglerna. Svenska Cykelf\u00f6rbundet anv\u00e4nder sig av webbutbildningen &#8221;Ren vinnare&#8221;.<\/p>\n<p>Ren vinnare \u00e4r till f\u00f6r idrottare och ledare p\u00e5 alla niv\u00e5er som vill l\u00e4ra sig grunderna om antidoping och f\u00e5 koll p\u00e5 det viktigaste. Svenska Cykelf\u00f6rbundet st\u00e4ller dessutom ett krav p\u00e5 genomf\u00f6rd antidoping-utbildning f\u00f6r att f\u00e5 ans\u00f6ka om t\u00e4vlingslicens f\u00f6r de som \u00e4r 17 \u00e5r och upp\u00e5t.<\/p>\n<p>Den nya utbildningen g\u00f6r det enkelt f\u00f6r idrottare och ledare att ta till sig den kunskap inom antidoping som kr\u00e4vs. Inneh\u00e5ll och uppl\u00e4gg passar b\u00e5de etablerade elitidrottare och den som \u00e4r i b\u00f6rjan av sin idrottskarri\u00e4r. Du kan g\u00f6ra utbildningen i din mobil eller hemma vid datorn. Allt p\u00e5 en g\u00e5ng eller lite i taget, n\u00e4r och p\u00e5 det s\u00e4tt som passar dig.<\/p>\n<p>Ren vinnare bygger p\u00e5 ett verktyg som utvecklats av Antidoping Norge i samarbete med Anti Doping Danmark. Den svenska versionen som nu lanseras har omarbetats av Svensk Antidoping. Utbildningen har anpassats f\u00f6r svenska f\u00f6rh\u00e5llanden och inneh\u00e5ller uppdaterad information enligt nya internationella regler. Den \u00e4r ocks\u00e5 optimerad f\u00f6r anv\u00e4ndning p\u00e5 b\u00e5de dator, surfplatta och mobil.<\/p>\n<p><a href=\"https:\/\/renvinnare.se\/\">Till webbutbildningen Ren vinnare<\/a><\/p>\n<p>&nbsp;<\/p>\n","protected":false},"excerpt":{"rendered":"<p>Svenska Cykelf\u00f6rbundet arbetar aktivt med antidoping genom en tillsatt kommitt\u00e9 som l\u00f6pande reviderar SCF Antidopingplan i enlighet med RF:s riktlinjer. Genomf\u00f6rd antidoping-utbildning &#8221;REN VINNARE&#8221; \u00e4r ett krav f\u00f6r t\u00e4vlingslicensinnehavare i klasser fr\u00e5n junior och upp\u00e5t. Ren vinnare Vaccinera klubben P\u00e5\u00a0Antidoping Sveriges hemsida finns mer information och praktiska h\u00e4nvisningar kring antidoping. Alla idrottare har ansvar<a href=\"https:\/\/scf.se\/forbundet\/tavlingsverksamhet\/antidoping\/ren-vinnare\/\" class=\"news-card__more\"> &#8230;<\/a><\/p>\n","protected":false},"author":32,"featured_media":0,"parent":21,"menu_order":0,"comment_status":"closed","ping_status":"closed","template":"","meta":{"_acf_changed":false,"footnotes":""},"class_list":["post-943","page","type-page","status-publish","hentry"],"acf":[],"_links":{"self":[{"href":"https:\/\/scf.se\/forbundet\/wp-json\/wp\/v2\/pages\/943","targetHints":{"allow":["GET"]}}],"collection":[{"href":"https:\/\/scf.se\/forbundet\/wp-json\/wp\/v2\/pages"}],"about":[{"href":"https:\/\/scf.se\/forbundet\/wp-json\/wp\/v2\/types\/page"}],"author":[{"embeddable":true,"href":"https:\/\/scf.se\/forbundet\/wp-json\/wp\/v2\/users\/32"}],"replies":[{"embeddable":true,"href":"https:\/\/scf.se\/forbundet\/wp-json\/wp\/v2\/comments?post=943"}],"version-history":[{"count":5,"href":"https:\/\/scf.se\/forbundet\/wp-json\/wp\/v2\/pages\/943\/revisions"}],"predecessor-version":[{"id":9323,"href":"https:\/\/scf.se\/forbundet\/wp-json\/wp\/v2\/pages\/943\/revisions\/9323"}],"up":[{"embeddable":true,"href":"https:\/\/scf.se\/forbundet\/wp-json\/wp\/v2\/pages\/21"}],"wp:attachment":[{"href":"https:\/\/scf.se\/forbundet\/wp-json\/wp\/v2\/media?parent=943"}],"curies":[{"name":"wp","href":"https:\/\/api.w.org\/{rel}","templated":true}]}}