
{"id":80,"date":"2022-02-08T13:35:53","date_gmt":"2022-02-08T12:35:53","guid":{"rendered":"http:\/\/svenskcykel.grandpublic.se\/forbundet\/?page_id=80"},"modified":"2023-02-21T09:07:36","modified_gmt":"2023-02-21T08:07:36","slug":"grafiska-riktlinjer","status":"publish","type":"page","link":"https:\/\/scf.se\/forbundet\/stod-service\/grafiska-riktlinjer\/","title":{"rendered":"Grafiska riktlinjer"},"content":{"rendered":"<p>Genom att anv\u00e4nda den visuella identiteten i all v\u00e5r kommunikation g\u00f6r vi svensk cykelsport och Svenska Cykelf\u00f6rbundet synligare och tydligare. Den grafiska profilen \u00e4r framtagen f\u00f6r att underl\u00e4tta arbetet f\u00f6r externa leverant\u00f6rer. Nedan hittar ni v\u00e5ra grafiska riktlinjer samt nedladdningsbara logotyper i jpg-format. Beh\u00f6ver ni eps-filer f\u00f6r tryckmaterial, v\u00e4nligen kontakta <a href=\"mailto:tomas.larsson@scf.se\">tomas.larsson@scf.se<\/a><\/p>\n<p><a href=\"https:\/\/drive.google.com\/file\/d\/19Ldt-N6Sr6q8OD3_sbdzq5WLMphlw4ZD\/view?usp=sharing\">Grafiska riktlinjer<\/a><br \/>\n<a href=\"https:\/\/scf.se\/forbundet\/wp-content\/uploads\/sites\/9\/2019\/05\/Swecycling_logga.pdf\">Swecycling logga (pdf)<\/a><br \/>\n<a href=\"https:\/\/scf.se\/forbundet\/wp-content\/uploads\/sites\/9\/2021\/02\/SWE-CYCLING-300dpi.jpg\">Swecycling logga (jpg)<\/a><br \/>\n<a href=\"https:\/\/scf.se\/forbundet\/wp-content\/uploads\/sites\/9\/2021\/02\/Godkant-Cykellopp.jpg\">Godk\u00e4nt cykellopp jpg<\/a><\/p>\n<p>SWE Cup<\/p>\n<p><a href=\"https:\/\/scf.se\/forbundet\/mastartrojor\/\">M\u00e4startr\u00f6jor<\/a><\/p>\n<p>&nbsp;<\/p>\n<p>&nbsp;<\/p>\n","protected":false},"excerpt":{"rendered":"<p>Genom att anv\u00e4nda den visuella identiteten i all v\u00e5r kommunikation g\u00f6r vi svensk cykelsport och Svenska Cykelf\u00f6rbundet synligare och tydligare. Den grafiska profilen \u00e4r framtagen f\u00f6r att underl\u00e4tta arbetet f\u00f6r externa leverant\u00f6rer. Nedan hittar ni v\u00e5ra grafiska riktlinjer samt nedladdningsbara logotyper i jpg-format. Beh\u00f6ver ni eps-filer f\u00f6r tryckmaterial, v\u00e4nligen kontakta tomas.larsson@scf.se Grafiska riktlinjer Swecycling<a href=\"https:\/\/scf.se\/forbundet\/stod-service\/grafiska-riktlinjer\/\" class=\"news-card__more\"> &#8230;<\/a><\/p>\n","protected":false},"author":1,"featured_media":0,"parent":62,"menu_order":0,"comment_status":"closed","ping_status":"closed","template":"","meta":{"_acf_changed":false,"footnotes":""},"class_list":["post-80","page","type-page","status-publish","hentry"],"acf":[],"_links":{"self":[{"href":"https:\/\/scf.se\/forbundet\/wp-json\/wp\/v2\/pages\/80","targetHints":{"allow":["GET"]}}],"collection":[{"href":"https:\/\/scf.se\/forbundet\/wp-json\/wp\/v2\/pages"}],"about":[{"href":"https:\/\/scf.se\/forbundet\/wp-json\/wp\/v2\/types\/page"}],"author":[{"embeddable":true,"href":"https:\/\/scf.se\/forbundet\/wp-json\/wp\/v2\/users\/1"}],"replies":[{"embeddable":true,"href":"https:\/\/scf.se\/forbundet\/wp-json\/wp\/v2\/comments?post=80"}],"version-history":[{"count":0,"href":"https:\/\/scf.se\/forbundet\/wp-json\/wp\/v2\/pages\/80\/revisions"}],"up":[{"embeddable":true,"href":"https:\/\/scf.se\/forbundet\/wp-json\/wp\/v2\/pages\/62"}],"wp:attachment":[{"href":"https:\/\/scf.se\/forbundet\/wp-json\/wp\/v2\/media?parent=80"}],"curies":[{"name":"wp","href":"https:\/\/api.w.org\/{rel}","templated":true}]}}