
{"id":7518,"date":"2024-06-25T12:03:13","date_gmt":"2024-06-25T10:03:13","guid":{"rendered":"https:\/\/scf.se\/forbundet\/?page_id=7518"},"modified":"2024-06-25T14:15:20","modified_gmt":"2024-06-25T12:15:20","slug":"randonnee-ultralopp","status":"publish","type":"page","link":"https:\/\/scf.se\/forbundet\/randonnee-ultralopp\/","title":{"rendered":"Randonn\u00e9e\/Ultralopp"},"content":{"rendered":"<p><strong>Om randonn\u00e9e <\/strong>(informationen h\u00e4mtad fr\u00e5n <a href=\"https:\/\/sv.wikipedia.org\/wiki\/Randonne\">Randonne \u2013 Wikipedia<\/a> )<br \/>\nRandonn\u00e9e \u00e4r en form av organiserad l\u00e5ngtur p\u00e5 cykel, d\u00e4r m\u00e5let \u00e4r att cykla en f\u00f6rutbest\u00e4md str\u00e4cka inom en viss tidsgr\u00e4ns. Varje cyklist ansvarar f\u00f6r sig, men det \u00e4r fullt till\u00e5tet och vanligt att g\u00f6ra s\u00e4llskap med andra deltagare. I likhet med l\u00e5ngf\u00e4rdscykling s\u00e4tter randonn\u00e9e vikt vid att klara sig p\u00e5 egen hand (utan f\u00f6ljebilar etc.), och fokus \u00e4r mer p\u00e5 att klara en distans \u00e4n att komma f\u00f6rst &#8211; alla som kommer i m\u00e5l inom utsatt tid \u00e4r lika goda vinnare.<\/p>\n<p><strong>Regler<\/strong><br \/>\nEn randonn\u00e9e kallas ocks\u00e5 brevet. F\u00f6r att bevisa att man har k\u00f6rt l\u00e4ngs banan har randonn\u00f6ren &#8211; den som cyklar randonn\u00e9e &#8211; ett brevet-kort d\u00e4r man ska samla st\u00e4mplar fr\u00e5n best\u00e4mda orter l\u00e4ngs banan, vanligen i &#8221;h\u00f6rnen&#8221; av en rundtur. Dessa st\u00e4mplar kan f\u00e5s p\u00e5 caf\u00e9er, mackar etc. Till sin hj\u00e4lp har man vanligen en v\u00e4gbeskrivning med instruktioner i stil med &#8221;sv\u00e4ng v\u00e4nster mot X-stad, d\u00e4refter 3 km rakt fram\u00e5t&#8221;, ofta ocks\u00e5 en karta. Markeringar p\u00e5 v\u00e4gbanan och organiserade kontroller f\u00f6rekommer normalt inte. Tidsgr\u00e4nsen \u00e4r vanligen satt s\u00e5 att man beh\u00f6ver h\u00e5lla mellan 15 och 35 km\/h inklusive pauser f\u00f6r att komma i m\u00e5l i tid. Vid varje kontroll m\u00e5ste man ocks\u00e5 st\u00e4mpla inom &#8221;\u00f6ppettider&#8221; som motsvarande dessa mini- och maxihastigheter.<\/p>\n<p>De flesta randonn\u00e9e-lopp i hela v\u00e4rlden finns registrerade hos Audax Club Parisienne (den f\u00f6rsta klubb som bildades i v\u00e4rlden f\u00f6r randonn\u00e9e) och v\u00e4rldsorganisationen Randonneurs Mondiaux. De kontrollerar och registrerar ocks\u00e5 varje resultat fr\u00e5n nationella breveter, n\u00e5got som kallas homologation. Loppen som \u00e4r registrerade hos ACP kallas brevets randonneurs mondiaux. Alla lopp i Sverige ing\u00e5r i BRM, men i vissa l\u00e4nder, till exempel Storbritannien finns n\u00e5gra lopp som inte ing\u00e5r i BRM.<\/p>\n<p><strong>Distanser<\/strong><br \/>\nDe vanligaste brevet-distanserna \u00e4r 20, 30, 40 och 60 mil. Dessa utg\u00f6r tillsammans en serie. Den som fullf\u00f6ljer en serie under ett \u00e5r kan titulera sig Super randonneur. \u00c4ven l\u00e5nga distanser p\u00e5 100 mil ordnas av n\u00e5gra klubbar. Ibland ordnas ocks\u00e5 inofficiella (vilket betyder att de inte \u00e4r registrerade hos Randonneurs Mondiaux) turer under 20 mil, kallade &#8221;populaires&#8221;.<\/p>\n<p>Det finns ocks\u00e5 en n\u00e5got ovanligare form Fleche som g\u00e5r ut p\u00e5 att lag fr\u00e5n olika h\u00e5ll \u00e5ker till ett gemensamt m\u00e5l en str\u00e4cka p\u00e5 minst 36 mil och med tidsgr\u00e4ns p\u00e5 24 timmar eller mer.<\/p>\n<p>Det \u00e4r vanligt, om \u00e4n frivilligt, att cykla i s\u00e4llskap. Om n\u00e5gon f\u00e5r punktering brukar man stanna och hj\u00e4lpa den som beh\u00f6ver. P\u00e5 st\u00e4mpelorterna eller i enstaka fall mellan orterna \u00e4r det ofta fika- eller matpaus p\u00e5 caf\u00e9 eller pizzeria &#8211; i alla fall paus f\u00f6r att fylla vattenflaskor och energi. P\u00e5 60-milare brukar det vara vanligt att \u00f6vernatta p\u00e5 vandrarhem, \u00e4ven om vissa k\u00f6r utan \u00f6vernattning.<\/p>\n<p><strong>120 mil+<\/strong><br \/>\nDe l\u00e4ngsta loppen \u00e4r \u00f6ver 120 mil, och g\u00e5r i regel mer s\u00e4llan \u00e4n \u00e5rligen. Det mest ber\u00f6mda \u00e4r Paris-Brest-Paris som ordnas vart fj\u00e4rde \u00e5r, och \u00e4r n\u00e5got av &#8221;randonneurernas olympiad&#8221;.<\/p>\n<p>L\u00e5ngloppen \u00e4r ofta de nationella organisationernas &#8221;flaggskepp&#8221;, till exempel brittiska Audax UK:s 140 mil l\u00e5nga London-Edinburgh-London. L\u00e5nglopp i Sverige \u00e4r Super Brevet Scandianavia (som g\u00e5r fr\u00e5n Danmark till Norge genom Sverige), Sverigetempot Riksgr\u00e4nsen-Smyghuk p\u00e5 210 mil, vilket har varit den l\u00e4ngsta distansen registrerad av Randonneurs Mondiaux i hela v\u00e4rlden, och Sverigeloppet p\u00e5 180 mil som gick fr\u00e5n Haparanda till Ystad under \u00e5ren 1951-1965 och som \u00e5terstartades 2017.<\/p>\n<p><strong>Audax och randonn\u00e9e<\/strong><br \/>\nAudax \u00e4r en variant p\u00e5 randonn\u00e9e d\u00e4r alla alltid \u00e5ker tillsammans i grupp under ledning av en kapten, vanligen enligt ett f\u00f6rutbest\u00e4mt schema med inlagda pauser f\u00f6r fika och m\u00e5ltider. Om en person f\u00e5r punktering eller andra problem stannar alla och hj\u00e4lper till.<\/p>\n<p>N\u00e5got f\u00f6rvillande anv\u00e4nds ordet audax i vissa l\u00e4nder (Storbritannien och Australien m.fl.) f\u00f6r randonnecykling, dvs den form d\u00e4r alla f\u00e5r k\u00f6ra i sitt eget tempo. F\u00f6r att f\u00f6rtydliga anv\u00e4nds i franskspr\u00e5kiga l\u00e4nder ibland allure libre f\u00f6r att f\u00f6rtydliga att det r\u00f6r sig om turer i fritt tempo.<\/p>\n<p>I Sverige ordnas Audax-turer \u00e4n s\u00e5 l\u00e4nge (2009) bara av Audax 22,5, en avdelning inom Fredrikshof IF i Stockholm. Detta namn kommer f\u00f6r \u00f6vrigt av det rullsnitt (snitt exkl schemalagda pauser) p\u00e5 22,5 km\/h som Audax-turer internationellt \u00e4r ber\u00e4knande kring och f\u00f6rs\u00f6ker h\u00e5lla.<\/p>\n<p>Paris-Brest-Paris ordnas i en audax-variant ocks\u00e5, vart femte \u00e5r.<\/p>\n<p><strong>Cyklar<\/strong><br \/>\nEn bra cykel f\u00f6r randonne \u00e4r komfortabel \u00e4ven under l\u00e5nga turer, relativt snabb, har plats f\u00f6r viss packning, belysning och vid d\u00e5ligt v\u00e4der g\u00e4rna st\u00e4nksk\u00e4rmar. En cykel byggt speciellt f\u00f6r dessa uppgifter brukar kallas &#8221;Audax-cykel&#8221;. De flesta typer g\u00e5r att anv\u00e4nda; racercyklar med extra sm\u00e5 v\u00e4skor och l\u00f6sa lampor \u00e4r vanliga. Alla typer av cyklar \u00e4r till\u00e5tna s\u00e5 l\u00e4nge de \u00e4r lagliga och i \u00f6vrigt s\u00e4kra. \u00c4ven liggcyklar och velomobiler \u00e4r vanliga internationellt, och kan vara s\u00e4rskilt l\u00e4mpliga tack vare god komfort p\u00e5 l\u00e5ngturer. P\u00e5 audax-turer d\u00e5 man \u00e5ker tillsammans hela tiden \u00e4r det extra viktigt med st\u00e4nksk\u00e4rmar, och m\u00e5nga turer har krav p\u00e5 detta.<\/p>\n<p>Eftersom Randonn\u00e9e och Ultralopp inte hanteras av UCI har cykelgrenen inget nationellt reglemente av Svenska Cykelf\u00f6rbundet (SCF) och kan d\u00e4rf\u00f6r ej sanktioneras av SCF. Randonn\u00e9e-\/Ultralopp sanktioneras internationellt av Audax Club Parisien (ACP) eller Les Randonneurs Mondiaux (RM).\u00a0 Nedan finns information om vad som g\u00e4ller vid deltagande av t\u00e4vlingslicensierade, villkor f\u00f6r g\u00e4llande f\u00f6rs\u00e4kringar, kalender f\u00f6r randonn\u00e9e\/ultralopp samt annan relevant information.<\/p>\n<p>&nbsp;<\/p>\n<h4>R\u00e4tt att delta i randonn\u00e9e-\/ultralopp f\u00f6r cyklister med t\u00e4vlingslicens fr\u00e5n SCF:<\/h4>\n<ul>\n<li>T\u00e4vlingslicensierade cyklister f\u00e5r delta i ett randonn\u00e9e-\/ultralopp utan att beh\u00f6va ans\u00f6ka om dispens f\u00f6r deltagande under f\u00f6ruts\u00e4ttning att loppet \u00e4r sanktionerad av ACP eller RM.<\/li>\n<\/ul>\n<h4>F\u00f6rs\u00e4kringsvillkor i randonn\u00e9e-\/ultralopp f\u00f6r cyklister med licens fr\u00e5n SCF:<\/h4>\n<ul>\n<li>Under f\u00f6ruts\u00e4ttning att arrangerande f\u00f6rening (1) \u00e4r ansluten till SCF samt (2) att randonn\u00e9e-\/ultraloppet \u00e4r sanktionerad av ACP eller RM har licensierade cyklister g\u00e4llande licensf\u00f6rs\u00e4kring (olycksfall- samt ansvarsf\u00f6rs\u00e4kring) p\u00e5 v\u00e4g till, fr\u00e5n och under ett randonn\u00e9e-\/ultralopp.\u00a0 Om arrangerande f\u00f6rening inte \u00e4r ansluten till SCF s\u00e5 g\u00e4ller inte deltagares licensf\u00f6rs\u00e4kring.<\/li>\n<\/ul>\n<h4>SCF:s arrangemangskalender swecyclingonline:<\/h4>\n<ul>\n<li>Randonn\u00e9e-\/Ultralopp listas inte\u00a0 i SCF:s arrangemangskalender swecyclingonline d\u00e5 enbart cykellopp sanktionerade av SCF listas d\u00e4r. Arrang\u00f6rer av randonn\u00e9e-\/ultralopp betalar d\u00e4rmed inte heller n\u00e5gra deltagaravgifter till SCF. SCF promotar ist\u00e4llet cykelgrenen randonn\u00e9e-\/ultralopp p\u00e5 denna sida samt via sina \u00f6vriga mediekanaler och nyhetsrapportering, t ex SCF:s Facebooksida.<\/li>\n<\/ul>\n<h4>Randonneurs Sveriges webbsida:<\/h4>\n<ul>\n<li>P\u00e5 Randonneurs Sveriges (RS) webbsida: <a href=\"http:\/\/www.randonneurs.se\">http:\/\/www.randonneurs.se<\/a> finns bl a en kalender som listar samtliga randonn\u00e9e-lopp i Sverige som \u00e4r sanktionerade av ACP eller RM. Det \u00e5ligger arrang\u00f6ren att informera om arrangerande f\u00f6rening \u00e4r ansluten till SCF.<\/li>\n<\/ul>\n<h4>I \u00f6vrigt g\u00e4ller:<\/h4>\n<ul>\n<li>F\u00f6r att licensf\u00f6rs\u00e4kringar ska g\u00e4lla \u00e4r arrang\u00f6rer ansvariga f\u00f6r att arrangemanget genomf\u00f6rs utifr\u00e5n eventuella myndighetskrav.<\/li>\n<li>Arrangemang som inte \u00e4r sanktionerade av ACP eller RM kr\u00e4ver dispens f\u00f6r deltagande av t\u00e4vlingslicensierade.<\/li>\n<\/ul>\n<hr \/>\n<h3>Kompletterande information ang\u00e5ende organisationen av randoklubbar i Sverige (april 2024)<\/h3>\n<ul>\n<li>Brevet-lopp som klubbar vill arrangera anm\u00e4ls till Randonneurs Sverige en g\u00e5ng per \u00e5r i oktober. Enbart dessa lopp blir sanktionerade av ACP\/RM.<\/li>\n<li>Cykelklubbar i Sverige vars medlemmar deltar i breveter har en ACP-kod. Det finns just nu 113 klubbar med ACP-kod.<\/li>\n<li>Alla 113 klubbar med ACP-kod arrangerar inte brevet-lopp. Endast ca 20 klubbar g\u00f6r det.<\/li>\n<li>Att registrera klubben till ACP och f\u00e5 en kod \u00e4r gratis. Detta g\u00f6rs hos Randonneurs Sverige.<\/li>\n<li>Cyklister som inte \u00e4r medlem i en klubb med ACP-kod f\u00e5r delta i ett lopp men de listas d\u00e5 som \u201dIndependet\u201d i officiella resultatlistor.<\/li>\n<li>Listan p\u00e5 klubbar med ACP-kod finns p\u00e5 Randonneurs Sveriges webbsida: <a href=\"http:\/\/www.randonneurs.se\">http:\/\/www.randonneurs.se<\/a><\/li>\n<\/ul>\n<figure class=\"wp-block-video alignleft\"><video src=\"https:\/\/vasterbottenbrevet.se\/resources\/msr2024_hd.mov\" poster=\"https:\/\/vasterbottenbrevet.se\/resources\/msr2024-preview.jpg\" controls=\"controls\" width=\"100%\u201d height=\" height=\"100%\"><span data-mce-type=\"bookmark\" style=\"display: inline-block; width: 0px; overflow: hidden; line-height: 0;\" class=\"mce_SELRES_start\">\ufeff<\/span><\/video><figcaption class=\"wp-element-caption\">Midnight Sun Randonn\u00e9e 2024 med tv\u00e5 v\u00e4lk\u00e4nda svenska randonneurer, Martin Bergstr\u00f6m och Sven Cederberg. Film av Florian Kynman (23 min. Full HD 1920x1080p).<\/figcaption><\/figure>\n","protected":false},"excerpt":{"rendered":"<p>Om randonn\u00e9e (informationen h\u00e4mtad fr\u00e5n Randonne \u2013 Wikipedia ) Randonn\u00e9e \u00e4r en form av organiserad l\u00e5ngtur p\u00e5 cykel, d\u00e4r m\u00e5let \u00e4r att cykla en f\u00f6rutbest\u00e4md str\u00e4cka inom en viss tidsgr\u00e4ns. Varje cyklist ansvarar f\u00f6r sig, men det \u00e4r fullt till\u00e5tet och vanligt att g\u00f6ra s\u00e4llskap med andra deltagare. I likhet med l\u00e5ngf\u00e4rdscykling s\u00e4tter randonn\u00e9e<a href=\"https:\/\/scf.se\/forbundet\/randonnee-ultralopp\/\" class=\"news-card__more\"> &#8230;<\/a><\/p>\n","protected":false},"author":30,"featured_media":7743,"parent":0,"menu_order":0,"comment_status":"closed","ping_status":"closed","template":"","meta":{"_acf_changed":false,"footnotes":""},"class_list":["post-7518","page","type-page","status-publish","hentry"],"acf":[],"_links":{"self":[{"href":"https:\/\/scf.se\/forbundet\/wp-json\/wp\/v2\/pages\/7518","targetHints":{"allow":["GET"]}}],"collection":[{"href":"https:\/\/scf.se\/forbundet\/wp-json\/wp\/v2\/pages"}],"about":[{"href":"https:\/\/scf.se\/forbundet\/wp-json\/wp\/v2\/types\/page"}],"author":[{"embeddable":true,"href":"https:\/\/scf.se\/forbundet\/wp-json\/wp\/v2\/users\/30"}],"replies":[{"embeddable":true,"href":"https:\/\/scf.se\/forbundet\/wp-json\/wp\/v2\/comments?post=7518"}],"version-history":[{"count":32,"href":"https:\/\/scf.se\/forbundet\/wp-json\/wp\/v2\/pages\/7518\/revisions"}],"predecessor-version":[{"id":8179,"href":"https:\/\/scf.se\/forbundet\/wp-json\/wp\/v2\/pages\/7518\/revisions\/8179"}],"wp:featuredmedia":[{"embeddable":true,"href":"https:\/\/scf.se\/forbundet\/wp-json\/wp\/v2\/media\/7743"}],"wp:attachment":[{"href":"https:\/\/scf.se\/forbundet\/wp-json\/wp\/v2\/media?parent=7518"}],"curies":[{"name":"wp","href":"https:\/\/api.w.org\/{rel}","templated":true}]}}