
{"id":7356,"date":"2026-01-06T08:36:06","date_gmt":"2026-01-06T07:36:06","guid":{"rendered":"https:\/\/scf.se\/forbundet\/?page_id=7356"},"modified":"2026-03-06T10:31:49","modified_gmt":"2026-03-06T09:31:49","slug":"sanktion","status":"publish","type":"page","link":"https:\/\/scf.se\/forbundet\/sanktion\/","title":{"rendered":"Sanktionerade lopp"},"content":{"rendered":"<p>Som cyklist kan du vara trygg med att sanktionerade lopp \u00e5tar sig att f\u00f6lja SCF:s riktlinjer f\u00f6r s\u00e4kra och r\u00e4ttvisa lopp. Dessutom har du har en g\u00e4llande olycksfalls- och ansvarsf\u00f6rs\u00e4kring n\u00e4r du deltar i ett sanktionerat lopp (genom din licens eller genom arrang\u00f6rens deltagaravgift). Ett sanktionerat lopp \u00e4r med och bidrar till utvecklingen av svensk cykelsport genom att bland annat betala deltagaravgifter som av SCF anv\u00e4nds till utbildningar, landslag, cuper, m\u00e4sterskap, f\u00f6reningsst\u00f6d, osv.<\/p>\n<p>Vilken typ av lopp kr\u00e4ver sanktion?<\/p>\n<p>Nedan finns ett fl\u00f6desschema som kan anv\u00e4ndas f\u00f6r att f\u00f6rst\u00e5 om ett lopp\/arrangemang beh\u00f6ver sanktion. Under fl\u00f6desschemat finns specificerat vad som g\u00e4ller f\u00f6r alla olika typer av lopp.<\/p>\n<a href=\"https:\/\/scf.se\/forbundet\/wp-content\/uploads\/sites\/9\/2025\/12\/Flodesschema-2026_1.png\"><img loading=\"lazy\" decoding=\"async\" class=\"alignnone size-full wp-image-11250\" src=\"https:\/\/scf.se\/forbundet\/wp-content\/uploads\/sites\/9\/2025\/12\/Flodesschema-2026_1.png\" alt=\"\" width=\"1302\" height=\"977\" srcset=\"https:\/\/scf.se\/forbundet\/wp-content\/uploads\/sites\/9\/2025\/12\/Flodesschema-2026_1.png 1302w, https:\/\/scf.se\/forbundet\/wp-content\/uploads\/sites\/9\/2025\/12\/Flodesschema-2026_1-300x225.png 300w, https:\/\/scf.se\/forbundet\/wp-content\/uploads\/sites\/9\/2025\/12\/Flodesschema-2026_1-1024x768.png 1024w, https:\/\/scf.se\/forbundet\/wp-content\/uploads\/sites\/9\/2025\/12\/Flodesschema-2026_1-768x576.png 768w\" sizes=\"auto, (max-width: 1302px) 100vw, 1302px\" \/><\/a>\n<p>&nbsp;<\/p>\n<p><strong>T\u00e4vlingsarrangemang<\/strong><\/p>\n<p>Det finns fyra typer av t\u00e4vlingsarrangemang<\/p>\n<ul>\n<li>Nationell t\u00e4vling<\/li>\n<li>Distrikts\/Allianst\u00e4vling<\/li>\n<li>Instegst\u00e4vling\/Sportmotion<\/li>\n<li>F\u00f6reningst\u00e4vling<\/li>\n<\/ul>\n<p><strong>Motionsarrangemang<\/strong><\/p>\n<p>Det finns en typ av motionsarrangemang<\/p>\n<ul>\n<li>Motionslopp<\/li>\n<\/ul>\n<p><strong>Andra typer av cykelevent<\/strong><\/p>\n<p>Andra typer av cykelevent \u00e4n de n\u00e4mnda ovan hanteras\u00a0<strong><em>inte<\/em><\/strong>\u00a0av SCF<\/p>\n<p>Notera att det\u00a0inte\u00a0finns n\u00e5got som heter\u00a0<strong>motionst\u00e4vling<\/strong>\u00a0som \u00e4r godk\u00e4nt f\u00f6r sanktion av SCF<strong>.<\/strong><\/p>\n<p>Hantering g\u00e4llande Randonn\u00e9e- och Ultralopp kan man l\u00e4sa om\u00a0<a href=\"https:\/\/scf.se\/forbundet\/randonnee-ultralopp\/\">h\u00e4r<\/a>.<\/p>\n<hr \/>\n<p><strong>Nationell t\u00e4vling<\/strong><\/p>\n<p>Ett arrangemang f\u00f6r nationellt deltagande med officiell resultatlista \u00e4r av SCF definierat som en nationell t\u00e4vling.<\/p>\n<ul>\n<li>Arrang\u00f6ren av t\u00e4vlingen m\u00e5ste vara en f\u00f6rening eller distrikt ansluten till SCF.<\/li>\n<li>Utan korrekt sanktion inneb\u00e4r det att deltagande cyklister med licens inte har en g\u00e4llande olycksfallsf\u00f6rs\u00e4kring samt att cyklister med t\u00e4vlingslicens riskerar att f\u00e5 p\u00e5f\u00f6ljder.<\/li>\n<li>Som arrang\u00f6r f\u00e5r man sanktion genom att:\n<ul>\n<li><strong>Ni \u00e4r en cykelf\u00f6rening kopplad till SCF.<\/strong><\/li>\n<li><strong>Ni l\u00e4gger in ert arrangemang i SCF:s kalender swecyclingonline.<\/strong><\/li>\n<li><strong>Ni s\u00f6ker tillst\u00e5nd hos polismyndigheten och\/eller l\u00e4nsstyrelsen (det \u00e4r f\u00f6reningens ansvar att ta reda p\u00e5 vad som g\u00e4ller f\u00f6r just ert arrangemang).<\/strong><\/li>\n<\/ul>\n<\/li>\n<li>Nationell t\u00e4vling kr\u00e4ver Kommissarie.<\/li>\n<li>Arrang\u00f6r ska rapportera in antalet anm\u00e4lda deltagare inom\u00a0tio dagar efter avslutat arrangemang. SCF fakturerar f\u00f6reningen efter inrapportering.<\/li>\n<li>Deltagarna i t\u00e4vlingen m\u00e5ste ha en giltig t\u00e4vlingslicens. I Sport- och ungdomsklasserna kr\u00e4vs enbart en eng\u00e5ngslicens och t\u00e4vlande i en eventuell nyb\u00f6rjarklass beh\u00f6ver ej licens.<\/li>\n<li>Deltagarna \u00e4r f\u00f6rs\u00e4krade genom sina licenser.<\/li>\n<li>Funktion\u00e4rer \u00e4r f\u00f6rs\u00e4krade genom RF:s f\u00f6reningsf\u00f6rs\u00e4kring bas.<\/li>\n<li>Arrang\u00f6ren \u00e4r ansvarig f\u00f6r att ha mark\u00e4garens eller v\u00e4gh\u00e5llarens tillst\u00e5nd, utifr\u00e5n arrangemangets utformning och omfattning.<\/li>\n<li>Arrang\u00f6r till sanktionerad t\u00e4vling har r\u00e4tten att anv\u00e4nda SCF logga \u201dGodk\u00e4nt cykellopp\u201d i all sin marknadsf\u00f6ring.<\/li>\n<li>Arrangerande f\u00f6rening best\u00e4mmer sj\u00e4lv vilken anm\u00e4lningsavgift som ska g\u00e4lla f\u00f6r t\u00e4vlingen (undantag, SCF cuper och m\u00e4sterskap d\u00e4r avgift s\u00e4tts i samarbete med SCF. L\u00e4s mer om priss\u00e4ttning\u00a0<a href=\"https:\/\/scf.se\/forbundet\/tavlingsavgifter\/\">h\u00e4r.<\/a><\/li>\n<\/ul>\n<p><strong>Deltagaravgifter ska enligt<a href=\"https:\/\/scf.se\/forbundet\/tavlingsavgifter\/\">\u00a0fastst\u00e4llda riktlinjer<\/a>\u00a0betalas till SCF.<\/strong><\/p>\n<hr \/>\n<p><strong>Distrikt\/Allianst\u00e4vling<\/strong><\/p>\n<p>Ett arrangemang f\u00f6r cyklister i ett distrikt eller en allians av cykelf\u00f6reningar i ett distrikt\/omr\u00e5det med officiell resultatlista, \u00e4r av SCF definierat som en Distrikts\/Allianst\u00e4vling. Observera att \u00e4ven distrikts\/allianst\u00e4vling m\u00e5ste finnas i swecyclingonline f\u00f6r att kunna f\u00e5 sanktion. Det \u00e4r distrikten som utser kommissarie. Arrangemang med anm\u00e4lningsavgift \u00f6ver 80 kronor skall alltid ha en utsedd kommissarie. F\u00f6r arrangemang upp till 80 kr <em><strong>b\u00f6r\u00a0<\/strong><\/em>kommissarie finnas p\u00e5 plats.<\/p>\n<p>Som arrang\u00f6r f\u00e5r man sanktion genom att:<\/p>\n<ul>\n<li><strong>Ni \u00e4r en f\u00f6rening ansluten till SCF.<\/strong><\/li>\n<li><strong>Ni l\u00e4gger in ert arrangemang i SCF:s kalender swecyclingonline\u00a0f\u00f6r att\u00a0<em>inte<\/em>\u00a0riskera att bli ett lopp utan sanktion.<\/strong><\/li>\n<li><strong>Utan korrekt sanktion inneb\u00e4r det att deltagande cyklister med licens inte har en g\u00e4llande olycksfallsf\u00f6rs\u00e4kring samt att cyklister med t\u00e4vlingslicens riskerar att f\u00e5 p\u00e5f\u00f6ljder.<\/strong><\/li>\n<li><strong>Ni s\u00f6ker tillst\u00e5nd hos polismyndigheten och\/eller l\u00e4nsstyrelsen (det \u00e4r f\u00f6reningens ansvar att ta reda p\u00e5 vad som g\u00e4ller f\u00f6r just ert arrangemang).<\/strong><\/li>\n<li>Arrang\u00f6r ska rapportera in antalet anm\u00e4lda deltagare inom tio dagar efter avslutat arrangemang. SCF fakturerar f\u00f6reningen efter inrapportering. Vid 80 kr eller l\u00e4gre anm\u00e4lningsavgift betalas ingen deltagaravgift till SCF.<\/li>\n<li>Deltagarna i t\u00e4vlingen m\u00e5ste ha en giltig t\u00e4vlingslicens. I Sport- och ungdomsklasserna kr\u00e4vs enbart en eng\u00e5ngslicens och t\u00e4vlande i en eventuell nyb\u00f6rjarklass beh\u00f6ver ej licens.<\/li>\n<li>Deltagare \u00e4r f\u00f6rs\u00e4krade genom sina t\u00e4vlingslicenser.Funktion\u00e4rer \u00e4r f\u00f6rs\u00e4krade genom RF:s f\u00f6reningsf\u00f6rs\u00e4kring bas.<\/li>\n<li>Arrang\u00f6ren \u00e4r ansvarig f\u00f6r att ha mark\u00e4garens eller v\u00e4gh\u00e5llarens tillst\u00e5nd, om s\u00e5 \u00e4r befogat utifr\u00e5n arrangemangets utformning och omfattning.<\/li>\n<li>Arrang\u00f6r till sanktionerad t\u00e4vling har r\u00e4tten att anv\u00e4nda SCF logga \u201dGodk\u00e4nt cykellopp\u201d i all sin marknadsf\u00f6ring.<\/li>\n<\/ul>\n<p><em>Distrikt\/Allianst\u00e4vling med anm\u00e4lningsavgift\u00a0<\/em><strong>upp<\/strong><em><strong>\u00a0till 80 kr betalar ingen deltagaravgift till SCF.<\/strong><\/em><br \/>\n<em>Distrikt\/Allianst\u00e4vling med anm\u00e4lningsavgift\u00a0<strong>\u00f6ver 80 kr betalar deltagaravgift enligt reglementet till SCF.<\/strong><\/em><\/p>\n<hr \/>\n<p><strong>Instegst\u00e4vling\/Sportmotion<\/strong><\/p>\n<p>Ett cykellopp riktat mot en bredare deltagarmassa (framf\u00f6rallt motionscyklister eller ungdomar) kan genomf\u00f6ras med r\u00e4tten att ge resultat om det k\u00f6rs som klassen Sportmotion. Sportmotion har krav p\u00e5 att samtliga deltagare har licens (eng\u00e5ngslicens, motionslicens eller t\u00e4vlingslicens), samt att arrang\u00f6ren uppfyller kraven p\u00e5 s\u00e4kerheten som SCF st\u00e4ller. Penningpriser (undantaget presentkort upp till 500 kr) f\u00e5r ej f\u00f6rekomma i Sportmotion.<\/p>\n<ul>\n<li>Arrang\u00f6ren av loppet m\u00e5ste vara en f\u00f6rening eller distrikt ansluten till SCF.<\/li>\n<li>Loppet m\u00e5ste l\u00e4ggas in i swecyclingonline f\u00f6r att inte riskera att bli ett lopp utan sanktion. Utan korrekt sanktion inneb\u00e4r det att deltagande cyklister med licens inte har en g\u00e4llande olycksfallsf\u00f6rs\u00e4kring samt att cyklister med t\u00e4vlingslicens riskerar att f\u00e5 p\u00e5f\u00f6ljder.<\/li>\n<li>Som arrang\u00f6r f\u00e5r man sanktion genom att:\n<ul>\n<li><strong>Ni \u00e4r en f\u00f6rening ansluten till SCF.<\/strong><\/li>\n<li><strong>Ni l\u00e4gger in ert arrangemang i SCF:s kalender swecyclingonline.<\/strong><\/li>\n<li><strong>Ni s\u00f6ker tillst\u00e5nd hos polismyndigheten och\/eller l\u00e4nsstyrelsen (det \u00e4r f\u00f6reningens ansvar att ta reda p\u00e5 vad som g\u00e4ller f\u00f6r just ert arrangemang).<\/strong><\/li>\n<li><strong>Ni f\u00f6ljer SCF\u2019s reglementen f\u00f6r t\u00e4vling.<\/strong><\/li>\n<\/ul>\n<\/li>\n<li>Arrang\u00f6r ska rapportera in antalet anm\u00e4lda deltagare inom tio dagar efter avslutat arrangemang. SCF fakturerar f\u00f6reningen efter inrapportering.<\/li>\n<li>Vid Sportmotion ska kommissarie vara p\u00e5 plats. Endast om kommissarie inte finns tillg\u00e4ngligt f\u00e5r loppet k\u00f6ras utan.<\/li>\n<li>Deltagarna i loppet m\u00e5ste ha en giltig licens.<\/li>\n<li>Deltagarna \u00e4r f\u00f6rs\u00e4krade genom sina licenser.<\/li>\n<li>Funktion\u00e4rer \u00e4r f\u00f6rs\u00e4krade genom RF:s f\u00f6reningsf\u00f6rs\u00e4kring bas.<\/li>\n<li>Arrang\u00f6ren \u00e4r ansvarig f\u00f6r att ha mark\u00e4garens eller v\u00e4gh\u00e5llarens tillst\u00e5nd, utifr\u00e5n arrangemangets utformning och omfattning.<\/li>\n<li>Arrang\u00f6r till sanktionerat lopp har r\u00e4tten att anv\u00e4nda SCF logga \u201dGodk\u00e4nt cykellopp\u201d i all sin marknadsf\u00f6ring.<\/li>\n<li>Arrangerande f\u00f6rening best\u00e4mmer sj\u00e4lv vilken anm\u00e4lningsavgift som ska g\u00e4lla f\u00f6r loppet.<\/li>\n<li>Penningpriser (undantaget presentkort upp till 500 kr) f\u00e5r ej f\u00f6rekomma i Sportmotion.<\/li>\n<\/ul>\n<p><strong>Deltagaravgifter enligt<a href=\"https:\/\/scf.se\/forbundet\/tavlingsavgifter\/\">\u00a0fastst\u00e4llda riktlinjer<\/a>\u00a0ska betalas till SCF.<\/strong><\/p>\n<hr \/>\n<p><strong>F\u00f6reningst\u00e4vling \/ Klubbm\u00e4sterskap<\/strong><\/p>\n<p>Ett klubbm\u00e4sterskap eller rekryteringsarrangemang i f\u00f6reningens regi definieras som F\u00f6reningst\u00e4vling. Ingen startavgift f\u00e5r tas ut och ingen deltagaravgift betalas till SCF.<\/p>\n<ul>\n<li>Ingen licens kr\u00e4vs f\u00f6r cyklisterna \u2013\u00a0men rekommenderas starkt och b\u00f6r marknadsf\u00f6ras i informationen om eventet!<\/li>\n<li><em>T\u00e4vlingslicensierade cyklister skall ha licenstillh\u00f6righet i samma f\u00f6rening som arrangerande klubb (antingen som &#8221;huvudf\u00f6rening&#8221; eller &#8221;annan f\u00f6rening&#8221; p\u00e5 licensen i swecyclingonline).<\/em><\/li>\n<li>I detta fall g\u00e4ller RF:s grundf\u00f6rs\u00e4kring f\u00f6r funktion\u00e4rer. I \u00f6vrigt \u00e4r endast deltagare med licens samt ungdomar som \u00e4r medlemmar i f\u00f6reningen till och med den 31 december\u00a0det \u00e5r de fyller 15 \u00e5r\u00a0f\u00f6rs\u00e4krade. Arrang\u00f6ren ansvarar f\u00f6r att informera deltagarna om detta.<\/li>\n<li>Arrang\u00f6ren \u00e4r ansvarig f\u00f6r att ha mark\u00e4garens eller v\u00e4gh\u00e5llarens tillst\u00e5nd, om s\u00e5 \u00e4r befogat utifr\u00e5n arrangemangets utformning och omfattning.<\/li>\n<li>Du kan komma att vara ansvarig att s\u00f6ka tillst\u00e5nd fr\u00e5n Polismyndigheten och\/eller L\u00e4nsstyrelsen, om s\u00e5 \u00e4r befogat. L\u00e4s mer om vad som g\u00e4ller h\u00e4r:\u00a0<a href=\"https:\/\/polisen.se\/tjanster-tillstand\/tillstand-ansok\/offentlig-tillstallning\/\">https<\/a><a href=\"https:\/\/polisen.se\/tjanster-tillstand\/tillstand-ansok\/offentlig-tillstallning\/\">:\/\/polisen.se\/tjanster-tillstand\/tillstand-ansok\/offentlig-tillstallning<\/a><a href=\"https:\/\/polisen.se\/tjanster-tillstand\/tillstand-ansok\/offentlig-tillstallning\/\">\/<\/a><\/li>\n<\/ul>\n<p><strong>Ingen startavgift f\u00e5r tas ut och ingen deltagaravgift betalas till SCF.\u00a0<em>\u00d6nskas andra f\u00f6reningar bjudas in b\u00f6r loppet k\u00f6ras som en Distrikt\/Allianst\u00e4vling.<\/em><\/strong><\/p>\n<hr \/>\n<p><strong>Tr\u00e4ningst\u00e4vling<\/strong><\/p>\n<p>En tr\u00e4ningst\u00e4vling inneb\u00e4r att cyklister tr\u00e4nar t\u00e4vlingslikt\u00a0<em>utan att betala n\u00e5gon startavgift<\/em>. Resultatlista f\u00e5r ej vara officiell (dvs b\u00f6r ej publiceras och\/eller spridas \u00f6ppet p\u00e5 n\u00e4tet eller i sociala medier). Ingen deltagaravgift betalas till SCF.<\/p>\n<ul>\n<li>Ingen licens kr\u00e4vs f\u00f6r cyklisterna \u2013\u00a0men rekommenderas starkt och b\u00f6r marknadsf\u00f6ras i informationen om eventet!<\/li>\n<li>Endast deltagare med licens samt ungdomar som \u00e4r medlemmar i cykelf\u00f6rening till och med den 31 december det \u00e5r de fyller 15 \u00e5r f\u00f6rs\u00e4krade vid tr\u00e4ning. Arrang\u00f6ren ansvarar f\u00f6r att informera deltagarna om detta.<\/li>\n<li>Arrang\u00f6ren \u00e4r ansvarig f\u00f6r att ha mark\u00e4garens eller v\u00e4gh\u00e5llarens tillst\u00e5nd, om s\u00e5 \u00e4r befogat utifr\u00e5n arrangemangets utformning och omfattning.<\/li>\n<li>Du kan komma att vara ansvarig att s\u00f6ka tillst\u00e5nd fr\u00e5n Polismyndigheten och\/eller L\u00e4nsstyrelsen, om s\u00e5 \u00e4r befogat. L\u00e4s mer om vad som g\u00e4ller h\u00e4r:\u00a0<a href=\"https:\/\/polisen.se\/tjanster-tillstand\/tillstand-ansok\/offentlig-tillstallning\/\">https<\/a><a href=\"https:\/\/polisen.se\/tjanster-tillstand\/tillstand-ansok\/offentlig-tillstallning\/\">:\/\/polisen.se\/tjanster-tillstand\/tillstand-ansok\/offentlig-tillstallning<\/a><a href=\"https:\/\/polisen.se\/tjanster-tillstand\/tillstand-ansok\/offentlig-tillstallning\/\">\/<\/a><\/li>\n<\/ul>\n<p><strong>Ingen startavgift f\u00e5r tas ut och ingen deltagaravgift betalas till SCF.\u00a0<\/strong><\/p>\n<hr \/>\n<p><strong>Motionslopp<\/strong><\/p>\n<p>Ett cykellopp utan officiell resultatlista definieras som Motionslopp. Denna typ av motionsarrangemang f\u00e5r ge deltagarna tid efter avslutat lopp, men arrang\u00f6r f\u00e5r\u00a0<em>inte<\/em>\u00a0tillhandah\u00e5lla en resultatlista. Eventuella priser f\u00e5r endast lottas ut bland deltagarna, inga priser efter prestationer!<\/p>\n<ul>\n<li>Som arrang\u00f6r f\u00e5r man sanktion genom att:\n<ul>\n<li><strong>Ni \u00e4r en f\u00f6rening eller distrikt ansluten till SCF.<\/strong><\/li>\n<li><strong>Ni l\u00e4gger in ert arrangemang i SCF:s kalender swecyclingonline.<\/strong><\/li>\n<li><strong>Ni s\u00f6ker tillst\u00e5nd hos Polismyndigheten och\/eller L\u00e4nsstyrelsen (det \u00e4r f\u00f6reningens ansvar att ta reda p\u00e5 vad som g\u00e4ller f\u00f6r just ert arrangemang).<\/strong><\/li>\n<\/ul>\n<\/li>\n<li>Arrang\u00f6r ska rapportera in antalet anm\u00e4lda deltagare inom tio dagar efter avslutat arrangemang. SCF fakturerar f\u00f6reningen efter inrapportering.<\/li>\n<li>Deltagare \u00e4r f\u00f6rs\u00e4krade genom deltagaravgiften eller genom sin licens.<\/li>\n<li>Arrang\u00f6r b\u00f6r f\u00f6lja SCF:s <a href=\"https:\/\/scf.se\/forbundet\/motionsregler\/\">motionsloppsriktlinjer<\/a>.<\/li>\n<li>Observera att t\u00e4vlingslicenserad cyklist i SCF enbart f\u00e5r delta i av SCF sanktionerat motionslopp. Licensierade cyklister har ingen g\u00e4llande olycksfallsf\u00f6rs\u00e4kring av SCF vid deltagande i osanktionerat lopp.<\/li>\n<li>Arrang\u00f6r till sanktionerat motionslopp har r\u00e4tten att anv\u00e4nda SCF logga \u201dGodk\u00e4nt cykellopp\u201d i all sin marknadsf\u00f6ring.<\/li>\n<\/ul>\n<p><strong>Fri priss\u00e4ttning av startavgift och deltagaravgifter ska betalas till SCF.<\/strong><\/p>\n<p><strong>I de fall ett motionslopp p\u00e5 landsv\u00e4g vill ha en \u201dsnabbgrupp\u201d kan arrang\u00f6ren, vid sidan av sitt motionslopp, \u00e4ven arrangera en Sportmotionsklass d\u00e4r deltagande cyklister skall vara licenserade och s\u00e4kerheten f\u00f6r cyklisterna s\u00e4kerst\u00e4llas via ledarbil, MC-ordonnanser och flaggvakter. I dessa fall ska s\u00f6kande f\u00f6rening ange att man anordnar b\u00e5de ett motionslopp och en t\u00e4vling i sin ans\u00f6kan till l\u00e4nsstyrelsen.<\/strong><\/p>\n<hr \/>\n<p><strong>Andra typer av cykelevent<\/strong><\/p>\n<p>Det finns idag andra akt\u00f6rer \u00e4n f\u00f6reningar anslutna till SCF som arrangerar cykelevent, cykelarrangemang, rides, osv. Dessa event ligger utanf\u00f6r SCF:s omfattning och regelverk vilket inneb\u00e4r att SCF inte har m\u00f6jlighet att st\u00e4lla krav p\u00e5 s\u00e4kerhet och sportsliga f\u00f6ruts\u00e4ttningar. Kom ih\u00e5g att du som UCI-licensierad cyklist riskerar p\u00e5f\u00f6ljder om du v\u00e4ljer att k\u00f6ra ett lopp som inte sanktionerats av SCF (oavsett motionslopp eller t\u00e4vling) om du inte s\u00f6kt och f\u00e5tt beviljad dispens. Olycksfallsf\u00f6rs\u00e4kringen som en Motions- och T\u00e4vlingslicensierad cyklist har g\u00e4ller inte heller vid deltagande i osanktionerat lopp. L\u00e4s mer och s\u00f6k dispens\u00a0<a href=\"https:\/\/scf.se\/forbundet\/dispensansokan\/\">h\u00e4r<\/a>. Om ni \u00e4r (eller vill bli) en f\u00f6rening kopplad till SCF och \u00f6nskar arrangera ett event kan ni alltid kontakta oss om ni har fr\u00e5gor g\u00e4llande sanktion.<\/p>\n<hr \/>\n<h4><span style=\"text-decoration: underline;\">Vanliga fr\u00e5gor och svar:<\/span><\/h4>\n<h4>Hur g\u00f6r jag om jag f\u00e5r k\u00e4nnedom om ett osanktionerat lopp?<\/h4>\n<p>Finns ett lopp inte i swecyclingonline (g\u00e4ller b\u00e5de t\u00e4vling <u>och<\/u> motionslopp) \u00e4r loppet med stor sannolikhet inte sanktionerat. Det inneb\u00e4r att du med <em>t\u00e4vlingslicens<\/em> antingen beh\u00f6ver s\u00f6ka dispens f\u00f6r att delta, eller att arrang\u00f6ren beh\u00f6ver s\u00f6ka och f\u00e5 beviljad sanktion f\u00f6r att du ska kunna delta. Har du en <em>motionslicens<\/em> g\u00e4ller inte f\u00f6rs\u00e4kringsskyddet under deltagande i osanktionerat lopp. En arrang\u00f6r som missat att l\u00e4gga sitt lopp i swecyclingonline b\u00f6r omg\u00e5ende kontakta v\u00e5r t\u00e4vlingsansvarige <a href=\"mailto:jonas.haglund@scf.se\">jonas.haglund@scf.se<\/a> s\u00e5 hj\u00e4lper vi till att hitta en l\u00f6sning. Som cyklist b\u00f6r du ocks\u00e5 kontakta oss s\u00e5 kan vi ta kontakt med arrang\u00f6ren och f\u00f6rs\u00f6ka att hitta en l\u00f6sning.<\/p>\n<h4>Vad h\u00e4nder om jag deltar i ett osanktionerat lopp?<\/h4>\n<p>Du som har en <em>t\u00e4vlingslicens<\/em> och som deltar i ett osanktionerat lopp (oavsett t\u00e4vling- eller motionslopp) riskerar att bli anm\u00e4ld till disciplinn\u00e4mnden och straffas med varning, avst\u00e4ngning och\/eller b\u00f6ter. Det \u00e4r Cykelf\u00f6rbundets disciplinn\u00e4mnd som tar emot och hanterar de anm\u00e4lningar som kommer in till f\u00f6rbundet. Du med <em>motionslicens<\/em> som deltar i ett osanktionerat lopp riskerar inte att bli anm\u00e4ld, men din olycksfalls- och ansvarsf\u00f6rs\u00e4kring \u00e4r inte g\u00e4llande under ett osanktionerat lopp.<\/p>\n<h4>Hur kan jag delta i ett osanktionerat lopp?<\/h4>\n<p>F\u00f6r att undvika ett \u00e4rende hos disciplinn\u00e4mnden finns m\u00f6jligheten f\u00f6r dig med <em>t\u00e4vlingslicens<\/em> att s\u00f6ka och f\u00e5 beviljad dispens f\u00f6r att f\u00e5 delta i ett osanktionerat lopp. Information om dispensans\u00f6kan finns h\u00e4r: <a href=\"https:\/\/scf.se\/forbundet\/dispensansokan\/\">Dispensans\u00f6kan &#8211; F\u00f6rbundet &#8211; Svenska Cykelf\u00f6rbundet (scf.se)<\/a><\/p>\n<p>Du med <em>motionslicens<\/em> som vill delta i ett osanktionerat lopp beh\u00f6ver\/kan inte s\u00f6ka dispens, men, din olycksfalls- och ansvarsf\u00f6rs\u00e4kring \u00e4r inte g\u00e4llande under ett osanktionerat lopp.<\/p>\n<h4>Varf\u00f6r kr\u00e4ver SCF att arrang\u00f6rer sanktionerar sina lopp?<\/h4>\n<p>SCF f\u00f6ljer UCI:s och RF:s regelverk g\u00e4llande uppr\u00e4ttande av kalender samt krav p\u00e5 arrang\u00f6rer om efterlevnad av regler och tillst\u00e5nd. Arrang\u00f6ren av ett sanktionerat lopp \u00e5tar sig att f\u00f6lja SCF:s riktlinjer kring s\u00e4kra och r\u00e4ttvisa arrangemang. En arrang\u00f6r som v\u00e4ljer att inte s\u00f6ka sanktion hamnar utanf\u00f6r SCF:s m\u00f6jlighet att st\u00e4lla krav p\u00e5 att tillst\u00e5nd, regelverk och riktlinjer f\u00f6ljs. Det finns ett omfattande regelverk med vad som g\u00e4ller i h\u00e4nseende till regler, licenskrav, tillst\u00e5nd fr\u00e5n myndigheter och mark\u00e4gare, osv som sanktionerade arrang\u00f6rer \u00e5tar sig att f\u00f6lja. Allt i syfte att skapa s\u00e4kra, r\u00e4ttvisa lopp som tar ansvar b\u00e5de f\u00f6r individen och utveckling av svensk cykelsport.<\/p>\n<p><strong>Varf\u00f6r g\u00e4ller inte olycksfalls- och ansvarsf\u00f6rs\u00e4kringen vid osanktionerade lopp?<\/strong><\/p>\n<p>SCF betalar en f\u00f6rs\u00e4kringspremie till v\u00e5rt f\u00f6rs\u00e4kringsbolag (i skrivande stund Gjensidige) f\u00f6r en kollektiv olycksfall- och ansvarsf\u00f6rs\u00e4kring. Premien \u00e4r baserad p\u00e5 antal olyckor och totalt utbetalade medel. Kostnaden f\u00f6r f\u00f6rs\u00e4kringspremien \u00e4r inbakad i samtliga licenser och motionsloppsarrang\u00f6rernas deltagaravgifter. Fler olyckor leder till h\u00f6gre f\u00f6rs\u00e4kringspremie som i sin tur leder till h\u00f6gre pris p\u00e5 licenser, \u00e5rsavgifter och motionsloppsarrang\u00f6rernas deltagaravgifter. Det ligger d\u00e4rf\u00f6r i allas intresse att h\u00e5lla olyckorna nere och dessa kostnader l\u00e5ga. Genom att ha ett tydligt regelverk som s\u00e4kerst\u00e4ller s\u00e4kra lopp kan vi gemensamt bidra till detta. Sanktionerade lopp \u00e5tar sig att f\u00f6lja SCF:s regler som finns f\u00f6r att s\u00e4kerst\u00e4lla just detta.<\/p>\n<p>Har du fler fr\u00e5gor om sanktion \u00e4r du v\u00e4lkommen att kontakta oss: <a href=\"https:\/\/scf.se\/forbundet\/kontakt\/\">Kontakta oss p\u00e5 SCF &#8211; F\u00f6rbundet &#8211; Svenska Cykelf\u00f6rbundet<\/a><\/p>\n<p>&nbsp;<\/p>\n<h4>Kort om sanktion:<\/h4>\n<ul>\n<li>Den 1:a december inf\u00f6r en ny s\u00e4song ska alla lopp (MTB-lopp redan den 1:a november) ligga inne i swecyclingonline f\u00f6r att ge alla arrang\u00f6rer en chans att undvika olyckliga krockar inf\u00f6r den kommande s\u00e4songen, vissa lopp kan l\u00e4ggas in senare.<\/li>\n<li>Endast ideella f\u00f6reningar anslutna till SCF kan sanktionera sina lopp.*<\/li>\n<li>Loppen som ligger i kalendern som \u00e4r markerade som &#8221;Ans\u00f6kt&#8221; \u00e4r under behandling och de med &#8221;Godk\u00e4nd&#8221; \u00e4r f\u00e4rdigsanktionerade av f\u00f6rbundet.<\/li>\n<li>Sanktion sker l\u00f6pande av Kommissariekommitt\u00e9n.<\/li>\n<li>Kraven SCF st\u00e4ller p\u00e5 arrang\u00f6rer f\u00f6r att f\u00e5 sanktion finns h\u00e4r: <a href=\"https:\/\/scf.se\/forbundet\/tavlingsverksamhet\/\">Arrang\u00f6r &#8211; F\u00f6rbundet &#8211; Svenska Cykelf\u00f6rbundet (scf.se)<\/a><\/li>\n<li>Hantering g\u00e4llande Randonn\u00e9e- och Ultralopp kan man l\u00e4sa om <a href=\"https:\/\/scf.se\/forbundet\/randonnee-ultralopp\/\">h\u00e4r<\/a>.<\/li>\n<\/ul>\n<p>* En s\u00e4rskild hantering f\u00f6r utl\u00e4ndska arrang\u00f6rer finns sedan 2024<\/p>\n","protected":false},"excerpt":{"rendered":"<p>Som cyklist kan du vara trygg med att sanktionerade lopp \u00e5tar sig att f\u00f6lja SCF:s riktlinjer f\u00f6r s\u00e4kra och r\u00e4ttvisa lopp. Dessutom har du har en g\u00e4llande olycksfalls- och ansvarsf\u00f6rs\u00e4kring n\u00e4r du deltar i ett sanktionerat lopp (genom din licens eller genom arrang\u00f6rens deltagaravgift). Ett sanktionerat lopp \u00e4r med och bidrar till utvecklingen av<a href=\"https:\/\/scf.se\/forbundet\/sanktion\/\" class=\"news-card__more\"> &#8230;<\/a><\/p>\n","protected":false},"author":30,"featured_media":0,"parent":0,"menu_order":0,"comment_status":"closed","ping_status":"closed","template":"","meta":{"_acf_changed":false,"footnotes":""},"class_list":["post-7356","page","type-page","status-publish","hentry"],"acf":[],"_links":{"self":[{"href":"https:\/\/scf.se\/forbundet\/wp-json\/wp\/v2\/pages\/7356","targetHints":{"allow":["GET"]}}],"collection":[{"href":"https:\/\/scf.se\/forbundet\/wp-json\/wp\/v2\/pages"}],"about":[{"href":"https:\/\/scf.se\/forbundet\/wp-json\/wp\/v2\/types\/page"}],"author":[{"embeddable":true,"href":"https:\/\/scf.se\/forbundet\/wp-json\/wp\/v2\/users\/30"}],"replies":[{"embeddable":true,"href":"https:\/\/scf.se\/forbundet\/wp-json\/wp\/v2\/comments?post=7356"}],"version-history":[{"count":19,"href":"https:\/\/scf.se\/forbundet\/wp-json\/wp\/v2\/pages\/7356\/revisions"}],"predecessor-version":[{"id":11672,"href":"https:\/\/scf.se\/forbundet\/wp-json\/wp\/v2\/pages\/7356\/revisions\/11672"}],"wp:attachment":[{"href":"https:\/\/scf.se\/forbundet\/wp-json\/wp\/v2\/media?parent=7356"}],"curies":[{"name":"wp","href":"https:\/\/api.w.org\/{rel}","templated":true}]}}