
{"id":700,"date":"2022-11-20T17:08:57","date_gmt":"2022-11-20T16:08:57","guid":{"rendered":"http:\/\/svenskcykel.grandpublic.se\/forbundet\/?page_id=700"},"modified":"2024-05-30T13:41:33","modified_gmt":"2024-05-30T11:41:33","slug":"hitta-din-forening","status":"publish","type":"page","link":"https:\/\/scf.se\/forbundet\/hitta-din-forening\/","title":{"rendered":"Hitta din f\u00f6rening"},"content":{"rendered":"<p>Vill du b\u00f6rja cykla och vill hitta en f\u00f6rening i din n\u00e4rhet? G\u00e5 in via l\u00e4nken nedan,\u00a0s\u00e5 hittar du en cykelklubb med kontaktuppgifter.<\/p>\n<p><a href=\"https:\/\/www.rf.se\/om-riksidrottsforbundet\/hitta-inom-idrottsrorelsen\">Hitta din f\u00f6rening<\/a><\/p>\n<p>Du kan ocks\u00e5 kontakta ditt distrikt som ofta har information om vilken av deras f\u00f6reningar som erbjuder just den typen av cykling som du \u00e4r ute efter. Hitta kontaktuppgifter h\u00e4r: <a href=\"https:\/\/scf.se\/forbundet\/distriktsforbunden\/\">Distriktsf\u00f6rbunden &#8211; F\u00f6rbundet &#8211; Svenska Cykelf\u00f6rbundet (scf.se)<\/a><\/p>\n","protected":false},"excerpt":{"rendered":"<p>Vill du b\u00f6rja cykla och vill hitta en f\u00f6rening i din n\u00e4rhet? G\u00e5 in via l\u00e4nken nedan,\u00a0s\u00e5 hittar du en cykelklubb med kontaktuppgifter. Hitta din f\u00f6rening Du kan ocks\u00e5 kontakta ditt distrikt som ofta har information om vilken av deras f\u00f6reningar som erbjuder just den typen av cykling som du \u00e4r ute efter. Hitta<a href=\"https:\/\/scf.se\/forbundet\/hitta-din-forening\/\" class=\"news-card__more\"> &#8230;<\/a><\/p>\n","protected":false},"author":32,"featured_media":0,"parent":0,"menu_order":0,"comment_status":"closed","ping_status":"closed","template":"","meta":{"_acf_changed":false,"footnotes":""},"class_list":["post-700","page","type-page","status-publish","hentry"],"acf":[],"_links":{"self":[{"href":"https:\/\/scf.se\/forbundet\/wp-json\/wp\/v2\/pages\/700","targetHints":{"allow":["GET"]}}],"collection":[{"href":"https:\/\/scf.se\/forbundet\/wp-json\/wp\/v2\/pages"}],"about":[{"href":"https:\/\/scf.se\/forbundet\/wp-json\/wp\/v2\/types\/page"}],"author":[{"embeddable":true,"href":"https:\/\/scf.se\/forbundet\/wp-json\/wp\/v2\/users\/32"}],"replies":[{"embeddable":true,"href":"https:\/\/scf.se\/forbundet\/wp-json\/wp\/v2\/comments?post=700"}],"version-history":[{"count":1,"href":"https:\/\/scf.se\/forbundet\/wp-json\/wp\/v2\/pages\/700\/revisions"}],"predecessor-version":[{"id":7922,"href":"https:\/\/scf.se\/forbundet\/wp-json\/wp\/v2\/pages\/700\/revisions\/7922"}],"wp:attachment":[{"href":"https:\/\/scf.se\/forbundet\/wp-json\/wp\/v2\/media?parent=700"}],"curies":[{"name":"wp","href":"https:\/\/api.w.org\/{rel}","templated":true}]}}