
{"id":635,"date":"2021-10-14T13:00:42","date_gmt":"2021-10-14T11:00:42","guid":{"rendered":"http:\/\/svenskcykel.grandpublic.se\/forbundet\/?page_id=635"},"modified":"2026-03-24T09:40:31","modified_gmt":"2026-03-24T08:40:31","slug":"scf-arrangemangsstod","status":"publish","type":"page","link":"https:\/\/scf.se\/forbundet\/tavlingsverksamhet\/arrangera-tavling\/scf-arrangemangsstod\/","title":{"rendered":"SCF Arrangemangsst\u00f6d"},"content":{"rendered":"<ul>\n<li>Arrangemangsst\u00f6det \u00e4r framtaget f\u00f6r att vara ett hj\u00e4lpmedel f\u00f6r arrang\u00f6rer av m\u00e4sterskaps- och SWE Cup-t\u00e4vlingar. Efter revidering kan st\u00f6det anv\u00e4ndas av arrang\u00f6rer f\u00f6r andra t\u00e4vlingar hos de sju olika grenarna i SCF och appliceras utifr\u00e5n respektive grens behov.<\/li>\n<li>Arrangemangsst\u00f6det \u00e4r utformat som en handlingsplan, d\u00e4r datum n\u00e4r \u00e5tg\u00e4rd ska vara utf\u00f6rd, och ansvarig f\u00f6r detta, ska fyllas i. St\u00f6det fungerar ocks\u00e5 som en checklista med ett antal \u00e5tg\u00e4rder som b\u00f6r genomf\u00f6ras. Ambitionen \u00e4r, att allt som ska g\u00f6ras f\u00f6re, under och efter t\u00e4vling, ska utg\u00e5 fr\u00e5n arrangemangsst\u00f6det och att st\u00f6det blir ett redskap f\u00f6r kvalitetss\u00e4kring.<\/li>\n<li>Arrangemangsst\u00f6det och dess checklista \u00e4r utformad utifr\u00e5n m\u00e4sterskapst\u00e4vlingarnas tidsplanering. F\u00f6r SWE Cup-t\u00e4vlingar och \u00f6vriga arrangemang g\u00e4ller planering enligt SCF:s t\u00e4vlingskalender.<\/li>\n<li>Arrangemangsst\u00f6det befriar inte arrang\u00f6rsf\u00f6rening fr\u00e5n ekonomiskt och juridiskt ansvar.<\/li>\n<li>Dokumentet \u00e4r framtaget\u00a0under 2014-2015 av en arbetsgrupp best\u00e5ende av Sven Svensson, Halmstad, Tommy Prim och Lena Alfv\u00e9n SCF. Arrangemangsst\u00f6det ska ses som ett levande dokument och uppdateras regelbundet. Alla i SCF \u00e4r v\u00e4lkomna att bidra med uppdateringar i syfte att skapa ett v\u00e4rdefullt och helt\u00e4ckande arrangemangsst\u00f6d.<br \/>\n<hr \/>\n<h3>Till dokumentsamlingen<\/h3>\n<\/li>\n<\/ul>\n<p><!--more--><\/p>\n<p><em>I de fall l\u00e4nk till bilagor saknas, skicka ett mejl till <a href=\"mailto:kansli@scf.se\">kansli@scf.se<\/a> och h\u00e4nvisa till SCF Arrangemangsst\u00f6d s\u00e5 blir ni kontaktade av r\u00e4tt person.<\/em><\/p>\n<p>Arrangemangsst\u00f6d f\u00f6r m\u00e4sterskap- och SWE Cup-t\u00e4vlingar (Handlingsplan)<\/p>\n<ul>\n<li><a href=\"https:\/\/scf.se\/forbundet\/wp-content\/uploads\/sites\/9\/2022\/01\/Bilaga-1-Ansokan-till-Svenska-Cykelforbundet-gallande-SM-och-SWE-Cup-blankett.pdf\">Bilaga 1 Ans\u00f6kan till Svenska Cykelf\u00f6rbundet SM och SWE Cup (blankett)<\/a><\/li>\n<li><a href=\"https:\/\/scf.se\/forbundet\/wp-content\/uploads\/sites\/9\/2022\/01\/Bilaga-2-Overgripande-tavlingsorganisation-blankett.pdf\">Bilaga 2 \u00d6vergripande t\u00e4vlingsorganisation (blankett)<\/a><\/li>\n<li><a href=\"https:\/\/scf.se\/forbundet\/wp-content\/uploads\/sites\/9\/2022\/01\/Bilaga-3-Overgripande-budget.pdf\">Bilaga 3 \u00d6vergripande Budget (blankett)<\/a><\/li>\n<li><a href=\"https:\/\/scf.se\/forbundet\/wp-content\/uploads\/sites\/9\/2022\/01\/Bilaga-5-Kort-beskrivning-av-arrangemanget-tillsammans-med-banforslag-alt.-arena-exempel.pdf\">Bilaga 5 Kort beskrivning av arrangemanget tillsammans med banf\u00f6rslag alt. arena (exempel)<\/a><\/li>\n<li><a href=\"https:\/\/scf.se\/forbundet\/wp-content\/uploads\/sites\/9\/2016\/01\/Ansokan-t\u00e4vling-p\u00e5-v\u00e4g-med-cykel-m.m_Sk\u00e5ne.pdf\">Ans\u00f6kan t\u00e4vling p\u00e5 v\u00e4g med cykel m.m_Exempel fr\u00e5n L\u00e4nsstyrelsen i Sk\u00e5ne<\/a><\/li>\n<li>Bilaga 6 Arrang\u00f6rsavtal med SCF (blankett)<\/li>\n<li>Bilaga 7 Annons f\u00f6re t\u00e4vling om inskr\u00e4nkningar i trafiken (exempel)<\/li>\n<li>Bilaga 8 Annons f\u00f6re t\u00e4vling med tack till inblandade (exempel)<\/li>\n<li><a href=\"https:\/\/scf.se\/forbundet\/wp-content\/uploads\/sites\/9\/2016\/01\/Bilaga-9-Avtal-med-hotell-vandrarhem-och-campingplats-exempel-.pdf\">Bilaga 9 Avtal med hotell, vandrarhem och campingplats (exempel)<\/a><\/li>\n<li><a href=\"https:\/\/scf.se\/forbundet\/wp-content\/uploads\/sites\/9\/2016\/01\/Bilaga-10-Avtal-med-restaurang-och-cateringf\u00f6retag-exempel-.pdf\">Bilaga 10 Avtal med restaurang- och cateringf\u00f6retag (exempel)<\/a><\/li>\n<li><a href=\"https:\/\/scf.se\/forbundet\/wp-content\/uploads\/sites\/9\/2016\/01\/Bilaga-11-Avtal-med-sponsor-exempel-.pdf\">Bilaga 11 Avtal med sponsor (exempel)<\/a><\/li>\n<li><a href=\"https:\/\/scf.se\/forbundet\/wp-content\/uploads\/sites\/9\/2022\/01\/Bilaga-16-Bestallning-medaljer-blankett.pdf\">Bilaga 12 Best\u00e4llning medaljer (blankett)<\/a><\/li>\n<li><a href=\"https:\/\/scf.se\/forbundet\/wp-content\/uploads\/sites\/9\/2016\/01\/Bilaga-17-Budget-exempel.pdf\">Bilaga 13 Budget (exempel)<\/a><\/li>\n<li><a href=\"https:\/\/scf.se\/forbundet\/wp-content\/uploads\/sites\/9\/2016\/01\/Bilaga-18-SCF-Prisutdelningscermoni.pdf\">Bilaga 14 SCF Prisutdelningsceremoni<\/a><\/li>\n<li><a href=\"https:\/\/scf.se\/forbundet\/wp-content\/uploads\/sites\/9\/2016\/01\/Bilaga-19-Ekonomisk-resultatrapport-blankett-.pdf\">Bilaga 15 Ekonomisk resultatrapport (blankett)<\/a><\/li>\n<li>Bilaga 16 Enk\u00e4t (exempel)<\/li>\n<li>Bilaga 17 Exponering av SCF:s sponsorer<\/li>\n<li>Bilaga 18 F\u00f6rteckning \u00f6ver SCF materiel och kostnader<\/li>\n<li><a href=\"https:\/\/scf.se\/forbundet\/wp-content\/uploads\/sites\/9\/2022\/01\/Bilaga-23-Forslag-pa-Inbjudan_MTB_SM_2021_CK_Master.pdf\">Bilaga 19 Inbjudan (exempel)<\/a><\/li>\n<li>Bilaga 20 Kommunikation- tips och r\u00e5d<\/li>\n<li>Bilaga 21 Handlingsplan Krishantering (exempel)<\/li>\n<li>Bilaga 22 Seedning Po\u00e4ngber\u00e4kning<\/li>\n<li>Bilaga 23 Sponsorpaket (exempel)<\/li>\n<li>Bilaga 24 Tidsschema f\u00f6r t\u00e4vlingsdagar<\/li>\n<li><a href=\"https:\/\/scf.se\/forbundet\/wp-content\/uploads\/sites\/9\/2016\/01\/Bilaga-29-Trafikverkets-riktlinje-Cykelt\u00e4vling-p\u00e5-allm\u00e4n-v\u00e4g.pdf\">Bilaga 25 Trafikverkets riktlinje Cykelt\u00e4vling p\u00e5 allm\u00e4n v\u00e4g<\/a><\/li>\n<li><a href=\"https:\/\/scf.se\/forbundet\/wp-content\/uploads\/sites\/9\/2016\/01\/Bilaga-30-T\u00e4vlingsorganisation-exempel.pdf\">Bilaga 26 T\u00e4vlingsorganisation (exempel)<\/a><\/li>\n<li><a href=\"https:\/\/scf.se\/forbundet\/wp-content\/uploads\/sites\/9\/2016\/01\/Bilaga-31-T\u00e4vlingsPM-exempel.pdf\">Bilaga 27 T\u00e4vlingsPM (exempel)<\/a><\/li>\n<li><a href=\"https:\/\/scf.se\/forbundet\/tavlingsverksamhet\/tavlingsregler\/\">Bilaga 28 T\u00e4vlingsregler f\u00f6r samtliga grenar<\/a><\/li>\n<li>Bilaga 29 Utv\u00e4rdering av arrangemangen (exempel)<\/li>\n<li><a href=\"https:\/\/scf.se\/forbundet\/wp-content\/uploads\/sites\/9\/2016\/01\/Bilaga-36-Transportstyrelsens-f\u00f6rfattningssamling_allm\u00e4nna-r\u00e5d-om-t\u00e4vling-eller-uppvisning-p\u00e5-v\u00e4g-med-cykel-mm.pdf\">Bilaga 30 Transportstyrelsens f\u00f6rfattningssamling_allm\u00e4nna r\u00e5d om t\u00e4vling eller uppvisning p\u00e5 v\u00e4g med cykel mm<\/a><\/li>\n<li>Bilaga 31 Datum f\u00f6r Nationella m\u00e4sterskap<\/li>\n<\/ul>\n","protected":false},"excerpt":{"rendered":"<p>Arrangemangsst\u00f6det \u00e4r framtaget f\u00f6r att vara ett hj\u00e4lpmedel f\u00f6r arrang\u00f6rer av m\u00e4sterskaps- och SWE Cup-t\u00e4vlingar. Efter revidering kan st\u00f6det anv\u00e4ndas av arrang\u00f6rer f\u00f6r andra t\u00e4vlingar hos de sju olika grenarna i SCF och appliceras utifr\u00e5n respektive grens behov. Arrangemangsst\u00f6det \u00e4r utformat som en handlingsplan, d\u00e4r datum n\u00e4r \u00e5tg\u00e4rd ska vara utf\u00f6rd, och ansvarig f\u00f6r<a href=\"https:\/\/scf.se\/forbundet\/tavlingsverksamhet\/arrangera-tavling\/scf-arrangemangsstod\/\" class=\"news-card__more\"> &#8230;<\/a><\/p>\n","protected":false},"author":32,"featured_media":0,"parent":64,"menu_order":0,"comment_status":"closed","ping_status":"closed","template":"","meta":{"_acf_changed":false,"footnotes":""},"class_list":["post-635","page","type-page","status-publish","hentry"],"acf":[],"_links":{"self":[{"href":"https:\/\/scf.se\/forbundet\/wp-json\/wp\/v2\/pages\/635","targetHints":{"allow":["GET"]}}],"collection":[{"href":"https:\/\/scf.se\/forbundet\/wp-json\/wp\/v2\/pages"}],"about":[{"href":"https:\/\/scf.se\/forbundet\/wp-json\/wp\/v2\/types\/page"}],"author":[{"embeddable":true,"href":"https:\/\/scf.se\/forbundet\/wp-json\/wp\/v2\/users\/32"}],"replies":[{"embeddable":true,"href":"https:\/\/scf.se\/forbundet\/wp-json\/wp\/v2\/comments?post=635"}],"version-history":[{"count":1,"href":"https:\/\/scf.se\/forbundet\/wp-json\/wp\/v2\/pages\/635\/revisions"}],"predecessor-version":[{"id":11959,"href":"https:\/\/scf.se\/forbundet\/wp-json\/wp\/v2\/pages\/635\/revisions\/11959"}],"up":[{"embeddable":true,"href":"https:\/\/scf.se\/forbundet\/wp-json\/wp\/v2\/pages\/64"}],"wp:attachment":[{"href":"https:\/\/scf.se\/forbundet\/wp-json\/wp\/v2\/media?parent=635"}],"curies":[{"name":"wp","href":"https:\/\/api.w.org\/{rel}","templated":true}]}}