
{"id":5513,"date":"2024-02-23T10:00:19","date_gmt":"2024-02-23T09:00:19","guid":{"rendered":"http:\/\/scf.se\/forbundet\/?page_id=5513"},"modified":"2024-04-26T16:57:21","modified_gmt":"2024-04-26T14:57:21","slug":"nyhetsbrev","status":"publish","type":"page","link":"https:\/\/scf.se\/forbundet\/nyhetsbrev\/","title":{"rendered":"Nyhetsbrev"},"content":{"rendered":"<p>Anm\u00e4l dig g\u00e4rna till v\u00e5rt nyhetsbrev som skickas ut 6-10 g\u00e5nger per \u00e5r med de senaste och viktigaste nyheterna samt aktuella rabatter och erbjudanden fr\u00e5n f\u00f6rbundets partners och sponsorer.<\/p>\n<p><a href=\"http:\/\/eepurl.com\/igxeoL\">Anm\u00e4l dig till SCFs nyhetsbrev h\u00e4r!<\/a><\/p>\n<p>&nbsp;<\/p>\n<ul>\n<li><a href=\"https:\/\/mailchi.mp\/c7eb25fa0a4e\/nyhetsbrev-frn-svenska-cykelfrbundet-12693180\">Nyhetsbrev #4 april 2024<\/a><\/li>\n<li><a href=\"https:\/\/mailchi.mp\/2c78f636b0d8\/nyhetsbrev-frn-svenska-cykelfrbundet-12688224\">Nyhetsbrev #3 mars 2024<\/a><\/li>\n<li><a href=\"https:\/\/mailchi.mp\/62704a813202\/nyhetsbrev-frn-svenska-cykelfrbundet-12683651\">Nyhetsbrev #2 februari 2024<\/a><\/li>\n<li><a href=\"https:\/\/mailchi.mp\/5c655b8beb8b\/nyhetsbrev-frn-svenska-cykelfrbundet-12677061\">Nyhetsbrev #1 januari 2024<\/a><\/li>\n<li><a href=\"https:\/\/mailchi.mp\/2638b0a9ead1\/nyhetsbrev-frn-svenska-cykelfrbundet-12671174\">Nyhetsbrev #10 december 2023<\/a><\/li>\n<li><a href=\"https:\/\/mailchi.mp\/ef6895f6e34f\/nyhetsbrev-frn-svenska-cykelfrbundet-12665663\">Nyhetsbrev #9 november 2023<\/a><\/li>\n<li><a href=\"https:\/\/mailchi.mp\/4895d16251b0\/nyhetsbrev-frn-svenska-cykelfrbundet-12659944\">Nyhetsbrev #8 oktober 2023<\/a><\/li>\n<li><a href=\"https:\/\/mailchi.mp\/f9cd0e5b3919\/nyhetsbrev-frn-svenska-cykelfrbundet-12650421\">Nyhetsbrev #7 september 2023<\/a><\/li>\n<li><a href=\"https:\/\/mailchi.mp\/1f7c1e8b6207\/nyhetsbrev-frn-svenska-cykelfrbundet-12647358\">Nyhetsbrev #6 augusti 2023<\/a><\/li>\n<li><a href=\"https:\/\/mailchi.mp\/a9be001648d1\/nyhetsbrev-frn-svenska-cykelfrbundet-538922\">Nyhetsbrev #5 maj 2023<\/a><\/li>\n<li><a href=\"https:\/\/mailchi.mp\/7a0d454c601f\/nyhetsbrev-frn-svenska-cykelfrbundet-476023\">Nyhetsbrev #4 april 2023<\/a><\/li>\n<li><a href=\"https:\/\/mailchi.mp\/dc3bef7589d4\/nyhetsbrev-frn-svenska-cykelfrbundet-319565\">Nyhetsbrev #3 mars 2023<\/a><\/li>\n<li><a href=\"https:\/\/mailchi.mp\/5b1950771052\/nyhetsbrev-frn-svenska-cykelfrbundet-318888\">Nyhetsbrev #2 februari 2023<\/a><\/li>\n<li><a href=\"https:\/\/mailchi.mp\/de3b66da66e6\/nyhetsbrev-frn-svenska-cykelfrbundet-238633\">Nyhetsbrev #1 januari 2023<\/a><\/li>\n<li><a href=\"https:\/\/mailchi.mp\/9599f8104838\/nyhetsbrev-frn-svenska-cykelfrbundet\">Nyhetsbrev #1 december 2022<\/a><\/li>\n<\/ul>\n","protected":false},"excerpt":{"rendered":"<p>Anm\u00e4l dig g\u00e4rna till v\u00e5rt nyhetsbrev som skickas ut 6-10 g\u00e5nger per \u00e5r med de senaste och viktigaste nyheterna samt aktuella rabatter och erbjudanden fr\u00e5n f\u00f6rbundets partners och sponsorer. Anm\u00e4l dig till SCFs nyhetsbrev h\u00e4r! &nbsp; Nyhetsbrev #4 april 2024 Nyhetsbrev #3 mars 2024 Nyhetsbrev #2 februari 2024 Nyhetsbrev #1 januari 2024 Nyhetsbrev #10<a href=\"https:\/\/scf.se\/forbundet\/nyhetsbrev\/\" class=\"news-card__more\"> &#8230;<\/a><\/p>\n","protected":false},"author":30,"featured_media":5516,"parent":0,"menu_order":0,"comment_status":"closed","ping_status":"closed","template":"","meta":{"_acf_changed":false,"footnotes":""},"class_list":["post-5513","page","type-page","status-publish","hentry"],"acf":[],"_links":{"self":[{"href":"https:\/\/scf.se\/forbundet\/wp-json\/wp\/v2\/pages\/5513","targetHints":{"allow":["GET"]}}],"collection":[{"href":"https:\/\/scf.se\/forbundet\/wp-json\/wp\/v2\/pages"}],"about":[{"href":"https:\/\/scf.se\/forbundet\/wp-json\/wp\/v2\/types\/page"}],"author":[{"embeddable":true,"href":"https:\/\/scf.se\/forbundet\/wp-json\/wp\/v2\/users\/30"}],"replies":[{"embeddable":true,"href":"https:\/\/scf.se\/forbundet\/wp-json\/wp\/v2\/comments?post=5513"}],"version-history":[{"count":2,"href":"https:\/\/scf.se\/forbundet\/wp-json\/wp\/v2\/pages\/5513\/revisions"}],"predecessor-version":[{"id":7546,"href":"https:\/\/scf.se\/forbundet\/wp-json\/wp\/v2\/pages\/5513\/revisions\/7546"}],"wp:featuredmedia":[{"embeddable":true,"href":"https:\/\/scf.se\/forbundet\/wp-json\/wp\/v2\/media\/5516"}],"wp:attachment":[{"href":"https:\/\/scf.se\/forbundet\/wp-json\/wp\/v2\/media?parent=5513"}],"curies":[{"name":"wp","href":"https:\/\/api.w.org\/{rel}","templated":true}]}}