
{"id":533,"date":"2026-03-06T09:00:27","date_gmt":"2026-03-06T08:00:27","guid":{"rendered":"http:\/\/svenskcykel.grandpublic.se\/forbundet\/?page_id=533"},"modified":"2026-04-07T11:35:08","modified_gmt":"2026-04-07T09:35:08","slug":"tavlingsavgifter","status":"publish","type":"page","link":"https:\/\/scf.se\/forbundet\/tavlingsavgifter\/","title":{"rendered":"Deltagaravgifter och sanktion"},"content":{"rendered":"<hr \/>\r\n<h3>Sanktionsavgi<span style=\"color: #000000;\">ft 2026<\/span><\/h3>\r\n<p><strong>Ideella f\u00f6reningar<\/strong> fast sanktionsavgift till SCF: 0 kr<\/p>\r\n<p><strong>Utl\u00e4ndska arrang\u00f6rer utan svensk f\u00f6reningskoppling<\/strong> fast sanktionsavgift till SCF: 2\u2019500 kr<\/p>\r\n<hr \/>\r\n<h3>Deltagarav<span style=\"color: #000000;\">gifter 2026<\/span><\/h3>\r\n<p>Avgift fr\u00e5n arrang\u00f6r till SCF vid <strong>sanktionerade t\u00e4vlingar, inklusive Sportmotion\/Instegst\u00e4vling<\/strong><\/p>\r\n<ul>\r\n<li style=\"list-style-type: none;\">\r\n<ul>\r\n<li>Ungdomsklasser (f\u00f6rutom vid USM): 0 kr<\/li>\r\n<li>\u00d6vriga klasser: 20 kr per anm\u00e4ld<\/li>\r\n<li>SM, JSM, USM och VSM: 100 kr per anm\u00e4ld deltagare<\/li>\r\n<\/ul>\r\n<\/li>\r\n<\/ul>\r\n<p>Avgift fr\u00e5n arrang\u00f6r till SCF vid<strong>\u00a0sanktionerade distriktst\u00e4vlingar<\/strong><\/p>\r\n<ul>\r\n<li style=\"list-style-type: none;\">\r\n<ul>\r\n<li>Vid anm\u00e4lningsavgift upp till 80 kr: 0 kr<\/li>\r\n<li>Vid anm\u00e4lningsavgift \u00f6ver 80 kr ungdomsklasser: 0 kr<\/li>\r\n<li>Vid anm\u00e4lningsavgift \u00f6ver 80 kr \u00f6vriga klasser: 20 kr per anm\u00e4ld deltagare<\/li>\r\n<\/ul>\r\n<\/li>\r\n<\/ul>\r\n<p>Avgift fr\u00e5n arrang\u00f6r till SCF vid<strong>\u00a0sanktionerade motionslopp och motionsklass<\/strong><\/p>\r\n<ul>\r\n<li style=\"list-style-type: none;\">\r\n<ul>\r\n<li>F\u00f6r samtliga anm\u00e4lda: 45 kr<\/li>\r\n<\/ul>\r\n<\/li>\r\n<\/ul>\r\n<hr \/>\r\n<h3>Ny rutin fr\u00e5n 2026:\u00a0<a href=\"https:\/\/docs.google.com\/forms\/d\/e\/1FAIpQLScBBBKPyCWf1TWoa4nPPlPaQak3ao5kiXOwZqeQKbacgOF8jg\/viewform?usp=publish-editor\">Rapportering av SCF deltagaravgifter<\/a><\/h3>\r\n<p><strong>Samtliga arrang\u00f6rer<\/strong> ansvarar f\u00f6r att antalet <span style=\"text-decoration: underline;\">anm\u00e4lda<\/span>* deltagare rapporteras in SCF:s nya rapportsida som finns <a href=\"https:\/\/docs.google.com\/forms\/d\/e\/1FAIpQLScBBBKPyCWf1TWoa4nPPlPaQak3ao5kiXOwZqeQKbacgOF8jg\/viewform?usp=publish-editor\">h\u00e4r<\/a>\u00a0<strong>inom 10 dagar efter avslutat arrangemang.<\/strong>\u00a0<\/p>\r\n<p>F\u00f6rsenad rapportering medf\u00f6r en till\u00e4ggsavgift p\u00e5 1000 kr.\u00a0<strong>Deltagaravgifterna faktureras<\/strong> arrang\u00f6ren enligt angiven mejladress i formul\u00e4ret. Arrang\u00f6ren ska inte betala in beloppet till SCF:s bankgiro utan inv\u00e4nta faktura. Vid fr\u00e5gor, kontakta SCF:s kansli, <a href=\"kansli@scf.se\">kansli@scf.se<\/a>.\u00a0<\/p>\r\n<p>*Varf\u00f6r inrapportering av anm\u00e4lda cyklister och inte deltagande cyklister? Svar: Deltagarna \u00e4r f\u00f6rs\u00e4krade till, fr\u00e5n och under sanktionerade lopp. En cyklist ha r\u00e5kat ut f\u00f6r en olycka p\u00e5 v\u00e4g till, fr\u00e5n eller under uppv\u00e4rmning till loppet och d\u00e4rmed missat sin start, men har \u00e4nd\u00e5 ett olycksfallsskydd av arrang\u00f6ren.<\/p>\r\n<hr \/>\r\n<h3>Sanktionera arrangemang<br \/><br \/><\/h3>\r\n<p>F\u00f6r Svenska Cykelf\u00f6rbundet \u00e4r det v\u00e4ldigt kul och positivt att ni vill vara med och sprida gl\u00e4djen med cykelsporten genom att arrangera lopp f\u00f6r cyklister. H\u00e4r har vi skrivit ihop lite om vad som g\u00e4ller f\u00f6r att kunna tillgodog\u00f6ra sig den f\u00f6rs\u00e4kring som Cykelf\u00f6rbundet erbjuder, samt vad som g\u00e4ller f\u00f6r att licensierade cyklister inte ska hamna i knipa som de g\u00f6r om de k\u00f6r ett lopp som ej \u00e4r sanktionerat av Svenska Cykelf\u00f6rbundet.<\/p>\r\n<p>Vid ett sanktionerat lopp omfattas b\u00e5de deltagare och funktion\u00e4rer av en olycksfallsf\u00f6rs\u00e4kring som ing\u00e5r i <a href=\"https:\/\/scf.se\/forbundet\/tavlingsavgifter\/\">deltagaravgiften<\/a> eller licensen. Arrangemanget f\u00e5r ocks\u00e5 kostnadsfri exponering i den nationella t\u00e4vlingskalendern och ger licensierade cyklister r\u00e4tt att delta i loppet (<em><span style=\"line-height: 1.5;\"><a href=\"https:\/\/scf.se\/forbundet\/tavlingsverksamhet\/tavlingsregler\/\">TR 1.2.019<\/a>).\u00a0<\/span><\/em><span style=\"line-height: 1.5;\">SCF kan \u00e4ven bist\u00e5 med st\u00f6d och som bollplank i fr\u00e5gor g\u00e4llande arrangemanget.\u00a0<\/span>Den arrangerande f\u00f6reningen f\u00e5r tillg\u00e5ng till SCF:s t\u00e4vlingsadministrativa system (Sportstiming) och kan d\u00e4r hantera anm\u00e4lningsavgifter, startlistor och publicera resultat. Genom att ans\u00f6ka om sanktion f\u00f6rbinder sig arrang\u00f6ren att f\u00f6lja Svenska Cykelf\u00f6rbundets regler och s\u00e4kerhetsf\u00f6reskrifter.<\/p>\r\n<p><span style=\"line-height: 1.5;\">Svenska Cykelf\u00f6rbundet sanktionerar t\u00e4vlings- och motionsarrangemang utifr\u00e5n ett antal kriterier som ska garantera ett s\u00e4kert event och ett r\u00e4ttvist idrottsut\u00f6vande.<\/span><\/p>\r\n<p><strong>SCF, RF och UCI<br \/><\/strong>Svenska Cykelf\u00f6rbundet (SCF) har genom Riksidrottsf\u00f6rbundet (RF) i uppgift att organisera cykelsporten p\u00e5 nationell niv\u00e5 och distriktsniv\u00e5 i Sverige. SCF \u00e4r \u00e4ven anslutet till Internationella Cykelf\u00f6rbundet, UCI och f\u00f6ljer dess regelverk. SCF har i uppdrag att s\u00e4kerst\u00e4lla att de riktlinjer och regler som \u00e4r uppsatta av RF och UCI f\u00f6ljs. Det finns ocks\u00e5 nationella avvikelser, i de fall svenska f\u00f6ruts\u00e4ttningar kr\u00e4ver det. Ytterst handlar det om ett s\u00e4kerhetsperspektiv, r\u00e4ttvist t\u00e4vlande och den enskilda arrang\u00f6rens och cyklistens juridiska ansvar och f\u00f6rs\u00e4kringsskydd. Genom att f\u00f6lja de riktlinjer och regler som finns ser vi till att skapa s\u00e4kra, trygga och r\u00e4ttvisa f\u00f6rh\u00e5llanden f\u00f6r samtliga parter.<\/p>\r\n<p><strong>Hur ans\u00f6ker man om sanktion?<br \/><\/strong>Alla SCF-anslutna f\u00f6reningar kan ans\u00f6ka om sanktion. Det g\u00f6rs genom att registrera cykelloppet i t\u00e4vlingskalendern, SweCyclingOnline. F\u00f6r att arrangera en nationell t\u00e4vling kr\u00e4vs en utsedd t\u00e4vlingsledare som g\u00e5tt SCF utbildning. T\u00e4nk p\u00e5 att ans\u00f6ka om sanktion i god tid! N\u00e4r ett arrangemang \u00e4r sanktionerat framg\u00e5r det i t\u00e4vlingskalendern. Har ni fr\u00e5gor g\u00e4llande <a href=\"https:\/\/scf.se\/forbundet\/tavlingsverksamhet\/arrangera-tavling\/ansokan-om-sanktion\/\">sanktionering<\/a> kan ni v\u00e4nda er direkt till\u00a0<a href=\"mailto:kommssiare@scf.se\">kommissariekommitt\u00e9n<\/a>, som fr.o.m. 2019 \u00e4r de som sanktionerar t\u00e4vlingar fr\u00e5n SCF.<\/p>\r\n<p><strong>Relaterad information:<\/strong><\/p>\r\n<ul>\r\n<li><a href=\"https:\/\/scf.se\/forbundet\/tavlingsverksamhet\/arrangera-tavling\/\">Arrangera t\u00e4vling<\/a><\/li>\r\n<li><a href=\"https:\/\/scf.se\/forbundet\/tavlingsverksamhet\/tavlingslicens-chip-och-forsakringar\/forsakringar\/\">F\u00f6rs\u00e4kringar<\/a><\/li>\r\n<\/ul>\r\n<hr \/>\r\n<h2><strong>Anm\u00e4lningsavgifter till arrang\u00f6ren<\/strong><\/h2>\r\n<p>Arrangerande f\u00f6rening best\u00e4mmer sj\u00e4lv vilken anm\u00e4lningsavgift som ska g\u00e4lla f\u00f6r t\u00e4vlingen (undantag, SCF cuper och m\u00e4sterskap, avgift s\u00e4tts i samarbete med SCF, d\u00e4r h\u00e4nsyn tas till nedan v\u00e4gledande avgifter). Efteranm\u00e4lningsavgiften f\u00e5r h\u00f6gst ha ett\u00a0till\u00e4gg motsvarande den ordinarie\u00a0anm\u00e4lningsavgiften.<\/p>\r\n<p><strong>M\u00e4sterskap landsv\u00e4g<br \/><\/strong><\/p>\r\n<ul>\r\n<li style=\"list-style-type: none;\">\r\n<ul>\r\n<li>Individuella discipliner, partempo, lagtempo &#8211; seniorer, juniorer och master: 500:-person eller lag.<\/li>\r\n<li>Individuella discipliner, partempo, lagtempo &#8211; ungdom: 300:-person eller lag.\u00a0<\/li>\r\n<li>Efteranm\u00e4lningsavgift SM, JSM, USM, VSM ut\u00f6ver ordinarie avgift,\u00a0500:-<\/li>\r\n<\/ul>\r\n<\/li>\r\n<\/ul>\r\n<p><strong>M\u00e4sterskap \u00f6vriga grenar<br \/><\/strong><\/p>\r\n<p><em>Se anvisningar f\u00f6r respektive gren.<\/em><\/p>\r\n<p><strong>SWE Cup och SCF cuper<br \/><\/strong><\/p>\r\n<p><em>Se cupanvisningar f\u00f6r respektive gren.<\/em><\/p>\r\n<hr \/>\r\n<h3>\u00d6vriga avgifter<\/h3>\r\n<ul>\r\n<li style=\"list-style-type: none;\">\r\n<ul>\r\n<li style=\"list-style-type: none;\">\r\n<ul>\r\n<li style=\"list-style-type: none;\">\r\n<ul>\r\n<li>Protestavgift,\u00a0500:-<\/li>\r\n<li>Avgift f\u00f6r att inom 10 arbetsdagar efter t\u00e4vling ej redovisat antal deltagare till SCF: 1000:-<\/li>\r\n<li>Avgift f\u00f6r att inom fem arbetsdagar efter t\u00e4vling ej redovisat t\u00e4vlingsresultat i Sportstiming, 1000:-<\/li>\r\n<\/ul>\r\n<\/li>\r\n<\/ul>\r\n<\/li>\r\n<\/ul>\r\n<\/li>\r\n<\/ul>\r\n<p>&nbsp;<\/p>\r\n<ul>\r\n<li style=\"list-style-type: none;\">\r\n<ul><\/ul>\r\n<\/li>\r\n<\/ul>","protected":false},"excerpt":{"rendered":"<p>Sanktionsavgift 2026 Ideella f\u00f6reningar fast sanktionsavgift till SCF: 0 kr Utl\u00e4ndska arrang\u00f6rer utan svensk f\u00f6reningskoppling fast sanktionsavgift till SCF: 2\u2019500 kr Deltagaravgifter 2026 Avgift fr\u00e5n arrang\u00f6r till SCF vid sanktionerade t\u00e4vlingar, inklusive Sportmotion\/Instegst\u00e4vling Ungdomsklasser (f\u00f6rutom vid USM): 0 kr \u00d6vriga klasser: 20 kr per anm\u00e4ld SM, JSM, USM och VSM: 100 kr per anm\u00e4ld<a href=\"https:\/\/scf.se\/forbundet\/tavlingsavgifter\/\" class=\"news-card__more\"> &#8230;<\/a><\/p>\n","protected":false},"author":32,"featured_media":0,"parent":0,"menu_order":0,"comment_status":"closed","ping_status":"closed","template":"","meta":{"_acf_changed":false,"footnotes":""},"class_list":["post-533","page","type-page","status-publish","hentry"],"acf":[],"_links":{"self":[{"href":"https:\/\/scf.se\/forbundet\/wp-json\/wp\/v2\/pages\/533","targetHints":{"allow":["GET"]}}],"collection":[{"href":"https:\/\/scf.se\/forbundet\/wp-json\/wp\/v2\/pages"}],"about":[{"href":"https:\/\/scf.se\/forbundet\/wp-json\/wp\/v2\/types\/page"}],"author":[{"embeddable":true,"href":"https:\/\/scf.se\/forbundet\/wp-json\/wp\/v2\/users\/32"}],"replies":[{"embeddable":true,"href":"https:\/\/scf.se\/forbundet\/wp-json\/wp\/v2\/comments?post=533"}],"version-history":[{"count":19,"href":"https:\/\/scf.se\/forbundet\/wp-json\/wp\/v2\/pages\/533\/revisions"}],"predecessor-version":[{"id":11669,"href":"https:\/\/scf.se\/forbundet\/wp-json\/wp\/v2\/pages\/533\/revisions\/11669"}],"wp:attachment":[{"href":"https:\/\/scf.se\/forbundet\/wp-json\/wp\/v2\/media?parent=533"}],"curies":[{"name":"wp","href":"https:\/\/api.w.org\/{rel}","templated":true}]}}