
{"id":528,"date":"2023-06-19T11:28:42","date_gmt":"2023-06-19T09:28:42","guid":{"rendered":"http:\/\/svenskcykel.grandpublic.se\/forbundet\/?page_id=528"},"modified":"2023-09-28T15:29:33","modified_gmt":"2023-09-28T13:29:33","slug":"ansokan-om-sanktion","status":"publish","type":"page","link":"https:\/\/scf.se\/forbundet\/tavlingsverksamhet\/arrangera-tavling\/ansokan-om-sanktion\/","title":{"rendered":"Ans\u00f6kan om sanktion"},"content":{"rendered":"<p><span style=\"line-height: 1.5;\"><strong>Varf\u00f6r sanktion<br \/>\n<\/strong><\/span>F\u00f6r Svenska Cykelf\u00f6rbundet \u00e4r det v\u00e4ldigt kul och positivt att ni vill vara med och sprida gl\u00e4djen med cykelsporten genom att arrangera lopp f\u00f6r cyklister. H\u00e4r har vi skrivit ihop lite om vad som g\u00e4ller f\u00f6r att kunna tillgodog\u00f6ra sig den f\u00f6rs\u00e4kring som Cykelf\u00f6rbundet erbjuder, samt vad som g\u00e4ller f\u00f6r att licensierade cyklister inte ska hamna i knipa som de g\u00f6r om de k\u00f6r ett lopp som ej \u00e4r sanktionerat av Svenska Cykelf\u00f6rbundet.<\/p>\n<p>Vid ett sanktionerat lopp omfattas b\u00e5de deltagare och funktion\u00e4rer av en olycksfallsf\u00f6rs\u00e4kring. En deltagare med \u00e5rslicens (\u00e5rslicensen inneh\u00e5ller olycksfallsf\u00f6rs\u00e4kring b\u00e5de vid tr\u00e4ning och vid deltagande i sanktionerade lopp) som deltar i ett osanktionerat lopp omfattas s\u00e5ledes inte av SCF:s f\u00f6rs\u00e4kringsskydd. Arrangemanget f\u00e5r ocks\u00e5 kostnadsfri exponering i den nationella t\u00e4vlingskalendern och ger licensierade cyklister r\u00e4tt att delta i loppet (<em><span style=\"line-height: 1.5;\"><a href=\"https:\/\/scf.se\/forbundet\/tavlingsverksamhet\/tavlingsregler\/\">TR 1.2.019<\/a>).\u00a0<\/span><\/em><span style=\"line-height: 1.5;\">SCF kan \u00e4ven bist\u00e5 med st\u00f6d och som bollplank i fr\u00e5gor g\u00e4llande arrangemanget.\u00a0<\/span>Den arrangerande f\u00f6reningen f\u00e5r tillg\u00e5ng till SCF:s t\u00e4vlingsadministrativa system (<a href=\"http:\/\/swecyclingonline.se\">swecyclingonline<\/a>) och kan d\u00e4r hantera anm\u00e4lningsavgifter, startlistor och publicera resultat. Genom att ans\u00f6ka om sanktion f\u00f6rbinder sig arrang\u00f6ren att f\u00f6lja Svenska Cykelf\u00f6rbundets regler och s\u00e4kerhetsf\u00f6reskrifter.<\/p>\n<p><span style=\"line-height: 1.5;\">Svenska Cykelf\u00f6rbundet sanktionerar t\u00e4vlings- och motionsarrangemang utifr\u00e5n ett antal kriterier som ska garantera ett s\u00e4kert event och ett r\u00e4ttvist idrottsut\u00f6vande. <\/span>Svenska Cykelf\u00f6rbundet \u00e4r en ideell f\u00f6rening vars int\u00e4kter g\u00e5r tillbaka till verksamheten. De statliga anslagen och int\u00e4kter fr\u00e5n sponsorer r\u00e4cker inte l\u00e5nga v\u00e4gar f\u00f6r att bedriva den verksamhet som f\u00f6rv\u00e4ntas av svensk cykel. D\u00e4rf\u00f6r \u00e4r egenfinansiering ett m\u00e5ste om sporten ska kunna utvecklas s\u00e5 som v\u00e5ra f\u00f6reningar, dess medlemmar och andra som brinner f\u00f6r svensk cykelsport \u00f6nskar.<\/p>\n<p><strong>SCF, RF och UCI<br \/>\n<\/strong>Svenska Cykelf\u00f6rbundet (SCF) har genom Riksidrottsf\u00f6rbundet (RF) i uppgift att organisera cykelsporten p\u00e5 nationell niv\u00e5 och distriktsniv\u00e5 i Sverige. SCF \u00e4r \u00e4ven anslutet till Internationella Cykelf\u00f6rbundet, UCI och f\u00f6ljer dess regelverk. SCF har i uppdrag att s\u00e4kerst\u00e4lla att de riktlinjer och regler som \u00e4r uppsatta av RF och UCI f\u00f6ljs. Det finns ocks\u00e5 nationella avvikelser, i de fall svenska f\u00f6ruts\u00e4ttningar kr\u00e4ver det. Ytterst handlar det om ett s\u00e4kerhetsperspektiv, r\u00e4ttvist t\u00e4vlande och den enskilda arrang\u00f6rens och cyklistens f\u00f6rs\u00e4kringsskydd. Genom att f\u00f6lja de riktlinjer och regler som finns ser vi till att skapa s\u00e4kra och r\u00e4ttvisa f\u00f6rh\u00e5llanden f\u00f6r samtliga parter.<\/p>\n<p><strong>Hur ans\u00f6ker man om sanktion?<br \/>\n<\/strong>Alla SCF-anslutna f\u00f6reningar kan ans\u00f6ka om sanktion. Det g\u00f6rs genom att\u00a0registrera cykelloppet i t\u00e4vlingskalendern,\u00a0SweCyclingOnline. F\u00f6r att arrangera en nationell t\u00e4vling kr\u00e4vs en utsedd t\u00e4vlingsledare som g\u00e5tt SCF utbildning (g\u00e4ller ej motionslopp). T\u00e4nk p\u00e5 att ans\u00f6ka om sanktion i god tid! N\u00e4r ett arrangemang \u00e4r sanktionerat framg\u00e5r det i t\u00e4vlingskalendern. Har ni fr\u00e5gor g\u00e4llande <a href=\"https:\/\/scf.se\/forbundet\/tavlingsverksamhet\/arrangera-tavling\/ansokan-om-sanktion\/\">sanktionering<\/a> kan ni v\u00e4nda er direkt till\u00a0<a href=\"mailto:kommssiare@scf.se\">kommissariekommitt\u00e9n<\/a>, som fr.o.m. 2019 \u00e4r de som sanktionerar t\u00e4vlingar fr\u00e5n SCF.<\/p>\n<p><strong>Relaterad information:<\/strong><\/p>\n<ul>\n<li><a href=\"https:\/\/scf.se\/forbundet\/tavlingsverksamhet\/arrangera-motionslopp\/\">Arrangera motionslopp<\/a><\/li>\n<li><a href=\"https:\/\/scf.se\/forbundet\/tavlingsverksamhet\/arrangera-tavling\/\">Arrangera t\u00e4vling<\/a><\/li>\n<li><a href=\"https:\/\/scf.se\/forbundet\/tavlingsavgifter\/\">Deltagaravgifter<\/a><\/li>\n<li><a href=\"https:\/\/scf.se\/forbundet\/tavlingsverksamhet\/tavlingslicens-chip-och-forsakringar\/forsakringar\/\">F\u00f6rs\u00e4kringar<\/a><\/li>\n<\/ul>\n","protected":false},"excerpt":{"rendered":"<p>Varf\u00f6r sanktion F\u00f6r Svenska Cykelf\u00f6rbundet \u00e4r det v\u00e4ldigt kul och positivt att ni vill vara med och sprida gl\u00e4djen med cykelsporten genom att arrangera lopp f\u00f6r cyklister. H\u00e4r har vi skrivit ihop lite om vad som g\u00e4ller f\u00f6r att kunna tillgodog\u00f6ra sig den f\u00f6rs\u00e4kring som Cykelf\u00f6rbundet erbjuder, samt vad som g\u00e4ller f\u00f6r att licensierade<a href=\"https:\/\/scf.se\/forbundet\/tavlingsverksamhet\/arrangera-tavling\/ansokan-om-sanktion\/\" class=\"news-card__more\"> &#8230;<\/a><\/p>\n","protected":false},"author":32,"featured_media":0,"parent":64,"menu_order":0,"comment_status":"closed","ping_status":"closed","template":"","meta":{"_acf_changed":false,"footnotes":""},"class_list":["post-528","page","type-page","status-publish","hentry"],"acf":[],"_links":{"self":[{"href":"https:\/\/scf.se\/forbundet\/wp-json\/wp\/v2\/pages\/528","targetHints":{"allow":["GET"]}}],"collection":[{"href":"https:\/\/scf.se\/forbundet\/wp-json\/wp\/v2\/pages"}],"about":[{"href":"https:\/\/scf.se\/forbundet\/wp-json\/wp\/v2\/types\/page"}],"author":[{"embeddable":true,"href":"https:\/\/scf.se\/forbundet\/wp-json\/wp\/v2\/users\/32"}],"replies":[{"embeddable":true,"href":"https:\/\/scf.se\/forbundet\/wp-json\/wp\/v2\/comments?post=528"}],"version-history":[{"count":0,"href":"https:\/\/scf.se\/forbundet\/wp-json\/wp\/v2\/pages\/528\/revisions"}],"up":[{"embeddable":true,"href":"https:\/\/scf.se\/forbundet\/wp-json\/wp\/v2\/pages\/64"}],"wp:attachment":[{"href":"https:\/\/scf.se\/forbundet\/wp-json\/wp\/v2\/media?parent=528"}],"curies":[{"name":"wp","href":"https:\/\/api.w.org\/{rel}","templated":true}]}}