
{"id":5272,"date":"2025-12-01T08:18:28","date_gmt":"2025-12-01T07:18:28","guid":{"rendered":"http:\/\/scf.se\/forbundet\/?page_id=5272"},"modified":"2026-02-19T08:35:52","modified_gmt":"2026-02-19T07:35:52","slug":"ny-avgiftsmodell-motionslopp-2023","status":"publish","type":"page","link":"https:\/\/scf.se\/forbundet\/ny-avgiftsmodell-motionslopp-2023\/","title":{"rendered":"Avgiftsmodell motionslopp"},"content":{"rendered":"<p>OBS: Nedan avgiftsmodell slopas till 2026. Ny deltagaravgift f\u00f6r motionslopp och klassen Sportmotion finns att hitta h\u00e4r: <a href=\"https:\/\/scf.se\/forbundet\/tavlingsavgifter\/\">https:\/\/scf.se\/forbundet\/tavlingsavgifter\/\u00a0<\/a><\/p>\n<p><strong>Sedan 2023 finns m\u00f6jligheten f\u00f6r arrang\u00f6rer att st\u00e4lla krav p\u00e5 licens f\u00f6r cyklisterna i motionslopp\/motionsklass och arrang\u00f6ren betalar d\u00e5 inga deltagaravgifter till Svenska Cykelf\u00f6rbundet. F\u00f6r den arrang\u00f6r som inte vill st\u00e4lla krav p\u00e5 licens p\u00e5 cyklisterna i motionslopp\/motionsklass betalar arrang\u00f6ren till skillnad fr\u00e5n tidigare \u00e5r endast en deltagaravgift per olicensierad cyklist till Cykelf\u00f6rbundet, under f\u00f6ruts\u00e4ttning att korrekt redovisning sker. I klassen Sportmotion, som har licenskrav (Eng\u00e5ngslicens, Motionslicens eller t\u00e4vlingslicens), betalar arrang\u00f6ren inga deltagaravgifter till Cykelf\u00f6rbundet. M\u00f6jligheten att f\u00e5 dra av deltagaravgifter till Cykelf\u00f6rbundet g\u00e4ller n\u00e4r arrang\u00f6rer redovisar sina deltagare i Cardskipper. <\/strong><\/p>\n<h3>Avgift motionslopp\/motionsklass\/Sportmotion 2025<\/h3>\n<ul>\n<li>Deltagaravgift motionslopp\/motionsklass &#8211; 65 kr* (50 kr**) (0 kr***) per anm\u00e4ld cyklist****<\/li>\n<li>Deltagaravgift Sportmotion &#8211; 0 kr (licenskrav samt krav p\u00e5 avst\u00e4mning mot SCF:s licensregister i Cardskipper)<\/li>\n<\/ul>\n<p>*Ordinarie deltagaravgift<br \/>\n**Deltagaravgift med subvention (15 kr) via \u00e5terstartsmedel f\u00f6r 2025<br \/>\n***Om deltagaren har en licens (g\u00e4ller ej E-cyclinglicens)<br \/>\n****Varf\u00f6r inrapportering av anm\u00e4lda cyklister och inte deltagande cyklister? Svar: Deltagarna \u00e4r f\u00f6rs\u00e4krade till, fr\u00e5n och under sanktionerade lopp. Med andra ord kan en cyklist ha r\u00e5kat ut f\u00f6r en olycka p\u00e5 v\u00e4g till loppet och d\u00e4rmed missat sin start, men har \u00e4nd\u00e5 ett olycksfallsskydd av arrang\u00f6ren.<\/p>\n<p>&nbsp;<\/p>\n<p><strong>Nedan finns information om avr\u00e4kning av deltagaravgift gentemot SCF:s licensregister f\u00f6r motionslopp, t\u00e4vlingar med motionsklass samt arrang\u00f6rer med klassen Sportmotion.<\/strong><\/p>\n<div id=\"attachment_5667\" class=\"wp-caption alignnone\">\n<a href=\"https:\/\/scf.se\/forbundet\/wp-content\/uploads\/sites\/9\/2023\/03\/Bild-motionslosningen-1.png\"><img loading=\"lazy\" decoding=\"async\" class=\"size-full wp-image-5667\" src=\"https:\/\/scf.se\/forbundet\/wp-content\/uploads\/sites\/9\/2023\/03\/Bild-motionslosningen-1.png\" alt=\"\" width=\"1458\" height=\"498\" srcset=\"https:\/\/scf.se\/forbundet\/wp-content\/uploads\/sites\/9\/2023\/03\/Bild-motionslosningen-1.png 1458w, https:\/\/scf.se\/forbundet\/wp-content\/uploads\/sites\/9\/2023\/03\/Bild-motionslosningen-1-300x102.png 300w, https:\/\/scf.se\/forbundet\/wp-content\/uploads\/sites\/9\/2023\/03\/Bild-motionslosningen-1-1024x350.png 1024w, https:\/\/scf.se\/forbundet\/wp-content\/uploads\/sites\/9\/2023\/03\/Bild-motionslosningen-1-768x262.png 768w\" sizes=\"auto, (max-width: 1458px) 100vw, 1458px\" \/><\/a>\n<p class=\"wp-caption-text\"><em>Se exempel p\u00e5 milj\u00f6n d\u00e4r varje motionsloppsarrang\u00f6r samt t\u00e4vling med motionsklass\/sportmotion kommer g\u00f6ra sin licenskontroll med utr\u00e4kning.<\/em><\/p>\n<\/div>\n<h2>S\u00e5 h\u00e4r rapporterar arrang\u00f6rer av motionslopp, motionsklass samt Sportmotion sina deltagare<\/h2>\n<p>Motionsloppsarrang\u00f6rer, t\u00e4vlingsarrang\u00f6rer med motionsklasser samt arrang\u00f6rer med Sportmotion har via mejl till kontaktpersonen i SWE Cycling online f\u00e5tt en l\u00e4nk till sin personliga sida i Cardskipper. Arrang\u00f6rerna beh\u00f6ver ta in <strong>fullst\u00e4ndigt personnummer<\/strong> f\u00f6r alla<strong>\u00a0svenska cyklister<\/strong> fr\u00e5n de anm\u00e4lda i motionslopp\/motionsklass\/Sportmotion f\u00f6r att kunna ge en korrekt rapportering och avr\u00e4kning gentemot SCF:s licensregister.<\/p>\n<p>F\u00f6r\u00a0<strong>utl\u00e4ndska deltagare<\/strong> som saknar de sista fyra siffrorna i personnumret beh\u00f6vs i st\u00e4llet att <strong>f\u00f6delsedata<\/strong>\u00a0(\u00e5r-m\u00e5nad-dag exklusive de fyra sista siffrorna, xxxx-xx-xx)\u00a0<strong>och nationalitet genom tv\u00e5bokstavskod<\/strong> anges (ISO-kod, finns <a href=\"https:\/\/www.skatteverket.se\/download\/18.3684199413c956649b514859\/1708607284288\/Landskoder2041101.pdf\">h\u00e4r<\/a>).<\/p>\n<p>Mallen som ska anv\u00e4ndas f\u00f6r att sedan importera och j\u00e4mf\u00f6ra mot SCF:s licensregister finns p\u00e5 arrang\u00f6rens personliga sida i Cardskipper. En instruktion p\u00e5 hur importen g\u00e5r till finns \u00e4ven att ladda ner <a href=\"https:\/\/scf.se\/forbundet\/wp-content\/uploads\/sites\/9\/2023\/05\/Enkel-lathund-for-licenskontroll-och-uppladdning-av-fil-for-detta-till-Cardskipper-maj-2023.pdf\">h\u00e4r<\/a>. Importen beh\u00f6ver ske inom 10 dagar efter genomf\u00f6rt arrangemang. N\u00e4r importen \u00e4r klar kommer det genereras en lista med licensierade respektive olicensierade cyklister som anv\u00e4nds som underlag i den faktura som st\u00e4lls ut till arrang\u00f6ren av SCF efter genomf\u00f6rt lopp. I det fall arrang\u00f6ren v\u00e4ljer att inte g\u00f6ra en licenskontroll i Cardskipper ska arrang\u00f6ren inkomma inom 10 dagar efter avslutat arrangemang med uppgifter om antal anm\u00e4lda cyklister till <a href=\"mailto:kansli@scf.se\">kansli@scf.se<\/a>.<\/p>\n<h2>S\u00e5 h\u00e4r fungerar det med \u00e5terstartsst\u00f6d f\u00f6r deltagaravgifter<\/h2>\n<p>\u00c5terstartsst\u00f6det f\u00f6r deltagaravgifter kan s\u00f6kas av motionslopp och f\u00f6r t\u00e4vlingsarrang\u00f6rers motionsklasser med f\u00f6ljande ans\u00f6kningsmall:\u00a0 \u00c5terstartsmedel &#8211; <a href=\"https:\/\/scf.se\/forbundet\/wp-content\/uploads\/sites\/9\/2025\/04\/Aterstartsmedel-Deltagaravgift-uppd-2025-mall.doc\">\u00c5terstartsmedel &#8211; Deltagaravgift uppd 2025 mall<\/a><\/p>\n<p>Ans\u00f6kan fylls i av arrang\u00f6ren och skickas till <a href=\"mailto:kansli@scf.se\">kansli@scf.se<\/a> &#8211; <span style=\"text-decoration: underline;\">efter<\/span> att SCF st\u00e4llt ut faktura till arrang\u00f6ren. Godk\u00e4nns ans\u00f6kan krediterar f\u00f6rbundet ursprungliga fakturan p\u00e5 65 kr per anm\u00e4ld cyklist med ett belopp p\u00e5 15 kr per anm\u00e4ld cyklist (kundfordran \u00e5terst\u00e5r p\u00e5 50 kr per anm\u00e4ld cyklist).<\/p>\n<p>Arrang\u00f6ren betalar den ursprungliga fakturan fast nu endast 50 kr per anm\u00e4ld cyklist med st\u00f6d av krediteringen.<\/p>\n<p>Vid fr\u00e5gor om ans\u00f6kan av \u00e5terstartsst\u00f6d deltagaravgifter, kontakta kansliet.<\/p>\n<p>&nbsp;<\/p>\n<h3>FAQ om den nya motionsl\u00f6sningen<\/h3>\n<p>H\u00e4r nedan har vi lyft n\u00e5gra av de fr\u00e5gor som vi f\u00e5r kring den nya avgiftsmodellen. Om du inte hittar svaret p\u00e5 din fr\u00e5ga \u00e4r du alltid v\u00e4lkommen att h\u00f6ra av dig till oss. Skicka g\u00e4rna ett mail till kansli@scf.se s\u00e5 svarar vi p\u00e5 din fr\u00e5ga och kanske \u00e4ven l\u00e4gger till den h\u00e4r nedanf\u00f6r.<\/p>\n<p><strong>Vad beh\u00f6ver vi ha f\u00f6r information om GDPR p\u00e5 v\u00e5r anm\u00e4lningssida f\u00f6r att kunna ta in fullst\u00e4ndigt personnummer fr\u00e5n svenska deltagare?<\/strong><\/p>\n<p><strong>Svar:<\/strong> Vi rekommenderar f\u00f6ljande text och rutin:<\/p>\n<hr \/>\n<p><em>I och med anm\u00e4lan till loppet s\u00e5 godk\u00e4nner du att personuppgifter s\u00e5 som kontaktuppgifter till f\u00f6reningen, din mailadress och telefonnummer behandlas och lagras av f\u00f6rbundet f\u00f6r din sport. Vi behandlar dessa kontaktuppgifter f\u00f6r att kunna skicka ut information till loppet som ni anm\u00e4ler er till. Du godk\u00e4nner ocks\u00e5 att anm\u00e4lda idrottsut\u00f6vares personuppgifter hanteras (namn, personnummer) och att namn kan komma att publiceras i anm\u00e4lnings, resultat- och rankinglistor.<\/em><\/p>\n<p><em>\u00c4ndam\u00e5l med behandling av personuppgifter i samband med t\u00e4vlingsanm\u00e4lan:<\/em><\/p>\n<ul>\n<li><em>Loppadministration<\/em><\/li>\n<li><em>F\u00f6rbunds- och f\u00f6reningsadministration<\/em><\/li>\n<li><em>Avgiftshantering<\/em><\/li>\n<li><em>Licensadministration (f\u00f6r de f\u00f6rbund som administrerar detta i IndTA)<\/em><\/li>\n<li><em>Eventuell resultathantering<\/em><\/li>\n<\/ul>\n<p><em>Lagringstiden av personuppgifter varierar utifr\u00e5n vad uppgifterna beh\u00f6vs till. Utg\u00e5ngspunkten \u00e4r att uppgifter inte ska sparas l\u00e4ngre \u00e4n vad som beh\u00f6vs f\u00f6r aktuellt \u00e4ndam\u00e5l.<\/em><\/p>\n<hr \/>\n<p><strong>Varf\u00f6r denna avgiftsmodell?<\/strong><\/p>\n<p><strong>Svar: <\/strong>Trots att Cykelf\u00f6rbundet g\u00e5tt fr\u00e5n 30&#8217;000 medlemmar och 7 grenar 2014 till 74&#8217;000 medlemmar och 9 grenar 2023 s\u00e5 har inte de statliga anslagen \u00f6kat. \u00c4ven sponsorint\u00e4kterna har blivit f\u00e4rre i takt med att f\u00f6retag ist\u00e4llet v\u00e4ljer att samarbeta med st\u00f6rre t\u00e4vlingar och motionslopp d\u00e4r marknadsv\u00e4rdet \u00e4r starkt, mycket tack vare arrang\u00f6rens m\u00f6jlighet att kommunicera direkt med varje deltagare. Hos f\u00f6rbundet \u00e4r det endast de licensierade cyklisterna som f\u00f6rbundet har en direktkontakt med, inte de 74&#8217;000 medlemmarna. Detta har \u00f6ver tid tvingat fram avgiftsh\u00f6jningar p\u00e5 f\u00f6renings-, licens och deltagaravgifter f\u00f6r att r\u00e4dda f\u00f6rbundets f\u00f6rm\u00e5ga att bedriva den verksamhet som f\u00f6rv\u00e4ntas av svensk cykelsport. Syftet med inf\u00f6randet av den nya modellen kan d\u00e4rf\u00f6r delas upp i tre delar. \u00d6kade utmaningar f\u00f6r v\u00e5ra arrang\u00f6rer kopplat till tillst\u00e5ndsfr\u00e5gor och arrangemang vilket lett till ett minskat antal t\u00e4vlingar och motionslopp (ffa landsv\u00e4g, MTB maraton och Gravel). \u00d6kad efterfr\u00e5gan p\u00e5 centralt st\u00f6d kring f\u00f6reningsutveckling, rekrytering, arrangemang och utveckling av svenska cyklister. Och slutligen behovet att \u00f6ka f\u00f6rbundets attraktionskraft gentemot sponsorer.<\/p>\n<p><span style=\"text-decoration: underline;\">\u00d6kade utmaningar f\u00f6r v\u00e5ra arrang\u00f6rer<\/span>: Vi ser att arrang\u00f6rer har det tufft med minskat deltagarantal i kombination med allt h\u00e5rdare krav st\u00e4llda fr\u00e5n myndigheter. Vi kommer snart inte ha n\u00e5gra motionslopp eller t\u00e4vlingar alls om utvecklingen forts\u00e4tter som idag. Den nya avgiftsmodellen ska skapa f\u00f6ruts\u00e4ttningar att st\u00f6tta, utveckla och utbilda v\u00e5ra arrang\u00f6rer utan att belasta dem. Tv\u00e4rt om ska den nya avgiftsmodellen f\u00f6r motionslopp ge m\u00f6jligheten till ekonomisk avlastning.<\/p>\n<p><span style=\"text-decoration: underline;\">Krav p\u00e5 utveckling<\/span>: Cykelsporten v\u00e4xer med nya grenar och discipliner vilket \u00e4r fantastiskt. Men, det bidrar ocks\u00e5 till att de befintliga resurserna ska r\u00e4cka \u00e4ven till den \u00f6kade verksamheten. Samtidigt st\u00e5r landets f\u00f6reningar, cyklister och f\u00f6ljare och vill se att svensk cykelsport utvecklas och skapa nya stj\u00e4rnor. Stj\u00e4rnor som \u00e4r grunden i ett kretslopp av rekrytering av nya framtida stj\u00e4rnor och deltagare i t\u00e4vlingar och motionslopp. Utan \u00f6kade resurser kommer f\u00f6rbundet inte kunna genomf\u00f6ra den verksamhet som kr\u00e4vs f\u00f6r att vara delaktig i att f\u00e5 fram framtida stj\u00e4rnor.<\/p>\n<p><span style=\"text-decoration: underline;\">Attraktionskraft<\/span>: Varje licensierad cyklist inneb\u00e4r att Cykelf\u00f6rbundet (precis som en arrang\u00f6r) f\u00e5r en direktkontakt med den cyklisten. M\u00f6jligheten att f\u00f6rmedla rabatter och erbjudanden fr\u00e5n f\u00f6retag \u00f6kar v\u00e5rt marknadsv\u00e4rde vilket i sin tur \u00f6kar intresset hos f\u00f6retag att vilja samarbeta med oss.<\/p>\n<p><strong>Varf\u00f6r anser ni att man ska ha en motionslicens?<\/strong><\/p>\n<p><strong>Svar: <\/strong>Med en licens har du som cyklist r\u00e4tt att delta p\u00e5 alla av Cykelf\u00f6rbundet sanktionerade motionslopp som st\u00e4ller krav p\u00e5 licens. I licensen ing\u00e5r en olycksfallsf\u00f6rs\u00e4kring som g\u00e4ller vid tr\u00e4ning och p\u00e5 sanktionerade lopp fr\u00e5n dagen av tecknande till den sista december innevarande \u00e5r. F\u00f6rs\u00e4kringen inneh\u00e5ller \u00e4ven Aktiv v\u00e5rd, som du kan l\u00e4sa mer om <a href=\"https:\/\/www.gjensidige.se\/partners\/svenska-cykelforbundet\">h\u00e4r<\/a>. Du har \u00e4ven r\u00e4tt att st\u00e4lla upp i klassen Sportmotion \u2013 som ger r\u00e4tt till resultat \u2013 i de fall en arrang\u00f6r erbjuder den klassen. Dessutom ing\u00e5r E-cyclinglicensen, som ger dig r\u00e4tt att st\u00e4lla till start p\u00e5 Cykelf\u00f6rbundets samtliga E-cyclingarrangemang. <a href=\"https:\/\/scf.se\/forbundet\/tavlingsavgifter\/licensavgifter-2022\/\"><strong>L\u00e4s mer om alla licenser och dess inneh\u00e5ll h\u00e4r!<\/strong><\/a><\/p>\n<p><strong>Varf\u00f6r kan man v\u00e4lja om man vill ha f\u00f6reningstillh\u00f6righet p\u00e5 sin Motions eller E-cyclinglicens?<\/strong><\/p>\n<p><strong>Svar: <\/strong>En f\u00f6reningskoppling beh\u00f6ver normalt g\u00f6ras av en f\u00f6reningsansvarig i Riksidrottsf\u00f6rbundets datasystem IdrottOnline. F\u00f6r att f\u00f6renkla tecknandet av Motionslicensen har vi tagit bort detta krav. Den som redan har en f\u00f6reningskoppling i Swecyclingonline f\u00e5r automatiskt in sin f\u00f6rening p\u00e5 sin motions- eller E-cyclinglicens, oavsett var den tecknas. Har man ingen tidigare f\u00f6reningskoppling i Idrottonline och tecknar p\u00e5 scf.se\/licenser finns ingen f\u00f6rening p\u00e5 licensen.<\/p>\n<p><strong>Varf\u00f6r \u00e4r avgiftsmodellen annorlunda p\u00e5 motionslopp gentemot t\u00e4vlingar?<\/strong><\/p>\n<p><strong>Svar:<\/strong> Alla t\u00e4vlingar st\u00e4ller idag redan krav p\u00e5 licensiering av cyklisterna. En t\u00e4vlingscyklist bidrar s\u00e5ledes redan med licensavgift och deltagaravgifter och har dessutom en direktkontakt med Svenska Cykelf\u00f6rbundet. T\u00e4vlingscyklister deltar ocks\u00e5 oftast i fler t\u00e4vlingar\/lopp per \u00e5r, vilket \u00e4ven det inneb\u00e4r en st\u00f6rre int\u00e4kt till SCF. Den nya avgiftsmodellen skapar m\u00f6jlighet f\u00f6r arrang\u00f6rer att lyfta \u00f6ver deltagaravgiften till deltagarna, om arrang\u00f6ren vill. V\u00e5r f\u00f6rhoppning \u00e4r att de flesta, eller alla motionsloppsarrang\u00f6rer p\u00e5 sikt, st\u00e4ller krav p\u00e5 licens. Detta i sin tur skulle inneb\u00e4r att dessa arrang\u00f6rer har noll kronor i deltagaravgifter till Cykelf\u00f6rbundet och d\u00e4rmed mera pengar kvar i kassan f\u00f6r utveckling av f\u00f6reningen efter genomf\u00f6rt lopp.<\/p>\n<p><strong>Hur funkar det med Eng\u00e5ngslicens p\u00e5 motionslopp?<\/strong><\/p>\n<p><strong>Svar:<\/strong> Precis som vid t\u00e4vlingar s\u00e5 finns nu m\u00f6jlighet att teckna en Eng\u00e5ngslicens \u00e4ven p\u00e5 motionslopp, motionsklass och Sportmotion. Eng\u00e5ngslicens tecknas <a href=\"https:\/\/apply.cardskipper.se\/3gb\">h\u00e4r<\/a>. Deltagare med Eng\u00e5ngslicens f\u00e5r genom tecknandet en olycksfallsf\u00f6rs\u00e4kring som g\u00e4ller f\u00f6r det aktuella loppet (vilket lopp Eng\u00e5ngslicensen ska g\u00e4lla f\u00f6r anges vid tecknande). Motionsloppsarrang\u00f6rer slipper d\u00e4rmed den deltagaravgift som annars betalas f\u00f6r deltagaren till SCF efter avslutat arrangemang.<\/p>\n<p><strong>Arrang\u00f6rer ska dela deltagarens uppgifter med Cykelf\u00f6rbundets server f\u00f6r att l\u00e4sa av vilka som har en giltig licens, hur fungerar detta f\u00f6rfarande med GDPR? <\/strong><\/p>\n<p><strong>Svar: <\/strong>Cykelf\u00f6rbundet har tagit in hj\u00e4lp med all hantering av personuppgifter av samma f\u00f6retag som gjort V\u00e4tternrundans anm\u00e4lningssida och som har stor vana med GDPR-hantering. Enkelt f\u00f6rklarat j\u00e4mf\u00f6rs arrang\u00f6rens deltagarregister och Svenska Cykelf\u00f6rbundets licensregister efter loppet. Exakta uppgifter som kr\u00e4vs f\u00f6r att g\u00f6ra licenskontrollen finns beskrivet l\u00e4ngre upp p\u00e5 sidan.<\/p>\n<p><strong>Hur kommer det fungera rent praktiskt f\u00f6r mig som cyklist?<\/strong><\/p>\n<p><strong>Svar:<\/strong> I anm\u00e4lan till ett motionslopp kan du komma att f\u00e5 information om att det \u00e4r obligatoriskt med licens (E-cyclinglicens \u00e4r som sagt inte giltig). Om du inte redan har en licens kommer det finnas en l\u00e4nk (<a href=\"http:\/\/www.scf.se\/licenser\">www.scf.se\/licenser<\/a>) dit du skickas f\u00f6r att teckna din Eng\u00e5ngs- eller Motionslicens. Licensen f\u00e5r du digitalt i direkt anslutning till tecknandet via appen Cardskipper, som \u00e4ven inneh\u00e5ller erbjudanden fr\u00e5n Cykelf\u00f6rbundets partners och sponsorer.<\/p>\n<p>Arrang\u00f6ren kan ha funktion\u00e4rer som kontrollerar din licens (via appen Cardskipper) vid nummerlappsutdelningen. St\u00e4ller arrang\u00f6ren inget krav p\u00e5 licens anm\u00e4ler du dig som vanligt.<\/p>\n<p>Ska du delta i klassen Sportmotion \u00e4r licens obligatoriskt.<\/p>\n<p><strong>Hur kommer det fungera rent praktiskt f\u00f6r mig som arrang\u00f6r?<\/strong><\/p>\n<p><strong>Svar:<\/strong> N\u00e4r ni planerar ert lopp beh\u00f6ver ni best\u00e4mma om ni vill st\u00e4lla krav p\u00e5 licens eller inte. Om ni ska st\u00e4lla licenskrav beh\u00f6ver ni i s\u00e5 fall i anm\u00e4lan fr\u00e5ga om personen redan har en licens. Om svaret \u00e4r ja (E-cyclinglicens ej giltig) kan personen g\u00e5 vidare och anm\u00e4la sig. Om svaret \u00e4r nej b\u00f6r personen h\u00e4nvisas till Svenska Cykelf\u00f6rbundets licenssida <a href=\"https:\/\/scf.se\/licenser\">(www.scf.se\/licenser)<\/a> som ni har lagt in i anm\u00e4lan. Via l\u00e4nken kan cyklisten k\u00f6pa Motions- eller Eng\u00e5ngslicens, innan den forts\u00e4tter med sin anm\u00e4lan eller efter att den anm\u00e4lt sig.<\/p>\n<p><strong>Kommer jag som arrang\u00f6r kunna kontrollera att cyklisten faktiskt har en giltig licens?<\/strong><\/p>\n<p><strong>Svar: <\/strong>Ja. Tack vare att licensen finns digitalt i Cardskipper-appen kan en funktion\u00e4r enkelt verifiera att licensen \u00e4r giltig genom att antingen bara se att det st\u00e5r r\u00e4tt \u00e5r (och datum vid eng\u00e5ngslicens) p\u00e5 licensen och <span style=\"text-decoration: underline;\">inte<\/span> E-cyclinglicens (d\u00e5 denne ej \u00e4r giltig). F\u00f6r att g\u00f6ra en \u00e4nnu s\u00e4krare kontroll kan man \u00e4ven trycka p\u00e5 licensbilden tills en gr\u00f6n bock och ordet VALID syns. Detta g\u00f6rs med f\u00f6rdel i samband med nummerlappsutdelningen. Vill ni st\u00e4mma av ert anm\u00e4lningsregister med v\u00e5rt licensregister innan loppet kommer ni ha den m\u00f6jligheten via er personliga sida i Cardskipper. Saknar en cyklist licens (fast det \u00e4r licenskrav p\u00e5 ert lopp) kan ni exempelvis via mejl uppmana cyklisten att teckna licens och\/eller meddela denne att en giltig licens kommer beh\u00f6va visas i i samband med nummerlappsutdelningen.<\/p>\n<p><strong>Hur kommer man kunna anv\u00e4nda klassen Sportmotion i ett motionslopp?<\/strong><\/p>\n<p><strong>Svar: <\/strong>Begreppet Sportmotion (tidigare Elitmotion) \u00e4r inget nytt begrepp men klassen har s\u00e4llan anv\u00e4nts och anv\u00e4nds p\u00e5 olika s\u00e4tt. Sportmotion inneb\u00e4r fram\u00f6ver att \u00e4ven en motionsloppsarrang\u00f6r har m\u00f6jlighet att ge deltagarna resultat, ut\u00f6ver att deltagarna f\u00e5r sin egen tid. Detta g\u00e4ller under f\u00f6ruts\u00e4ttning att arrang\u00f6ren uppfyller de krav p\u00e5 s\u00e4kerhet som Cykelf\u00f6rbundet och tillst\u00e5ndsmyndigheter st\u00e4ller. Exempel d\u00e4r Sportmotion kan anv\u00e4ndas om f\u00f6ruts\u00e4ttningar, avsp\u00e4rrningar och s\u00e4kerheten till\u00e5ter detta \u00e4r p\u00e5 gravellopp, MTB Enduro, MTB maraton, och avlysta landsv\u00e4gslopp. Deltagarna i Sportmotion ska ha en separat startf\u00e5lla och samtliga startande ska ha licens. Sportmotion kan \u00e4ven anv\u00e4ndas p\u00e5 ett MTB XCO-lopp med egen startgrupp. Penningpriser (undantaget presentkort upp till 500 kr) f\u00e5r ej f\u00f6rekomma i Sportmotion. Exakta definitioner samt nytt\/uppdaterat regelverk f\u00f6r motionslopp med fler exempel finns h\u00e4r: <a href=\"https:\/\/scf.se\/forbundet\/motionsregler-for-gravel-landsvag-och-mtb-maraton\/\">Motionsregler f\u00f6r Gravel, Landsv\u00e4g och MTB Maraton &#8211; F\u00f6rbundet &#8211; Svenska Cykelf\u00f6rbundet (scf.se)<\/a><\/p>\n<p><strong>Varf\u00f6r m\u00e5ste jag som arrangerar Sportmotion rapportera in i Cardskipper n\u00e4r det redan \u00e4r krav p\u00e5 licens i den klassen?<\/strong><\/p>\n<p><strong>Svar: <\/strong>Klassen Sportmotion \u00e4ndrades inf\u00f6r 2023 och \u00e4r numera en instegst\u00e4vlingsklass. F\u00f6r att s\u00e4kerst\u00e4lla att en arrang\u00f6r eller cyklist inte missbrukar\/kringg\u00e5r kravet p\u00e5 licens vill vi att arrang\u00f6ren av Sportmotionsklass g\u00f6r licenskontroll mot SCF:s licensregister i Cardskipper inom 10 dagar efter avslutat arrangemang. F\u00f6r att arrang\u00f6ren ska vara p\u00e5 den helt s\u00e4kra sidan rekommenderar vi denna att g\u00f6r licenskontroller av cyklisterna i samband med nummerlappsutdelningen. En cyklist som deltar i Sportmotion <span style=\"text-decoration: underline;\">utan<\/span> giltig licens inneb\u00e4r att cyklisten inte har n\u00e5got f\u00f6rs\u00e4kringsskydd samt inneb\u00e4r att arrang\u00f6ren kommer f\u00e5 en kostnad p\u00e5 65 kr per olicensierad cyklist, plus m\u00f6jlig straffavgift. Utl\u00e4ndska cyklister med UCI-licens f\u00e5r delta utan krav p\u00e5 att l\u00f6sa svensk licens, men arrang\u00f6ren betalar d\u00e5 deltagaravgift f\u00f6r dessa cyklister.<\/p>\n<p><strong>Kan jag k\u00f6ra utl\u00e4ndska lopp som kr\u00e4ver UCI-licens med Motionslicensen?<\/strong><\/p>\n<p><strong>Svar: <\/strong>Nej. F\u00f6r att ha en godk\u00e4nd UCI-licens beh\u00f6ver du teckna minst en Baslicens. Om du redan har en Motionslicens kan du uppgradera till en Baslicens f\u00f6r 150 kr. Kontakta inledningsvis kansliet p\u00e5 <a href=\"mailto:kansli@scf.se\">kansli@scf.se<\/a> s\u00e5 hj\u00e4lper vi dig med detta.<\/p>\n<p><strong>F\u00e5r man st\u00e4lla upp i ett osanktionerat motionslopp om man har en motionslicens?<\/strong><\/p>\n<p><strong>Svar:<\/strong> Endast t\u00e4vlingslicenser som \u00e4r kopplade till Internationella Cykelf\u00f6rbundet (UCI) begr\u00e4nsar m\u00f6jligheterna att st\u00e4lla upp i ett av SCF osanktionerat lopp. En motionslicens begr\u00e4nsar med andra ord inte detta. Du som har en t\u00e4vlingslicens kopplad till UCI (med UCI ID) kan s\u00f6ka dispens av Cykelf\u00f6rbundet f\u00f6r att f\u00e5 st\u00e4lla upp i ett osanktionerat lopp. <a href=\"https:\/\/scf.se\/forbundet\/dispensansokan\/\">L\u00e4s mer om hur du g\u00e5r tillv\u00e4ga h\u00e4r<\/a><\/p>\n<p><strong>Vad f\u00e5r vi f\u00f6r pengarna?<\/strong><\/p>\n<p><strong>Svar:<\/strong> Svenska Cykelf\u00f6rbundet \u00e4r en ideell f\u00f6rening vars int\u00e4kter g\u00e5r tillbaka till verksamheten. De statliga anslagen och int\u00e4kter fr\u00e5n sponsorer r\u00e4cker inte l\u00e5nga v\u00e4gar f\u00f6r att bedriva den verksamhet som f\u00f6rv\u00e4ntas av svensk cykel. D\u00e4rf\u00f6r \u00e4r egenfinansiering ett m\u00e5ste om sporten ska kunna utvecklas s\u00e5 som v\u00e5ra f\u00f6reningar, dess medlemmar och andra som brinner f\u00f6r svensk cykelsport \u00f6nskar.<\/p>\n","protected":false},"excerpt":{"rendered":"<p>OBS: Nedan avgiftsmodell slopas till 2026. Ny deltagaravgift f\u00f6r motionslopp och klassen Sportmotion finns att hitta h\u00e4r: https:\/\/scf.se\/forbundet\/tavlingsavgifter\/\u00a0 Sedan 2023 finns m\u00f6jligheten f\u00f6r arrang\u00f6rer att st\u00e4lla krav p\u00e5 licens f\u00f6r cyklisterna i motionslopp\/motionsklass och arrang\u00f6ren betalar d\u00e5 inga deltagaravgifter till Svenska Cykelf\u00f6rbundet. F\u00f6r den arrang\u00f6r som inte vill st\u00e4lla krav p\u00e5 licens p\u00e5 cyklisterna<a href=\"https:\/\/scf.se\/forbundet\/ny-avgiftsmodell-motionslopp-2023\/\" class=\"news-card__more\"> &#8230;<\/a><\/p>\n","protected":false},"author":30,"featured_media":5273,"parent":0,"menu_order":0,"comment_status":"closed","ping_status":"closed","template":"","meta":{"_acf_changed":false,"footnotes":""},"class_list":["post-5272","page","type-page","status-publish","hentry"],"acf":[],"_links":{"self":[{"href":"https:\/\/scf.se\/forbundet\/wp-json\/wp\/v2\/pages\/5272","targetHints":{"allow":["GET"]}}],"collection":[{"href":"https:\/\/scf.se\/forbundet\/wp-json\/wp\/v2\/pages"}],"about":[{"href":"https:\/\/scf.se\/forbundet\/wp-json\/wp\/v2\/types\/page"}],"author":[{"embeddable":true,"href":"https:\/\/scf.se\/forbundet\/wp-json\/wp\/v2\/users\/30"}],"replies":[{"embeddable":true,"href":"https:\/\/scf.se\/forbundet\/wp-json\/wp\/v2\/comments?post=5272"}],"version-history":[{"count":15,"href":"https:\/\/scf.se\/forbundet\/wp-json\/wp\/v2\/pages\/5272\/revisions"}],"predecessor-version":[{"id":11563,"href":"https:\/\/scf.se\/forbundet\/wp-json\/wp\/v2\/pages\/5272\/revisions\/11563"}],"wp:featuredmedia":[{"embeddable":true,"href":"https:\/\/scf.se\/forbundet\/wp-json\/wp\/v2\/media\/5273"}],"wp:attachment":[{"href":"https:\/\/scf.se\/forbundet\/wp-json\/wp\/v2\/media?parent=5272"}],"curies":[{"name":"wp","href":"https:\/\/api.w.org\/{rel}","templated":true}]}}