
{"id":4291,"date":"2022-11-01T10:37:43","date_gmt":"2022-11-01T09:37:43","guid":{"rendered":"http:\/\/scf.se\/forbundet\/?page_id=4291"},"modified":"2024-02-15T16:20:05","modified_gmt":"2024-02-15T15:20:05","slug":"valberedningens-brev-infor-forbundsmotet","status":"publish","type":"page","link":"https:\/\/scf.se\/forbundet\/valberedningens-brev-infor-forbundsmotet\/","title":{"rendered":"Valberedningens arbete inf\u00f6r f\u00f6rbundsm\u00f6tet"},"content":{"rendered":"<h3>Inf\u00f6r f\u00f6rbundsm\u00f6te 2024<\/h3>\n<p>Information valberedningen 13 februari<\/p>\n<p>Hej<\/p>\n<p>Vi vill meddela att Thomas Backteman drar tillbaka sin nominering till ordf\u00f6randeposten.<\/p>\n<p>Stefhan Klangh st\u00e5r kvar f\u00f6r omval.<\/p>\n<p>Skickat fr\u00e5n SCFs Valberedning<\/p>\n<hr \/>\n<ul>\n<li><a href=\"https:\/\/scf.se\/forbundet\/wp-content\/uploads\/sites\/9\/2024\/02\/Valberedningens-forslag_.pdf\">Valberedningens f\u00f6rslag, 1 februari 2024<\/a><\/li>\n<\/ul>\n<hr \/>\n<p>Inbjudan till Engagemang i Styrelsen och Disciplinn\u00e4mnden, Stockholm 30 november 2023<\/p>\n<p>Hej medlemmar,<\/p>\n<p>Jag skriver till er som ordf\u00f6rande f\u00f6r valberedningen med en viktig f\u00f6rfr\u00e5gan. Som ni kanske vet har vi nyligen f\u00f6rlorat tv\u00e5 v\u00e4rdefulla medlemmar i v\u00e5rt team p\u00e5 grund av andra \u00e5taganden. D\u00e4rf\u00f6r v\u00e4nder vi oss nu till er med en uppmaning att hj\u00e4lpa oss att hitta engagerade och kompetenta kandidater som \u00e4r intresserade av att ta en aktiv roll i v\u00e5r organisation.<\/p>\n<p>Vi s\u00f6ker individer som \u00e4r passionerade f\u00f6r v\u00e5r verksamhet och som vill bidra till styrelsens arbete samt v\u00e5r Disciplinn\u00e4mnd.<\/p>\n<p>Denna m\u00f6jlighet \u00e4r inte bara ett s\u00e4tt att p\u00e5verka och bidra till v\u00e5r gemensamma framg\u00e5ng, utan ocks\u00e5 en chans att utvecklas personligt och professionellt.<\/p>\n<p>Om ni k\u00e4nner till n\u00e5gon inom er klubb eller ert distrikt som ni tror skulle vara en utm\u00e4rkt kandidat, uppmuntrar vi er att dela denna information med dem.<\/p>\n<p>De som \u00e4r intresserade kan kontakta oss f\u00f6r mer information eller f\u00f6r att uttrycka sitt intresse. Vi ser fram emot att v\u00e4lkomna nya medlemmar i v\u00e5rt team och att tillsammans forts\u00e4tta att arbeta f\u00f6r v\u00e5r gemensamma sak. Tack f\u00f6r ert st\u00f6d och samarbete.<\/p>\n<p>Med v\u00e4nliga h\u00e4lsningar, Mattias Thyr Ordf\u00f6rande, Valberedningen<\/p>\n<p><a href=\"https:\/\/thyr.notion.site\/Valbara-platser-2024-bca80847a8d442dc9bb117ac6cbd08ac?pvs=4\">L\u00e4nk till deras underlag valbara platser<\/a><\/p>\n<hr \/>\n<h3>Inf\u00f6r f\u00f6rbundsm\u00f6te 2023<\/h3>\n<ul>\n<li><a href=\"https:\/\/scf.se\/forbundet\/wp-content\/uploads\/sites\/9\/2022\/11\/01-Brev-fra\u030an-Valberedningen-1-november-2022.pdf\">F\u00f6rsta brev fr\u00e5n Valberedningen, 1 november 2023<\/a><\/li>\n<\/ul>\n<h3>Inf\u00f6r f\u00f6rbundsm\u00f6te 2022<\/h3>\n<ul>\n<li><a href=\"https:\/\/scf.se\/forbundet\/wp-content\/uploads\/sites\/9\/2022\/01\/Tredje-Brev-fran-valberedningen-31-jan-2022.pdf\">Tredje brev fr\u00e5n Valberedningen, 31 januari 2022<\/a><\/li>\n<li><a href=\"https:\/\/scf.se\/forbundet\/wp-content\/uploads\/sites\/9\/2021\/12\/Andra-Brev-fra\u030an-Valberedningen-30-november-2021.pdf\">Andra brev fr\u00e5n Valberedningen, 30 november 2021<\/a><\/li>\n<li><a href=\"https:\/\/scf.se\/forbundet\/wp-content\/uploads\/sites\/9\/2021\/10\/Fo\u0308rsta-Brev-fra\u030an-Valberedningen-1-oktober-2021.pdf\">F\u00f6rsta brev fr\u00e5n Valberedningen, 1 oktober 2021<\/a><\/li>\n<\/ul>\n<h3>Inf\u00f6r f\u00f6rbundsm\u00f6te 2021<\/h3>\n<ul>\n<li><a href=\"https:\/\/scf.se\/forbundet\/wp-content\/uploads\/sites\/9\/2021\/01\/Tredje-Brev-fran-Valberedningen-25-januari-2021.pdf\">Tredje brevet fr\u00e5n valberedningen, 25 januari 2021<\/a><\/li>\n<li><a href=\"https:\/\/scf.se\/forbundet\/wp-content\/uploads\/sites\/9\/2020\/11\/Andra-Brev-fra\u030an-Valberedningen-30-november-2020.pdf\">Andra brev fr\u00e5n valberedningen, 30 november 2020<\/a><\/li>\n<li><a href=\"https:\/\/scf.se\/forbundet\/wp-content\/uploads\/sites\/9\/2020\/11\/BREV-TILL-FO\u0308RTROENDEVALDA-2020.pdf\">Brev till f\u00f6rtroendevalda, 15 november 2020<\/a><\/li>\n<li><a href=\"https:\/\/scf.se\/forbundet\/wp-content\/uploads\/sites\/9\/2020\/11\/Fo\u0308rsta-Brev-fra\u030an-Valberedningen-2-november-2020.pdf\">F\u00f6rsta brev fr\u00e5n Valberedningen, 2 november 2020<\/a><\/li>\n<\/ul>\n<h3>Inf\u00f6r f\u00f6rbundsm\u00f6te 2020<\/h3>\n<ul>\n<li><a href=\"https:\/\/scf.se\/forbundet\/wp-content\/uploads\/sites\/9\/2019\/11\/Fo\u0308rsta-brev-fra\u030an-Valberedningen-29-november-2019.pdf\">F\u00f6rsta brev fr\u00e5n Valberedningen, 29 november 2019<\/a><\/li>\n<li><a href=\"https:\/\/scf.se\/forbundet\/wp-content\/uploads\/sites\/9\/2020\/01\/Andra-brev-fra\u030an-valberedningen-3-jan-2020.pdf\">Andra brev fra\u030an valberedningen, 3 januari 2020<\/a><\/li>\n<li><a href=\"https:\/\/scf.se\/forbundet\/wp-content\/uploads\/sites\/9\/2020\/01\/Tredje-brev-fra\u030an-Valberedningen-31-jan-2020.pdf\">Tredje brev fra\u030an valberedningen, 31 januari 2020<\/a><\/li>\n<\/ul>\n<p><strong>VALBEREDNINGENS F\u00d6RSLAG, se nedan inf\u00f6r 2019 \u00e5rs f\u00f6rbundsm\u00f6te<\/strong><\/p>\n<ul>\n<li><a href=\"https:\/\/scf.se\/forbundet\/wp-content\/uploads\/sites\/9\/2019\/02\/FJA\u0308RDE-brev-fra\u030an-valberedningen-31-januari-2019.pdf\">Fj\u00e4rde brev fra\u030an valberedningen 31 januari 2019<\/a><\/li>\n<\/ul>\n","protected":false},"excerpt":{"rendered":"<p>Inf\u00f6r f\u00f6rbundsm\u00f6te 2024 Information valberedningen 13 februari Hej Vi vill meddela att Thomas Backteman drar tillbaka sin nominering till ordf\u00f6randeposten. Stefhan Klangh st\u00e5r kvar f\u00f6r omval. Skickat fr\u00e5n SCFs Valberedning Valberedningens f\u00f6rslag, 1 februari 2024 Inbjudan till Engagemang i Styrelsen och Disciplinn\u00e4mnden, Stockholm 30 november 2023 Hej medlemmar, Jag skriver till er som ordf\u00f6rande<a href=\"https:\/\/scf.se\/forbundet\/valberedningens-brev-infor-forbundsmotet\/\" class=\"news-card__more\"> &#8230;<\/a><\/p>\n","protected":false},"author":30,"featured_media":0,"parent":0,"menu_order":0,"comment_status":"closed","ping_status":"closed","template":"","meta":{"_acf_changed":false,"footnotes":""},"class_list":["post-4291","page","type-page","status-publish","hentry"],"acf":[],"_links":{"self":[{"href":"https:\/\/scf.se\/forbundet\/wp-json\/wp\/v2\/pages\/4291","targetHints":{"allow":["GET"]}}],"collection":[{"href":"https:\/\/scf.se\/forbundet\/wp-json\/wp\/v2\/pages"}],"about":[{"href":"https:\/\/scf.se\/forbundet\/wp-json\/wp\/v2\/types\/page"}],"author":[{"embeddable":true,"href":"https:\/\/scf.se\/forbundet\/wp-json\/wp\/v2\/users\/30"}],"replies":[{"embeddable":true,"href":"https:\/\/scf.se\/forbundet\/wp-json\/wp\/v2\/comments?post=4291"}],"version-history":[{"count":0,"href":"https:\/\/scf.se\/forbundet\/wp-json\/wp\/v2\/pages\/4291\/revisions"}],"wp:attachment":[{"href":"https:\/\/scf.se\/forbundet\/wp-json\/wp\/v2\/media?parent=4291"}],"curies":[{"name":"wp","href":"https:\/\/api.w.org\/{rel}","templated":true}]}}