
{"id":4268,"date":"2026-02-10T11:32:32","date_gmt":"2026-02-10T10:32:32","guid":{"rendered":"http:\/\/scf.se\/forbundet\/?page_id=4268"},"modified":"2026-04-02T08:14:47","modified_gmt":"2026-04-02T06:14:47","slug":"lok-stod","status":"publish","type":"page","link":"https:\/\/scf.se\/forbundet\/lok-stod\/","title":{"rendered":"LOK-St\u00f6d"},"content":{"rendered":"<p><strong>LOK-st\u00f6d kan s\u00f6kas av varje idrottsf\u00f6rening, ansluten till n\u00e5got av de specialidrottsf\u00f6rbund som tillh\u00f6r RF och som bedriver verksamhet f\u00f6r deltagare i \u00e5ldern 7\u201325 \u00e5r. LOK-st\u00f6det finns f\u00f6r att st\u00f6dja f\u00f6reningsdriven barn- och ungdomsidrott.<\/strong><\/p>\n<p>F\u00f6rkortningen LOK st\u00e5r f\u00f6r statligt lokalt aktivitetsst\u00f6d, och avser att st\u00f6dja idrottslig f\u00f6reningsverksamhet f\u00f6r barn och ungdomar mellan 7 och 25 \u00e5r (f\u00f6r funktionsnedsatta deltagare finns ingen \u00f6vre \u00e5ldersgr\u00e4ns). Regeringen har enligt f\u00f6rordningen om statsbidrag (1999: 1177) \u00f6verl\u00e4mnat uppgiften att pr\u00f6va fr\u00e5gor om f\u00f6rdelning av statsbidrag till idrottsverksamhet till Riksidrottsf\u00f6rbundet.<\/p>\n<h2>Ans\u00f6k om LOK-st\u00f6d<\/h2>\n<p>H\u00e4r nedan hittar du information om vad som kr\u00e4vs f\u00f6r att kunna s\u00f6ka LOK-st\u00f6d, hur ans\u00f6kningsprocessen g\u00e5r till och vem som \u00e4r beh\u00f6rig att skicka in ans\u00f6kan.<\/p>\n<h3>Ans\u00f6k i IdrottOnline<\/h3>\n<p>Ans\u00f6kan g\u00f6rs p\u00e5 f\u00f6reningens IdrottOnline-sida. Det g\u00e5r att fylla i ans\u00f6kan manuellt. Om man n\u00e4rvaroregistrerar aktiviteter online f\u00f6rs dessa sedan \u00f6ver automatiskt till ans\u00f6kan \u2013 det enda man d\u00e5 beh\u00f6ver g\u00f6ra \u00e4r att \u00f6ppna ans\u00f6kan och skicka in den. Viktigt att t\u00e4nka p\u00e5 \u00e4r att \u00e4ven om man har n\u00e4rvaroregistrerat sina aktiviteter via IdrottOnline s\u00e5 m\u00e5ste f\u00f6reningen ocks\u00e5 \u00f6ppna sj\u00e4lva LOK-st\u00f6dsans\u00f6kan och skicka in den.<\/p>\n<h3>Beh\u00f6righet att skicka in ans\u00f6kan<\/h3>\n<p>De som kan skicka in ans\u00f6kan f\u00f6r din f\u00f6renings r\u00e4kning \u00e4r ordf\u00f6rande, kass\u00f6r och\/eller LOK-st\u00f6dsansvarig firmatecknare. Personen m\u00e5ste finnas upplagd i medlemsregistret p\u00e5 f\u00f6reningens IdrottOnline-sida med n\u00e5gon av dessa roller (ordf\u00f6rande, kass\u00f6r eller LOK-st\u00f6dsansvarig).<\/p>\n<p><a title=\"Sida IdrottOnline LOK-st\u00f6d\" href=\"https:\/\/idrottonline.se\/Funktioner\/LOKrapportering\/\" target=\"_blank\" rel=\"noopener\">Mer om de olika beh\u00f6righeterna f\u00f6r LOK-st\u00f6det kan du l\u00e4sa h\u00e4r<\/a><\/p>\n<h3>Sista ans\u00f6kningsdag<\/h3>\n<p><strong>Ans\u00f6kan f\u00f6r v\u00e5ren:<\/strong>\u00a0senast 25 augusti<br \/>\n<strong>Ans\u00f6kan f\u00f6r h\u00f6sten:<\/strong>\u00a0senast 25 februari<\/p>\n<p>Enligt LOK-st\u00f6dsf\u00f6reskrifterna \u00a78 riskerar en f\u00f6rening att ans\u00f6kan avsl\u00e5s om den inkommer f\u00f6r sent.<\/p>\n<p>Observera att sista ans\u00f6kningsdag g\u00e4ller f\u00f6r b\u00e5de ans\u00f6kan och eventuell till\u00e4ggsans\u00f6kan. D\u00e4remot g\u00e5r det bra att g\u00f6ra en till\u00e4ggsans\u00f6kan under f\u00f6ruts\u00e4ttning att b\u00e5de den och huvudans\u00f6kan \u00e4r inskickade senast den 25 februari\/25 augusti.<\/p>\n<p>F\u00f6r ans\u00f6kningar som inkommer efter sista ans\u00f6kningsdag g\u00f6rs ett avdrag enligt f\u00f6ljande:<\/p>\n<ul>\n<li>Ans\u00f6kan som inkommer 26 augusti\u20131 september respektive 26 februari\u20131 mars reduceras med 25 procent.<\/li>\n<li>Ans\u00f6kan som inkommer 2 september\u201315 september respektive 2 mars\u201315 mars reduceras med 50 procent.<\/li>\n<li>Ans\u00f6kan som inkommer 16 september\u201330 september respektive 16 mars\u201331 mars reduceras med 75 procent.<\/li>\n<li>Ans\u00f6kan som inkommer 1 oktober\u201315 december respektive 1 april\u201315 juni ska avsl\u00e5s.<\/li>\n<\/ul>\n<p>Observera \u00e4ven att ans\u00f6kningar som inkommer efter den 15 december respektive den 15 juni d\u00e5 perioderna st\u00e4ngts kommer att avvisas.<\/p>\n<p>T\u00e4nk ocks\u00e5 p\u00e5 att ju tidigare man skickar in sin ans\u00f6kan, desto st\u00f6rre chans har f\u00f6reningen att f\u00e5 utbetalning av LOK-st\u00f6d redan i den f\u00f6rsta utbetalningen som sker en vecka efter sista ans\u00f6kningsdag.<\/p>\n<h2>Utbetalning av LOK-st\u00f6d<\/h2>\n<p>LOK-st\u00f6dbelopp f\u00f6r det aktuella \u00e5ret: <a href=\"https:\/\/www.rf.se\/bidrag-och-stod\/lok-stod\">LOK-st\u00f6d &#8211; Riksidrottsf\u00f6rbundet<\/a><\/p>\n<p>Utbetalning kan endast g\u00f6ras till din f\u00f6renings eget plus- eller bankgiro. Det kan inte vara ett plus- eller bankgiro till en person, sektion eller kommun. Utbetalning kan inte heller g\u00f6ras till vanligt konto. Riksidrottsf\u00f6rbundet kontrollerar att angivet giro st\u00e5r tecknat i f\u00f6reningens namn s\u00e5 som det anges i v\u00e5rt f\u00f6reningsregister (namnet i detta \u00e4r det namn under vilket f\u00f6reningen har blivit antagen som medlem i respektive specialidrottsf\u00f6rbund).<\/p>\n<h3>N\u00e4r g\u00f6rs utbetalning?<\/h3>\n<p>Utbetalning av LOK-st\u00f6d sker alltid med start veckan efter sista ans\u00f6kningsdag. D\u00e4refter sker sedan utbetalningar varje vecka allt eftersom ans\u00f6kningarna godk\u00e4nns.<\/p>\n<h3>Fyllnadsutbetalning<\/h3>\n<p>Om det, n\u00e4r LOK-st\u00f6ds\u00e5ret \u00e4r avslutat, finns pengar kvar i potten s\u00e5 g\u00f6r Riksidrottsf\u00f6rbundet en fyllnadsutbetalning. De \u00e5terst\u00e5ende medlen f\u00f6rdelas d\u00e5 till samtliga f\u00f6reningar som s\u00f6kt LOK-st\u00f6d under \u00e5ret.<\/p>\n<p>Fyllnadsutbetalning \u00e4r aldrig garanterad, utan g\u00f6rs endast de \u00e5r d\u00e5 det blivit medel kvar i LOK-st\u00f6dspotten efter att samtliga ans\u00f6kningar f\u00f6r \u00e5ret hanterats och det ordinarie LOK-st\u00f6det har f\u00f6rdelats.<\/p>\n<h3>Utbetalning till f\u00f6reningar uttagna f\u00f6r kontroll<\/h3>\n<p>Om din f\u00f6renings LOK-st\u00f6dsans\u00f6kan har tagits ut f\u00f6r kontroll sker eventuell utbetalning f\u00f6rst n\u00e4r kontroll\u00e4rendet \u00e4r slutf\u00f6rt. I den h\u00e4ndelse att f\u00f6reningen \u00f6verklagar LOK-st\u00f6dsgruppens beslut sker eventuell utbetalning f\u00f6rst efter LOK-st\u00f6dsn\u00e4mndens avg\u00f6rande.<\/p>\n<p><a title=\"Sida Tilldelat LOK-st\u00f6d\" href=\"https:\/\/www.rf.se\/bidragochstod\/Bidrag\/lok-stod\/\">H\u00e4r hittar du statistik och utbetalningar om LOK-st\u00f6det<\/a><\/p>\n<p>H\u00e4r finns den senaste informationen om <a href=\"https:\/\/www.rf.se\/bidrag-och-stod\/lok-stod\">LOK-st\u00f6d &#8211; Riksidrottsf\u00f6rbundet<\/a><\/p>\n","protected":false},"excerpt":{"rendered":"<p>LOK-st\u00f6d kan s\u00f6kas av varje idrottsf\u00f6rening, ansluten till n\u00e5got av de specialidrottsf\u00f6rbund som tillh\u00f6r RF och som bedriver verksamhet f\u00f6r deltagare i \u00e5ldern 7\u201325 \u00e5r. LOK-st\u00f6det finns f\u00f6r att st\u00f6dja f\u00f6reningsdriven barn- och ungdomsidrott. F\u00f6rkortningen LOK st\u00e5r f\u00f6r statligt lokalt aktivitetsst\u00f6d, och avser att st\u00f6dja idrottslig f\u00f6reningsverksamhet f\u00f6r barn och ungdomar mellan 7 och<a href=\"https:\/\/scf.se\/forbundet\/lok-stod\/\" class=\"news-card__more\"> &#8230;<\/a><\/p>\n","protected":false},"author":30,"featured_media":0,"parent":0,"menu_order":0,"comment_status":"closed","ping_status":"closed","template":"","meta":{"_acf_changed":false,"footnotes":""},"class_list":["post-4268","page","type-page","status-publish","hentry"],"acf":[],"_links":{"self":[{"href":"https:\/\/scf.se\/forbundet\/wp-json\/wp\/v2\/pages\/4268","targetHints":{"allow":["GET"]}}],"collection":[{"href":"https:\/\/scf.se\/forbundet\/wp-json\/wp\/v2\/pages"}],"about":[{"href":"https:\/\/scf.se\/forbundet\/wp-json\/wp\/v2\/types\/page"}],"author":[{"embeddable":true,"href":"https:\/\/scf.se\/forbundet\/wp-json\/wp\/v2\/users\/30"}],"replies":[{"embeddable":true,"href":"https:\/\/scf.se\/forbundet\/wp-json\/wp\/v2\/comments?post=4268"}],"version-history":[{"count":2,"href":"https:\/\/scf.se\/forbundet\/wp-json\/wp\/v2\/pages\/4268\/revisions"}],"predecessor-version":[{"id":11990,"href":"https:\/\/scf.se\/forbundet\/wp-json\/wp\/v2\/pages\/4268\/revisions\/11990"}],"wp:attachment":[{"href":"https:\/\/scf.se\/forbundet\/wp-json\/wp\/v2\/media?parent=4268"}],"curies":[{"name":"wp","href":"https:\/\/api.w.org\/{rel}","templated":true}]}}