
{"id":3735,"date":"2026-01-15T14:28:57","date_gmt":"2026-01-15T13:28:57","guid":{"rendered":"http:\/\/scf.se\/forbundet\/?page_id=3735"},"modified":"2026-03-11T08:44:16","modified_gmt":"2026-03-11T07:44:16","slug":"kora-motionslopp","status":"publish","type":"page","link":"https:\/\/scf.se\/forbundet\/cyklist\/kora-motionslopp\/","title":{"rendered":"K\u00f6ra motionslopp"},"content":{"rendered":"<p>Gillar du precis som oss att cykla mycket och d\u00e4r resan till m\u00e5let \u00e4r just sj\u00e4lva m\u00e5let? D\u00e5 \u00e4r motionslopp n\u00e5got f\u00f6r dig! Det arrangeras motionslopp i Sverige som aldrig f\u00f6rr, inte bara de stora arrangemangen s\u00e5 som V\u00e4tternrundan och Cykelvasan. F\u00f6rutom renodlade motionsarrangemang s\u00e5 erbjuder m\u00e5nga t\u00e4vlingsarrang\u00f6rer motionslopp vid sidan av sina t\u00e4vlingar.<\/p>\n<h4>\u00c4r loppet sanktionerat?<\/h4>\n<p>Svenska Cykelf\u00f6rbundet sanktionerar m\u00e5nga av de motionslopp som arrangeras i Sverige. I och med att ett motionslopp sanktioneras blir alla deltagare och funktion\u00e4rer automatiskt f\u00f6rs\u00e4krade under loppet. Dessutom har \u00e4ven cyklister med t\u00e4vlingslicens r\u00e4tt att delta. En cyklist med t\u00e4vlingslicens som deltar i ett osanktionerat lopp har ingen g\u00e4llande olycksfallsf\u00f6rs\u00e4kring fr\u00e5n SCF och riskerar dessutom p\u00e5f\u00f6ljder. Du kan enkelt kontrollera om ett motionslopp har sanktionerat sitt lopp genom att s\u00e4kerst\u00e4lla att loppet finns i Svenska Cykelf\u00f6rbundets kalender <a href=\"http:\/\/www.swecyclingonline.se\">swecyclingonline<\/a>.<\/p>\n<h4>Kom ih\u00e5g att ordinarie trafikregler g\u00e4ller, om inget annat kommuniceras<\/h4>\n<p>F\u00f6r oss \u00e4r s\u00e4kerhet en viktig och prioriterad fr\u00e5ga. Motionslopp inom landsv\u00e4gscykling och gravelcykel arrangeras i regel p\u00e5 trafikerade och allm\u00e4nna v\u00e4gar vilket inneb\u00e4r att trafikregler g\u00e4ller. Ingen resultatlista utifr\u00e5n placering publiceras vid ett motionslopp. De flesta motionslopp inom mountainbike har en t\u00e4vlingsklass dit man kan anm\u00e4la sig med en eng\u00e5ngslicens, om man vill t\u00e4vla och f\u00e5 en resultatlista.<\/p>\n<h4>\u00c5rslicens ett extra f\u00f6rs\u00e4kringsskydd<\/h4>\n<p>F\u00f6r dig som vill delta i ett motionslopp kan en \u00e5rslicens ge dig ett extra skydd. F\u00f6r motion\u00e4ren kan en motions- eller baslicens vara ett intressant <a href=\"https:\/\/www.gjensidige.se\/partners\/svenska-cykelforbundet\">basf\u00f6rs\u00e4kringskydd<\/a> vid b\u00e5de tr\u00e4ning och deltagande vid motionslopp. B\u00e4gge licenserna tecknas p\u00e5 <a href=\"http:\/\/licens.scf.se\">licens.scf.se<\/a> , motionslicensen utan krav p\u00e5 f\u00f6reningstillh\u00f6righet och baslicensen med krav p\u00e5 f\u00f6reningstillh\u00f6righet. Genom att vara medlem i en f\u00f6rening f\u00e5r du inte bara gl\u00e4djen av nya tr\u00e4ningsv\u00e4nner utan en m\u00f6jlighet att ta del av all den kunskap om cykelsporten som finns bland ledarna i v\u00e5ra cykelklubbar. L\u00e4r mer om de olika licenserna p\u00e5 <a href=\"http:\/\/www.scf.se\/licenser\">www.scf.se\/licenser<\/a><\/p>\n<h4>Sportmotion<\/h4>\n<p>Klassen Sportmotion \u00e4r en instegst\u00e4vlingsklass som ber\u00e4ttigar resultat f\u00f6r deltagarna. Klassen st\u00e4ller krav p\u00e5 licens, \u00e4ven motionslicens och eng\u00e5ngslicens \u00e4r till\u00e5tet. Penningpriser (undantaget presentkort upp till 500 kr) f\u00e5r ej f\u00f6rekomma i Sportmotion. L\u00e4s mer om Sportmotion och om v\u00e5ra olika licenser <a href=\"http:\/\/www.scf.se\/licenser\">h\u00e4r<\/a>.<\/p>\n<hr \/>\n<h4>Riktlinjer och regler motion<\/h4>\n<p>H\u00e4r kan du l\u00e4sa mer om de riktlinjer som finns f\u00f6r b\u00e5de dig som deltagare och f\u00f6r arrang\u00f6ren. Riktlinjer \u00e4r framtagna f\u00f6r att st\u00f6dja, underl\u00e4tta och h\u00f6ja s\u00e4kerheten f\u00f6r b\u00e5de arrang\u00f6r och deltagande cyklister. Riktlinjerna v\u00e4nder sig mot motionslopp p\u00e5 landsv\u00e4g, mountainbike maraton och gravel och du hittar dem h\u00e4r: <a href=\"https:\/\/scf.se\/forbundet\/motionsregler\/\">Motionsregler &#8211; F\u00f6rbundet &#8211; Svenska Cykelf\u00f6rbundet (scf.se)<\/a><\/p>\n","protected":false},"excerpt":{"rendered":"<p>Gillar du precis som oss att cykla mycket och d\u00e4r resan till m\u00e5let \u00e4r just sj\u00e4lva m\u00e5let? D\u00e5 \u00e4r motionslopp n\u00e5got f\u00f6r dig! Det arrangeras motionslopp i Sverige som aldrig f\u00f6rr, inte bara de stora arrangemangen s\u00e5 som V\u00e4tternrundan och Cykelvasan. F\u00f6rutom renodlade motionsarrangemang s\u00e5 erbjuder m\u00e5nga t\u00e4vlingsarrang\u00f6rer motionslopp vid sidan av sina t\u00e4vlingar.<a href=\"https:\/\/scf.se\/forbundet\/cyklist\/kora-motionslopp\/\" class=\"news-card__more\"> &#8230;<\/a><\/p>\n","protected":false},"author":32,"featured_media":0,"parent":3546,"menu_order":0,"comment_status":"closed","ping_status":"closed","template":"","meta":{"_acf_changed":false,"footnotes":""},"class_list":["post-3735","page","type-page","status-publish","hentry"],"acf":[],"_links":{"self":[{"href":"https:\/\/scf.se\/forbundet\/wp-json\/wp\/v2\/pages\/3735","targetHints":{"allow":["GET"]}}],"collection":[{"href":"https:\/\/scf.se\/forbundet\/wp-json\/wp\/v2\/pages"}],"about":[{"href":"https:\/\/scf.se\/forbundet\/wp-json\/wp\/v2\/types\/page"}],"author":[{"embeddable":true,"href":"https:\/\/scf.se\/forbundet\/wp-json\/wp\/v2\/users\/32"}],"replies":[{"embeddable":true,"href":"https:\/\/scf.se\/forbundet\/wp-json\/wp\/v2\/comments?post=3735"}],"version-history":[{"count":5,"href":"https:\/\/scf.se\/forbundet\/wp-json\/wp\/v2\/pages\/3735\/revisions"}],"predecessor-version":[{"id":11791,"href":"https:\/\/scf.se\/forbundet\/wp-json\/wp\/v2\/pages\/3735\/revisions\/11791"}],"up":[{"embeddable":true,"href":"https:\/\/scf.se\/forbundet\/wp-json\/wp\/v2\/pages\/3546"}],"wp:attachment":[{"href":"https:\/\/scf.se\/forbundet\/wp-json\/wp\/v2\/media?parent=3735"}],"curies":[{"name":"wp","href":"https:\/\/api.w.org\/{rel}","templated":true}]}}